{"id":10003,"date":"2016-12-05T11:53:16","date_gmt":"2016-12-05T11:53:16","guid":{"rendered":"http:\/\/studiogentiloni.com\/bra\/?page_id=10003"},"modified":"2017-05-17T14:15:09","modified_gmt":"2017-05-17T14:15:09","slug":"avv-laura-bacchini","status":"publish","type":"page","link":"https:\/\/studiogentiloni.com\/bra\/professionisti\/avv-laura-bacchini\/","title":{"rendered":"Adv. Laura Bacchini"},"content":{"rendered":"<p><div class=\"row \"><div class=\"wpv-grid grid-1-3  wpv-first-level first has-background unextended\" style=\"\n\t\t\t\tbackground: url( 'http:\/\/studiogentiloni.com\/bra\/wp-content\/uploads\/2017\/01\/Laura-Bacchini_t.jpg' ) no-repeat center top;\n\t\t\t\tbackground-size: auto;\n\t\t\tpadding-top:400px;padding-bottom:0px\" id=\"wpv-column-84744afd7e945ee96eb7ee70ca566940\" ><\/div>\n<div class=\"wpv-grid grid-2-3 add-border wpv-first-level unextended\" style=\"padding-top:20px;padding-bottom:15px\" id=\"wpv-column-3be9c56227581742d61700188fd41c32\" ><div class=\"row \"><div class=\"wpv-grid grid-1-1  first unextended animation-fade-in animated-active\" style=\"padding-top:0px;padding-bottom:0px\" id=\"wpv-column-b59bab197af905392b87414073b4bc9c\" ><h4 style=\"padding-left: 20px;\">CONTATOS<\/h4>\n<p style=\"padding-left: 20px;\"><a id=\"\" class=\"\" title=\"\" href=\" background_repeat=\"><!--Tel: 800-700-6200--><br \/>\n<\/a><a href=\"mailto:m.gentiloni@studiogentiloni.com\">l.bacchini@studiogentiloni.com<\/a><br \/>\n<a href=\"laurabacchini@ordineavvocatiroma.org\">laurabacchini@ordineavvocatiroma.org<\/a><\/p>\n<p style=\"padding-left: 20px;\"><div class=\"push\" style='height:10px'><\/div>\n<h4 style=\"padding-left: 20px;\">\u00c1REA DE COMPET\u00caNCIA<\/h4>\n<p style=\"padding-left: 20px;\"><a href=\"\/bra\/attivita\/patrocinio-in-materia-penale\/\">Patroc\u00ednio em \u00e2mbito penal \u2192<\/a><br \/>\n<a href=\"\/bra\/attivita\/consulenza-e-prevenzione-del-rischio-reato\/\">Consultoria e preven\u00e7\u00e3o do risco de atos criminosos \u2192<\/a><br \/>\n<a href=\"\/bra\/attivita\/attivita-internazionale\/\">Atividade internacional \u2192<\/a><br \/>\n<div class=\"push\" style='height:10px'><\/div>\n<h4 style=\"padding-left: 20px;\">FORMA\u00c7\u00c3O E TITULA\u00c7\u00c3O<\/h4>\n<ul>\n<li style=\"list-style-type: none;\">\n<ul>\n<li>Bacharelado em Direito \u2013 Universidade \u201cRoma Tre\u201d, Roma \u2013 2004<\/li>\n<li>Diploma de Especializa\u00e7\u00e3o \u2013 Escola de Especializa\u00e7\u00e3o para as Profiss\u00f5es Jur\u00eddicas \u2013 Universidade \u201cLa Sapienza\u201d, Roma \u2013 2007<\/li>\n<li>Inscri\u00e7\u00e3o \u00e0 Ordem dos Advogados de Roma \u2013 2008<\/li>\n<\/ul>\n<\/li>\n<\/ul><\/div><\/div><\/div><\/div>\n<div class=\"push\" style='height:50px'><\/div>\n<div class=\"row \"><div class=\"wpv-grid grid-1-1  wpv-first-level first unextended\" style=\"padding-top:0px;padding-bottom:0px\" id=\"wpv-column-25606b30f545268b25ee8567650e5b37\" ><h3>ADVOGADA<\/h3>\n<div class=\"row \">\n<div id=\"wpv-column-2d683c838b5ebbf00065efaee942c2621\" class=\"wpv-grid grid-1-2 wpv-first-level first unextended\" style=\"padding-top: 0px; padding-bottom: 0px;\">\n<div class=\"row \">\n<div id=\"wpv-column-3b2adab70b4a9bf546b86aa9455bd0e0\" class=\"wpv-grid grid-1-1 first unextended\" style=\"padding-top: 0px; padding-bottom: 0px;\">\n<p>Concluiu com nota m\u00e1xima o percurso cl\u00e1ssico, em n\u00edvel de ensino m\u00e9dio e, ap\u00f3s ter participado do projeto de interc\u00e2mbio universit\u00e1rio <em>Erasmus<\/em> na \u00a0Wilhelms &#8211; Universit\u00e4t de M\u00fcnster (Alemanha), em 2004 tornou-se Bacharel em Direito na Universidade \u201c<em>Roma Tre<\/em>\u201d de Roma. Logo em seguida, e at\u00e9 2007, foi aluna da Escola de Especializa\u00e7\u00e3o em Profiss\u00f5es Jur\u00eddicas da Universidade \u201c<em>La Sapienza<\/em>\u201d de Roma.<\/p>\n<p>Os anos de tiroc\u00ednio e, sucessivamente, de advocacia t\u00eam, como cen\u00e1rio, prestigiosos Escrit\u00f3rios de advocacia especializados em Direito penal, e, assim, a Dra. Laura adquiriu experi\u00eancia no setor do Direito penal corporativo e da consultoria societ\u00e1ria, especialmente em quest\u00f5es de responsabilidade administrativa derivante de ato delituos<\/p>\n<\/div>\n<\/div>\n<\/div>\n<div id=\"wpv-column-2fa98330df277d6d016d1927a1bffe5d1\" class=\"wpv-grid grid-1-2 wpv-first-level unextended\" style=\"padding-top: 0px; padding-bottom: 0px;\">\n<p>No decorrer da atividade profissional, al\u00e9m de aprimorar os conhecimentos em Direito penal falimentar e banc\u00e1rio,\u00a0do crime de difama\u00e7\u00e3o por meio de imprensa ou ve\u00edculos eletr\u00f4nicos, acumulou experi\u00eancia espec\u00edfica no setor dos crimes contra a administra\u00e7\u00e3o p\u00fablica, no setor tribut\u00e1rio e ambiental, desenvolvendo atividade extrajudicial e judicial prestando assist\u00eancia a bancos, oficiais p\u00fablicos, entidades territoriais, bem como prestando consultoria a empresas, inclusive em rela\u00e7\u00e3o \u00e0 ado\u00e7\u00e3o e atualiza\u00e7\u00e3o dos Modelos de Organiza\u00e7\u00e3o e Gest\u00e3o previstos pelo Decreto-Lei 231\/2001.<\/p>\n<p>Seguiu Cursos de Alta forma\u00e7\u00e3o em Direito penal Europeu e sobre o sistema judici\u00e1rio penal alem\u00e3o e austr\u00edaco.<\/p>\n<p>\u00c9 membro da Ordem dos Advogados de Roma desde 2008.<\/p>\n<\/div>\n<\/div>\n<div id=\"wpv-column-2fa98330df277d6d016d1927a1bffe5d1\" class=\"wpv-grid grid-1-2 wpv-first-level unextended\"><\/div>\n<div class=\"row \"><\/div>\n<div class=\"push\" style='height:20px'><\/div>\n<h3>PUBLICA\u00c7\u00d5ES<\/h3>\n<div class=\"row \">\n<p>\u00c9 autora das seguintes <strong>publica\u00e7\u00f5es <\/strong>de cunho cient\u00edfico:<\/p>\n<p>&#8211; <em>Ambiente e Sicurezza: Sistemi di Gestione e Modelli Organizzativi<\/em>, 2016, \u00e0 espera de publica\u00e7\u00e3o na revista <em>Il lavoro nei trasporti<\/em>, No-Stop;<\/p>\n<p>&#8211; <em>I lavoratori Anas e le nuove norme su omicidio e lesioni colpose stradali<\/em> \u2013 em RGL News, Notiziario della Rivista Giuridica del Lavoro e della Previdenza Sociale, 2016, n. 3;<\/p>\n<p>-Coment\u00e1rio de senten\u00e7a &#8211; Cass. pen. Sez. II \u2013 18 de agosto de 2011, n. 32331 &#8211; \u201c<em>L\u2019irreperibilit\u00e0 di chi abbia indicato un\u2019utenza mobile: un ossimoro trascurato!<\/em>\u201d, publicado online em \u201cIl diritto per i concorsi\u201d, org. F. Caringella;<\/p>\n<p>-Coment\u00e1rio de senten\u00e7a &#8211; Cass. pen. Sez. III \u2013 11 de dezembro de 2008, n. 10535&#8243; -\u201c<em>Il sequestro di un forum on line: l\u2019applicazione della legge sulla stampa tutelerebbe la libert\u00e0 di manifestazione del pensiero in Internet<\/em>?\u201d publicado na revista especializada \u201cDiritto dell\u2019Informazione e dell\u2019informatica\u201d, n. 3, de 2009;<\/p>\n<p>-Coment\u00e1rio de senten\u00e7a &#8211; Cass. pen. Sez. I \u2013 16 de fevereiro de 2007, n. 25755 &#8211; \u201c<em>Il sequestro probatorio nei confronti del giornalista non indagato: il problema del bilanciamento di interessi costituzionalmente garantiti ed il rischio di elusione delle tutele<\/em>\u201d, publicado na revisa especializada \u201cDiritto dell\u2019Informazione e dell\u2019informatica\u201d, n. 6, de 2008.<\/p>\n<p><strong>\u00a0<\/strong><\/p>\n<\/div><\/div><\/div>\n<div class=\"row \"><div class=\"wpv-grid grid-1-1  wpv-first-level first unextended animation-from-bottom animated-active\" style=\"padding-top:15px;padding-bottom:60px\" id=\"wpv-column-e0e2030cac293cb8e9d9b83921a92fe0\" >\t\t<div class=\"sep-text single centered\">\n\t\t\t\t\t\t\t<span class=\"sep-text-before\"><div class=\"sep-text-line\"><\/div><\/span>\n\t\t\t\t\t\t<div class=\"content\">\n\t\t\t\t<h2 class=\"text-divider-double\">Entre em contato com a Advogada<\/h2>\t\t\t<\/div>\n\t\t\t<span class=\"sep-text-after\"><div class=\"sep-text-line\"><\/div><\/span>\n\t\t\t\t\t<\/div>\n\t<div class=\"push\" style='height:10px'><\/div>\n<div class=\"row \"><div class=\"wpv-grid grid-1-1  first unextended\" style=\"padding-top:0px;padding-bottom:0px\" id=\"wpv-column-a44d3558a8e353359cd5ea487a21975a\" ><p><div role=\"form\" class=\"wpcf7\" id=\"wpcf7-f10569-o1\" lang=\"en-US\" dir=\"ltr\">\n<div class=\"screen-reader-response\"><p role=\"status\" aria-live=\"polite\" aria-atomic=\"true\"><\/p> <ul><\/ul><\/div>\n<form action=\"\/bra\/wp-json\/wp\/v2\/pages\/10003#wpcf7-f10569-o1\" method=\"post\" class=\"wpcf7-form init\" novalidate=\"novalidate\" data-status=\"init\">\n<div style=\"display: none;\">\n<input type=\"hidden\" name=\"_wpcf7\" value=\"10569\" \/>\n<input type=\"hidden\" name=\"_wpcf7_version\" value=\"5.5.6\" \/>\n<input type=\"hidden\" name=\"_wpcf7_locale\" value=\"en_US\" \/>\n<input type=\"hidden\" name=\"_wpcf7_unit_tag\" value=\"wpcf7-f10569-o1\" \/>\n<input type=\"hidden\" name=\"_wpcf7_container_post\" value=\"0\" \/>\n<input type=\"hidden\" name=\"_wpcf7_posted_data_hash\" value=\"\" \/>\n<\/div>\n<div class=\"vamtam-rsvp-form\">\n<div class=\"row\">\n<div class=\"grid-1-3\">\n\t\t\t<span class=\"wpcf7-form-control-wrap yname\"><input type=\"text\" name=\"yname\" value=\"\" size=\"40\" class=\"wpcf7-form-control wpcf7-text wpcf7-validates-as-required\" id=\"name\" aria-required=\"true\" aria-invalid=\"false\" placeholder=\"Nome\" \/><\/span>\n\t\t<\/div>\n<div class=\"grid-1-3\">\n\t\t\t<span class=\"wpcf7-form-control-wrap Telefone\"><input type=\"text\" name=\"Telefone\" value=\"\" size=\"40\" class=\"wpcf7-form-control wpcf7-text\" id=\"Telefone\" aria-invalid=\"false\" placeholder=\"Telefone\" \/><\/span>\n\t\t<\/div>\n<div class=\"grid-1-3\">\n\t\t\t<span class=\"wpcf7-form-control-wrap email-534\"><input type=\"email\" name=\"email-534\" value=\"\" size=\"40\" class=\"wpcf7-form-control wpcf7-text wpcf7-email wpcf7-validates-as-required wpcf7-validates-as-email\" id=\"email\" aria-required=\"true\" aria-invalid=\"false\" placeholder=\"Email\" \/><\/span><\/p>\n<\/div>\n<div class=\"grid-1-1\">\n\t\t\t<span class=\"wpcf7-form-control-wrap our-message\"><textarea name=\"our-message\" cols=\"40\" rows=\"5\" class=\"wpcf7-form-control wpcf7-textarea wpcf7-validates-as-required\" id=\"message\" aria-required=\"true\" aria-invalid=\"false\" placeholder=\"Mensagem\"><\/textarea><\/span>\n\t\t<\/div>\n<\/div>\n<div style= \"text-align: center;\"><input type=\"submit\" value=\"Enviar a solicita\u00e7\u00e3o \u2192\" class=\"wpcf7-form-control has-spinner wpcf7-submit\" \/><\/div>\n<\/div>\n<div class=\"wpcf7-response-output\" aria-hidden=\"true\"><\/div><\/form><\/div><\/div><\/div><\/div><\/div><\/p>","protected":false},"excerpt":{"rendered":"<p>CONTATOS l.bacchini@studiogentiloni.com laurabacchini@ordineavvocatiroma.org \u00c1REA DE COMPET\u00caNCIA Patroc\u00ednio em \u00e2mbito penal \u2192 Consultoria e preven\u00e7\u00e3o do risco de atos criminosos \u2192 Atividade internacional \u2192 FORMA\u00c7\u00c3O E TITULA\u00c7\u00c3O Bacharelado em Direito \u2013 Universidade \u201cRoma Tre\u201d, Roma \u2013 2004 Diploma de Especializa\u00e7\u00e3o \u2013 Escola de Especializa\u00e7\u00e3o para as Profiss\u00f5es Jur\u00eddicas \u2013 Universidade \u201cLa Sapienza\u201d, Roma \u2013 2007 Inscri\u00e7\u00e3o&#8230;<\/p>\n","protected":false},"author":10,"featured_media":0,"parent":7774,"menu_order":0,"comment_status":"closed","ping_status":"closed","template":"","meta":[],"_links":{"self":[{"href":"https:\/\/studiogentiloni.com\/bra\/wp-json\/wp\/v2\/pages\/10003"}],"collection":[{"href":"https:\/\/studiogentiloni.com\/bra\/wp-json\/wp\/v2\/pages"}],"about":[{"href":"https:\/\/studiogentiloni.com\/bra\/wp-json\/wp\/v2\/types\/page"}],"author":[{"embeddable":true,"href":"https:\/\/studiogentiloni.com\/bra\/wp-json\/wp\/v2\/users\/10"}],"replies":[{"embeddable":true,"href":"https:\/\/studiogentiloni.com\/bra\/wp-json\/wp\/v2\/comments?post=10003"}],"version-history":[{"count":13,"href":"https:\/\/studiogentiloni.com\/bra\/wp-json\/wp\/v2\/pages\/10003\/revisions"}],"predecessor-version":[{"id":10599,"href":"https:\/\/studiogentiloni.com\/bra\/wp-json\/wp\/v2\/pages\/10003\/revisions\/10599"}],"up":[{"embeddable":true,"href":"https:\/\/studiogentiloni.com\/bra\/wp-json\/wp\/v2\/pages\/7774"}],"wp:attachment":[{"href":"https:\/\/studiogentiloni.com\/bra\/wp-json\/wp\/v2\/media?parent=10003"}],"curies":[{"name":"wp","href":"https:\/\/api.w.org\/{rel}","templated":true}]}}