{"id":10149,"date":"2016-12-19T10:37:22","date_gmt":"2016-12-19T10:37:22","guid":{"rendered":"http:\/\/studiogentiloni.com\/bra\/?page_id=10149"},"modified":"2017-05-17T14:24:59","modified_gmt":"2017-05-17T14:24:59","slug":"avv-marta-lucisano","status":"publish","type":"page","link":"https:\/\/studiogentiloni.com\/bra\/professionisti\/avv-marta-lucisano\/","title":{"rendered":"Adv. Marta Lucisano"},"content":{"rendered":"<p><div class=\"row \"><div class=\"wpv-grid grid-1-1  wpv-first-level first unextended\" style=\"padding-top:0px;padding-bottom:0px\" id=\"wpv-column-0e0c892ddad49e9db68258f1f4f84f95\" ><\/div><\/div>\n<div class=\"row \"><div class=\"wpv-grid grid-1-1  wpv-first-level first unextended\" style=\"padding-top:0px;padding-bottom:0px\" id=\"wpv-column-5c1ef78a202aced43ae7cf716d4d5d69\" ><\/div><\/div>\n<div class=\"row \"><div class=\"wpv-grid grid-1-3  wpv-first-level first has-background unextended\" style=\"\n\t\t\t\tbackground: url( 'http:\/\/studiogentiloni.com\/bra\/wp-content\/uploads\/2017\/01\/Marta-Lucisano_t.jpg' ) no-repeat center top;\n\t\t\t\tbackground-size: auto;\n\t\t\tpadding-top:400px;padding-bottom:0px\" id=\"wpv-column-5cedbd02c93ba6fa140526829ac2349d\" ><\/div>\n<div class=\"wpv-grid grid-2-3 add-border wpv-first-level unextended\" style=\"padding-top:20px;padding-bottom:15px\" id=\"wpv-column-09da241602fc6afc4cdab0e430881167\" ><div class=\"row \"><div class=\"wpv-grid grid-1-1  first unextended animation-fade-in animated-active\" style=\"padding-top:0px;padding-bottom:0px\" id=\"wpv-column-fd9176b0f81f1eb8bfb282b50ba2a667\" ><h4 style=\"padding-left: 20px;\">CONTATOS<\/h4>\n<p style=\"padding-left: 20px;\"><a id=\"\" class=\"\" title=\"\" href=\" background_repeat=\"><!--Tel: 800-700-6200--><br \/>\n<\/a><a href=\"mailto:m.lucisano@studiogentiloni.com\">m.lucisano@studiogentiloni.com<\/a><br \/>\n<a href=\"mailto:martalucisano@ordineavvocatiroma.org\">martalucisano@ordineavvocatiroma.org<\/a><\/p>\n<p style=\"padding-left: 20px;\"><div class=\"push\" style='height:10px'><\/div>\n<h4 style=\"padding-left: 20px;\">\u00c1REA DE COMPET\u00caNCIA<\/h4>\n<p style=\"padding-left: 20px;\"><a href=\"\/bra\/attivita\/patrocinio-in-materia-penale\/\">Patroc\u00ednio em \u00e2mbito penal \u2192<\/a><br \/>\n<a href=\"\/bra\/attivita\/consulenza-e-prevenzione-del-rischio-reato\/\">Consultoria e preven\u00e7\u00e3o do risco de atos criminosos \u2192<\/a><br \/>\n<a href=\"\/bra\/attivita\/attivita-internazionale\/\">Atividade internacional \u2192<\/a><br \/>\n<div class=\"push\" style='height:10px'><\/div>\n<h4 style=\"padding-left: 20px;\">FORMA\u00c7\u00c3O<\/h4>\n<ul>\n<li style=\"list-style-type: none;\">\n<ul>\n<li>Bacharelado em Direito \u2013 Universit\u00e0 degli Studi \u201cRoma Tre\u201d, Roma \u2013 2010<\/li>\n<li>Mestrado em Rela\u00e7\u00f5es Internacionais e prote\u00e7\u00e3o internacional dos Direitos Humanos \u2013 SIOI, Roma \u2013 2011<\/li>\n<li>Inscri\u00e7\u00e3o \u00e0 Ordem dos Advogados de Roma \u2013 2013<\/li>\n<\/ul>\n<\/li>\n<\/ul><\/div><\/div><\/div><\/div>\n<div class=\"push\" style='height:50px'><\/div>\n<div class=\"row \"><div class=\"wpv-grid grid-1-1  wpv-first-level first unextended\" style=\"padding-top:0px;padding-bottom:0px\" id=\"wpv-column-7829434bdd3c4557fe725c382b8d7e82\" ><h3>ADVOGADA<\/h3>\n<div class=\"row \">\n<div id=\"wpv-column-2d683c838b5ebbf00065efaee942c2621\" class=\"wpv-grid grid-1-2 wpv-first-level first unextended\" style=\"padding-top: 0px; padding-bottom: 0px;\">\n<div class=\"row \">\n<div id=\"wpv-column-3b2adab70b4a9bf546b86aa9455bd0e0\" class=\"wpv-grid grid-1-1 first unextended\" style=\"padding-top: 0px; padding-bottom: 0px;\">\n<p>Realiza experi\u00eancias de estudo no exterior e torna-se Bacharel em Direito na Universidade \u201cRoma Tre\u201d de Roma.<br \/>\nAprofunda seus conhecimentos com um Mestrado em Rela\u00e7\u00f5es Internacionais e Direitos Humanos junto \u00e0 SIOI &#8211; Sociedade italiana para a Organiza\u00e7\u00e3o Internacional e, ainda, colabora com a C\u00e2mara dos Deputados Italiana.<br \/>\nColabora com a Universidade da Tuscia em qualidade de cultora da mat\u00e9ria, antes em direito internacional e sucessivamente em direito e processo penal.<br \/>\nAdvoga preponderantemente em \u00e2mbito penal, participando tamb\u00e9m a processos de interesse nacional, tratando de crimes contra a administra\u00e7\u00e3o p\u00fablica, a administra\u00e7\u00e3o da Justi\u00e7a, o patrim\u00f4nio, a pessoa e a incolumidade individual, a responsabilidade m\u00e9dica, os crimes ambientais e no quadro da constru\u00e7\u00e3o civil.<\/p>\n<p>Al\u00e9m disso, trata do direito penal de economia, com inclus\u00e3o da responsabilidade penal das pessoas jur\u00eddicas, nos termos do Decreto-Lei 231\/2001.<br \/>\nA atua\u00e7\u00e3o profissional permite-lhe acumular experi\u00eancia em processos de extradi\u00e7\u00e3o, at\u00e9 de al\u00e7ada internacional, participando, no espec\u00edfico, do processo relativo ao \u201cPlan Condor\u201d, entre os quais r\u00e9us havia figuras de alto escal\u00e3o de \u00f3rg\u00e3os de seguran\u00e7a sul-americanos.<\/p>\n<\/div>\n<\/div>\n<\/div>\n<\/div>\n<div class=\"push\" style='height:20px'><\/div>\n<h3><\/h3>\n<div class=\"row \"><\/div><\/div><\/div>\n<div class=\"row \"><div class=\"wpv-grid grid-1-1  wpv-first-level first unextended animation-from-bottom animated-active\" style=\"padding-top:15px;padding-bottom:60px\" id=\"wpv-column-147c512dcbf5375d40104143a6fe0f0f\" >\t\t<div class=\"sep-text single centered\">\n\t\t\t\t\t\t\t<span class=\"sep-text-before\"><div class=\"sep-text-line\"><\/div><\/span>\n\t\t\t\t\t\t<div class=\"content\">\n\t\t\t\t<h2 class=\"text-divider-double\">Entre em contato com a Advogada<\/h2>\t\t\t<\/div>\n\t\t\t<span class=\"sep-text-after\"><div class=\"sep-text-line\"><\/div><\/span>\n\t\t\t\t\t<\/div>\n\t<div class=\"push\" style='height:10px'><\/div>\n<div class=\"row \"><div class=\"wpv-grid grid-1-1  first unextended\" style=\"padding-top:0px;padding-bottom:0px\" id=\"wpv-column-235017341355cf316eacc7ee81553dbf\" ><p><div role=\"form\" class=\"wpcf7\" id=\"wpcf7-f10570-o1\" lang=\"en-US\" dir=\"ltr\">\n<div class=\"screen-reader-response\"><p role=\"status\" aria-live=\"polite\" aria-atomic=\"true\"><\/p> <ul><\/ul><\/div>\n<form action=\"\/bra\/wp-json\/wp\/v2\/pages\/10149#wpcf7-f10570-o1\" method=\"post\" class=\"wpcf7-form init\" novalidate=\"novalidate\" data-status=\"init\">\n<div style=\"display: none;\">\n<input type=\"hidden\" name=\"_wpcf7\" value=\"10570\" \/>\n<input type=\"hidden\" name=\"_wpcf7_version\" value=\"5.5.6\" \/>\n<input type=\"hidden\" name=\"_wpcf7_locale\" value=\"en_US\" \/>\n<input type=\"hidden\" name=\"_wpcf7_unit_tag\" value=\"wpcf7-f10570-o1\" \/>\n<input type=\"hidden\" name=\"_wpcf7_container_post\" value=\"0\" \/>\n<input type=\"hidden\" name=\"_wpcf7_posted_data_hash\" value=\"\" \/>\n<\/div>\n<div class=\"vamtam-rsvp-form\">\n<div class=\"row\">\n<div class=\"grid-1-3\">\n\t\t\t<span class=\"wpcf7-form-control-wrap yname\"><input type=\"text\" name=\"yname\" value=\"\" size=\"40\" class=\"wpcf7-form-control wpcf7-text wpcf7-validates-as-required\" id=\"name\" aria-required=\"true\" aria-invalid=\"false\" placeholder=\"Nome\" \/><\/span>\n\t\t<\/div>\n<div class=\"grid-1-3\">\n\t\t\t<span class=\"wpcf7-form-control-wrap Telefone\"><input type=\"text\" name=\"Telefone\" value=\"\" size=\"40\" class=\"wpcf7-form-control wpcf7-text\" id=\"Telefone\" aria-invalid=\"false\" placeholder=\"Telefone\" \/><\/span>\n\t\t<\/div>\n<div class=\"grid-1-3\">\n\t\t\t<span class=\"wpcf7-form-control-wrap email-534\"><input type=\"email\" name=\"email-534\" value=\"\" size=\"40\" class=\"wpcf7-form-control wpcf7-text wpcf7-email wpcf7-validates-as-required wpcf7-validates-as-email\" id=\"email\" aria-required=\"true\" aria-invalid=\"false\" placeholder=\"Email\" \/><\/span><\/p>\n<\/div>\n<div class=\"grid-1-1\">\n\t\t\t<span class=\"wpcf7-form-control-wrap our-message\"><textarea name=\"our-message\" cols=\"40\" rows=\"5\" class=\"wpcf7-form-control wpcf7-textarea wpcf7-validates-as-required\" id=\"message\" aria-required=\"true\" aria-invalid=\"false\" placeholder=\"Mensagem\"><\/textarea><\/span>\n\t\t<\/div>\n<\/div>\n<div style= \"text-align: center;\"><input type=\"submit\" value=\"Enviar a solicita\u00e7\u00e3o \u2192\" class=\"wpcf7-form-control has-spinner wpcf7-submit\" \/><\/div>\n<\/div>\n<div class=\"wpcf7-response-output\" aria-hidden=\"true\"><\/div><\/form><\/div><\/div><\/div><\/div><\/div>\n<div class=\"row \"><div class=\"wpv-grid grid-1-1  wpv-first-level first unextended\" style=\"padding-top:0px;padding-bottom:0px\" id=\"wpv-column-988cf93a17767507d4d807df86f68419\" ><\/div><\/div>\n<div class=\"row \"><div class=\"wpv-grid grid-1-1  wpv-first-level first unextended\" style=\"padding-top:0px;padding-bottom:0px\" id=\"wpv-column-d0eafef38d8f8e94002086a357f46cc7\" ><\/div><\/div><\/p>","protected":false},"excerpt":{"rendered":"<p>CONTATOS m.lucisano@studiogentiloni.com martalucisano@ordineavvocatiroma.org \u00c1REA DE COMPET\u00caNCIA Patroc\u00ednio em \u00e2mbito penal \u2192 Consultoria e preven\u00e7\u00e3o do risco de atos criminosos \u2192 Atividade internacional \u2192 FORMA\u00c7\u00c3O Bacharelado em Direito \u2013 Universit\u00e0 degli Studi \u201cRoma Tre\u201d, Roma \u2013 2010 Mestrado em Rela\u00e7\u00f5es Internacionais e prote\u00e7\u00e3o internacional dos Direitos Humanos \u2013 SIOI, Roma \u2013 2011 Inscri\u00e7\u00e3o \u00e0 Ordem dos&#8230;<\/p>\n","protected":false},"author":10,"featured_media":0,"parent":7774,"menu_order":0,"comment_status":"closed","ping_status":"closed","template":"","meta":[],"_links":{"self":[{"href":"https:\/\/studiogentiloni.com\/bra\/wp-json\/wp\/v2\/pages\/10149"}],"collection":[{"href":"https:\/\/studiogentiloni.com\/bra\/wp-json\/wp\/v2\/pages"}],"about":[{"href":"https:\/\/studiogentiloni.com\/bra\/wp-json\/wp\/v2\/types\/page"}],"author":[{"embeddable":true,"href":"https:\/\/studiogentiloni.com\/bra\/wp-json\/wp\/v2\/users\/10"}],"replies":[{"embeddable":true,"href":"https:\/\/studiogentiloni.com\/bra\/wp-json\/wp\/v2\/comments?post=10149"}],"version-history":[{"count":8,"href":"https:\/\/studiogentiloni.com\/bra\/wp-json\/wp\/v2\/pages\/10149\/revisions"}],"predecessor-version":[{"id":10601,"href":"https:\/\/studiogentiloni.com\/bra\/wp-json\/wp\/v2\/pages\/10149\/revisions\/10601"}],"up":[{"embeddable":true,"href":"https:\/\/studiogentiloni.com\/bra\/wp-json\/wp\/v2\/pages\/7774"}],"wp:attachment":[{"href":"https:\/\/studiogentiloni.com\/bra\/wp-json\/wp\/v2\/media?parent=10149"}],"curies":[{"name":"wp","href":"https:\/\/api.w.org\/{rel}","templated":true}]}}