{"id":8024,"date":"2014-07-04T23:25:06","date_gmt":"2014-07-04T23:25:06","guid":{"rendered":"http:\/\/lawyers-attorneys.vamtam.com\/?page_id=8024"},"modified":"2017-02-13T04:43:51","modified_gmt":"2017-02-13T04:43:51","slug":"link","status":"publish","type":"page","link":"https:\/\/studiogentiloni.com\/bra\/link\/","title":{"rendered":"LINKS \u00daTEIS"},"content":{"rendered":"\t\t<h2 class=\"text-divider-double\">\t\t\t\nPara o conhecimento correto do Direito.\t\t<\/h2>\t\t<div class=\"sep\"><\/div>\t\n<div class=\"push\" style='height:10px'><\/div>\n<div class=\"row \"><div class=\"wpv-grid grid-5-6  wpv-first-level first unextended\" style=\"padding-top:0px;padding-bottom:0px\" id=\"wpv-column-4288408d8fff607378f289d02106a662\" ><h3>Site do Conselho Nacional Forense da It\u00e1lia<\/h3>\n<div class=\"push\" style='height:20px'><\/div>\n<p><a href=\"http:\/\/www.consiglionazionaleforense.it\/\" target=\"_blank\">www.consiglionazionaleforense.it<\/a><\/div><\/div>\n<div class=\"sep-3\"><\/div>\n<div class=\"row \"><div class=\"wpv-grid grid-5-6  wpv-first-level first unextended\" style=\"padding-top:0px;padding-bottom:0px\" id=\"wpv-column-0c948ff8c0fc4b1fd36336cb0f829640\" ><h3>Ordem dos Advogados de Roma<\/h3>\n<div class=\"push\" style='height:20px'><\/div>\n<h3><\/h3>\n<p><a href=\"http:\/\/www.ordineavvocati.roma.it\/NotizieOrdine\/Notizie.asp\" target=\"_blank\">www.ordineavvocati.roma.it<\/a><\/div><\/div>\n<div class=\"sep-3\"><\/div>\n<div class=\"row \"><div class=\"wpv-grid grid-5-6  wpv-first-level first unextended\" style=\"padding-top:0px;padding-bottom:0px\" id=\"wpv-column-c7ca68b2332fd82d2f1f28d1c3425328\" ><h3>Site da Uni\u00e3o das C\u00e2maras Penais italianas<\/h3>\n<div class=\"push\" style='height:20px'><\/div>\n<h3><\/h3>\n<p><a href=\"http:\/\/www.camerepenali.it\" target=\"_blank\">www.camerepenali.it<\/a><\/div><\/div>\n<div class=\"sep-3\"><\/div>\n<div class=\"row \"><div class=\"wpv-grid grid-5-6  wpv-first-level first unextended\" style=\"padding-top:0px;padding-bottom:0px\" id=\"wpv-column-8be8f2d2c9b5dde9be856b75bcf69539\" ><h3>P\u00e1gina principal da Caixa Nacional Forense &#8211; It\u00e1lia<\/h3>\n<div class=\"push\" style='height:20px'><\/div>\n<h3><\/h3>\n<p><a href=\"http:\/\/www.cassaforense.it\/\" target=\"_blank\">www.cassaforense.it<\/a><\/div><\/div>\n<div class=\"sep-3\"><\/div>\n<div class=\"row \"><div class=\"wpv-grid grid-5-6  wpv-first-level first unextended\" style=\"padding-top:0px;padding-bottom:0px\" id=\"wpv-column-e91afbdf8c09deb40c3d697247019313\" ><h3>Praecepta \u2013 Curso para a prepara\u00e7\u00e3o ao exame da Ordem dos advogados<\/h3>\n<div class=\"push\" style='height:20px'><\/div>\n<h3><\/h3>\n<p><a href=\"http:\/\/www.praecepta.it\/\" target=\"_blank\">www.praecepta.it<\/a><\/div><\/div>\n<div class=\"sep-3\"><\/div>\n<div class=\"row \"><div class=\"wpv-grid grid-5-6  wpv-first-level first unextended\" style=\"padding-top:0px;padding-bottom:0px\" id=\"wpv-column-ae7114779fd69e4e04924eda1c960f15\" ><h3>Site oficial do Minist\u00e9rio da Justi\u00e7a &#8211; It\u00e1lia<\/h3>\n<div class=\"push\" style='height:20px'><\/div>\n<h3><\/h3>\n<p><a href=\"http:\/\/www.giustizia.it\/\" target=\"_blank\">www.giustizia.it<\/a><\/div><\/div>\n<div class=\"sep-3\"><\/div>\n<div class=\"row \"><div class=\"wpv-grid grid-5-6  wpv-first-level first unextended\" style=\"padding-top:0px;padding-bottom:0px\" id=\"wpv-column-de9cb6f4647cbb68643543ae63834734\" ><h3>Giustizia Map: busca dos Departamentos Judici\u00e1rios competentes, em rela\u00e7\u00e3o ao Munic\u00edpio de pertin\u00eancia &#8211; It\u00e1lia<\/h3>\n<div class=\"push\" style='height:20px'><\/div>\n<h3><\/h3>\n<p><a href=\"https:\/\/www.giustizia.it\/giustizia\/en\/mg_4.wp\" target=\"_blank\">www.giustizia.it\/giustizia\/en\/mg_4.wp<\/a><\/div><\/div>\n<div class=\"sep-3\"><\/div>\n<div class=\"row \"><div class=\"wpv-grid grid-5-6  wpv-first-level first unextended\" style=\"padding-top:0px;padding-bottom:0px\" id=\"wpv-column-70e6f1e8d9de36e59477385c0d350cf2\" ><h3>Revista de Direito de Doutrina Penal<\/h3>\n<div class=\"push\" style='height:20px'><\/div>\n<h3><\/h3>\n<p><a href=\"http:\/\/www.penalecontemporaneo.it\/\" target=\"_blank\">www.penalecontemporaneo.it<\/a><\/div><\/div>\n<div class=\"sep-3\"><\/div>\n<div class=\"row \"><div class=\"wpv-grid grid-5-6  wpv-first-level first unextended\" style=\"padding-top:0px;padding-bottom:0px\" id=\"wpv-column-33ba5e16b5a5e7712c35f25ce9be410b\" ><h3>Site oficial do Tribunal Europeu dos Direitos do Homem<\/h3>\n<div class=\"push\" style='height:20px'><\/div>\n<h3><\/h3>\n<p><a href=\"http:\/\/www.echr.coe.int\/\" target=\"_blank\">www.echr.coe.int<\/a><\/div><\/div>\n<div class=\"sep-3\"><\/div>\n<div class=\"row \"><div class=\"wpv-grid grid-5-6  wpv-first-level first unextended\" style=\"padding-top:0px;padding-bottom:0px\" id=\"wpv-column-2647b203746c25d0ba6c40a16fa2b513\" ><h3>Banco de dados oficial das senten\u00e7as do Tribunal Europeu dos Direitos do Homem<\/h3>\n<div class=\"push\" style='height:20px'><\/div>\n<h3><\/h3>\n<p><a href=\"http:\/\/hudoc.echr.coe.int\/eng\" target=\"_blank\">http:\/\/hudoc.echr.coe.int\/eng<\/a><\/div><\/div>\n<div class=\"sep-3\"><\/div>\n<div class=\"row \"><div class=\"wpv-grid grid-5-6  wpv-first-level first unextended\" style=\"padding-top:0px;padding-bottom:0px\" id=\"wpv-column-6bd1c03d7aabe2d470e8cc2019eb5fef\" ><h3>Site oficial da Uni\u00e3o Europeia<\/h3>\n<div class=\"push\" style='height:20px'><\/div>\n<h3><\/h3>\n<p><a href=\"http:\/\/europa.eu\/\" target=\"_blank\">europa.eu<\/a><\/div><\/div>\n<div class=\"sep-3\"><\/div>\n<div class=\"row \"><div class=\"wpv-grid grid-5-6  wpv-first-level first unextended\" style=\"padding-top:0px;padding-bottom:0px\" id=\"wpv-column-2b1e7eb7e7419c5c2dd519c3cf14e6a2\" ><h3>Site oficial do Tribunal Constitucional &#8211; It\u00e1lia<\/h3>\n<div class=\"push\" style='height:20px'><\/div>\n<h3><\/h3>\n<p><a href=\"http:\/\/www.cortecostituzionale.it\/default.do\" target=\"_blank\">www.cortecostituzionale.it\/default.do<\/a><\/div><\/div>\n<div class=\"sep-3\"><\/div>\n<div class=\"row \"><div class=\"wpv-grid grid-5-6  wpv-first-level first unextended\" style=\"padding-top:0px;padding-bottom:0px\" id=\"wpv-column-a19c0b2b2173f5f6af9557efe27967d7\" ><h3>Site oficial da Corte Suprema di Cassazione &#8211; Supremo Tribunal italiano<\/h3>\n<div class=\"push\" style='height:20px'><\/div>\n<h3><\/h3>\n<p><a href=\"http:\/\/www.cassazione.it\/\" target=\"_blank\">www.cassazione.it<\/a><\/div><\/div>\n<div class=\"sep-3\"><\/div>\n<div class=\"row \"><div class=\"wpv-grid grid-5-6  wpv-first-level first unextended\" style=\"padding-top:0px;padding-bottom:0px\" id=\"wpv-column-72fa96ad8654ef526263ef540ceb3fd5\" ><h3>Site oficial do Tribunal de Justi\u00e7a das Comunidades Europeias<\/h3>\n<div class=\"push\" style='height:20px'><\/div>\n<h3><\/h3>\n<p><a href=\"http:\/\/www.curia.eu\/\" target=\"_blank\">http:\/\/www.curia.eu\/<\/a><\/div><\/div>\n<div class=\"sep-3\"><\/div>\n<div class=\"row \"><div class=\"wpv-grid grid-5-6  wpv-first-level first unextended\" style=\"padding-top:0px;padding-bottom:0px\" id=\"wpv-column-16ab14eb6cf319a2f6ca5ca68fc54354\" ><h3>Site oficial do Minist\u00e9rio dos Assuntos Exteriores da It\u00e1lia<\/h3>\n<div class=\"push\" style='height:20px'><\/div>\n<h3><\/h3>\n<p><a href=\"http:\/\/www.esteri.it\/mae\/it\/\" target=\"_blank\">http:\/\/www.esteri.it\/mae\/it\/<\/a><\/div><\/div>\n<div class=\"sep-3\"><\/div>\n<div class=\"row \"><div class=\"wpv-grid grid-5-6  wpv-first-level first unextended\" style=\"padding-top:0px;padding-bottom:0px\" id=\"wpv-column-d8c08a7fd07f7e0fc6dd1efe75c98a36\" ><h3>Banco de dados dos tratados internacionais em vigor para a It\u00e1lia<\/h3>\n<div class=\"push\" style='height:20px'><\/div>\n<h3><\/h3>\n<p><a href=\"http:\/\/itra.esteri.it\" target=\"_blank\">http:\/\/itra.esteri.it<\/a><\/div><\/div>\n<div class=\"row \"><div class=\"wpv-grid grid-1-1  wpv-first-level first unextended\" style=\"padding-top:0px;padding-bottom:0px\" id=\"wpv-column-53678ea6976509c7e623341047787448\" ><p>&nbsp;<\/div><\/div>\n<div class=\"push\" style='height:120px'><\/div>\n","protected":false},"excerpt":{"rendered":"<p>Site do Conselho Nacional Forense da It\u00e1lia www.consiglionazionaleforense.it Ordem dos Advogados de Roma www.ordineavvocati.roma.it Site da Uni\u00e3o das C\u00e2maras Penais italianas www.camerepenali.it P\u00e1gina principal da Caixa Nacional Forense &#8211; It\u00e1lia www.cassaforense.it Praecepta \u2013 Curso para a prepara\u00e7\u00e3o ao exame da Ordem dos advogados www.praecepta.it Site oficial do Minist\u00e9rio da Justi\u00e7a &#8211; It\u00e1lia www.giustizia.it Giustizia Map:&#8230;<\/p>\n","protected":false},"author":10,"featured_media":0,"parent":0,"menu_order":0,"comment_status":"closed","ping_status":"closed","template":"","meta":[],"_links":{"self":[{"href":"https:\/\/studiogentiloni.com\/bra\/wp-json\/wp\/v2\/pages\/8024"}],"collection":[{"href":"https:\/\/studiogentiloni.com\/bra\/wp-json\/wp\/v2\/pages"}],"about":[{"href":"https:\/\/studiogentiloni.com\/bra\/wp-json\/wp\/v2\/types\/page"}],"author":[{"embeddable":true,"href":"https:\/\/studiogentiloni.com\/bra\/wp-json\/wp\/v2\/users\/10"}],"replies":[{"embeddable":true,"href":"https:\/\/studiogentiloni.com\/bra\/wp-json\/wp\/v2\/comments?post=8024"}],"version-history":[{"count":1,"href":"https:\/\/studiogentiloni.com\/bra\/wp-json\/wp\/v2\/pages\/8024\/revisions"}],"predecessor-version":[{"id":10494,"href":"https:\/\/studiogentiloni.com\/bra\/wp-json\/wp\/v2\/pages\/8024\/revisions\/10494"}],"wp:attachment":[{"href":"https:\/\/studiogentiloni.com\/bra\/wp-json\/wp\/v2\/media?parent=8024"}],"curies":[{"name":"wp","href":"https:\/\/api.w.org\/{rel}","templated":true}]}}