{"id":9473,"date":"2014-09-28T00:23:46","date_gmt":"2014-09-28T00:23:46","guid":{"rendered":"http:\/\/lawyers-attorneys.vamtam.com\/?page_id=9473"},"modified":"2017-05-04T17:35:58","modified_gmt":"2017-05-04T17:35:58","slug":"avv-michele-gentiloni-silveri","status":"publish","type":"page","link":"https:\/\/studiogentiloni.com\/bra\/professionisti\/avv-michele-gentiloni-silveri\/","title":{"rendered":"Adv. Michele Gentiloni Silveri"},"content":{"rendered":"<p><div class=\"row \"><div class=\"wpv-grid grid-1-3  wpv-first-level first has-background unextended\" style=\"\n\t\t\t\tbackground: url( 'http:\/\/studiogentiloni.com\/bra\/wp-content\/uploads\/2017\/01\/Michele-GS_t.jpg' ) no-repeat center top;\n\t\t\t\tbackground-size: auto;\n\t\t\tpadding-top:400px;padding-bottom:0px\" id=\"wpv-column-e7d16e5bc0d515a3cd7d7fe216bd2c1a\" ><\/div>\n<div class=\"wpv-grid grid-2-3 add-border wpv-first-level unextended\" style=\"padding-top:20px;padding-bottom:15px\" id=\"wpv-column-584276318993572a35896a890512f7bc\" ><div class=\"row \"><div class=\"wpv-grid grid-1-1  first unextended animation-fade-in animated-active\" style=\"padding-top:0px;padding-bottom:0px\" id=\"wpv-column-7b6b0e61aef30ba1a21c618d7a4b7081\" ><h4 style=\"padding-left: 20px;\">CONTATOS<\/h4>\n<p style=\"padding-left: 20px;\"><a id=\"\" class=\"\" title=\"\" href=\" background_repeat=\"><!--Tel: 800-700-6200--><br \/>\n<\/a><a href=\"mailto:m.gentiloni@studiogentiloni.com\">m.gentiloni@studiogentiloni.com<\/a><br \/>\n<a href=\"mailto:michelegentilonisilverj@ordinavvocatiroma.org\">michelegentilonisilverj@ordinavvocatiroma.org<\/a><\/p>\n<p style=\"padding-left: 20px;\"><div class=\"push\" style='height:10px'><\/div>\n<h4 style=\"padding-left: 20px;\">\u00c1REA DE COMPET\u00caNCIA<\/h4>\n<p style=\"padding-left: 20px;\"><a href=\"\/bra\/attivita\/patrocinio-in-materia-penale\/\">Patroc\u00ednio em \u00e2mbito penal \u2192<\/a><br \/>\n<a href=\"\/bra\/attivita\/consulenza-e-prevenzione-del-rischio-reato\/\">Consultoria e preven\u00e7\u00e3o do risco de atos criminosos \u2192<\/a><br \/>\n<a href=\"\/bra\/attivita\/attivita-internazionale\/\">Atividade internacional \u2192<\/a><br \/>\n<div class=\"push\" style='height:10px'><\/div>\n<h4 style=\"padding-left: 20px;\">FORMA\u00c7\u00c3O E TITULA\u00c7\u00c3O<\/h4>\n<ul>\n<li><em>Bacharelado <\/em>cum laude <em>em Direito \u2013 Universidade \u201cLa Sapienza\u201d, Roma \u2013 1972<\/em><\/li>\n<\/ul>\n<ul>\n<li>Inscri\u00e7\u00e3o \u00e0 Ordem dos Advogados de Roma \u2013 1975<\/li>\n<\/ul>\n<ul>\n<li>Habilitado ao patroc\u00ednio perante o Supremo Tribunal Italiano, <em>Corte Suprema di Cassazione, <\/em>e as demais inst\u00e2ncias superiores \u2013 1989<\/li>\n<\/ul><\/div><\/div><\/div><\/div>\n<div class=\"push\" style='height:50px'><\/div>\n<div class=\"row \"><div class=\"wpv-grid grid-1-1  wpv-first-level first unextended\" style=\"padding-top:0px;padding-bottom:0px\" id=\"wpv-column-8e25e4fcca0cead51751de5f9ea94184\" ><h3>ADVOGADO<\/h3><\/div><\/div>\n<div class=\"row \"><div class=\"wpv-grid grid-1-2  wpv-first-level first unextended\" style=\"padding-top:0px;padding-bottom:0px\" id=\"wpv-column-c32e1a0f3b925cb2f030dfeeb60661d4\" ><p>Ap\u00f3s estudos\u00a0 cl\u00e1ssicos no ensino m\u00e9dio, em 1972 torna-se Bacharel em Direito, com louvor, pela Universidade \u201cLa Sapienza\u201d de Roma e, com a orienta\u00e7\u00e3o do Prof. Giuliano Vassalli, frequenta os mais prestigiosos Escrit\u00f3rios de advogados criminalistas da Capital italiana.<\/p>\n<p>Amparado pela consider\u00e1vel experi\u00eancia adquirida em numerosos processos penais, em \u00a01981 funda o \u201c<em>Studio Gentiloni Silveri \u2013 Diritto Penale<\/em>\u201d onde, desde ent\u00e3o, exerce a profiss\u00e3o forense exclusivamente em \u00e2mbito penal, no inteiro territ\u00f3rio italiano e no exterior. Ao longo de sua carreira de advogado, participou de mais de \u00a03.500 a\u00e7\u00f5es\u00a0 penais na It\u00e1lia; centenas destas a\u00e7\u00f5es correram perante a <em>Corte Suprema di Cassazione<\/em> onde se destacou a\u00a0ponto de ser considerado, hoje, um dos mais respeitados advogados criminalistas italianos.<\/p>\n<p>Tradicionalmente pr\u00f3ximo \u00e0 Igreja Cat\u00f3lica, quer por antiga hist\u00f3ria familiar, quer por experi\u00eancia profissional, assiste algumas das mais importantes organiza\u00e7\u00f5es cat\u00f3licas em quest\u00f5es de car\u00e1ter penal, e d\u00e1 consultoria a alguns de seus mais eminentes representantes.<\/p>\n<p>No decorrer de sua carreira, interessou-se peculiarmente ao direito penal internacional e a fatos delituosos que envolvessem cidad\u00e3os estrangeiros na It\u00e1lia e italianos no exterior. Em v\u00e1rias ocasi\u00f5es foi solicitada sua assist\u00eancia em prol de funcion\u00e1rios e diplomatas estrangeiros, Embaixadas estrangeiras na It\u00e1lia, Embaixadas italianas no exterior, Minist\u00e9rios, empresas p\u00fablicas. O Adv. Michele Gentiloni Silveri \u00e9 um dos mais conceituados especialistas italianos em termos de Extradi\u00e7\u00e3o e Mandado de Deten\u00e7\u00e3o Europeu, por ter acompanhado um n\u00famero elevad\u00edssimo de procedimentos, inclusive representando e defendendo o Governo de importantes Pa\u00edses estrangeiros que solicitavam a Extradi\u00e7\u00e3o.<\/div>\n<div class=\"wpv-grid grid-1-2  wpv-first-level unextended\" style=\"padding-top:0px;padding-bottom:0px\" id=\"wpv-column-ee963a8f4c1acbad02f6861b5141e4d8\" ><p>Atuou em primeira pessoa perante muitos Tribunais estrangeiros e, ainda, adquiriu vultosa experi\u00eancia em procedimentos perante o Tribunal Europeu dos Direitos do Homem em Estrasburgo, onde frequentemente advogou e continua advogando, prestando sua assist\u00eancia a pessoas f\u00edsicas e jur\u00eddicas contra v\u00e1rios Pa\u00edses.<\/p>\n<p>Al\u00e9m da atua\u00e7\u00e3o em \u00e2mbito judici\u00e1rio, adquiriu significativa experi\u00eancia como consultor jur\u00eddico em mat\u00e9ria de direito penal, tanto par empres\u00e1rios nacionais e estrangeiros, como para Empresas, Escrit\u00f3rios de Advocacia e Governos estrangeiros de importantes Pa\u00edses. Em virtude de sua atividade de consultoria, no decorrer dos anos lhe foi reconhecida a aprecia\u00e7\u00e3o de v\u00e1rias multinacionais entre as mais importantes ao mundo, nos respectivos setores de atua\u00e7\u00e3o.<\/p>\n<p>.<\/p>\n<p>Desde 1975 est\u00e1 inscrito na Ordem dos Advogados de Roma e tem habilita\u00e7\u00e3o para atuar perante a <em>\u00a0Corte Suprema di Cassazione<\/em> e demais Inst\u00e2ncias superiores desde 1989.<\/div><\/div>\n<div class=\"row \"><div class=\"wpv-grid grid-1-1  wpv-first-level first unextended animation-from-bottom animated-active\" style=\"padding-top:15px;padding-bottom:60px\" id=\"wpv-column-b34014df8420a8d73637f6ceffbb589a\" >\t\t<div class=\"sep-text single centered\">\n\t\t\t\t\t\t\t<span class=\"sep-text-before\"><div class=\"sep-text-line\"><\/div><\/span>\n\t\t\t\t\t\t<div class=\"content\">\n\t\t\t\t<h2 class=\"text-divider-double\">Entre em contato com o Advogado<\/h2>\t\t\t<\/div>\n\t\t\t<span class=\"sep-text-after\"><div class=\"sep-text-line\"><\/div><\/span>\n\t\t\t\t\t<\/div>\n\t<div class=\"push\" style='height:10px'><\/div>\n<div class=\"row \"><div class=\"wpv-grid grid-1-1  first unextended\" style=\"padding-top:0px;padding-bottom:0px\" id=\"wpv-column-1988250bf3b0e0dbeba42808a6945a17\" ><p><div role=\"form\" class=\"wpcf7\" id=\"wpcf7-f10566-o1\" lang=\"en-US\" dir=\"ltr\">\n<div class=\"screen-reader-response\"><p role=\"status\" aria-live=\"polite\" aria-atomic=\"true\"><\/p> <ul><\/ul><\/div>\n<form action=\"\/bra\/wp-json\/wp\/v2\/pages\/9473#wpcf7-f10566-o1\" method=\"post\" class=\"wpcf7-form init\" novalidate=\"novalidate\" data-status=\"init\">\n<div style=\"display: none;\">\n<input type=\"hidden\" name=\"_wpcf7\" value=\"10566\" \/>\n<input type=\"hidden\" name=\"_wpcf7_version\" value=\"5.5.6\" \/>\n<input type=\"hidden\" name=\"_wpcf7_locale\" value=\"en_US\" \/>\n<input type=\"hidden\" name=\"_wpcf7_unit_tag\" value=\"wpcf7-f10566-o1\" \/>\n<input type=\"hidden\" name=\"_wpcf7_container_post\" value=\"0\" \/>\n<input type=\"hidden\" name=\"_wpcf7_posted_data_hash\" value=\"\" \/>\n<\/div>\n<div class=\"vamtam-rsvp-form\">\n<div class=\"row\">\n<div class=\"grid-1-3\">\n\t\t\t<span class=\"wpcf7-form-control-wrap yname\"><input type=\"text\" name=\"yname\" value=\"\" size=\"40\" class=\"wpcf7-form-control wpcf7-text wpcf7-validates-as-required\" id=\"name\" aria-required=\"true\" aria-invalid=\"false\" placeholder=\"Nome\" \/><\/span>\n\t\t<\/div>\n<div class=\"grid-1-3\">\n\t\t\t<span class=\"wpcf7-form-control-wrap Telefone\"><input type=\"text\" name=\"Telefone\" value=\"\" size=\"40\" class=\"wpcf7-form-control wpcf7-text\" id=\"Telefone\" aria-invalid=\"false\" placeholder=\"Telefone\" \/><\/span>\n\t\t<\/div>\n<div class=\"grid-1-3\">\n\t\t\t<span class=\"wpcf7-form-control-wrap email-534\"><input type=\"email\" name=\"email-534\" value=\"\" size=\"40\" class=\"wpcf7-form-control wpcf7-text wpcf7-email wpcf7-validates-as-required wpcf7-validates-as-email\" id=\"email\" aria-required=\"true\" aria-invalid=\"false\" placeholder=\"Email\" \/><\/span><\/p>\n<\/div>\n<div class=\"grid-1-1\">\n\t\t\t<span class=\"wpcf7-form-control-wrap our-message\"><textarea name=\"our-message\" cols=\"40\" rows=\"5\" class=\"wpcf7-form-control wpcf7-textarea wpcf7-validates-as-required\" id=\"message\" aria-required=\"true\" aria-invalid=\"false\" placeholder=\"Mensagem\"><\/textarea><\/span>\n\t\t<\/div>\n<\/div>\n<div style= \"text-align: center;\"><input type=\"submit\" value=\"Enviar a solicita\u00e7\u00e3o \u2192\" class=\"wpcf7-form-control has-spinner wpcf7-submit\" \/><\/div>\n<\/div>\n<div class=\"wpcf7-response-output\" aria-hidden=\"true\"><\/div><\/form><\/div><\/div><\/div><\/div><\/div><\/p>","protected":false},"excerpt":{"rendered":"<p>CONTATOS m.gentiloni@studiogentiloni.com michelegentilonisilverj@ordinavvocatiroma.org \u00c1REA DE COMPET\u00caNCIA Patroc\u00ednio em \u00e2mbito penal \u2192 Consultoria e preven\u00e7\u00e3o do risco de atos criminosos \u2192 Atividade internacional \u2192 FORMA\u00c7\u00c3O E TITULA\u00c7\u00c3O Bacharelado cum laude em Direito \u2013 Universidade \u201cLa Sapienza\u201d, Roma \u2013 1972 Inscri\u00e7\u00e3o \u00e0 Ordem dos Advogados de Roma \u2013 1975 Habilitado ao patroc\u00ednio perante o Supremo Tribunal Italiano,&#8230;<\/p>\n","protected":false},"author":10,"featured_media":0,"parent":7774,"menu_order":0,"comment_status":"closed","ping_status":"closed","template":"","meta":[],"_links":{"self":[{"href":"https:\/\/studiogentiloni.com\/bra\/wp-json\/wp\/v2\/pages\/9473"}],"collection":[{"href":"https:\/\/studiogentiloni.com\/bra\/wp-json\/wp\/v2\/pages"}],"about":[{"href":"https:\/\/studiogentiloni.com\/bra\/wp-json\/wp\/v2\/types\/page"}],"author":[{"embeddable":true,"href":"https:\/\/studiogentiloni.com\/bra\/wp-json\/wp\/v2\/users\/10"}],"replies":[{"embeddable":true,"href":"https:\/\/studiogentiloni.com\/bra\/wp-json\/wp\/v2\/comments?post=9473"}],"version-history":[{"count":5,"href":"https:\/\/studiogentiloni.com\/bra\/wp-json\/wp\/v2\/pages\/9473\/revisions"}],"predecessor-version":[{"id":10584,"href":"https:\/\/studiogentiloni.com\/bra\/wp-json\/wp\/v2\/pages\/9473\/revisions\/10584"}],"up":[{"embeddable":true,"href":"https:\/\/studiogentiloni.com\/bra\/wp-json\/wp\/v2\/pages\/7774"}],"wp:attachment":[{"href":"https:\/\/studiogentiloni.com\/bra\/wp-json\/wp\/v2\/media?parent=9473"}],"curies":[{"name":"wp","href":"https:\/\/api.w.org\/{rel}","templated":true}]}}