{"id":9845,"date":"2016-10-27T14:18:07","date_gmt":"2016-10-27T14:18:07","guid":{"rendered":"http:\/\/studiogentiloni.com\/bra\/?page_id=9845"},"modified":"2017-03-16T18:07:59","modified_gmt":"2017-03-16T18:07:59","slug":"consulenza-e-prevenzione-del-rischio-reato","status":"publish","type":"page","link":"https:\/\/studiogentiloni.com\/bra\/attivita\/consulenza-e-prevenzione-del-rischio-reato\/","title":{"rendered":"Consultoria e preven\u00e7\u00e3o do risco de atos criminosos"},"content":{"rendered":"<p><div class=\"push\" style='height:20px'><\/div>\n<div class=\"row \"><div class=\"wpv-grid grid-1-1  wpv-first-level first unextended\" style=\"padding-top:0px;padding-bottom:0px\" id=\"wpv-column-c442bce290c6783de748922595fdbca6\" ><p>A atividade de defesa em ju\u00edzo \u00e9 acompanhada pela atua\u00e7\u00e3o no \u00e2mbito da consultoria jur\u00eddica a pessoas e entidades coletivas, sobretudo em mat\u00e9ria de Direito Penal da Empresa. Trabalhamos com o fito de identificar, prevenir e gerir as situa\u00e7\u00f5es pass\u00edveis de apresentar risco de atos criminosos, inclusive em rela\u00e7\u00e3o a espec\u00edficas normas t\u00e9cnicas de setor, formulando pareceres, colaborando com os organismos internos da entidade no processo de tomada de decis\u00e3o, elaborando procedimentos internos espec\u00edficos voltados \u00e0 verifica\u00e7\u00e3o e ao controle, organizando o sistema empresarial da preven\u00e7\u00e3o, a comunica\u00e7\u00e3o com as Autoridades p\u00fablicas de controle e as entidades reguladoras, oferecendo cursos espec\u00edficos de forma\u00e7\u00e3o e capacita\u00e7\u00e3o para diretoria e funcion\u00e1rios.<\/div><\/div>\n<div class=\"row \"><div class=\"wpv-grid grid-1-1  wpv-first-level first unextended\" style=\"padding-top:0px;padding-bottom:0px\" id=\"wpv-column-ac810908baf68cbe8477b781ff0554da\" ><blockquote><p>Trabalhamos com consultoria, inclusive continuada, para pessoas f\u00edsicas, empres\u00e1rios e grandes Grupos societ\u00e1rios, italianos e estrangeiros, para todos os aspectos relativos \u00e0s normas penais, em uma perspectiva multidisciplinar cujo escopo \u00e9  identificar, de maneira transversal \u00e0s v\u00e1rias \u00e1reas do Direito, a melhor resposta \u00e0s exig\u00eancias do assistido. Trabalhamos em contato cont\u00ednuo com os respectivos departamentos jur\u00eddicos internos e integramos nossa atua\u00e7\u00e3o com o trabalho dos demais consultores que cooperam com a entidade assistida. Correspondemo-nos habitualmente e redigimos documentos jur\u00eddicos em ingl\u00eas, franc\u00eas, espanhol, portugu\u00eas e alem\u00e3o.<\/p><\/blockquote><\/div><\/div>\n<div class=\"row \"><div class=\"wpv-grid grid-1  wpv-first-level first unextended\" style=\"padding-top:0px;padding-bottom:0px\" id=\"wpv-column-334ebc792899f6602bb078f80dda951f\" ><p>Entre nossos assistidos, italianos e estrangeiros, h\u00e1 algumas das mais prestigiosas Companhias de seguro, Grupos societ\u00e1rios &#8211; inclusive multinacionais, Entidades  e Institui\u00e7\u00f5es p\u00fablicas e privadas.<\/div>\n<div class=\"wpv-grid grid-1-1  wpv-first-level has-background unextended\" style=\"background-color:#e5e1e1;padding-top:0px;padding-bottom:0px\" id=\"wpv-column-74a4223e572c8225ebc62c30398e8117\" ><style>#wpv-column-74a4223e572c8225ebc62c30398e8117 p,#wpv-column-74a4223e572c8225ebc62c30398e8117 em,#wpv-column-74a4223e572c8225ebc62c30398e8117 .column-title,#wpv-column-74a4223e572c8225ebc62c30398e8117 .sep-text h2.regular-title-wrapper,#wpv-column-74a4223e572c8225ebc62c30398e8117 .text-divider-double,#wpv-column-74a4223e572c8225ebc62c30398e8117 .sep-text .sep-text-line,#wpv-column-74a4223e572c8225ebc62c30398e8117 .sep,#wpv-column-74a4223e572c8225ebc62c30398e8117 .sep-2,#wpv-column-74a4223e572c8225ebc62c30398e8117 .sep-3,#wpv-column-74a4223e572c8225ebc62c30398e8117 td,#wpv-column-74a4223e572c8225ebc62c30398e8117 th,#wpv-column-74a4223e572c8225ebc62c30398e8117 caption{color:#6b5c5c;}#wpv-column-74a4223e572c8225ebc62c30398e8117:before{background-color:transparent;}<\/style><div class=\"row \"><div class=\"wpv-grid grid-1-1  first unextended\" style=\"padding-top:0px;padding-bottom:0px\" id=\"wpv-column-5bc3f8ee187c0e515f7b4cdacc97f420\" ><p><span style=\"font-size: large !important;\"> Operamos no campo da reda\u00e7\u00e3o e da atualiza\u00e7\u00e3o dos Modelos Organizacionais e de Gest\u00e3o previstos pelo Decreto-Lei italiano n. 231\/2001. <\/span><\/div><\/div><\/div><\/div>\n\t\t<div class=\"sep-text single centered\">\n\t\t\t\t\t\t\t<span class=\"sep-text-before\"><div class=\"sep-text-line\"><\/div><\/span>\n\t\t\t\t\t\t<div class=\"content\">\n\t\t\t\t<h2 class=\"text-divider-double\">\nBaixar o Folheto \u201cConsultoria 231\u201d<br \/>\n<\/h2>\t\t\t<\/div>\n\t\t\t<span class=\"sep-text-after\"><div class=\"sep-text-line\"><\/div><\/span>\n\t\t\t\t\t<\/div>\n\t\n<div class=\"push\" style='margin-bottom:-10px'><\/div>\n<div class=\"row \"><div class=\"wpv-grid grid-1-1  wpv-first-level first unextended animation-fade-in animated-active\" style=\"padding-top:0px;padding-bottom:0px\" id=\"wpv-column-b811612a71be19dec8f9fef031b26fe9\" ><p style=\"text-align: center;\"><div class=\"push\" style='height:10px'><\/div> <p class=\"textcenter\"><a href=\"\/en\/wp-content\/uploads\/2016\/12\/Brochure_231.pdf\" target=\"_blank\" style='font-size: 12px;' class=\"button vamtam-button accent1  button-border hover-accent1 \"><span class='icon shortcode theme  use-hover' style='font-size:20px !important;color:#7C7F82;'>&#57564;<\/span><span class=\"btext\">Baixar agora<\/span><\/a><\/p><\/div><\/div>\n<div class=\"push\" style='height:80px'><\/div><\/p>","protected":false},"excerpt":{"rendered":"<p>A atividade de defesa em ju\u00edzo \u00e9 acompanhada pela atua\u00e7\u00e3o no \u00e2mbito da consultoria jur\u00eddica a pessoas e entidades coletivas, sobretudo em mat\u00e9ria de Direito Penal da Empresa. Trabalhamos com o fito de identificar, prevenir e gerir as situa\u00e7\u00f5es pass\u00edveis de apresentar risco de atos criminosos, inclusive em rela\u00e7\u00e3o a espec\u00edficas normas t\u00e9cnicas de setor,&#8230;<\/p>\n","protected":false},"author":10,"featured_media":0,"parent":7956,"menu_order":0,"comment_status":"closed","ping_status":"closed","template":"","meta":[],"_links":{"self":[{"href":"https:\/\/studiogentiloni.com\/bra\/wp-json\/wp\/v2\/pages\/9845"}],"collection":[{"href":"https:\/\/studiogentiloni.com\/bra\/wp-json\/wp\/v2\/pages"}],"about":[{"href":"https:\/\/studiogentiloni.com\/bra\/wp-json\/wp\/v2\/types\/page"}],"author":[{"embeddable":true,"href":"https:\/\/studiogentiloni.com\/bra\/wp-json\/wp\/v2\/users\/10"}],"replies":[{"embeddable":true,"href":"https:\/\/studiogentiloni.com\/bra\/wp-json\/wp\/v2\/comments?post=9845"}],"version-history":[{"count":7,"href":"https:\/\/studiogentiloni.com\/bra\/wp-json\/wp\/v2\/pages\/9845\/revisions"}],"predecessor-version":[{"id":10537,"href":"https:\/\/studiogentiloni.com\/bra\/wp-json\/wp\/v2\/pages\/9845\/revisions\/10537"}],"up":[{"embeddable":true,"href":"https:\/\/studiogentiloni.com\/bra\/wp-json\/wp\/v2\/pages\/7956"}],"wp:attachment":[{"href":"https:\/\/studiogentiloni.com\/bra\/wp-json\/wp\/v2\/media?parent=9845"}],"curies":[{"name":"wp","href":"https:\/\/api.w.org\/{rel}","templated":true}]}}