{"id":9983,"date":"2016-12-05T11:34:35","date_gmt":"2016-12-05T11:34:35","guid":{"rendered":"http:\/\/studiogentiloni.com\/bra\/?page_id=9983"},"modified":"2022-11-21T10:55:03","modified_gmt":"2022-11-21T10:55:03","slug":"avv-alessandro-gentiloni-silveri","status":"publish","type":"page","link":"https:\/\/studiogentiloni.com\/bra\/professionisti\/avv-alessandro-gentiloni-silveri\/","title":{"rendered":"Adv. Alessandro Gentiloni Silveri, Ph.D"},"content":{"rendered":"<p><div class=\"row \"><div class=\"wpv-grid grid-1-1  wpv-first-level first unextended\" style=\"padding-top:0px;padding-bottom:0px\" id=\"wpv-column-8d038f44c85af2b9c6ce1c06e9b04ef9\" ><\/div><\/div>\n<div class=\"row \"><div class=\"wpv-grid grid-1-3  wpv-first-level first has-background unextended\" style=\"\n\t\t\t\tbackground: url( 'http:\/\/studiogentiloni.com\/bra\/wp-content\/uploads\/2017\/01\/Alessandro-GS_t.jpg' ) no-repeat center top;\n\t\t\t\tbackground-size: auto;\n\t\t\tpadding-top:400px;padding-bottom:0px\" id=\"wpv-column-6390e0d22f10e045178b21e04645c55c\" ><\/div>\n<div class=\"wpv-grid grid-2-3 add-border wpv-first-level unextended\" style=\"padding-top:20px;padding-bottom:15px\" id=\"wpv-column-a9302c47224d6d56a939aa8baa5c83e1\" ><div class=\"row \"><div class=\"wpv-grid grid-1-1  first unextended animation-fade-in animated-active\" style=\"padding-top:0px;padding-bottom:0px\" id=\"wpv-column-da887db0a4dbb2810aeb5e8a666a964e\" ><h4 style=\"padding-left: 20px;\">CONTATOS<\/h4>\n<p style=\"padding-left: 20px;\"><a id=\"\" class=\"\" title=\"\" href=\" background_repeat=\"><!--Tel: 800-700-6200--><br \/>\n<\/a><a href=\"mailto:m.gentiloni@studiogentiloni.com\">a.gentiloni@studiogentiloni.com<\/a><br \/>\n<a href=\"mailto:alessandrogentiloni@ordineavvocatiroma.org\">alessandrogentiloni@ordineavvocatiroma.org<\/a><\/p>\n<p style=\"padding-left: 20px;\"><div class=\"push\" style='height:10px'><\/div>\n<h4 style=\"padding-left: 20px;\">\u00c1REA DE COMPET\u00caNCIA<\/h4>\n<p style=\"padding-left: 20px;\"><a href=\"\/bra\/attivita\/patrocinio-in-materia-penale\/\">Patroc\u00ednio em \u00e2mbito penal \u2192<\/a><br \/>\n<a href=\"\/bra\/attivita\/consulenza-e-prevenzione-del-rischio-reato\/\">Consultoria e preven\u00e7\u00e3o do risco de atos criminosos \u2192<\/a><br \/>\n<a href=\"\/bra\/attivita\/attivita-internazionale\/\">Atividade internacional \u2192<\/a><br \/>\n<div class=\"push\" style='height:10px'><\/div>\n<h4 style=\"padding-left: 20px;\">FORMA\u00c7\u00c3O E TITULA\u00c7\u00c3O<\/h4>\n<ul>\n<li>Bacharelado cum laude em Direito \u2013 Universidade \u201cRoma Tre\u201d, Roma \u2013 2006<\/li>\n<li>Doutorado em Direito e Processo Penal &#8211; Turma XXVII &#8211; Universidade \u201cLa Sapienza\u201d, Roma &#8211; 2016<\/li>\n<li>Inscri\u00e7\u00e3o \u00e0 Ordem dos Advogados de Roma \u2013 2010<\/li>\n<li>Habilitado ao patroc\u00ednio perante o Supremo Tribunal Italiano, Corte Suprema di Cassazione, e as demais inst\u00e2ncias superiores \u2013 2022<\/li>\n<\/ul><\/div><\/div><\/div><\/div>\n<div class=\"push\" style='height:50px'><\/div>\n<div class=\"row \"><div class=\"wpv-grid grid-1-1  wpv-first-level first unextended\" style=\"padding-top:0px;padding-bottom:0px\" id=\"wpv-column-bf9a2aa251d883ae24c380d59c9021ae\" ><h3>ADVOGADO<\/h3>\n<div class=\"row \">\n<div id=\"wpv-column-2d683c838b5ebbf00065efaee942c2621\" class=\"wpv-grid grid-1-2 wpv-first-level first unextended\" style=\"padding-top: 0px; padding-bottom: 0px;\">\n<div class=\"row \">\n<div id=\"wpv-column-3b2adab70b4a9bf546b86aa9455bd0e0\" class=\"wpv-grid grid-1-1 first unextended\" style=\"padding-top: 0px; padding-bottom: 0px;\">\n<p>Ap\u00f3s estudos cl\u00e1ssicos em n\u00edvel m\u00e9dio, culminados com nota m\u00e1xima, em 2006 torna-se Bacharel, <em>cum laude<\/em> em Direito, junto \u00e0 Universidade \u201cRoma Tre\u201d de Roma. Segue um per\u00edodo de trabalho em Londres, no setor do Direito penal internacional e da Extradi\u00e7\u00e3o e, depois, retorna \u00e0 It\u00e1lia, onde colabora com prestigiosos Escrit\u00f3rios de Advocacia especializados em Direito Penal, adquirindo experi\u00eancia em \u00e2mbito judici\u00e1rio e na consultoria prestada a pessoas, empresas e Entidades P\u00fablicas.<\/p>\n<p>O significativo n\u00famero de procedimentos penais que acompanhou durante a pr\u00f3pria atividade profissional fez com que o Adv. Alessandro Gentiloni Silveri se especializasse no peculiar setor do Direito Penal da empresa. Portanto, fornece consultoria continuada a empresas nacionais e estrangeiras, inclusive em rela\u00e7\u00e3o \u00e0 ado\u00e7\u00e3o e \u00e0 atualiza\u00e7\u00e3o dos Modelos Organizacionais e de Gest\u00e3o previstos pelo Decreto-Lei italiano n. 231\/2001.<\/p>\n<p>Doutor em Direito e Processo Penal junto a Universidade \u201cLa Sapienza\u201d de Roma, formado com a turma XXVII. Durante os estudos para o doutorado e durante a elabora\u00e7\u00e3o da tese conclusiva, aprofundou especialmente o tema da responsabilidade derivante de ato criminoso da entidade coletiva, nos termos das disposi\u00e7\u00f5es do citado Decreto-Lei 231\/2001.<\/p>\n<\/div>\n<\/div>\n<\/div>\n<div id=\"wpv-column-2fa98330df277d6d016d1927a1bffe5d1\" class=\"wpv-grid grid-1-2 wpv-first-level unextended\" style=\"padding-top: 0px; padding-bottom: 0px;\">\n<div class=\"row \">\n<div id=\"wpv-column-e0ffcb86f315b486c0ddcd2f678eca2d\" class=\"wpv-grid grid-1-1 first unextended\" style=\"padding-top: 0px; padding-bottom: 0px;\">\n<p>Continua desenvolvendo a atividade docente contratado em Direito Penal, bem como em qualidade de assistente \u00e0 mesma Cadeira na Universidade \u201cLa Sapienza\u201d de Roma. Ainda, atua como docente em cursos de Mestrados\u00a0Acad\u00eamicos na Universidade \u201cLUISS \u2013 Guido Carli\u201d de Roma.<\/p>\n<p>Apresentou trabalhos em numerosos Congressos e Semin\u00e1rios, inclusive de cunho internacional. \u00c9 Fundador e Docente de Direito e Processo Penal do Curso de prepara\u00e7\u00e3o para o exame da ordem, \u201c<em>Praecepta<\/em>\u201d. Ministrou aula em v\u00e1rios cursos de forma\u00e7\u00e3o e capacita\u00e7\u00e3o relativos \u00e0s disposi\u00e7\u00f5es do Decreto-Lei 231\/2001.<\/p>\n<p>Desde 2010 est\u00e1 inscrito na Ordem dos Advogados de Roma.<\/p>\n<\/div>\n<\/div>\n<\/div>\n<\/div>\n<div class=\"push\" style='height:20px'><\/div>\n<h3><\/h3>\n<div class=\"push\" style='height:20px'><\/div>\n<h3>PUBLICA\u00c7\u00d5ES<\/h3>\n<div class=\"row \">\n<p>\u00c9 autor das seguintes <strong>publica\u00e7\u00f5es <\/strong>de tipo cient\u00edfico:<\/p>\n<p>&#8211; \u00a0\u00a0\u00a0\u00a0\u00a0\u00a0\u00a0 \u201c<em>L\u2019accesso abusivo a sistema informatico da parte di funzionari pubblici. Non c\u2019\u00e8 reato se i dati non sono riservati<\/em>?\u201d em Dir.Inf., 2008, III, p\u00e1ginas 367 e sucessivas;<\/p>\n<p>&#8211; \u00a0\u00a0\u00a0\u00a0\u00a0\u00a0\u00a0 \u201c<em>Inapplicabilit\u00e0 dell\u2019aggravante della finalit\u00e0 di terrorismo nel caso di devastazione commessa da gruppi di tifosi<\/em>\u201d, em Cass. Pen, 2009, VI, p\u00e1ginas 2334 e sucessivas;<\/p>\n<p>&#8211; \u00a0\u00a0\u00a0\u00a0\u00a0\u00a0\u00a0 (Co-autor) \u201c<em>Ambush marketing: una ricerca interdisciplinare sulle tutele<\/em>\u201d, em Riv. Dir. Econom. Sport, 2009, II, p\u00e1ginas 13 e sucessivas;<\/p>\n<p>&#8211; \u00a0\u00a0\u00a0\u00a0\u00a0\u00a0\u00a0 \u201c<em>Natura e requisiti di configurabilit\u00e0 del delitto di turbata libert\u00e0 dell\u2019industria o del commercio<\/em>\u201d em Cass.Pen., 2010, III, p\u00e1gina 982 e sucessivas;<\/p>\n<p>&#8211; \u00a0\u00a0\u00a0\u00a0\u00a0\u00a0\u00a0 \u201c<em>Il reato di corruzione internazionale: tra globalizzazione del diritto penale e (difficile) adattamento all\u2019ordinamento interno<\/em>\u201d, em Cass. Pen., 2010, VI, p\u00e1ginas 2183 e sucessivas;<\/p>\n<p>&#8211; \u00a0\u00a0\u00a0\u00a0\u00a0\u00a0\u00a0 \u201c<em>Brevi note sulla responsabilit\u00e0 penale dell\u2019arbitro per fatti di reato verificatisi durante la gara: esiste un obbligo giuridico di impedire l\u2019evento?<\/em>\u201d em Riv. Dir. Econom. Sport, 2010, II, p\u00e1ginas 175 e sucessivas;<\/p>\n<p>&#8211; \u00a0\u00a0\u00a0\u00a0\u00a0\u00a0\u00a0 \u201c<em>L\u2019aggravante della finalit\u00e0 di terrorismo \u00e8 configurabile anche per azioni solo dimostrative<\/em>\u201d, em Cass. Pen., 2011, IV, p\u00e1ginas 1381e sucessivas;<\/p>\n<p>&#8211; \u00a0\u00a0\u00a0\u00a0\u00a0\u00a0\u00a0 (co-autor) \u201c<em>L\u2019alienazione parentale: riflessioni psicologiche e giuridiche<\/em>\u201d, em Cagnazzo \u2013 Preite \u2013 Tagliaferri (a cura di), Trattato di diritto di famiglia, Giuffr\u00e8, 2015.<\/p>\n<p>&#8211;\u00a0\u00a0\u00a0\u00a0\u00a0\u00a0\u00a0\u00a0 \u201c<em>La responsabilit\u00e0 penale ai tempi del World Wide Web: l\u2019incerto ruolo degli Internet Service Provider<\/em>\u201d, no prelo, 2017.<\/p>\n<p>&#8211;\u00a0\u00a0\u00a0\u00a0\u00a0\u00a0\u00a0\u00a0 Notas redacionais na publica\u00e7\u00e3o especializada <em>\u00a0Rivista Cassazione Penale<\/em> , relativamente a assuntos de direito penal substancial.<\/p>\n<p>&#8211;\u00a0\u00a0\u00a0\u00a0\u00a0\u00a0\u00a0\u00a0 Tradu\u00e7\u00e3o de italiano ao ingl\u00eas de v\u00e1rios cap\u00edtulos dos seguintes livros, realizados no \u00e2mbito do projeto de pesquisa \u00ab<em>Corporate penal liability and compliance programs<\/em>\u00bb, financiado pela Uni\u00e3o Europeia e com a supervis\u00e3o cient\u00edfica do Prof. Antonio Fiorella, por parte das Universidades italianas \u201cLa Sapienza\u201d e \u201cRoma Tre\u201d; das francesas \u201cParis 1 \u2013 Pantheon Sorbonne\u201d e da universidade espanhola \u201cCastilla \u2013 La Mancha\u201d:<\/p>\n<ul>\n<li>FIORELLA (ORG.), \u201c<em>Liability \u201cex crimine\u201d of legal entities in member States<\/em>\u201d, Jovene, 2012;<\/li>\n<li>FIORELLA (ORG.), \u201c<em>Towards a common model in the European Union<\/em>\u201d, Jovene, 2012.<\/li>\n<\/ul>\n<p><strong>\u00a0<\/strong><\/p>\n<\/div><\/div><\/div>\n<div class=\"row \"><div class=\"wpv-grid grid-1-1  wpv-first-level first unextended animation-from-bottom animated-active\" style=\"padding-top:15px;padding-bottom:60px\" id=\"wpv-column-501b8e3b38f2b46931b00e9f869627fd\" >\t\t<div class=\"sep-text single centered\">\n\t\t\t\t\t\t\t<span class=\"sep-text-before\"><div class=\"sep-text-line\"><\/div><\/span>\n\t\t\t\t\t\t<div class=\"content\">\n\t\t\t\t<h2 class=\"text-divider-double\">Entre em contato com o Advogado<\/h2>\t\t\t<\/div>\n\t\t\t<span class=\"sep-text-after\"><div class=\"sep-text-line\"><\/div><\/span>\n\t\t\t\t\t<\/div>\n\t<div class=\"push\" style='height:10px'><\/div>\n<div class=\"row \"><div class=\"wpv-grid grid-1-1  first unextended\" style=\"padding-top:0px;padding-bottom:0px\" id=\"wpv-column-3a89c4052fb677e1304a288bc17e6f45\" ><p><div role=\"form\" class=\"wpcf7\" id=\"wpcf7-f10567-o1\" lang=\"en-US\" dir=\"ltr\">\n<div class=\"screen-reader-response\"><p role=\"status\" aria-live=\"polite\" aria-atomic=\"true\"><\/p> <ul><\/ul><\/div>\n<form action=\"\/bra\/wp-json\/wp\/v2\/pages\/9983#wpcf7-f10567-o1\" method=\"post\" class=\"wpcf7-form init\" novalidate=\"novalidate\" data-status=\"init\">\n<div style=\"display: none;\">\n<input type=\"hidden\" name=\"_wpcf7\" value=\"10567\" \/>\n<input type=\"hidden\" name=\"_wpcf7_version\" value=\"5.5.6\" \/>\n<input type=\"hidden\" name=\"_wpcf7_locale\" value=\"en_US\" \/>\n<input type=\"hidden\" name=\"_wpcf7_unit_tag\" value=\"wpcf7-f10567-o1\" \/>\n<input type=\"hidden\" name=\"_wpcf7_container_post\" value=\"0\" \/>\n<input type=\"hidden\" name=\"_wpcf7_posted_data_hash\" value=\"\" \/>\n<\/div>\n<div class=\"vamtam-rsvp-form\">\n<div class=\"row\">\n<div class=\"grid-1-3\">\n\t\t\t<span class=\"wpcf7-form-control-wrap yname\"><input type=\"text\" name=\"yname\" value=\"\" size=\"40\" class=\"wpcf7-form-control wpcf7-text wpcf7-validates-as-required\" id=\"name\" aria-required=\"true\" aria-invalid=\"false\" placeholder=\"Nome\" \/><\/span>\n\t\t<\/div>\n<div class=\"grid-1-3\">\n\t\t\t<span class=\"wpcf7-form-control-wrap Telefone\"><input type=\"text\" name=\"Telefone\" value=\"\" size=\"40\" class=\"wpcf7-form-control wpcf7-text\" id=\"Telefone\" aria-invalid=\"false\" placeholder=\"Telefone\" \/><\/span>\n\t\t<\/div>\n<div class=\"grid-1-3\">\n\t\t\t<span class=\"wpcf7-form-control-wrap email-534\"><input type=\"email\" name=\"email-534\" value=\"\" size=\"40\" class=\"wpcf7-form-control wpcf7-text wpcf7-email wpcf7-validates-as-required wpcf7-validates-as-email\" id=\"email\" aria-required=\"true\" aria-invalid=\"false\" placeholder=\"Email\" \/><\/span><\/p>\n<\/div>\n<div class=\"grid-1-1\">\n\t\t\t<span class=\"wpcf7-form-control-wrap our-message\"><textarea name=\"our-message\" cols=\"40\" rows=\"5\" class=\"wpcf7-form-control wpcf7-textarea wpcf7-validates-as-required\" id=\"message\" aria-required=\"true\" aria-invalid=\"false\" placeholder=\"Mensagem\"><\/textarea><\/span>\n\t\t<\/div>\n<\/div>\n<div style= \"text-align: center;\"><input type=\"submit\" value=\"Enviar a solicita\u00e7\u00e3o \u2192\" class=\"wpcf7-form-control has-spinner wpcf7-submit\" \/><\/div>\n<\/div>\n<div class=\"wpcf7-response-output\" aria-hidden=\"true\"><\/div><\/form><\/div><\/div><\/div><\/div><\/div>\n<div class=\"row \"><div class=\"wpv-grid grid-1-1  wpv-first-level first unextended\" style=\"padding-top:0px;padding-bottom:0px\" id=\"wpv-column-9af90ffaf6ccaedd5f7e8e4ca56d7690\" ><\/div><\/div><\/p>","protected":false},"excerpt":{"rendered":"<p>CONTATOS a.gentiloni@studiogentiloni.com alessandrogentiloni@ordineavvocatiroma.org \u00c1REA DE COMPET\u00caNCIA Patroc\u00ednio em \u00e2mbito penal \u2192 Consultoria e preven\u00e7\u00e3o do risco de atos criminosos \u2192 Atividade internacional \u2192 FORMA\u00c7\u00c3O E TITULA\u00c7\u00c3O Bacharelado cum laude em Direito \u2013 Universidade \u201cRoma Tre\u201d, Roma \u2013 2006 Doutorado em Direito e Processo Penal &#8211; Turma XXVII &#8211; Universidade \u201cLa Sapienza\u201d, Roma &#8211; 2016 Inscri\u00e7\u00e3o&#8230;<\/p>\n","protected":false},"author":10,"featured_media":0,"parent":7774,"menu_order":0,"comment_status":"closed","ping_status":"closed","template":"","meta":[],"_links":{"self":[{"href":"https:\/\/studiogentiloni.com\/bra\/wp-json\/wp\/v2\/pages\/9983"}],"collection":[{"href":"https:\/\/studiogentiloni.com\/bra\/wp-json\/wp\/v2\/pages"}],"about":[{"href":"https:\/\/studiogentiloni.com\/bra\/wp-json\/wp\/v2\/types\/page"}],"author":[{"embeddable":true,"href":"https:\/\/studiogentiloni.com\/bra\/wp-json\/wp\/v2\/users\/10"}],"replies":[{"embeddable":true,"href":"https:\/\/studiogentiloni.com\/bra\/wp-json\/wp\/v2\/comments?post=9983"}],"version-history":[{"count":9,"href":"https:\/\/studiogentiloni.com\/bra\/wp-json\/wp\/v2\/pages\/9983\/revisions"}],"predecessor-version":[{"id":10621,"href":"https:\/\/studiogentiloni.com\/bra\/wp-json\/wp\/v2\/pages\/9983\/revisions\/10621"}],"up":[{"embeddable":true,"href":"https:\/\/studiogentiloni.com\/bra\/wp-json\/wp\/v2\/pages\/7774"}],"wp:attachment":[{"href":"https:\/\/studiogentiloni.com\/bra\/wp-json\/wp\/v2\/media?parent=9983"}],"curies":[{"name":"wp","href":"https:\/\/api.w.org\/{rel}","templated":true}]}}