{"id":10006,"date":"2016-12-05T12:03:58","date_gmt":"2016-12-05T12:03:58","guid":{"rendered":"http:\/\/studiogentiloni.com\/deu\/?page_id=10006"},"modified":"2017-05-04T17:21:34","modified_gmt":"2017-05-04T17:21:34","slug":"avv-clotilde-dapei","status":"publish","type":"page","link":"https:\/\/studiogentiloni.com\/deu\/professionisti\/avv-clotilde-dapei\/","title":{"rendered":"RAin Clotilde Dapei"},"content":{"rendered":"<p><div class=\"row \"><div class=\"wpv-grid grid-1-3  wpv-first-level first has-background unextended\" style=\"\n\t\t\t\tbackground: url( 'http:\/\/studiogentiloni.com\/deu\/wp-content\/uploads\/2017\/01\/Clotilde-Dapei_t.jpg' ) no-repeat center top;\n\t\t\t\tbackground-size: auto;\n\t\t\tpadding-top:400px;padding-bottom:0px\" id=\"wpv-column-b61e3f20d6790b52f88c456498ecea8a\" ><\/div>\n<div class=\"wpv-grid grid-2-3 add-border wpv-first-level unextended\" style=\"padding-top:20px;padding-bottom:15px\" id=\"wpv-column-31577f91af2ba3e5105f63b01be1e18a\" ><div class=\"row \"><div class=\"wpv-grid grid-1-1  first unextended animation-fade-in animated-active\" style=\"padding-top:0px;padding-bottom:0px\" id=\"wpv-column-b222fe8724de533662d8a5878ebf0532\" ><h4 style=\"padding-left: 20px;\">KONTAKTE<\/h4>\n<p style=\"padding-left: 20px;\"><a id=\"\" class=\"\" title=\"\" href=\" background_repeat=\"><!--Tel: 800-700-6200--><br \/>\n<\/a><a href=\"mailto:c.dapei@studiogentiloni.com\">c.dapei@studiogentiloni.com<\/a><br \/>\n<a href=\"mailto:clotildealicemariedapei@ordineavvocatiroma.org\">clotildealicemariedapei@ordineavvocatiroma.org<\/a><\/p>\n<p style=\"padding-left: 20px;\"><div class=\"push\" style='height:10px'><\/div>\n<h4 style=\"padding-left: 20px;\">KOMPETENZBEREICH<\/h4>\n<p style=\"padding-left: 20px;\"><a href=\"\/deu\/attivita\/patrocinio-in-materia-penale\/\">Verteidigung in Strafsachen \u2192<\/a><br \/>\n<a href=\"\/deu\/attivita\/consulenza-e-prevenzione-del-rischio-reato\/\">Beratung und Pr\u00e4vention des Verbrechensrisikos \u2192<\/a><br \/>\n<a href=\"\/deu\/attivita\/attivita-internazionale\/\">T\u00e4tigkeiten auf internationaler Ebene \u2192<\/a><br \/>\n<div class=\"push\" style='height:10px'><\/div>\n<h4 style=\"padding-left: 20px;\">STUDIUMABSCHL\u00dcSSE UND ZULASSUNGEN<\/h4>\n<ul>\n<ul>\n<li style=\"font-weight: 400;\"><span style=\"font-weight: 400;\">Staatsexamen &#8220;cum laude&#8221; in Rechtswissenschaften, Universit\u00e4t Paris X, Nanterre, 2009<\/span><\/li>\n<li style=\"font-weight: 400;\"><span style=\"font-weight: 400;\">Eintragung in das Anwaltsverzeichnis von Rom\u2013 2016<\/span><\/li>\n<\/ul>\n<\/ul><\/div><\/div><\/div><\/div>\n<div class=\"push\" style='height:50px'><\/div>\n<div class=\"row \"><div class=\"wpv-grid grid-1-1  wpv-first-level first unextended\" style=\"padding-top:0px;padding-bottom:0px\" id=\"wpv-column-21f9c8fc6bd9743509a52aadc71e4ec3\" ><h3>DIE ANW\u00c4LTIN<\/h3>\n<div class=\"row \">\n<div id=\"wpv-column-2d683c838b5ebbf00065efaee942c2621\" class=\"wpv-grid grid-1-2 wpv-first-level first unextended\" style=\"padding-top: 0px; padding-bottom: 0px;\">\n<div class=\"row \">\n<div id=\"wpv-column-3b2adab70b4a9bf546b86aa9455bd0e0\" class=\"wpv-grid grid-1-1 first unextended\" style=\"padding-top: 0px; padding-bottom: 0px;\">\n<p>Sie ist in Paris geboren, wo sie ihr klassisches Abitur absolviert. W\u00e4hrend ihrer Studienzeit studiert sie sowohl\u00a0 in Italien als auch in Paris Jura und besteht ihr Staatsexamen an der Universit\u00e4t \u201cParis X\u201d in Nanterre mit der H\u00f6chstnote.<\/p>\n<p>Nach Abschluss ihrer Studien arbeitet sie f\u00fcr f\u00fchrende \u00f6ffentliche Firmen in Frankreich, wo sie das\u00a0 Sekretariat f\u00fcr den Verwaltungsrat f\u00fchrt.\u00a0 Sie beginnt dann mit der Aus\u00fcbung ihrer Anwaltst\u00e4tigkeit im internationalen Bereich, zuerst in bekannten Pariser Rechtsanwaltskanzleien, dann in f\u00fchrenden internationalen Rechtsanwaltskanzleien Roms. Sie spezialisiert sich insbesondere auf die Vertretung in strafrechtlichen Angelegenheiten und hat f\u00fcr ihre Klienten Erfahrung sowohl im gerichtlichen als auch im\u00a0 au\u00dfergerichtlichen Bereich gesammelt.<\/p>\n<p>Seit 2016 ist sie Mitglied der Rechtsanwaltskammer Rom.<\/p>\n<\/div>\n<\/div>\n<\/div>\n<\/div>\n<div class=\"push\" style='height:20px'><\/div>\n<h3><\/h3>\n<div class=\"row \"><\/div><\/div><\/div>\n<div class=\"row \"><div class=\"wpv-grid grid-1-1  wpv-first-level first unextended animation-from-bottom animated-active\" style=\"padding-top:15px;padding-bottom:60px\" id=\"wpv-column-6c8e0bb3c1fe652fb5e3e0551d467f08\" >\t\t<div class=\"sep-text single centered\">\n\t\t\t\t\t\t\t<span class=\"sep-text-before\"><div class=\"sep-text-line\"><\/div><\/span>\n\t\t\t\t\t\t<div class=\"content\">\n\t\t\t\t<h2 class=\"text-divider-double\">Mit dem Anwalt Kontakt aufnehmen<\/h2>\t\t\t<\/div>\n\t\t\t<span class=\"sep-text-after\"><div class=\"sep-text-line\"><\/div><\/span>\n\t\t\t\t\t<\/div>\n\t<div class=\"push\" style='height:10px'><\/div>\n<div class=\"row \"><div class=\"wpv-grid grid-1-1  first unextended\" style=\"padding-top:0px;padding-bottom:0px\" id=\"wpv-column-48c833dcfda11860524db0e493037fa2\" ><p><div role=\"form\" class=\"wpcf7\" id=\"wpcf7-f10558-o1\" lang=\"en-US\" dir=\"ltr\">\n<div class=\"screen-reader-response\"><p role=\"status\" aria-live=\"polite\" aria-atomic=\"true\"><\/p> <ul><\/ul><\/div>\n<form action=\"\/deu\/wp-json\/wp\/v2\/pages\/10006#wpcf7-f10558-o1\" method=\"post\" class=\"wpcf7-form init\" novalidate=\"novalidate\" data-status=\"init\">\n<div style=\"display: none;\">\n<input type=\"hidden\" name=\"_wpcf7\" value=\"10558\" \/>\n<input type=\"hidden\" name=\"_wpcf7_version\" value=\"5.5.6\" \/>\n<input type=\"hidden\" name=\"_wpcf7_locale\" value=\"en_US\" \/>\n<input type=\"hidden\" name=\"_wpcf7_unit_tag\" value=\"wpcf7-f10558-o1\" \/>\n<input type=\"hidden\" name=\"_wpcf7_container_post\" value=\"0\" \/>\n<input type=\"hidden\" name=\"_wpcf7_posted_data_hash\" value=\"\" \/>\n<\/div>\n<div class=\"vamtam-rsvp-form\">\n<div class=\"row\">\n<div class=\"grid-1-3\">\n\t\t\t<span class=\"wpcf7-form-control-wrap yname\"><input type=\"text\" name=\"yname\" value=\"\" size=\"40\" class=\"wpcf7-form-control wpcf7-text wpcf7-validates-as-required\" id=\"name\" aria-required=\"true\" aria-invalid=\"false\" placeholder=\"Name\" \/><\/span>\n\t\t<\/div>\n<div class=\"grid-1-3\">\n\t\t\t<span class=\"wpcf7-form-control-wrap Phone\"><input type=\"text\" name=\"Phone\" value=\"\" size=\"40\" class=\"wpcf7-form-control wpcf7-text\" id=\"Phone\" aria-invalid=\"false\" placeholder=\"Telefon (fakoltativ)\" \/><\/span>\n\t\t<\/div>\n<div class=\"grid-1-3\">\n\t\t\t<span class=\"wpcf7-form-control-wrap email-534\"><input type=\"email\" name=\"email-534\" value=\"\" size=\"40\" class=\"wpcf7-form-control wpcf7-text wpcf7-email wpcf7-validates-as-required wpcf7-validates-as-email\" id=\"email\" aria-required=\"true\" aria-invalid=\"false\" placeholder=\"Email\" \/><\/span><\/p>\n<\/div>\n<div class=\"grid-1-1\">\n\t\t\t<span class=\"wpcf7-form-control-wrap our-message\"><textarea name=\"our-message\" cols=\"40\" rows=\"5\" class=\"wpcf7-form-control wpcf7-textarea wpcf7-validates-as-required\" id=\"message\" aria-required=\"true\" aria-invalid=\"false\" placeholder=\"Beschreibung\"><\/textarea><\/span>\n\t\t<\/div>\n<\/div>\n<div style= \"text-align: center;\"><input type=\"submit\" value=\"Formular absenden \u2192\" class=\"wpcf7-form-control has-spinner wpcf7-submit\" \/><\/div>\n<\/div>\n<div class=\"wpcf7-response-output\" aria-hidden=\"true\"><\/div><\/form><\/div><\/div><\/div><\/div><\/div><\/p>","protected":false},"excerpt":{"rendered":"<p>KONTAKTE c.dapei@studiogentiloni.com clotildealicemariedapei@ordineavvocatiroma.org KOMPETENZBEREICH Verteidigung in Strafsachen \u2192 Beratung und Pr\u00e4vention des Verbrechensrisikos \u2192 T\u00e4tigkeiten auf internationaler Ebene \u2192 STUDIUMABSCHL\u00dcSSE UND ZULASSUNGEN Staatsexamen &#8220;cum laude&#8221; in Rechtswissenschaften, Universit\u00e4t Paris X, Nanterre, 2009 Eintragung in das Anwaltsverzeichnis von Rom\u2013 2016 [\/column_1] DIE ANW\u00c4LTIN Sie ist in Paris geboren, wo sie ihr klassisches Abitur absolviert. W\u00e4hrend ihrer&#8230;<\/p>\n","protected":false},"author":7,"featured_media":0,"parent":7774,"menu_order":0,"comment_status":"closed","ping_status":"closed","template":"","meta":[],"_links":{"self":[{"href":"https:\/\/studiogentiloni.com\/deu\/wp-json\/wp\/v2\/pages\/10006"}],"collection":[{"href":"https:\/\/studiogentiloni.com\/deu\/wp-json\/wp\/v2\/pages"}],"about":[{"href":"https:\/\/studiogentiloni.com\/deu\/wp-json\/wp\/v2\/types\/page"}],"author":[{"embeddable":true,"href":"https:\/\/studiogentiloni.com\/deu\/wp-json\/wp\/v2\/users\/7"}],"replies":[{"embeddable":true,"href":"https:\/\/studiogentiloni.com\/deu\/wp-json\/wp\/v2\/comments?post=10006"}],"version-history":[{"count":4,"href":"https:\/\/studiogentiloni.com\/deu\/wp-json\/wp\/v2\/pages\/10006\/revisions"}],"predecessor-version":[{"id":10567,"href":"https:\/\/studiogentiloni.com\/deu\/wp-json\/wp\/v2\/pages\/10006\/revisions\/10567"}],"up":[{"embeddable":true,"href":"https:\/\/studiogentiloni.com\/deu\/wp-json\/wp\/v2\/pages\/7774"}],"wp:attachment":[{"href":"https:\/\/studiogentiloni.com\/deu\/wp-json\/wp\/v2\/media?parent=10006"}],"curies":[{"name":"wp","href":"https:\/\/api.w.org\/{rel}","templated":true}]}}