{"id":10149,"date":"2016-12-19T10:37:22","date_gmt":"2016-12-19T10:37:22","guid":{"rendered":"http:\/\/studiogentiloni.com\/deu\/?page_id=10149"},"modified":"2017-05-04T17:19:26","modified_gmt":"2017-05-04T17:19:26","slug":"avv-marta-lucisano","status":"publish","type":"page","link":"https:\/\/studiogentiloni.com\/deu\/professionisti\/avv-marta-lucisano\/","title":{"rendered":"RAin Marta Lucisano"},"content":{"rendered":"<p><div class=\"row \"><div class=\"wpv-grid grid-1-1  wpv-first-level first unextended\" style=\"padding-top:0px;padding-bottom:0px\" id=\"wpv-column-69b626ba6316f7a82e6b81a25af946d4\" ><\/div><\/div>\n<div class=\"row \"><div class=\"wpv-grid grid-1-1  wpv-first-level first unextended\" style=\"padding-top:0px;padding-bottom:0px\" id=\"wpv-column-818ca737779752cda9ce0f6bde02a061\" ><\/div><\/div>\n<div class=\"row \"><div class=\"wpv-grid grid-1-3  wpv-first-level first has-background unextended\" style=\"\n\t\t\t\tbackground: url( 'http:\/\/studiogentiloni.com\/deu\/wp-content\/uploads\/2017\/01\/Marta-Lucisano_t.jpg' ) no-repeat center top;\n\t\t\t\tbackground-size: auto;\n\t\t\tpadding-top:400px;padding-bottom:0px\" id=\"wpv-column-f23d416de9608af49d67c0c817030c93\" ><\/div>\n<div class=\"wpv-grid grid-2-3 add-border wpv-first-level unextended\" style=\"padding-top:20px;padding-bottom:15px\" id=\"wpv-column-8ef4bdb66b99ec7338a8f5e5c5b0bf35\" ><div class=\"row \"><div class=\"wpv-grid grid-1-1  first unextended animation-fade-in animated-active\" style=\"padding-top:0px;padding-bottom:0px\" id=\"wpv-column-0bace0149fecdd66857f5d2ddff73a61\" ><h4 style=\"padding-left: 20px;\">KONTAKTE<\/h4>\n<p style=\"padding-left: 20px;\"><a id=\"\" class=\"\" title=\"\" href=\" background_repeat=\"><!--Tel: 800-700-6200--><br \/>\n<\/a><a href=\"mailto:m.lucisano@studiogentiloni.com\">m.lucisano@studiogentiloni.com<\/a><br \/>\n<a href=\"mailto:martalucisano@ordineavvocatiroma.org\">martalucisano@ordineavvocatiroma.org<\/a><\/p>\n<p style=\"padding-left: 20px;\"><div class=\"push\" style='height:10px'><\/div>\n<h4 style=\"padding-left: 20px;\">KOMPETENZBEREICH<\/h4>\n<p style=\"padding-left: 20px;\"><a href=\"\/deu\/attivita\/patrocinio-in-materia-penale\/\">Verteidigung in Strafsachen \u2192<\/a><br \/>\n<a href=\"\/deu\/attivita\/consulenza-e-prevenzione-del-rischio-reato\/\">Beratung und Pr\u00e4vention des Verbrechensrisikos \u2192<\/a><br \/>\n<a href=\"\/deu\/attivita\/attivita-internazionale\/\">T\u00e4tigkeiten auf internationaler Ebene \u2192<\/a><br \/>\n<div class=\"push\" style='height:10px'><\/div>\n<h4 style=\"padding-left: 20px;\">STUDIUMABSCHL\u00dcSSE UND ZULASSUNGEN<\/h4>\n<ul>\n<ul>\n<li style=\"font-weight: 400;\"><span style=\"font-weight: 400;\">Staatsexamen in Rechtswissenschaften, Universit\u00e4t &#8220;Roma Tre&#8221;, Rom, 2010<\/span><\/li>\n<li style=\"font-weight: 400;\"><span style=\"font-weight: 400;\">Master in \u2018Internationale Beziehungen und Menschenrechte\u2019 an der  \u2013 SIOI, Rom \u2013 2011<\/span><\/li>\n<li style=\"font-weight: 400;\"><span style=\"font-weight: 400;\">Eintragung in das Anwaltsverzeichnis von Rom- 2013<\/span><\/li>\n<\/ul>\n<\/ul><\/div><\/div><\/div><\/div>\n<div class=\"push\" style='height:50px'><\/div>\n<div class=\"row \"><div class=\"wpv-grid grid-1-1  wpv-first-level first unextended\" style=\"padding-top:0px;padding-bottom:0px\" id=\"wpv-column-c836c00f3aa0e49cf0df0631001e7a9a\" ><h3>DIE ANW\u00c4LTIN<\/h3>\n<div class=\"row \">\n<div id=\"wpv-column-2d683c838b5ebbf00065efaee942c2621\" class=\"wpv-grid grid-1-2 wpv-first-level first unextended\" style=\"padding-top: 0px; padding-bottom: 0px;\">\n<div class=\"row \">\n<div id=\"wpv-column-3b2adab70b4a9bf546b86aa9455bd0e0\" class=\"wpv-grid grid-1-1 first unextended\" style=\"padding-top: 0px; padding-bottom: 0px;\">\n<p>Sie studiert im Ausland und besteht ihr Staatsexamen in Rechtswissenschaften an der Universit\u00e4t \u201eRom Tre\u201c in Rom.<br \/>\nDanach vervollst\u00e4ndigt sie ihre Studien mit dem Abschluss eines Masters in &#8216;Internationale Beziehungen und Menschenrechte&#8217; an der SIOI und ist als Mitarbeiterin der Abgeordnetenkammer t\u00e4tig.<br \/>\nSie ist an der Universit\u00e4t der Tuscia als Fachexpertin f\u00fcr Internationales Recht und in Strafrecht und -verfahren t\u00e4tig.<br \/>\nBei ihrer T\u00e4tigkeit als Referendarin ist sie haupts\u00e4chlich im Bereich des Strafrechts t\u00e4tig, sie nimmt an Prozessen von nationalem Interesse teil im Zusammenhang mit Verbrechen gegen die \u00f6ffentliche Verwaltung, die Justizverwaltung, das Eigentum, die Person und die pers\u00f6nliche Unverletzlichkeit, die Haftung bei \u00e4rztlichem Fehlverhalten, Umweltverbrechen und Verbrechen im Bauwesen.<\/p>\n<p>Ebenso widmet sie sich dem Wirtschaftsstrafrecht, einschlie\u00dflich der strafrechtlichen Haftung von juristischen Personen gem\u00e4\u00df Gesetzesdekret  231\/2001.<br \/>\nSie erwirbt Erfahrung in Auslieferungsverfahren internationalen Formats, insbesondere durch ihre Mitwirkung am Prozess \u201cPlan Condor\u201d, in dem die f\u00fchrenden Kr\u00e4fte der s\u00fcdamerikanischen Sicherheitsorganismen unter Anklage stehen.<\/p>\n<\/div>\n<\/div>\n<\/div>\n<\/div>\n<div class=\"push\" style='height:20px'><\/div>\n<h3><\/h3>\n<div class=\"row \"><\/div><\/div><\/div>\n<div class=\"row \"><div class=\"wpv-grid grid-1-1  wpv-first-level first unextended animation-from-bottom animated-active\" style=\"padding-top:15px;padding-bottom:60px\" id=\"wpv-column-6cd8ef1d916fe0cd64ed76f38ba11970\" >\t\t<div class=\"sep-text single centered\">\n\t\t\t\t\t\t\t<span class=\"sep-text-before\"><div class=\"sep-text-line\"><\/div><\/span>\n\t\t\t\t\t\t<div class=\"content\">\n\t\t\t\t<h2 class=\"text-divider-double\">Mit dem Anwalt Kontakt aufnehmen<\/h2>\t\t\t<\/div>\n\t\t\t<span class=\"sep-text-after\"><div class=\"sep-text-line\"><\/div><\/span>\n\t\t\t\t\t<\/div>\n\t<div class=\"push\" style='height:10px'><\/div>\n<div class=\"row \"><div class=\"wpv-grid grid-1-1  first unextended\" style=\"padding-top:0px;padding-bottom:0px\" id=\"wpv-column-55e4360b9ff4ad962094c690afbd76dc\" ><p><div role=\"form\" class=\"wpcf7\" id=\"wpcf7-f10556-o1\" lang=\"en-US\" dir=\"ltr\">\n<div class=\"screen-reader-response\"><p role=\"status\" aria-live=\"polite\" aria-atomic=\"true\"><\/p> <ul><\/ul><\/div>\n<form action=\"\/deu\/wp-json\/wp\/v2\/pages\/10149#wpcf7-f10556-o1\" method=\"post\" class=\"wpcf7-form init\" novalidate=\"novalidate\" data-status=\"init\">\n<div style=\"display: none;\">\n<input type=\"hidden\" name=\"_wpcf7\" value=\"10556\" \/>\n<input type=\"hidden\" name=\"_wpcf7_version\" value=\"5.5.6\" \/>\n<input type=\"hidden\" name=\"_wpcf7_locale\" value=\"en_US\" \/>\n<input type=\"hidden\" name=\"_wpcf7_unit_tag\" value=\"wpcf7-f10556-o1\" \/>\n<input type=\"hidden\" name=\"_wpcf7_container_post\" value=\"0\" \/>\n<input type=\"hidden\" name=\"_wpcf7_posted_data_hash\" value=\"\" \/>\n<\/div>\n<div class=\"vamtam-rsvp-form\">\n<div class=\"row\">\n<div class=\"grid-1-3\">\n\t\t\t<span class=\"wpcf7-form-control-wrap yname\"><input type=\"text\" name=\"yname\" value=\"\" size=\"40\" class=\"wpcf7-form-control wpcf7-text wpcf7-validates-as-required\" id=\"name\" aria-required=\"true\" aria-invalid=\"false\" placeholder=\"Name\" \/><\/span>\n\t\t<\/div>\n<div class=\"grid-1-3\">\n\t\t\t<span class=\"wpcf7-form-control-wrap Phone\"><input type=\"text\" name=\"Phone\" value=\"\" size=\"40\" class=\"wpcf7-form-control wpcf7-text\" id=\"Phone\" aria-invalid=\"false\" placeholder=\"Telefon (fakoltativ)\" \/><\/span>\n\t\t<\/div>\n<div class=\"grid-1-3\">\n\t\t\t<span class=\"wpcf7-form-control-wrap email-534\"><input type=\"email\" name=\"email-534\" value=\"\" size=\"40\" class=\"wpcf7-form-control wpcf7-text wpcf7-email wpcf7-validates-as-required wpcf7-validates-as-email\" id=\"email\" aria-required=\"true\" aria-invalid=\"false\" placeholder=\"Email\" \/><\/span><\/p>\n<\/div>\n<div class=\"grid-1-1\">\n\t\t\t<span class=\"wpcf7-form-control-wrap our-message\"><textarea name=\"our-message\" cols=\"40\" rows=\"5\" class=\"wpcf7-form-control wpcf7-textarea wpcf7-validates-as-required\" id=\"message\" aria-required=\"true\" aria-invalid=\"false\" placeholder=\"Beschreibung\"><\/textarea><\/span>\n\t\t<\/div>\n<\/div>\n<div style= \"text-align: center;\"><input type=\"submit\" value=\"Formular absenden \u2192\" class=\"wpcf7-form-control has-spinner wpcf7-submit\" \/><\/div>\n<\/div>\n<div class=\"wpcf7-response-output\" aria-hidden=\"true\"><\/div><\/form><\/div><\/div><\/div><\/div><\/div>\n<div class=\"row \"><div class=\"wpv-grid grid-1-1  wpv-first-level first unextended\" style=\"padding-top:0px;padding-bottom:0px\" id=\"wpv-column-c9b21aa33f33255b2de5ffa4bad2243e\" ><\/div><\/div>\n<div class=\"row \"><div class=\"wpv-grid grid-1-1  wpv-first-level first unextended\" style=\"padding-top:0px;padding-bottom:0px\" id=\"wpv-column-5bf6dfbdc3c8665be23d94966a634c2d\" ><\/div><\/div><\/p>","protected":false},"excerpt":{"rendered":"<p>KONTAKTE m.lucisano@studiogentiloni.com martalucisano@ordineavvocatiroma.org KOMPETENZBEREICH Verteidigung in Strafsachen \u2192 Beratung und Pr\u00e4vention des Verbrechensrisikos \u2192 T\u00e4tigkeiten auf internationaler Ebene \u2192 STUDIUMABSCHL\u00dcSSE UND ZULASSUNGEN Staatsexamen in Rechtswissenschaften, Universit\u00e4t &#8220;Roma Tre&#8221;, Rom, 2010 Master in \u2018Internationale Beziehungen und Menschenrechte\u2019 an der \u2013 SIOI, Rom \u2013 2011 Eintragung in das Anwaltsverzeichnis von Rom- 2013 [\/column_1] DIE ANW\u00c4LTIN Sie studiert&#8230;<\/p>\n","protected":false},"author":7,"featured_media":0,"parent":7774,"menu_order":0,"comment_status":"closed","ping_status":"closed","template":"","meta":[],"_links":{"self":[{"href":"https:\/\/studiogentiloni.com\/deu\/wp-json\/wp\/v2\/pages\/10149"}],"collection":[{"href":"https:\/\/studiogentiloni.com\/deu\/wp-json\/wp\/v2\/pages"}],"about":[{"href":"https:\/\/studiogentiloni.com\/deu\/wp-json\/wp\/v2\/types\/page"}],"author":[{"embeddable":true,"href":"https:\/\/studiogentiloni.com\/deu\/wp-json\/wp\/v2\/users\/7"}],"replies":[{"embeddable":true,"href":"https:\/\/studiogentiloni.com\/deu\/wp-json\/wp\/v2\/comments?post=10149"}],"version-history":[{"count":4,"href":"https:\/\/studiogentiloni.com\/deu\/wp-json\/wp\/v2\/pages\/10149\/revisions"}],"predecessor-version":[{"id":10565,"href":"https:\/\/studiogentiloni.com\/deu\/wp-json\/wp\/v2\/pages\/10149\/revisions\/10565"}],"up":[{"embeddable":true,"href":"https:\/\/studiogentiloni.com\/deu\/wp-json\/wp\/v2\/pages\/7774"}],"wp:attachment":[{"href":"https:\/\/studiogentiloni.com\/deu\/wp-json\/wp\/v2\/media?parent=10149"}],"curies":[{"name":"wp","href":"https:\/\/api.w.org\/{rel}","templated":true}]}}