{"id":9473,"date":"2014-09-28T00:23:46","date_gmt":"2014-09-28T00:23:46","guid":{"rendered":"http:\/\/lawyers-attorneys.vamtam.com\/?page_id=9473"},"modified":"2017-05-04T17:16:44","modified_gmt":"2017-05-04T17:16:44","slug":"avv-michele-gentiloni-silveri","status":"publish","type":"page","link":"https:\/\/studiogentiloni.com\/deu\/professionisti\/avv-michele-gentiloni-silveri\/","title":{"rendered":"RA Michele Gentiloni Silveri"},"content":{"rendered":"<p><div class=\"row \"><div class=\"wpv-grid grid-1-3  wpv-first-level first has-background unextended\" style=\"\n\t\t\t\tbackground: url( 'http:\/\/studiogentiloni.com\/deu\/wp-content\/uploads\/2017\/01\/Michele-GS_t.jpg' ) no-repeat center top;\n\t\t\t\tbackground-size: auto;\n\t\t\tpadding-top:400px;padding-bottom:0px\" id=\"wpv-column-48e29da55b230ec368bf53f099f53980\" ><\/div>\n<div class=\"wpv-grid grid-2-3 add-border wpv-first-level unextended\" style=\"padding-top:20px;padding-bottom:15px\" id=\"wpv-column-476115336510cda97335e5b9c807c46f\" ><div class=\"row \"><div class=\"wpv-grid grid-1-1  first unextended animation-fade-in animated-active\" style=\"padding-top:0px;padding-bottom:0px\" id=\"wpv-column-f5368d3369f20f447bddc483d9b14829\" ><h4 style=\"padding-left: 20px;\">KONTAKTE<\/h4>\n<p style=\"padding-left: 20px;\"><a id=\"\" class=\"\" title=\"\" href=\" background_repeat=\"><!--Tel: 800-700-6200--><br \/>\n<\/a><a href=\"mailto:m.gentiloni@studiogentiloni.com\">m.gentiloni@studiogentiloni.com<\/a><br \/>\n<a href=\"mailto:michelegentilonisilverj@ordinavvocatiroma.org\">michelegentilonisilverj@ordinavvocatiroma.org<\/a><\/p>\n<p style=\"padding-left: 20px;\"><div class=\"push\" style='height:10px'><\/div>\n<h4 style=\"padding-left: 20px;\">KOMPETENZBEREICH<\/h4>\n<p style=\"padding-left: 20px;\"><a href=\"\/deu\/attivita\/patrocinio-in-materia-penale\/\">Verteidigung in Strafsachen \u2192<\/a><br \/>\n<a href=\"\/deu\/attivita\/consulenza-e-prevenzione-del-rischio-reato\/\">Beratung und Pr\u00e4vention des Verbrechensrisikos \u2192<\/a><br \/>\n<a href=\"\/deu\/attivita\/attivita-internazionale\/\">T\u00e4tigkeiten auf internationaler Ebene \u2192<\/a><br \/>\n<div class=\"push\" style='height:10px'><\/div>\n<h4 style=\"padding-left: 20px;\">STUDIUMABSCHL\u00dcSSE UND ZULASSUNGEN<\/h4>\n<ul>\n<li style=\"font-weight: 400;\"><i><span style=\"font-weight: 400;\">Staatsexamen  &#8220;cum laude&#8221; in Rechtswissenschaften, Universit\u00e4t &#8220;La Sapienza&#8221;, Rom, 1972 <\/span><\/i><\/li>\n<\/ul>\n<ul>\n<li style=\"font-weight: 400;\"><span style=\"font-weight: 400;\">Eintragung in das Anwaltsverzeichnis von Rom\u2013 1975<\/span><\/li>\n<\/ul>\n<ul>\n<li><span style=\"font-weight: 400;\">Zugelassen am Kassationsgericht und bei weiteren h\u00f6heren Gerichtsbarkeiten Italiens \u2013 1989<\/span><\/li>\n<\/ul><\/div><\/div><\/div><\/div>\n<div class=\"push\" style='height:50px'><\/div>\n<div class=\"row \"><div class=\"wpv-grid grid-1-1  wpv-first-level first unextended\" style=\"padding-top:0px;padding-bottom:0px\" id=\"wpv-column-5ef00a7e6dfae0d97e47ba0a30925699\" ><h3>DER ANWALT<\/h3><\/div><\/div>\n<div class=\"row \"><div class=\"wpv-grid grid-1-2  wpv-first-level first unextended\" style=\"padding-top:0px;padding-bottom:0px\" id=\"wpv-column-3d74672c9f4316339e588adb11aa6d8d\" ><p>Nach einem klassischen Abitur besteht er 1972 sein Staatsexamen der Rechtswissenschaften <em>cum laude<\/em> an der Universit\u00e4t \u201cLa Sapienza\u201d in Rom und arbeitet, unter der Leitung von Prof. Giuliano Vassalli, in den angesehensten Strafkanzleien der Hauptstadt.<\/p>\n<p>Nachdem er in zahlreichen Strafprozessen erhebliche Erfahrung gesammelt hat, gr\u00fcndet er 1981 die Kanzlei\u00a0 \u201c<em>Studio Gentiloni Silveri \u2013 Diritto Penale<\/em>\u201d, wo er seitdem ausschlie\u00dflich als Strafverteidiger in Italien und im Ausland wirkt. W\u00e4hrend seiner Laufbahn als Rechtsanwalt hat er an mehr als 3.500 Strafprozessen in ganz Italien teilgenommen; hunderte von diesen fanden vor dem Kassationsgericht statt, wo er sich den Ruf verdient hat, einer der respektiertesten Strafanw\u00e4lte Italiens zu sein.<\/p>\n<p><span style=\"font-weight: 400;\">Er hat sich stets der katholischen Kirche verbunden gef\u00fchlt, sowohl aufgrund seiner Familiengeschichte als auch seiner Berufserfahrung. Er vertritt einige sehr wichtige katholische Organisationen in Angelegenheiten strafrechtlicher Natur und er ber\u00e4t einige ihrer prominentesten Vertreter.<\/span><\/p>\n<p>Im Laufe seiner Karriere hat er sich insbesondere f\u00fcr internationales Strafrecht und strafrechtliche Angelegenheiten interessiert, in die ausl\u00e4ndische B\u00fcrger in Italien oder Italiener im Ausland verwickelt waren. Zu mehr als einer Gelegenheit wurde er mit der Vertretung ausl\u00e4ndischer Beamter und Diplomaten, ausl\u00e4ndischer Botschaften in Italien, italienischer Botschaften im Ausland, von Ministerien und von Staatsunternehmen beauftragt. Er ist einer der qualifiziertesten und erfahrensten Anw\u00e4lte Italiens in Sachen Auslieferung und Europ\u00e4ischer Haftbefehl, denn er hat an einer sehr gro\u00dfen Anzahl von Verfahren hierzu teilgenommen und auch die Regierungen wichtiger ausl\u00e4ndischer Staaten verteidigt, die eine Auslieferung beantragt hatten.<\/p>\n<p>.<\/div>\n<div class=\"wpv-grid grid-1-2  wpv-first-level unextended\" style=\"padding-top:0px;padding-bottom:0px\" id=\"wpv-column-81279d36f903d7ae55889a2192a6dba6\" ><p>Er hat pers\u00f6nlich F\u00e4lle vor vielen ausl\u00e4ndischen Gerichten vertreten und hat dar\u00fcber hinaus eine betr\u00e4chtliche Erfahrung in Verfahren vor dem Europ\u00e4ischen Gerichtshof f\u00fcr die Menschenrechte in Stra\u00dfburg erworben, wo er oft die Interessen sowohl von Einzelpersonen als auch von Unternehmen gegen verschiedene Staaten vertreten hat und weiterhin vertritt.<\/p>\n<p>Neben der Strafverteidigung hat er auch betr\u00e4chtliche Erfahrung als Rechtsberater in Sachen Strafrecht sowohl f\u00fcr italienische und ausl\u00e4ndische Unternehmer als auch f\u00fcr Unternehmen, Rechtsanwaltskanzleien und die Regierungen wichtiger ausl\u00e4ndischer Staaten gesammelt. Im Laufe der\u00a0Jahre hat er f\u00fcr seine Rechtsberatungst\u00e4tigkeit die Anerkennung verschiedener multinationaler Unternehmen, die in ihrer Branche zu den weltweit bedeutendsten geh\u00f6ren, erworben.<\/p>\n<p>Seit 1975 ist er Mitglied der Rechtsanwaltskammer Rom; seit 1989 ist er als Verteidiger beim Obersten Kassationsgericht und bei den anderen h\u00f6heren Gerichtsbarkeiten Italiens zugelassen.<\/div><\/div>\n<div class=\"row \"><div class=\"wpv-grid grid-1-1  wpv-first-level first unextended animation-from-bottom animated-active\" style=\"padding-top:15px;padding-bottom:60px\" id=\"wpv-column-e57649f8682132b48279829483dff8e3\" >\t\t<div class=\"sep-text single centered\">\n\t\t\t\t\t\t\t<span class=\"sep-text-before\"><div class=\"sep-text-line\"><\/div><\/span>\n\t\t\t\t\t\t<div class=\"content\">\n\t\t\t\t<h2 class=\"text-divider-double\">Mit dem Anwalt Kontakt aufnehmen<\/h2>\t\t\t<\/div>\n\t\t\t<span class=\"sep-text-after\"><div class=\"sep-text-line\"><\/div><\/span>\n\t\t\t\t\t<\/div>\n\t<div class=\"push\" style='height:10px'><\/div>\n<div class=\"row \"><div class=\"wpv-grid grid-1-1  first unextended\" style=\"padding-top:0px;padding-bottom:0px\" id=\"wpv-column-2df5ca113454e6725e60ee86bba660b7\" ><p><div role=\"form\" class=\"wpcf7\" id=\"wpcf7-f10552-o1\" lang=\"en-US\" dir=\"ltr\">\n<div class=\"screen-reader-response\"><p role=\"status\" aria-live=\"polite\" aria-atomic=\"true\"><\/p> <ul><\/ul><\/div>\n<form action=\"\/deu\/wp-json\/wp\/v2\/pages\/9473#wpcf7-f10552-o1\" method=\"post\" class=\"wpcf7-form init\" novalidate=\"novalidate\" data-status=\"init\">\n<div style=\"display: none;\">\n<input type=\"hidden\" name=\"_wpcf7\" value=\"10552\" \/>\n<input type=\"hidden\" name=\"_wpcf7_version\" value=\"5.5.6\" \/>\n<input type=\"hidden\" name=\"_wpcf7_locale\" value=\"en_US\" \/>\n<input type=\"hidden\" name=\"_wpcf7_unit_tag\" value=\"wpcf7-f10552-o1\" \/>\n<input type=\"hidden\" name=\"_wpcf7_container_post\" value=\"0\" \/>\n<input type=\"hidden\" name=\"_wpcf7_posted_data_hash\" value=\"\" \/>\n<\/div>\n<div class=\"vamtam-rsvp-form\">\n<div class=\"row\">\n<div class=\"grid-1-3\">\n\t\t\t<span class=\"wpcf7-form-control-wrap yname\"><input type=\"text\" name=\"yname\" value=\"\" size=\"40\" class=\"wpcf7-form-control wpcf7-text wpcf7-validates-as-required\" id=\"name\" aria-required=\"true\" aria-invalid=\"false\" placeholder=\"Name\" \/><\/span>\n\t\t<\/div>\n<div class=\"grid-1-3\">\n\t\t\t<span class=\"wpcf7-form-control-wrap Phone\"><input type=\"text\" name=\"Phone\" value=\"\" size=\"40\" class=\"wpcf7-form-control wpcf7-text\" id=\"Phone\" aria-invalid=\"false\" placeholder=\"Telefon (fakoltativ)\" \/><\/span>\n\t\t<\/div>\n<div class=\"grid-1-3\">\n\t\t\t<span class=\"wpcf7-form-control-wrap email-534\"><input type=\"email\" name=\"email-534\" value=\"\" size=\"40\" class=\"wpcf7-form-control wpcf7-text wpcf7-email wpcf7-validates-as-required wpcf7-validates-as-email\" id=\"email\" aria-required=\"true\" aria-invalid=\"false\" placeholder=\"Email\" \/><\/span><\/p>\n<\/div>\n<div class=\"grid-1-1\">\n\t\t\t<span class=\"wpcf7-form-control-wrap our-message\"><textarea name=\"our-message\" cols=\"40\" rows=\"5\" class=\"wpcf7-form-control wpcf7-textarea wpcf7-validates-as-required\" id=\"message\" aria-required=\"true\" aria-invalid=\"false\" placeholder=\"Beschreibung\"><\/textarea><\/span>\n\t\t<\/div>\n<\/div>\n<div style= \"text-align: center;\"><input type=\"submit\" value=\"Formular absenden \u2192\" class=\"wpcf7-form-control has-spinner wpcf7-submit\" \/><\/div>\n<\/div>\n<div class=\"wpcf7-response-output\" aria-hidden=\"true\"><\/div><\/form><\/div><\/div><\/div><\/div><\/div><\/p>","protected":false},"excerpt":{"rendered":"<p>KONTAKTE m.gentiloni@studiogentiloni.com michelegentilonisilverj@ordinavvocatiroma.org KOMPETENZBEREICH Verteidigung in Strafsachen \u2192 Beratung und Pr\u00e4vention des Verbrechensrisikos \u2192 T\u00e4tigkeiten auf internationaler Ebene \u2192 STUDIUMABSCHL\u00dcSSE UND ZULASSUNGEN Staatsexamen &#8220;cum laude&#8221; in Rechtswissenschaften, Universit\u00e4t &#8220;La Sapienza&#8221;, Rom, 1972 Eintragung in das Anwaltsverzeichnis von Rom\u2013 1975 Zugelassen am Kassationsgericht und bei weiteren h\u00f6heren Gerichtsbarkeiten Italiens \u2013 1989 [\/column_1] DER ANWALT Nach einem&#8230;<\/p>\n","protected":false},"author":7,"featured_media":0,"parent":7774,"menu_order":0,"comment_status":"closed","ping_status":"closed","template":"","meta":[],"_links":{"self":[{"href":"https:\/\/studiogentiloni.com\/deu\/wp-json\/wp\/v2\/pages\/9473"}],"collection":[{"href":"https:\/\/studiogentiloni.com\/deu\/wp-json\/wp\/v2\/pages"}],"about":[{"href":"https:\/\/studiogentiloni.com\/deu\/wp-json\/wp\/v2\/types\/page"}],"author":[{"embeddable":true,"href":"https:\/\/studiogentiloni.com\/deu\/wp-json\/wp\/v2\/users\/7"}],"replies":[{"embeddable":true,"href":"https:\/\/studiogentiloni.com\/deu\/wp-json\/wp\/v2\/comments?post=9473"}],"version-history":[{"count":6,"href":"https:\/\/studiogentiloni.com\/deu\/wp-json\/wp\/v2\/pages\/9473\/revisions"}],"predecessor-version":[{"id":10561,"href":"https:\/\/studiogentiloni.com\/deu\/wp-json\/wp\/v2\/pages\/9473\/revisions\/10561"}],"up":[{"embeddable":true,"href":"https:\/\/studiogentiloni.com\/deu\/wp-json\/wp\/v2\/pages\/7774"}],"wp:attachment":[{"href":"https:\/\/studiogentiloni.com\/deu\/wp-json\/wp\/v2\/media?parent=9473"}],"curies":[{"name":"wp","href":"https:\/\/api.w.org\/{rel}","templated":true}]}}