{"id":9785,"date":"2016-10-27T14:01:06","date_gmt":"2016-10-27T14:01:06","guid":{"rendered":"http:\/\/studiogentiloni.com\/deu\/?page_id=9785"},"modified":"2017-02-27T15:35:20","modified_gmt":"2017-02-27T15:35:20","slug":"patrocinio-in-materia-penale","status":"publish","type":"page","link":"https:\/\/studiogentiloni.com\/deu\/attivita\/patrocinio-in-materia-penale\/","title":{"rendered":"Verteidigung in Strafsachen"},"content":{"rendered":"<p><div class=\"push\" style='height:80px'><\/div>\n<div class=\"row \"><div class=\"wpv-grid grid-1-1  wpv-first-level first unextended\" style=\"padding-top:0px;padding-bottom:0px\" id=\"wpv-column-bdd992c14c5a4ee3771bf434d56849c1\" ><div class=\"row \"><div class=\"wpv-grid grid-1-1  first unextended\" style=\"padding-top:0px;padding-bottom:0px\" id=\"wpv-column-a4b4e5c8021b6d7119b2432a4d064327\" ><blockquote><p>Traditionell stellt die Verteidigung vor Gericht von Personen und K\u00f6rperschaften den Hauptt\u00e4tigkeitsbereich der Kanzlei dar, deren Fachleute in tausenden von Strafverfahren, die sowohl bei den zust\u00e4ndigen Gerichten in ganz Italien als auch vor dem Obersten Kassationsgericht anh\u00e4ngig waren und deren Gegenstand die gesamte Palette des Strafrechts war, Erfahrung gesammelt haben.<\/p><\/blockquote><\/div><\/div><\/div><\/div>\n<div class=\"sep\"><\/div>\n<div class=\"row \"><div class=\"wpv-grid grid-1-2  wpv-first-level first unextended\" style=\"padding-top:0px;padding-bottom:0px\" id=\"wpv-column-42b9f2c05a2e118663fb3c56e447429a\" ><p>In zahlreichen Strafverhandlungen zu Verbrechen gegen die Person, gegen das Eigentum, gegen den Staat (hier haben wir in den bedeutendsten Inlandsterrorismusprozessen der Saison sowohl die Opfer als auch hochstehende Beamte des italienischen Nachrichten- und Verfassungsschutzdienstes verteidigt), gegen die Justizverwaltung, gegen die \u00f6ffentliche Ordnung (insbesondere im Zusammenhang mit kriminellen, auch Mafia \u00e4hnlichen, Vereinigungen), zu Verbrechen im Arbeitsbereich und im intrafamili\u00e4ren Bereich haben wir die Interessen unserer Klienten gewahrt.  Wir haben Unternehmen und Einzelpersonen beigestanden bei Verbrechen in Sachen Stadtplanung und Bauwesen,  im Bereich des Informatikstrafrechts und der Neuen Technologien und dem Schutz des Urheberrechts. Wir verteidigen st\u00e4ndig eine betr\u00e4chtliche Anzahl von Klienten in F\u00e4llen von schuldhaftem Fehlverhalten von \u00c4rzten oder anderen Angeh\u00f6rigen des Gesundheitswesens.<\/p>\n<p>Besonders erfahren sind wir im Bereich der Verbrechen gegen die \u00f6ffentliche Verwaltung (sowohl auf Seiten der \u00f6ffentlichen Beamten als auch auf Seiten der Privatleute), da wir an einer sehr hohen Zahl von Prozessen teilgenommen haben, sowohl zur Verteidigung von \u00f6ffentlichen Beamten oder K\u00f6rperschaften unter Anklage also auch von Unternehmern und Konzernen, die durch korruptive Vorf\u00e4lle Schaden erlitten haben, insbesondere mit Bezug auf die Vergabe von wichtigen, \u00f6ffentlich ausgeschriebenen Auftr\u00e4gen.<\/p>\n<p>Eine ebenfalls hochspezialisierte Expertise k\u00f6nnen wir vorweisen in den Bereichen des Gesellschafts-, Steuer- und Konkursstrafrechtes, des Bank- und Immobilienstrafrechts sowie zur Unternehmenshaftung bei Finanzvermittlungen. Wir haben uns um Strafverfahren international namhafter Versicherungsgesellschaften gek\u00fcmmert und haben unseren Klienten in zahlreichen Strafprozessen in Sachen Arbeitsschutz und<\/div>\n<div class=\"wpv-grid grid-1-2  wpv-first-level unextended\" style=\"padding-top:0px;padding-bottom:0px\" id=\"wpv-column-bee425f15185b0113b057e9a875ef69e\" ><\/div>\n<div class=\"wpv-grid grid-1-2  wpv-first-level unextended\" style=\"padding-top:0px;padding-bottom:0px\" id=\"wpv-column-a35d0361707e7bcbfb07f13f121d9e48\" >Umweltschutz beigestanden und zahlreiche wichtige Baufirmen vertreten, auch in F\u00e4llen verwaltungsrechtlicher Deliktshaftung. Wir verf\u00fcgen \u00fcber eine jahrzehntelange, spezielle Kompetenz im (strafrechtlichen) Bereich des Kampfes gegen nachgeahmte Produkte und vertreten in diesem Zusammenhang weltweit einige sehr bedeutende multinationale Konzerne. Wir sind Experten in der Verteidigung von Journalisten und  ihren verantwortlichen Herausgebern in Prozessen zur Verleumdung durch die Presse.<\/p>\n<p>Wir vertreten unsere Klienten in Verfahren \u00fcber die Einleitung von sowohl auf die Person als auch auf das Eigentum bezogene Vorbeugema\u00dfnahmen, auch mit Bezug auf die Rechte Dritter an beschlagnahmten G\u00fctern.<\/p>\n<p>Wir verfolgen Verfahren zur Wiedergutmachung f\u00fcr ungerechtfertigt erlittene Haft sowie, im Sinne der sog. Lex Pinto in Sachen Entsch\u00e4digung, wegen \u00fcberlanger Dauer des Strafverfahrens. Weiterhin vertreten wir unsere Klienten in disziplinarischen Angelegenheiten vor den Vorst\u00e4nden der  \u00f6rtlichen und der nationalen Rechtsanwaltskammer, sowohl im Hauptverfahren als auch in allen Instanzen.<\/div><\/div>\n<div class=\"sep\"><\/div>\n<div class=\"row \"><div class=\"wpv-grid grid-1-1  wpv-first-level first has-background unextended\" style=\"background-color:#e5e1e1;padding-top:0px;padding-bottom:0px\" id=\"wpv-column-09d4e70cb7125309015544352814c158\" ><style>#wpv-column-09d4e70cb7125309015544352814c158 p,#wpv-column-09d4e70cb7125309015544352814c158 em,#wpv-column-09d4e70cb7125309015544352814c158 .column-title,#wpv-column-09d4e70cb7125309015544352814c158 .sep-text h2.regular-title-wrapper,#wpv-column-09d4e70cb7125309015544352814c158 .text-divider-double,#wpv-column-09d4e70cb7125309015544352814c158 .sep-text .sep-text-line,#wpv-column-09d4e70cb7125309015544352814c158 .sep,#wpv-column-09d4e70cb7125309015544352814c158 .sep-2,#wpv-column-09d4e70cb7125309015544352814c158 .sep-3,#wpv-column-09d4e70cb7125309015544352814c158 td,#wpv-column-09d4e70cb7125309015544352814c158 th,#wpv-column-09d4e70cb7125309015544352814c158 caption{color:#6b5c5c;}#wpv-column-09d4e70cb7125309015544352814c158:before{background-color:transparent;}<\/style><div class=\"row \"><div class=\"wpv-grid grid-1-2  first unextended\" style=\"padding-top:0px;padding-bottom:0px\" id=\"wpv-column-929b358c3aa505909abb98649d1dccfa\" ><p>Wir verf\u00fcgen zudem \u00fcber spezifische Erfahrung in der Vorbereitung und der Er\u00f6rterung von Berufungsklagen vor dem Kassationsgericht, auch wenn wir den Klienten nicht in den vorherigen Instanzen des Hauptverfahrens vertreten haben.<br \/>\nUm diese hohe T\u00e4tigkeitsspezialisierung garantieren zu k\u00f6nnen, bedient sich die Kanzlei eines Netzwerkes erstklassiger Fachleute mit Spezialisierungen in anderen Rechtsbereichen  und in angrenzenden technischen Disziplinen, mit denen von Mal zu Mal fach\u00fcbergreifende Arbeitsgruppen gebildet werden, in denen sich die unterschiedlichen professionellen Hintergr\u00fcnde erg\u00e4nzen und aufeinander abstimmen, um die Problematiken, die im Rahmen des Strafrechts spezielle Rechtsbereiche oder technische Angelegenheiten betreffen, bestm\u00f6glich zu l\u00f6sen.<\/div>\n<div class=\"wpv-grid grid-1-2  unextended\" style=\"padding-top:0px;padding-bottom:0px\" id=\"wpv-column-34861335a4d94b3634f1ec8655a23250\" ><p>Dar\u00fcber hinaus werden die Streitverfahren, sofern notwendig, in st\u00e4ndiger Koordinierung mit den anderen Fachanw\u00e4lten, die sich um parallele und zusammenh\u00e4ngende Problematiken im zivil- verwaltungs- oder disziplinarrechtlichen Bereich k\u00fcmmern, abgewickelt, wobei sich um eine transversale Sichtweise bem\u00fcht wird, deren Ziel die L\u00f6sung der Probleme unserer Klienten ist.<\/div><\/div><\/div><\/div>\n<div class=\"row \"><div class=\"wpv-grid grid-1-1  wpv-first-level first unextended\" style=\"padding-top:0px;padding-bottom:0px\" id=\"wpv-column-70e29f8e0cc6d3af3009c665f9f1b283\" ><p><em>Die Mitarbeiter der Kanzlei und eine dichtes  Netz erstklassiger Korrespondenzanw\u00e4lte vor Ort garantieren eine direkte Vertretung in ganz Italien.<\/em><\/div><\/div>\n<div class=\"push\" style='height:80px'><\/div><\/p>","protected":false},"excerpt":{"rendered":"<p>Traditionell stellt die Verteidigung vor Gericht von Personen und K\u00f6rperschaften den Hauptt\u00e4tigkeitsbereich der Kanzlei dar, deren Fachleute in tausenden von Strafverfahren, die sowohl bei den zust\u00e4ndigen Gerichten in ganz Italien als auch vor dem Obersten Kassationsgericht anh\u00e4ngig waren und deren Gegenstand die gesamte Palette des Strafrechts war, Erfahrung gesammelt haben. [\/column_1] In zahlreichen Strafverhandlungen zu&#8230;<\/p>\n","protected":false},"author":7,"featured_media":0,"parent":7956,"menu_order":0,"comment_status":"closed","ping_status":"closed","template":"","meta":[],"_links":{"self":[{"href":"https:\/\/studiogentiloni.com\/deu\/wp-json\/wp\/v2\/pages\/9785"}],"collection":[{"href":"https:\/\/studiogentiloni.com\/deu\/wp-json\/wp\/v2\/pages"}],"about":[{"href":"https:\/\/studiogentiloni.com\/deu\/wp-json\/wp\/v2\/types\/page"}],"author":[{"embeddable":true,"href":"https:\/\/studiogentiloni.com\/deu\/wp-json\/wp\/v2\/users\/7"}],"replies":[{"embeddable":true,"href":"https:\/\/studiogentiloni.com\/deu\/wp-json\/wp\/v2\/comments?post=9785"}],"version-history":[{"count":3,"href":"https:\/\/studiogentiloni.com\/deu\/wp-json\/wp\/v2\/pages\/9785\/revisions"}],"predecessor-version":[{"id":10506,"href":"https:\/\/studiogentiloni.com\/deu\/wp-json\/wp\/v2\/pages\/9785\/revisions\/10506"}],"up":[{"embeddable":true,"href":"https:\/\/studiogentiloni.com\/deu\/wp-json\/wp\/v2\/pages\/7956"}],"wp:attachment":[{"href":"https:\/\/studiogentiloni.com\/deu\/wp-json\/wp\/v2\/media?parent=9785"}],"curies":[{"name":"wp","href":"https:\/\/api.w.org\/{rel}","templated":true}]}}