{"id":9845,"date":"2016-10-27T14:18:07","date_gmt":"2016-10-27T14:18:07","guid":{"rendered":"http:\/\/studiogentiloni.com\/deu\/?page_id=9845"},"modified":"2017-03-20T11:26:28","modified_gmt":"2017-03-20T11:26:28","slug":"consulenza-e-prevenzione-del-rischio-reato","status":"publish","type":"page","link":"https:\/\/studiogentiloni.com\/deu\/attivita\/consulenza-e-prevenzione-del-rischio-reato\/","title":{"rendered":"Beratung und Pr\u00e4vention des Verbrechensrisikos"},"content":{"rendered":"<p><div class=\"push\" style='height:20px'><\/div>\n<div class=\"row \"><div class=\"wpv-grid grid-1-1  wpv-first-level first unextended\" style=\"padding-top:0px;padding-bottom:0px\" id=\"wpv-column-68104cc8008391482af1812b85f9dd2f\" ><p>Neben der Strafverteidigung ist die Kanzlei auch im Bereich der Rechtsberatung von Personen und K\u00f6rperschaften t\u00e4tig, besonders mit Blick auf das Unternehmensstrafrecht. Unsere Arbeit besteht in der Auffindung, der Pr\u00e4vention des Verbrechensrisikos und dem Umgang damit, auch in Bezug auf branchenspezifische, technische Normen; hierzu erstellen wir Gutachten, wir helfen den entsprechenden Organen des Unternehmens beim Entscheidungsprozess, arbeiten  unternehmenseigene \u00dcberpr\u00fcfungs \u2013 und Kontrollverfahren aus, organisieren das Sicherheitssystem der Firma, unterhalten Kontakte zu den \u00f6ffentlichen Kontroll- und Regulierungsbeh\u00f6rden und bieten Bildungsmodule f\u00fcr die leitenden Angestellten und das Personal an.<\/div><\/div>\n<div class=\"row \"><div class=\"wpv-grid grid-1-1  wpv-first-level first unextended\" style=\"padding-top:0px;padding-bottom:0px\" id=\"wpv-column-f4807a06190e4eefb58581e6d4de62f7\" ><blockquote><p>Ebenso stellen wir unsere, auch dauerhafte, Rechtsberatung inl\u00e4ndischen und ausl\u00e4ndischen Privatpersonen, Unternehmern und gro\u00dfen Konzernen zur Verf\u00fcgung f\u00fcr alle sich aus der Strafgesetzgebung ergebenden Aspekte und mit einer multidisziplin\u00e4ren Sichtweise, deren Ziel es ist, rechtsbereichs\u00fcbergreifend die f\u00fcr unsere Klienten beste Antwort auf ihre Bed\u00fcrfnisse zu finden.  Wir arbeiten eng mit den firmeninternen Rechtsabteilungen zusammen und stimmen unsere Aktionen mit den anderen Beratern ab, die mit der K\u00f6rperschaft zusammenarbeiten.  Wir sind es gewohnt, auf Englisch, Franz\u00f6sisch, Spanisch, Portugiesisch und Deutsch zu korrespondieren und Rechtsdokumente in diesen Sprachen zu verfassen.<\/p><\/blockquote><\/div><\/div>\n<div class=\"row \"><div class=\"wpv-grid grid-1  wpv-first-level first unextended\" style=\"padding-top:0px;padding-bottom:0px\" id=\"wpv-column-67b25f3dc49047152d73e0f79b77e13b\" ><p>Die Kanzlei z\u00e4hlt zu ihren italienischen und ausl\u00e4ndischen Klienten einige sehr namhafte Versicherungsgesellschaften, Konzerne, auch multinationale, \u00f6ffentliche und private K\u00f6rperschaften und  Institutionen.<br \/><\/div>\n<div class=\"wpv-grid grid-1-1  wpv-first-level has-background unextended\" style=\"background-color:#e5e1e1;padding-top:0px;padding-bottom:0px\" id=\"wpv-column-df3392759e1a178a8358490eb648ec82\" ><style>#wpv-column-df3392759e1a178a8358490eb648ec82 p,#wpv-column-df3392759e1a178a8358490eb648ec82 em,#wpv-column-df3392759e1a178a8358490eb648ec82 .column-title,#wpv-column-df3392759e1a178a8358490eb648ec82 .sep-text h2.regular-title-wrapper,#wpv-column-df3392759e1a178a8358490eb648ec82 .text-divider-double,#wpv-column-df3392759e1a178a8358490eb648ec82 .sep-text .sep-text-line,#wpv-column-df3392759e1a178a8358490eb648ec82 .sep,#wpv-column-df3392759e1a178a8358490eb648ec82 .sep-2,#wpv-column-df3392759e1a178a8358490eb648ec82 .sep-3,#wpv-column-df3392759e1a178a8358490eb648ec82 td,#wpv-column-df3392759e1a178a8358490eb648ec82 th,#wpv-column-df3392759e1a178a8358490eb648ec82 caption{color:#6b5c5c;}#wpv-column-df3392759e1a178a8358490eb648ec82:before{background-color:transparent;}<\/style><div class=\"row \"><div class=\"wpv-grid grid-1-1  first unextended\" style=\"padding-top:0px;padding-bottom:0px\" id=\"wpv-column-0a0343b988eeaea9d90bcf09dbc61f24\" ><p><span style=\"font-size: large !important;\"> Wir helfen aktiv bei dem Entwurf und der Aktualisierung der in Gesetzesdekret 231\/2001 vorgesehenen Organisations- und Verwaltungmodelle. Link zur Brosch\u00fcre 231.<\/span><\/div><\/div><\/div><\/div>\n\t\t<div class=\"sep-text single centered\">\n\t\t\t\t\t\t\t<span class=\"sep-text-before\"><div class=\"sep-text-line\"><\/div><\/span>\n\t\t\t\t\t\t<div class=\"content\">\n\t\t\t\t<h2 class=\"text-divider-double\">\nDownload der Brosch\u00fcre &#8220;Beratung 231&#8221;<br \/>\n<\/h2>\t\t\t<\/div>\n\t\t\t<span class=\"sep-text-after\"><div class=\"sep-text-line\"><\/div><\/span>\n\t\t\t\t\t<\/div>\n\t\n<div class=\"push\" style='margin-bottom:-10px'><\/div>\n<div class=\"row \"><div class=\"wpv-grid grid-1-1  wpv-first-level first unextended animation-fade-in animated-active\" style=\"padding-top:0px;padding-bottom:0px\" id=\"wpv-column-33661c1b881c0ff5d4ce75bba30d0ccd\" ><p style=\"text-align: center;\"><div class=\"push\" style='height:10px'><\/div> <p class=\"textcenter\"><a href=\"\/en\/wp-content\/uploads\/2016\/12\/Brochure_231.pdf\" target=\"_blank\" style='font-size: 12px;' class=\"button vamtam-button accent1  button-border hover-accent1 \"><span class='icon shortcode theme  use-hover' style='font-size:20px !important;color:#7C7F82;'>&#57564;<\/span><span class=\"btext\">Jetzt herunterladen<\/span><\/a><\/p><\/div><\/div>\n<div class=\"push\" style='height:80px'><\/div><\/p>","protected":false},"excerpt":{"rendered":"<p>Neben der Strafverteidigung ist die Kanzlei auch im Bereich der Rechtsberatung von Personen und K\u00f6rperschaften t\u00e4tig, besonders mit Blick auf das Unternehmensstrafrecht. Unsere Arbeit besteht in der Auffindung, der Pr\u00e4vention des Verbrechensrisikos und dem Umgang damit, auch in Bezug auf branchenspezifische, technische Normen; hierzu erstellen wir Gutachten, wir helfen den entsprechenden Organen des Unternehmens beim&#8230;<\/p>\n","protected":false},"author":7,"featured_media":0,"parent":7956,"menu_order":0,"comment_status":"closed","ping_status":"closed","template":"","meta":[],"_links":{"self":[{"href":"https:\/\/studiogentiloni.com\/deu\/wp-json\/wp\/v2\/pages\/9845"}],"collection":[{"href":"https:\/\/studiogentiloni.com\/deu\/wp-json\/wp\/v2\/pages"}],"about":[{"href":"https:\/\/studiogentiloni.com\/deu\/wp-json\/wp\/v2\/types\/page"}],"author":[{"embeddable":true,"href":"https:\/\/studiogentiloni.com\/deu\/wp-json\/wp\/v2\/users\/7"}],"replies":[{"embeddable":true,"href":"https:\/\/studiogentiloni.com\/deu\/wp-json\/wp\/v2\/comments?post=9845"}],"version-history":[{"count":3,"href":"https:\/\/studiogentiloni.com\/deu\/wp-json\/wp\/v2\/pages\/9845\/revisions"}],"predecessor-version":[{"id":10515,"href":"https:\/\/studiogentiloni.com\/deu\/wp-json\/wp\/v2\/pages\/9845\/revisions\/10515"}],"up":[{"embeddable":true,"href":"https:\/\/studiogentiloni.com\/deu\/wp-json\/wp\/v2\/pages\/7956"}],"wp:attachment":[{"href":"https:\/\/studiogentiloni.com\/deu\/wp-json\/wp\/v2\/media?parent=9845"}],"curies":[{"name":"wp","href":"https:\/\/api.w.org\/{rel}","templated":true}]}}