{"id":9997,"date":"2016-12-05T11:44:40","date_gmt":"2016-12-05T11:44:40","guid":{"rendered":"http:\/\/studiogentiloni.com\/deu\/?page_id=9997"},"modified":"2017-05-04T17:20:53","modified_gmt":"2017-05-04T17:20:53","slug":"avv-alessandra-antenucci","status":"publish","type":"page","link":"https:\/\/studiogentiloni.com\/deu\/professionisti\/avv-alessandra-antenucci\/","title":{"rendered":"RA Alessandra Antenucci"},"content":{"rendered":"<p><div class=\"row \"><div class=\"wpv-grid grid-1-3  wpv-first-level first has-background unextended\" style=\"\n\t\t\t\tbackground: url( 'http:\/\/studiogentiloni.com\/deu\/wp-content\/uploads\/2017\/01\/Alessandra-Antenucci_t.jpg' ) no-repeat center top;\n\t\t\t\tbackground-size: auto;\n\t\t\tpadding-top:400px;padding-bottom:0px\" id=\"wpv-column-8008bd1bd99999ad3d6c7f5ba1a3fc16\" ><\/div>\n<div class=\"wpv-grid grid-2-3 add-border wpv-first-level unextended\" style=\"padding-top:20px;padding-bottom:15px\" id=\"wpv-column-104c5d1dc618679facd33ef78aee5b67\" ><div class=\"row \"><div class=\"wpv-grid grid-1-1  first unextended animation-fade-in animated-active\" style=\"padding-top:0px;padding-bottom:0px\" id=\"wpv-column-11c83b0ade5cc4b3f8f7a6582dec4a00\" ><h4 style=\"padding-left: 20px;\">KONTAKTE<\/h4>\n<p style=\"padding-left: 20px;\"><a id=\"\" class=\"\" title=\"\" href=\" background_repeat=\"><!--Tel: 800-700-6200--><br \/>\n<\/a><a href=\"mailto:m.gentiloni@studiogentiloni.com\">a.antenucci@studiogentiloni.com<\/a><br \/>\n<a href=\"mailto:alessandraantenucci@ordineavvocatiroma.org\">alessandraantenucci@ordineavvocatiroma.org<\/a><\/p>\n<p style=\"padding-left: 20px;\"><div class=\"push\" style='height:10px'><\/div>\n<h4 style=\"padding-left: 20px;\">KOMPETENZBEREICH<\/h4>\n<p style=\"padding-left: 20px;\"><a href=\"\/deu\/attivita\/patrocinio-in-materia-penale\/\">Verteidigung in Strafsachen \u2192<\/a><br \/>\n<a href=\"\/deu\/attivita\/consulenza-e-prevenzione-del-rischio-reato\/\">Beratung und Pr\u00e4vention des Verbrechensrisikos \u2192<\/a><br \/>\n<a href=\"\/deu\/attivita\/attivita-internazionale\/\">T\u00e4tigkeiten auf internationaler Ebene \u2192<\/a><br \/>\n<div class=\"push\" style='height:10px'><\/div>\n<h4 style=\"padding-left: 20px;\">STUDIUMABSCHL\u00dcSSE UND ZULASSUNGEN<\/h4>\n<ul>\n<ul>\n<li style=\"font-weight: 400;\"><span style=\"font-weight: 400;\">Staatsexamen  &#8220;cum laude&#8221; in Rechtswissenschaften \u2013Universit\u00e4t , Rom \u2013 1995<\/span><\/li>\n<li style=\"font-weight: 400;\"><span style=\"font-weight: 400;\">Eintragung in das Anwaltsverzeichnis von Rom\u2013 2002<\/span><\/li>\n<\/ul>\n<\/ul><\/div><\/div><\/div><\/div>\n<div class=\"push\" style='height:50px'><\/div>\n<div class=\"row \"><div class=\"wpv-grid grid-1-1  wpv-first-level first unextended\" style=\"padding-top:0px;padding-bottom:0px\" id=\"wpv-column-6edf22ff9b205b777745bed38060d420\" ><h3>DIE ANW\u00c4LTIN<\/h3>\n<div class=\"row \">\n<div id=\"wpv-column-2d683c838b5ebbf00065efaee942c2621\" class=\"wpv-grid grid-1-2 wpv-first-level first unextended\" style=\"padding-top: 0px; padding-bottom: 0px;\">\n<div class=\"row \">\n<div id=\"wpv-column-3b2adab70b4a9bf546b86aa9455bd0e0\" class=\"wpv-grid grid-1-1 first unextended\" style=\"padding-top: 0px; padding-bottom: 0px;\">\n<p>Nach einem wissenschaftlichen Abitur besteht sie ihr Staatsexamen in Rechtswissenschaften an der Universit\u00e4t  \u201cLa Sapienza\u201d in Rom.<\/p>\n<p>Sofort nach ihrer Aufnahme in die Anwaltsliste beginnt sie mit der Aus\u00fcbung von Gerichtst\u00e4tigkeiten f\u00fcr die Kanzlei Gentiloni Silveri. Im Laufe der Jahre hat sie zahlreiche Strafverfahren betreut, in allen Bereichen des materiellen Strafrechts, insbesondere mit Bezug auf Verbrechen gegen das Eigentum, gegen die \u00f6ffentliche Verwaltung, den Patent- und Warenzeichenschutz, zu Unternehmensverbrechen \u2013 diesbez\u00fcglich k\u00fcmmert sie sich auch um die Rechtsberatung von Unternehmern und Gesellschaften -, sowie zu strafrechtlichen Angelegenheiten des Versicherungs- bzw. des Bankrechtes. <\/p>\n<p>Seit 2002 ist sie Mitglied der Rechtsanwaltskammer Rom. <\/p>\n<\/div>\n<\/div>\n<\/div>\n<\/div>\n<div class=\"push\" style='height:20px'><\/div>\n<h3><\/h3>\n<div class=\"row \"><\/div><\/div><\/div>\n<div class=\"row \"><div class=\"wpv-grid grid-1-1  wpv-first-level first unextended animation-from-bottom animated-active\" style=\"padding-top:15px;padding-bottom:60px\" id=\"wpv-column-00f37b9f64bb5daf5dbb4209a755db64\" >\t\t<div class=\"sep-text single centered\">\n\t\t\t\t\t\t\t<span class=\"sep-text-before\"><div class=\"sep-text-line\"><\/div><\/span>\n\t\t\t\t\t\t<div class=\"content\">\n\t\t\t\t<h2 class=\"text-divider-double\">Mit dem Anwalt Kontakt aufnehmen<\/h2>\t\t\t<\/div>\n\t\t\t<span class=\"sep-text-after\"><div class=\"sep-text-line\"><\/div><\/span>\n\t\t\t\t\t<\/div>\n\t<div class=\"push\" style='height:10px'><\/div>\n<div class=\"row \"><div class=\"wpv-grid grid-1-1  first unextended\" style=\"padding-top:0px;padding-bottom:0px\" id=\"wpv-column-632da31a17807c73234bff21b8cf7293\" ><p><div role=\"form\" class=\"wpcf7\" id=\"wpcf7-f10557-o1\" lang=\"en-US\" dir=\"ltr\">\n<div class=\"screen-reader-response\"><p role=\"status\" aria-live=\"polite\" aria-atomic=\"true\"><\/p> <ul><\/ul><\/div>\n<form action=\"\/deu\/wp-json\/wp\/v2\/pages\/9997#wpcf7-f10557-o1\" method=\"post\" class=\"wpcf7-form init\" novalidate=\"novalidate\" data-status=\"init\">\n<div style=\"display: none;\">\n<input type=\"hidden\" name=\"_wpcf7\" value=\"10557\" \/>\n<input type=\"hidden\" name=\"_wpcf7_version\" value=\"5.5.6\" \/>\n<input type=\"hidden\" name=\"_wpcf7_locale\" value=\"en_US\" \/>\n<input type=\"hidden\" name=\"_wpcf7_unit_tag\" value=\"wpcf7-f10557-o1\" \/>\n<input type=\"hidden\" name=\"_wpcf7_container_post\" value=\"0\" \/>\n<input type=\"hidden\" name=\"_wpcf7_posted_data_hash\" value=\"\" \/>\n<\/div>\n<div class=\"vamtam-rsvp-form\">\n<div class=\"row\">\n<div class=\"grid-1-3\">\n\t\t\t<span class=\"wpcf7-form-control-wrap yname\"><input type=\"text\" name=\"yname\" value=\"\" size=\"40\" class=\"wpcf7-form-control wpcf7-text wpcf7-validates-as-required\" id=\"name\" aria-required=\"true\" aria-invalid=\"false\" placeholder=\"Name\" \/><\/span>\n\t\t<\/div>\n<div class=\"grid-1-3\">\n\t\t\t<span class=\"wpcf7-form-control-wrap Phone\"><input type=\"text\" name=\"Phone\" value=\"\" size=\"40\" class=\"wpcf7-form-control wpcf7-text\" id=\"Phone\" aria-invalid=\"false\" placeholder=\"Telefon (fakoltativ)\" \/><\/span>\n\t\t<\/div>\n<div class=\"grid-1-3\">\n\t\t\t<span class=\"wpcf7-form-control-wrap email-534\"><input type=\"email\" name=\"email-534\" value=\"\" size=\"40\" class=\"wpcf7-form-control wpcf7-text wpcf7-email wpcf7-validates-as-required wpcf7-validates-as-email\" id=\"email\" aria-required=\"true\" aria-invalid=\"false\" placeholder=\"Email\" \/><\/span><\/p>\n<\/div>\n<div class=\"grid-1-1\">\n\t\t\t<span class=\"wpcf7-form-control-wrap our-message\"><textarea name=\"our-message\" cols=\"40\" rows=\"5\" class=\"wpcf7-form-control wpcf7-textarea wpcf7-validates-as-required\" id=\"message\" aria-required=\"true\" aria-invalid=\"false\" placeholder=\"Beschreibung\"><\/textarea><\/span>\n\t\t<\/div>\n<\/div>\n<div style= \"text-align: center;\"><input type=\"submit\" value=\"Formular absenden \u2192\" class=\"wpcf7-form-control has-spinner wpcf7-submit\" \/><\/div>\n<\/div>\n<div class=\"wpcf7-response-output\" aria-hidden=\"true\"><\/div><\/form><\/div><\/div><\/div><\/div><\/div><\/p>","protected":false},"excerpt":{"rendered":"<p>KONTAKTE a.antenucci@studiogentiloni.com alessandraantenucci@ordineavvocatiroma.org KOMPETENZBEREICH Verteidigung in Strafsachen \u2192 Beratung und Pr\u00e4vention des Verbrechensrisikos \u2192 T\u00e4tigkeiten auf internationaler Ebene \u2192 STUDIUMABSCHL\u00dcSSE UND ZULASSUNGEN Staatsexamen &#8220;cum laude&#8221; in Rechtswissenschaften \u2013Universit\u00e4t , Rom \u2013 1995 Eintragung in das Anwaltsverzeichnis von Rom\u2013 2002 [\/column_1] DIE ANW\u00c4LTIN Nach einem wissenschaftlichen Abitur besteht sie ihr Staatsexamen in Rechtswissenschaften an der Universit\u00e4t&#8230;<\/p>\n","protected":false},"author":7,"featured_media":0,"parent":7774,"menu_order":0,"comment_status":"closed","ping_status":"closed","template":"","meta":[],"_links":{"self":[{"href":"https:\/\/studiogentiloni.com\/deu\/wp-json\/wp\/v2\/pages\/9997"}],"collection":[{"href":"https:\/\/studiogentiloni.com\/deu\/wp-json\/wp\/v2\/pages"}],"about":[{"href":"https:\/\/studiogentiloni.com\/deu\/wp-json\/wp\/v2\/types\/page"}],"author":[{"embeddable":true,"href":"https:\/\/studiogentiloni.com\/deu\/wp-json\/wp\/v2\/users\/7"}],"replies":[{"embeddable":true,"href":"https:\/\/studiogentiloni.com\/deu\/wp-json\/wp\/v2\/comments?post=9997"}],"version-history":[{"count":2,"href":"https:\/\/studiogentiloni.com\/deu\/wp-json\/wp\/v2\/pages\/9997\/revisions"}],"predecessor-version":[{"id":10566,"href":"https:\/\/studiogentiloni.com\/deu\/wp-json\/wp\/v2\/pages\/9997\/revisions\/10566"}],"up":[{"embeddable":true,"href":"https:\/\/studiogentiloni.com\/deu\/wp-json\/wp\/v2\/pages\/7774"}],"wp:attachment":[{"href":"https:\/\/studiogentiloni.com\/deu\/wp-json\/wp\/v2\/media?parent=9997"}],"curies":[{"name":"wp","href":"https:\/\/api.w.org\/{rel}","templated":true}]}}