{"id":10006,"date":"2016-12-05T12:03:58","date_gmt":"2016-12-05T12:03:58","guid":{"rendered":"http:\/\/studiogentiloni.com\/en\/?page_id=10006"},"modified":"2022-07-27T14:32:19","modified_gmt":"2022-07-27T14:32:19","slug":"avv-giovanni-capozio-phd","status":"publish","type":"page","link":"https:\/\/studiogentiloni.com\/en\/professionisti\/avv-giovanni-capozio-phd\/","title":{"rendered":"Attorney Giovanni Capozio, Ph.D."},"content":{"rendered":"<p><div class=\"row \"><div class=\"wpv-grid grid-1-3  wpv-first-level first has-background unextended\" style=\"\n\t\t\t\tbackground: url( 'http:\/\/studiogentiloni.com\/en\/wp-content\/uploads\/2022\/07\/giovanni-capozio_t.jpg' ) no-repeat center top;\n\t\t\t\tbackground-size: auto;\n\t\t\tpadding-top:400px;padding-bottom:0px\" id=\"wpv-column-5b2157eee9de94061b2c92c0605c26a2\" ><\/div>\n<div class=\"wpv-grid grid-2-3 add-border wpv-first-level unextended\" style=\"padding-top:20px;padding-bottom:15px\" id=\"wpv-column-10b3dabb44ec912d6ae11cdbbcec261a\" ><div class=\"row \"><div class=\"wpv-grid grid-1-1  first unextended animation-fade-in animated-active\" style=\"padding-top:0px;padding-bottom:0px\" id=\"wpv-column-f4082d9eb1bee8804a23db7d20b7cc89\" ><h4 style=\"padding-left: 20px;\">CONTACTS<\/h4>\n<p style=\"padding-left: 20px;\"><a id=\"\" class=\"\" title=\"\" href=\" background_repeat=\"><!--Tel: 800-700-6200--><br \/>\n<\/a><a href=\"mailto:g.capozio@studiogentiloni.com\">g.capozio@studiogentiloni.com<\/a><br \/>\n<a href=\"mailto:giovannicapozio@ordineavvocatiroma.org\">giovannicapozio@ordineavvocatiroma.org<\/a><\/p>\n<p style=\"padding-left: 20px;\"><div class=\"push\" style='height:10px'><\/div>\n<h4 style=\"padding-left: 20px;\">SPECIALISED IN<\/h4>\n<p style=\"padding-left: 20px;\"><a href=\"\/en\/attivita\/patrocinio-in-materia-penale\/\">Legal assistance in criminal matters \u2192<\/a><br \/>\n<a href=\"\/en\/attivita\/consulenza-e-prevenzione-del-rischio-reato\/\">Legal advice and crime-averting compliance programmes \u2192<\/a><br \/>\n<a href=\"\/en\/attivita\/attivita-internazionale\/\">International activities \u2192<\/a><br \/>\n<div class=\"push\" style='height:10px'><\/div>\n<h4 style=\"padding-left: 20px;\">QUALIFICATIONS<\/h4>\n<ul>\n<li style=\"list-style-type: none;\">\n<ul>\n<li style=\"font-weight: 400;\"><span style=\"font-weight: 400;\">Degree with distinction in Law \u2013 Rome\u2019s \u2018La Sapienza\u2019 University, 2012<\/span><\/li>\n<li style=\"font-weight: 400;\"><span style=\"font-weight: 400;\">Degree with distinction from the Advanced School for Legal Studies \u2013 Rome\u2019s \u2018La Sapienza\u2019 University, 2014<\/span><\/li>\n<li style=\"font-weight: 400;\"><span style=\"font-weight: 400;\">Ph.D. in Criminal Law and Procedure \u2013 Programme XXIX \u2013 Rome\u2019s \u2018La Sapienza\u2019 University \u2013 2018<\/span><\/li>\n<li style=\"font-weight: 400;\"><span style=\"font-weight: 400;\">Enrolment at the Rome Law Society \u2013 2017<\/span><\/li>\n<\/ul>\n<\/li>\n<\/ul><\/div><\/div><\/div><\/div>\n<div class=\"push\" style='height:50px'><\/div>\n<div class=\"row \"><div class=\"wpv-grid grid-1-1  wpv-first-level first unextended\" style=\"padding-top:0px;padding-bottom:0px\" id=\"wpv-column-b68726fd59f54195307dcfc4fb89478a\" ><h3>The Lawyer<\/h3>\n<div class=\"row \">\n<div id=\"wpv-column-2d683c838b5ebbf00065efaee942c2621\" class=\"wpv-grid grid-1-2 wpv-first-level first unextended\" style=\"padding-top: 0px; padding-bottom: 0px;\">\n<div class=\"row \">\n<div id=\"wpv-column-3b2adab70b4a9bf546b86aa9455bd0e0\" class=\"wpv-grid grid-1-1 first unextended\" style=\"padding-top: 0px; padding-bottom: 0px;\">\n<p>He obtained his high school diploma with top grades and graduated in Law, cum laude, at Rome\u2019s \u2018La Sapienza\u2019 University, where he attended the post-laurem Advanced School for Legal Studied and graduated with distinction on 2014.<\/p>\n<p>He holds a Ph.D. in Criminal Law and Procedure, earned at Rome\u2019s \u2018La Sapienza\u2019 University with top grades in 2018.<\/p>\n<p>Since 2014 he has provided assistance to the professorship at Rome\u2019s \u2018La Sapienza\u2019 University in Criminal Law subjects. His main area of research is that of the criminal liability of legal entities.<\/p>\n<\/div>\n<\/div>\n<\/div>\n<div id=\"wpv-column-2fa98330df277d6d016d1927a1bffe5d1\" class=\"wpv-grid grid-1-2 wpv-first-level unextended\" style=\"padding-top: 0px; padding-bottom: 0px;\">\n<div class=\"row \">\n<div id=\"wpv-column-e0ffcb86f315b486c0ddcd2f678eca2d\" class=\"wpv-grid grid-1-1 first unextended\" style=\"padding-top: 0px; padding-bottom: 0px;\">\n<p>He teaches Criminal Law at the preparation course for the Bar Exam \u2018Praecepta\u2019 and at the National Police\u2019s School for senior officers. He also lectures as professor at several at second level university Master Degree courses.<\/p>\n<p>He is a Junior Researcher at the \u2018Alimena\u2019 Center for Criminal Studies at the University of Calabria and sits in the editorial Committee of \u2018DPEI \u2013 Diritto penale economia e impresa\u2019.<\/p>\n<p>He has been a member of the Rome Bar since 2017 and, after working in prominent Criminal Law Firms, has been with Studio Gentiloni Silveri since 2020.<\/p>\n<\/div>\n<\/div>\n<\/div>\n<\/div>\n<div class=\"push\" style='height:20px'><\/div>\n<h3><\/h3>\n<div class=\"row \"><\/div>\n<div class=\"push\" style='height:20px'><\/div>\n<h3>PUBLICATIONS<\/h3>\n<div class=\"row \">\n<div id=\"wpv-column-2d683c838b5ebbf00065efaee942c2621\" class=\"wpv-grid grid-1-2 wpv-first-level first unextended\" style=\"padding-top: 0px; padding-bottom: 0px;\">\n<div class=\"row \">\n<div id=\"wpv-column-3b2adab70b4a9bf546b86aa9455bd0e0\" class=\"wpv-grid grid-1-1 first unextended\" style=\"padding-top: 0px; padding-bottom: 0px;\">\n<p>He is the author of the following publications:<\/p>\n<p><span style=\"font-weight: 400;\">&#8211; <\/span> <span style=\"font-weight: 400;\">\u201c<\/span><i><span style=\"font-weight: 400;\">La fattispecie del reato doloso d\u2019azione, in Manuale di diritto penale. Parte generale e speciale. Editio minor<\/span><\/i><span style=\"font-weight: 400;\">\u201d,a cura di A. Gamberini \u2013 N. Madia \u2013 L. Della Ragione, Milano, Giuffr\u00e8 Francis Lefebvre, in corso di pubblicazione; <\/span><\/p>\n<p><span style=\"font-weight: 400;\">&#8211; <\/span> <span style=\"font-weight: 400;\">\u201c<\/span><i><span style=\"font-weight: 400;\">\u2018Pena\u2019. Immutabilit\u00e0 del genere della pena e tutela del canone del favor rei, in Argomenti di diritto penale giurisprudenziale<\/span><\/i><span style=\"font-weight: 400;\">\u201d, a cura di T.E. Epidendio \u2013 E.Rosi, Milano, Giuffr\u00e8 Francis Lefebvre, 2022, pp. 478-525;<\/span><\/p>\n<p><span style=\"font-weight: 400;\">&#8211; <\/span> <span style=\"font-weight: 400;\">\u201c<\/span><i><span style=\"font-weight: 400;\">Commento agli articoli 1, 2, 3 e 4 del Protocollo n. 4 alla Convenzione per la salvaguardia dei Diritti dell\u2019Uomo e delle Libert\u00e0 fondamentali, che riconosce alcuni diritti e libert\u00e0 oltre quelli che gi\u00e0 figurano nella Convenzione e nel Protocollo addizionale alla Convenzione<\/span><\/i><span style=\"font-weight: 400;\">\u201d, in Aa. Vv., &#8220;La Convenzione europea dei diritti dell\u2019uomo. I diritti \u2013 &#8220;La procedura&#8221;, Commentario diretto da S. Beltrani, Bologna, Zanichelli, 2022, pp. 1579-1645;;<\/span><\/p>\n<p><span style=\"font-weight: 400;\">&#8211; <\/span> <span style=\"font-weight: 400;\">\u201c<\/span><i><span style=\"font-weight: 400;\">Commento agli artt. 31-32, d.lgs. 8 giugno 2001, n. 231<\/span><\/i><span style=\"font-weight: 400;\">\u201d in D. Castronuovo \u2013 G. De Simone \u2013 E. Ginevra \u2013 A. Lionzo \u2013 D. Negri \u2013 G. Varraso (a cura di), &#8220;Compliance \u2013 Responsabilit\u00e0 da reato degli enti collettivi&#8221;, I ed., Wolters Kluwer, Milano, 2019, pp. 802-815;<\/span><\/p>\n<p><span style=\"font-weight: 400;\">&#8211; <\/span> <span style=\"font-weight: 400;\">\u201c<\/span><i><span style=\"font-weight: 400;\">Commento agli artt. 28 &#8211; 29 &#8211; 30 &#8211; 33, d.lgs. n. 231\/2001 \u2013 Profili penalistici <\/span><\/i><span style=\"font-weight: 400;\">\u201d, (co-autore D. Vozza), in D. Castronuovo \u2013 G. De Simone \u2013 E. Ginevra \u2013 A. Lionzo \u2013 D. Negri \u2013 G. Varraso (a cura di), &#8220;Compliance \u2013 Responsabilit\u00e0 da reato degli enti collettivi&#8221;, I ed., Wolters Kluwer, Milano, 2019, pp. 837-847; 850-853.<\/span><\/p>\n<p><span style=\"font-weight: 400;\">&#8211; <\/span> <span style=\"font-weight: 400;\">\u201c<\/span><i><span style=\"font-weight: 400;\">Mancata esecuzione di un provvedimento del giudice: unicit\u00e0 del procedimento giurisdizionale, pluralit\u00e0 di provvedimenti e divieto di bis in idem<\/span><\/i><span style=\"font-weight: 400;\">\u201d , in ilPenalista.it, 4 settembre 2019;<\/span><\/p>\n<p><span style=\"font-weight: 400;\">&#8211; <\/span> <span style=\"font-weight: 400;\">\u201c<\/span><i><span style=\"font-weight: 400;\">Presupposti e limiti della configurabilit\u00e0 del tentativo di induzione indebita e rapporti con fattispecie criminose limitrofe: l\u2019incerto confine tra la figura del privato \u00abautore del reato\u00bb ovvero \u00abpersona offesa\u00bb dal medesimo<\/span><\/i><span style=\"font-weight: 400;\">\u201d, in R. Garofoli, Focus magistratura, n. 3\/3, maggio 2019, pp. 59-74;<\/span><\/p>\n<\/div>\n<\/div>\n<\/div>\n<div id=\"wpv-column-2fa98330df277d6d016d1927a1bffe5d1\" class=\"wpv-grid grid-1-2 wpv-first-level unextended\" style=\"padding-top: 0px; padding-bottom: 0px;\">\n<div class=\"row \">\n<div id=\"wpv-column-e0ffcb86f315b486c0ddcd2f678eca2d\" class=\"wpv-grid grid-1-1 first unextended\" style=\"padding-top: 0px; padding-bottom: 0px;\">\n<p><span style=\"font-weight: 400;\">&#8211; <\/span> <span style=\"font-weight: 400;\">(coautor) \u201c<\/span><i><span style=\"font-weight: 400;\">Particolare tenuit\u00e0 del fatto. La non irrisoriet\u00e0 del danno non ostacola l\u2019applicazione della causa di non punibilit\u00e0, in ilPenalista.it<\/span><span style=\"font-weight: 400;\">), , 6 marzo 2019;<\/span><\/i><\/p>\n<p><span style=\"font-weight: 400;\">&#8211;<\/span> <span style=\"font-weight: 400;\">\u201cV<\/span><i><span style=\"font-weight: 400;\">oce Autoriciclaggio<\/span><\/i><span style=\"font-weight: 400;\">\u201d,in ilPenalista.it, 12 febbraio 2019;<\/span><\/p>\n<p><span style=\"font-weight: 400;\">&#8211; &#8220;<\/span><i><span style=\"font-weight: 400;\">Il concorso nelle associazioni con finalit\u00e0 di terrorismo<\/span><\/i><i><i><span style=\"font-weight: 400;\">\u201d, in R. Garofoli, &#8220;Focus magistratura&#8221;, n. 2\/3, febbraio 2019, pp. 54-60;<\/span><\/i><\/i><\/p>\n<p><span style=\"font-weight: 400;\">&#8211; &#8220;<\/span><i><span style=\"font-weight: 400;\">Il delitto di autoriciclaggio. Contrasti giurisprudenziali<\/span><\/i><i><i><span style=\"font-weight: 400;\">\u201d, in ilPenalista.it, 21 dicembre 2018;<\/span><\/i><\/i><\/p>\n<p><span style=\"font-weight: 400;\">&#8211; &#8220;<\/span><i><span style=\"font-weight: 400;\">Artt. 131-bis \u2013 219, in A. A. Salemme, Codice penale annotato con le massime integrali delle SS.UU. e della giurisprudenza pi\u00f9 significativa, I ed.<\/span><\/i><i><i><span style=\"font-weight: 400;\">\u201d, Neldiritto, Molfetta, 2018;<\/span><\/i><\/i><\/p>\n<p><span style=\"font-weight: 400;\">&#8211; &#8220;<\/span><i><span style=\"font-weight: 400;\">Deturpamento e imbrattamento di cose altrui. Un caso di abbandono, lungo la pubblica via, di rifiuti estratti da un cassonetto<\/span><\/i><i><i><span style=\"font-weight: 400;\">\u201d, in ilPenalista.it, 27 luglio 2018;<\/span><\/i><\/i><\/p>\n<p><span style=\"font-weight: 400;\">&#8211;<\/span><i><span style=\"font-weight: 400;\">(editor) &#8220;Voci Economia \u2013 Lavoro; Pedopornografia \u2013 Sanit\u00e0, in R. Garofoli, Codice delle leggi penali speciali \u2013 Annotato con la giurisprudenza, V ed.<\/span><\/i><i><i><span style=\"font-weight: 400;\">\u201d, Neldiritto, Molfetta, 2017;<\/span><\/i><\/i><\/p>\n<p><span style=\"font-weight: 400;\">&#8211; &#8220;<\/span><i><span style=\"font-weight: 400;\">Capitoli in tema di Delitti contro la Pubblica amministrazione e Delitti contro l\u2019ordine pubblico, in R. Garofoli, Manuale di diritto penale. Parte speciale, tomo 1, IV ed.<\/span><\/i><i><i><span style=\"font-weight: 400;\">\u201d, Neldiritto, Roma, 2017;<\/span><\/i><\/i><\/p>\n<p><span style=\"font-weight: 400;\">&#8211; <\/span><i><span style=\"font-weight: 400;\">(editor) &#8220;Voci Pedopornografia \u2013 Sanit\u00e0, in R. Garofoli, Codice delle leggi penali speciali \u2013 Annotato con la giurisprudenza, IV ed.<\/span><\/i><i><i><span style=\"font-weight: 400;\">\u201d, Nel Diritto, Roma, 2016;<\/span><\/i><\/i><\/p>\n<\/div>\n<\/div>\n<\/div>\n<\/div>\n<div class=\"row \"><\/div><\/div><\/div>\n<div class=\"row \"><div class=\"wpv-grid grid-1-1  wpv-first-level first unextended animation-from-bottom animated-active\" style=\"padding-top:15px;padding-bottom:60px\" id=\"wpv-column-320df083461182d29f99cb99c5e84486\" >\t\t<div class=\"sep-text single centered\">\n\t\t\t\t\t\t\t<span class=\"sep-text-before\"><div class=\"sep-text-line\"><\/div><\/span>\n\t\t\t\t\t\t<div class=\"content\">\n\t\t\t\t<h2 class=\"text-divider-double\">Contact The Lawyer<\/h2>\t\t\t<\/div>\n\t\t\t<span class=\"sep-text-after\"><div class=\"sep-text-line\"><\/div><\/span>\n\t\t\t\t\t<\/div>\n\t<div class=\"push\" style='height:10px'><\/div>\n<div class=\"row \"><div class=\"wpv-grid grid-1-1  first unextended\" style=\"padding-top:0px;padding-bottom:0px\" id=\"wpv-column-c4e6db087681c10f5a6eed331acd1612\" ><p><div role=\"form\" class=\"wpcf7\" id=\"wpcf7-f10669-o1\" lang=\"en-US\" dir=\"ltr\">\n<div class=\"screen-reader-response\"><p role=\"status\" aria-live=\"polite\" aria-atomic=\"true\"><\/p> <ul><\/ul><\/div>\n<form action=\"\/en\/wp-json\/wp\/v2\/pages\/10006#wpcf7-f10669-o1\" method=\"post\" class=\"wpcf7-form init\" novalidate=\"novalidate\" data-status=\"init\">\n<div style=\"display: none;\">\n<input type=\"hidden\" name=\"_wpcf7\" value=\"10669\" \/>\n<input type=\"hidden\" name=\"_wpcf7_version\" value=\"5.5.6\" \/>\n<input type=\"hidden\" name=\"_wpcf7_locale\" value=\"en_US\" \/>\n<input type=\"hidden\" name=\"_wpcf7_unit_tag\" value=\"wpcf7-f10669-o1\" \/>\n<input type=\"hidden\" name=\"_wpcf7_container_post\" value=\"0\" \/>\n<input type=\"hidden\" name=\"_wpcf7_posted_data_hash\" value=\"\" \/>\n<\/div>\n<div class=\"vamtam-rsvp-form\">\n<div class=\"row\">\n<div class=\"grid-1-3\">\n\t\t\t<span class=\"wpcf7-form-control-wrap yname\"><input type=\"text\" name=\"yname\" value=\"\" size=\"40\" class=\"wpcf7-form-control wpcf7-text wpcf7-validates-as-required\" id=\"name\" aria-required=\"true\" aria-invalid=\"false\" placeholder=\"Name\" \/><\/span>\n\t\t<\/div>\n<div class=\"grid-1-3\">\n\t\t\t<span class=\"wpcf7-form-control-wrap Phone\"><input type=\"text\" name=\"Phone\" value=\"\" size=\"40\" class=\"wpcf7-form-control wpcf7-text\" id=\"Phone\" aria-invalid=\"false\" placeholder=\"Phone number (Optional)\" \/><\/span>\n\t\t<\/div>\n<div class=\"grid-1-3\">\n\t\t\t<span class=\"wpcf7-form-control-wrap email-534\"><input type=\"email\" name=\"email-534\" value=\"\" size=\"40\" class=\"wpcf7-form-control wpcf7-text wpcf7-email wpcf7-validates-as-required wpcf7-validates-as-email\" id=\"email\" aria-required=\"true\" aria-invalid=\"false\" placeholder=\"Email address\" \/><\/span><\/p>\n<\/div>\n<div class=\"grid-1-1\">\n\t\t\t<span class=\"wpcf7-form-control-wrap our-message\"><textarea name=\"our-message\" cols=\"40\" rows=\"5\" class=\"wpcf7-form-control wpcf7-textarea wpcf7-validates-as-required\" id=\"message\" aria-required=\"true\" aria-invalid=\"false\" placeholder=\"Description\"><\/textarea><\/span>\n\t\t<\/div>\n<\/div>\n<div style= \"text-align: center;\"><input type=\"submit\" value=\"SEND REQUEST \u2192\" class=\"wpcf7-form-control has-spinner wpcf7-submit\" \/><\/div>\n<\/div>\n<div class=\"wpcf7-response-output\" aria-hidden=\"true\"><\/div><\/form><\/div><\/div><\/div><\/div><\/div><\/p>","protected":false},"excerpt":{"rendered":"<p>CONTACTS g.capozio@studiogentiloni.com giovannicapozio@ordineavvocatiroma.org SPECIALISED IN Legal assistance in criminal matters \u2192 Legal advice and crime-averting compliance programmes \u2192 International activities \u2192 QUALIFICATIONS Degree with distinction in Law \u2013 Rome\u2019s \u2018La Sapienza\u2019 University, 2012 Degree with distinction from the Advanced School for Legal Studies \u2013 Rome\u2019s \u2018La Sapienza\u2019 University, 2014 Ph.D. in Criminal Law and Procedure&#8230;<\/p>\n","protected":false},"author":7,"featured_media":0,"parent":7774,"menu_order":0,"comment_status":"closed","ping_status":"closed","template":"","meta":[],"_links":{"self":[{"href":"https:\/\/studiogentiloni.com\/en\/wp-json\/wp\/v2\/pages\/10006"}],"collection":[{"href":"https:\/\/studiogentiloni.com\/en\/wp-json\/wp\/v2\/pages"}],"about":[{"href":"https:\/\/studiogentiloni.com\/en\/wp-json\/wp\/v2\/types\/page"}],"author":[{"embeddable":true,"href":"https:\/\/studiogentiloni.com\/en\/wp-json\/wp\/v2\/users\/7"}],"replies":[{"embeddable":true,"href":"https:\/\/studiogentiloni.com\/en\/wp-json\/wp\/v2\/comments?post=10006"}],"version-history":[{"count":9,"href":"https:\/\/studiogentiloni.com\/en\/wp-json\/wp\/v2\/pages\/10006\/revisions"}],"predecessor-version":[{"id":10671,"href":"https:\/\/studiogentiloni.com\/en\/wp-json\/wp\/v2\/pages\/10006\/revisions\/10671"}],"up":[{"embeddable":true,"href":"https:\/\/studiogentiloni.com\/en\/wp-json\/wp\/v2\/pages\/7774"}],"wp:attachment":[{"href":"https:\/\/studiogentiloni.com\/en\/wp-json\/wp\/v2\/media?parent=10006"}],"curies":[{"name":"wp","href":"https:\/\/api.w.org\/{rel}","templated":true}]}}