{"id":10006,"date":"2016-12-05T12:03:58","date_gmt":"2016-12-05T12:03:58","guid":{"rendered":"http:\/\/studiogentiloni.com\/esp\/?page_id=10006"},"modified":"2017-05-13T14:04:10","modified_gmt":"2017-05-13T14:04:10","slug":"avv-clotilde-dapei","status":"publish","type":"page","link":"https:\/\/studiogentiloni.com\/esp\/professionisti\/avv-clotilde-dapei\/","title":{"rendered":"Abg. Clotilde Dapei"},"content":{"rendered":"<p><div class=\"row \"><div class=\"wpv-grid grid-1-3  wpv-first-level first has-background unextended\" style=\"\n\t\t\t\tbackground: url( 'http:\/\/studiogentiloni.com\/esp\/wp-content\/uploads\/2017\/01\/Clotilde-Dapei_t.jpg' ) no-repeat center top;\n\t\t\t\tbackground-size: auto;\n\t\t\tpadding-top:400px;padding-bottom:0px\" id=\"wpv-column-f5b7a6fd1f84ef39a0ddfa5669a47589\" ><\/div>\n<div class=\"wpv-grid grid-2-3 add-border wpv-first-level unextended\" style=\"padding-top:20px;padding-bottom:15px\" id=\"wpv-column-21fe7f197ee40fd8e68c4b2b3b6f57d5\" ><div class=\"row \"><div class=\"wpv-grid grid-1-1  first unextended animation-fade-in animated-active\" style=\"padding-top:0px;padding-bottom:0px\" id=\"wpv-column-a5fffa904f94b655ecd7c571c728dec4\" ><h4 style=\"padding-left: 20px;\">CONTACTOS<\/h4>\n<p style=\"padding-left: 20px;\"><a id=\"\" class=\"\" title=\"\" href=\" background_repeat=\"><!--Tel: 800-700-6200--><br \/>\n<\/a><a href=\"mailto:c.dapei@studiogentiloni.com\">c.dapei@studiogentiloni.com<\/a><br \/>\n<a href=\"mailto:clotildealicemariedapei@ordineavvocatiroma.org\">clotildealicemariedapei@ordineavvocatiroma.org<\/a><\/p>\n<p style=\"padding-left: 20px;\"><div class=\"push\" style='height:10px'><\/div>\n<h4 style=\"padding-left: 20px;\">AREA DE COMPETENCIA<\/h4>\n<p style=\"padding-left: 20px;\"><a href=\"\/esp\/attivitapatrocinio-in-materia-penale\/\">Defensa en juicio \u2192<\/a><br \/>\n<a href=\"\/esp\/attivitaconsulenza-e-prevenzione-del-rischio-reato\/\">Asesoramiento \u2192<\/a><br \/>\n<a href=\"\/esp\/attivitaattivita-internazionale\/\">Internacionalidad \u2192<\/a><br \/>\n<div class=\"push\" style='height:10px'><\/div>\n<h4 style=\"padding-left: 20px;\">EDUCACI\u00d3N Y T\u00cdTULOS<\/h4>\n<ul>\n<ul>\n<li style=\"font-weight: 400;\"><span style=\"font-weight: 400;\">Licenciatura en derecho cum laude\u2013 Universit\u00e8 Paris X Nanterre \u2013 2009<\/span><\/li>\n<li style=\"font-weight: 400;\"><span style=\"font-weight: 400;\">Inscripci\u00f3n al Colegio de los Abogados de Roma \u2013 2016<\/span><\/li>\n<\/ul>\n<\/ul><\/div><\/div><\/div><\/div>\n<div class=\"push\" style='height:50px'><\/div>\n<div class=\"row \"><div class=\"wpv-grid grid-1-1  wpv-first-level first unextended\" style=\"padding-top:0px;padding-bottom:0px\" id=\"wpv-column-ff9e1ab16e857ebdffe3cab32ce3705d\" ><h3> EL ABOGADO<\/h3>\n<div class=\"row \">\n<div id=\"wpv-column-2d683c838b5ebbf00065efaee942c2621\" class=\"wpv-grid grid-1-2 wpv-first-level first unextended\" style=\"padding-top: 0px; padding-bottom: 0px;\">\n<div class=\"row \">\n<div id=\"wpv-column-3b2adab70b4a9bf546b86aa9455bd0e0\" class=\"wpv-grid grid-1-1 first unextended\" style=\"padding-top: 0px; padding-bottom: 0px;\">\n<p>Naci\u00f3 en Par\u00eds donde curs\u00f3 estudios cl\u00e1sicos. Durante su trayectoria universitaria estudi\u00f3 derecho movi\u00e9ndose entre Italia y Francia, y gradu\u00e1ndose con honores por la Universit\u00e9 \u201cParis X\u201d de Nanterre.<\/p>\n<p>Al finalizar sus estudios, entr\u00f3 en importantes empresas p\u00fablicas francesas, donde se ocup\u00f3 de las relaciones de secretar\u00eda con el Consejo de Administraci\u00f3n. Empez\u00f3 a ejercer como abogado en el campo del derecho internacional, primero en famosos bufetes de abogados parisinos, y posteriormente en las sedes romanas de importantes despachos internacionales.<\/p>\n<p>Se especializ\u00f3 en particular en la defensa en el derecho penal internacional, adquiriendo experiencia tanto en \u00e1mbito judicial como extrajudicial, a favor de una clientela internacional.<br \/>\nEs miembro del Colegio de Abogados de Roma desde 2016.<\/p>\n<\/div>\n<\/div>\n<\/div>\n<\/div>\n<div class=\"push\" style='height:20px'><\/div>\n<h3><\/h3>\n<div class=\"row \"><\/div><\/div><\/div>\n<div class=\"row \"><div class=\"wpv-grid grid-1-1  wpv-first-level first unextended animation-from-bottom animated-active\" style=\"padding-top:15px;padding-bottom:60px\" id=\"wpv-column-c8da5e32c7409d442d5a2adf29828afe\" >\t\t<div class=\"sep-text single centered\">\n\t\t\t\t\t\t\t<span class=\"sep-text-before\"><div class=\"sep-text-line\"><\/div><\/span>\n\t\t\t\t\t\t<div class=\"content\">\n\t\t\t\t<h2 class=\"text-divider-double\">Contacte al Abogado<\/h2>\t\t\t<\/div>\n\t\t\t<span class=\"sep-text-after\"><div class=\"sep-text-line\"><\/div><\/span>\n\t\t\t\t\t<\/div>\n\t<div class=\"push\" style='height:10px'><\/div>\n<div class=\"row \"><div class=\"wpv-grid grid-1-1  first unextended\" style=\"padding-top:0px;padding-bottom:0px\" id=\"wpv-column-b6de56314d57f00cf58c5b52c4517636\" ><p><div role=\"form\" class=\"wpcf7\" id=\"wpcf7-f10563-o1\" lang=\"en-US\" dir=\"ltr\">\n<div class=\"screen-reader-response\"><p role=\"status\" aria-live=\"polite\" aria-atomic=\"true\"><\/p> <ul><\/ul><\/div>\n<form action=\"\/esp\/wp-json\/wp\/v2\/pages\/10006#wpcf7-f10563-o1\" method=\"post\" class=\"wpcf7-form init\" novalidate=\"novalidate\" data-status=\"init\">\n<div style=\"display: none;\">\n<input type=\"hidden\" name=\"_wpcf7\" value=\"10563\" \/>\n<input type=\"hidden\" name=\"_wpcf7_version\" value=\"5.5.6\" \/>\n<input type=\"hidden\" name=\"_wpcf7_locale\" value=\"en_US\" \/>\n<input type=\"hidden\" name=\"_wpcf7_unit_tag\" value=\"wpcf7-f10563-o1\" \/>\n<input type=\"hidden\" name=\"_wpcf7_container_post\" value=\"0\" \/>\n<input type=\"hidden\" name=\"_wpcf7_posted_data_hash\" value=\"\" \/>\n<\/div>\n<div class=\"vamtam-rsvp-form\">\n<div class=\"row\">\n<div class=\"grid-1-3\">\n\t\t\t<span class=\"wpcf7-form-control-wrap yname\"><input type=\"text\" name=\"yname\" value=\"\" size=\"40\" class=\"wpcf7-form-control wpcf7-text wpcf7-validates-as-required\" id=\"name\" aria-required=\"true\" aria-invalid=\"false\" placeholder=\"Nombre\" \/><\/span>\n\t\t<\/div>\n<div class=\"grid-1-3\">\n\t\t\t<span class=\"wpcf7-form-control-wrap Phone\"><input type=\"text\" name=\"Phone\" value=\"\" size=\"40\" class=\"wpcf7-form-control wpcf7-text\" id=\"Phone\" aria-invalid=\"false\" placeholder=\"Tel\u00e9fono\" \/><\/span>\n\t\t<\/div>\n<div class=\"grid-1-3\">\n\t\t\t<span class=\"wpcf7-form-control-wrap email-534\"><input type=\"email\" name=\"email-534\" value=\"\" size=\"40\" class=\"wpcf7-form-control wpcf7-text wpcf7-email wpcf7-validates-as-required wpcf7-validates-as-email\" id=\"email\" aria-required=\"true\" aria-invalid=\"false\" placeholder=\"Correo electr\u00f3nico\" \/><\/span><\/p>\n<\/div>\n<div class=\"grid-1-1\">\n\t\t\t<span class=\"wpcf7-form-control-wrap our-message\"><textarea name=\"our-message\" cols=\"40\" rows=\"5\" class=\"wpcf7-form-control wpcf7-textarea wpcf7-validates-as-required\" id=\"message\" aria-required=\"true\" aria-invalid=\"false\" placeholder=\"Mensaje\"><\/textarea><\/span>\n\t\t<\/div>\n<\/div>\n<div style= \"text-align: center;\"><input type=\"submit\" value=\"Enviar solicitud \u2192\" class=\"wpcf7-form-control has-spinner wpcf7-submit\" \/><\/div>\n<\/div>\n<div class=\"wpcf7-response-output\" aria-hidden=\"true\"><\/div><\/form><\/div><\/div><\/div><\/div><\/div><\/p>","protected":false},"excerpt":{"rendered":"<p>CONTACTOS c.dapei@studiogentiloni.com clotildealicemariedapei@ordineavvocatiroma.org AREA DE COMPETENCIA Defensa en juicio \u2192 Asesoramiento \u2192 Internacionalidad \u2192 EDUCACI\u00d3N Y T\u00cdTULOS Licenciatura en derecho cum laude\u2013 Universit\u00e8 Paris X Nanterre \u2013 2009 Inscripci\u00f3n al Colegio de los Abogados de Roma \u2013 2016 [\/column_1] EL ABOGADO Naci\u00f3 en Par\u00eds donde curs\u00f3 estudios cl\u00e1sicos. Durante su trayectoria universitaria estudi\u00f3 derecho movi\u00e9ndose&#8230;<\/p>\n","protected":false},"author":7,"featured_media":0,"parent":7774,"menu_order":0,"comment_status":"closed","ping_status":"closed","template":"","meta":[],"_links":{"self":[{"href":"https:\/\/studiogentiloni.com\/esp\/wp-json\/wp\/v2\/pages\/10006"}],"collection":[{"href":"https:\/\/studiogentiloni.com\/esp\/wp-json\/wp\/v2\/pages"}],"about":[{"href":"https:\/\/studiogentiloni.com\/esp\/wp-json\/wp\/v2\/types\/page"}],"author":[{"embeddable":true,"href":"https:\/\/studiogentiloni.com\/esp\/wp-json\/wp\/v2\/users\/7"}],"replies":[{"embeddable":true,"href":"https:\/\/studiogentiloni.com\/esp\/wp-json\/wp\/v2\/comments?post=10006"}],"version-history":[{"count":2,"href":"https:\/\/studiogentiloni.com\/esp\/wp-json\/wp\/v2\/pages\/10006\/revisions"}],"predecessor-version":[{"id":10579,"href":"https:\/\/studiogentiloni.com\/esp\/wp-json\/wp\/v2\/pages\/10006\/revisions\/10579"}],"up":[{"embeddable":true,"href":"https:\/\/studiogentiloni.com\/esp\/wp-json\/wp\/v2\/pages\/7774"}],"wp:attachment":[{"href":"https:\/\/studiogentiloni.com\/esp\/wp-json\/wp\/v2\/media?parent=10006"}],"curies":[{"name":"wp","href":"https:\/\/api.w.org\/{rel}","templated":true}]}}