{"id":10008,"date":"2016-12-05T12:02:12","date_gmt":"2016-12-05T12:02:12","guid":{"rendered":"http:\/\/studiogentiloni.com\/esp\/?page_id=10008"},"modified":"2017-05-04T16:58:13","modified_gmt":"2017-05-04T16:58:13","slug":"avv-francesca-romana-corsini","status":"publish","type":"page","link":"https:\/\/studiogentiloni.com\/esp\/professionisti\/avv-francesca-romana-corsini\/","title":{"rendered":"Abg. Francesca Romana Corsini"},"content":{"rendered":"<p><div class=\"row \"><div class=\"wpv-grid grid-1-3  wpv-first-level first has-background unextended\" style=\"\n\t\t\t\tbackground: url( 'http:\/\/studiogentiloni.com\/esp\/wp-content\/uploads\/2017\/01\/Francesca-Romana-Corsini_t.jpg' ) no-repeat center top;\n\t\t\t\tbackground-size: auto;\n\t\t\tpadding-top:400px;padding-bottom:0px\" id=\"wpv-column-e3aff6a0758f217b254eea863c67a144\" ><\/div>\n<div class=\"wpv-grid grid-2-3 add-border wpv-first-level unextended\" style=\"padding-top:20px;padding-bottom:15px\" id=\"wpv-column-dcfc2d33c7cb2bbf6c566aa17cc85d82\" ><div class=\"row \"><div class=\"wpv-grid grid-1-1  first unextended animation-fade-in animated-active\" style=\"padding-top:0px;padding-bottom:0px\" id=\"wpv-column-5d606447fa4bbe472c0076268da5f98c\" ><h4 style=\"padding-left: 20px;\">CONTACTOS<\/h4>\n<p style=\"padding-left: 20px;\"><a id=\"\" class=\"\" title=\"\" href=\" background_repeat=\"><!--Tel: 800-700-6200--><br \/>\n<\/a><a href=\"mailto:fr.corsini@studiogentiloni.com\">fr.corsini@studiogentiloni.com<\/a><br \/>\n<a href=\"mailto:francescaromanacorsini@ordineavvocatiroma.org\">francescaromanacorsini@ordineavvocatiroma.org<\/a><\/p>\n<p style=\"padding-left: 20px;\"><div class=\"push\" style='height:10px'><\/div>\n<h4 style=\"padding-left: 20px;\">AREA DE COMPETENCIA<\/h4>\n<p style=\"padding-left: 20px;\"><a href=\"\/esp\/attivitapatrocinio-in-materia-penale\/\">Defensa en juicio \u2192<\/a><br \/>\n<a href=\"\/esp\/attivitaconsulenza-e-prevenzione-del-rischio-reato\/\">Asesoramiento \u2192<\/a><br \/>\n<a href=\"\/esp\/attivitaattivita-internazionale\/\">Internacionalidad \u2192<\/a><br \/>\n<div class=\"push\" style='height:10px'><\/div>\n<h4 style=\"padding-left: 20px;\">EDUCACI\u00d3N Y T\u00cdTULOS<\/h4>\n<ul>\n<li style=\"list-style-type: none;\">\n<ul>\n<li style=\"list-style-type: none;\">\n<ul>\n<li style=\"list-style-type: none;\">\n<ul>\n<li>Licenciatura <em>cum laude <\/em>en Derecho \u2013 Universit\u00e0 degli Studi \u201cRoma Tre\u201d di Roma \u2013 2014<\/li>\n<li>Inscripci\u00f3n al Colegio de Abogados de Roma &#8211; 2016<\/li>\n<\/ul>\n<\/li>\n<\/ul>\n<\/li>\n<\/ul>\n<\/li>\n<\/ul><\/div><\/div><\/div><\/div>\n<div class=\"push\" style='height:50px'><\/div>\n<div class=\"row \"><div class=\"wpv-grid grid-1-1  wpv-first-level first unextended\" style=\"padding-top:0px;padding-bottom:0px\" id=\"wpv-column-dc8f9b66810b48fe2394dc9c3f66212d\" ><h3>EL ABOGADO<\/h3>\n<div class=\"row \">\n<div id=\"wpv-column-2d683c838b5ebbf00065efaee942c2621\" class=\"wpv-grid grid-1-2 wpv-first-level first unextended\" style=\"padding-top: 0px; padding-bottom: 0px;\">\n<div class=\"row \">\n<div id=\"wpv-column-3b2adab70b4a9bf546b86aa9455bd0e0\" class=\"wpv-grid grid-1-1 first unextended\" style=\"padding-top: 0px; padding-bottom: 0px;\">\n<p>Curs\u00f3 estudios cl\u00e1sicos y posteriormente se gradu\u00f3 en Derecho por la Universidad \u201cRoma Tre\u201d de Roma.<\/p>\n<p>Tras una experiencia de colaboraci\u00f3n en la Banca d\u2019Italia y una pasant\u00eda en el Tribunal de Apelaci\u00f3n de Roma, empez\u00f3 a colaborar con prestigiosos bufetes de abogados romanos, especializ\u00e1ndose enseguida en el campo del derecho penal de empresa y participando en importantes proyectos de asesoramiento para empresas nacionales y extranjeras.<\/p>\n<p>Es miembro del Colegio de Abogados de Roma desde 2016.<\/p>\n<\/div>\n<\/div>\n<\/div>\n<\/div>\n<div class=\"push\" style='height:20px'><\/div>\n<h3><\/h3>\n<div class=\"row \"><\/div><\/div><\/div>\n<div class=\"row \"><div class=\"wpv-grid grid-1-1  wpv-first-level first unextended animation-from-bottom animated-active\" style=\"padding-top:15px;padding-bottom:60px\" id=\"wpv-column-8b89d14de25f7f2e29a7f4d50cf0946c\" >\t\t<div class=\"sep-text single centered\">\n\t\t\t\t\t\t\t<span class=\"sep-text-before\"><div class=\"sep-text-line\"><\/div><\/span>\n\t\t\t\t\t\t<div class=\"content\">\n\t\t\t\t<h2 class=\"text-divider-double\">Contacte al Abogado<\/h2>\t\t\t<\/div>\n\t\t\t<span class=\"sep-text-after\"><div class=\"sep-text-line\"><\/div><\/span>\n\t\t\t\t\t<\/div>\n\t<div class=\"push\" style='height:10px'><\/div>\n<div class=\"row \"><div class=\"wpv-grid grid-1-1  first unextended\" style=\"padding-top:0px;padding-bottom:0px\" id=\"wpv-column-d843ff588ec64407b25fc96aaa2eedb6\" ><p><div role=\"form\" class=\"wpcf7\" id=\"wpcf7-f10564-o1\" lang=\"en-US\" dir=\"ltr\">\n<div class=\"screen-reader-response\"><p role=\"status\" aria-live=\"polite\" aria-atomic=\"true\"><\/p> <ul><\/ul><\/div>\n<form action=\"\/esp\/wp-json\/wp\/v2\/pages\/10008#wpcf7-f10564-o1\" method=\"post\" class=\"wpcf7-form init\" novalidate=\"novalidate\" data-status=\"init\">\n<div style=\"display: none;\">\n<input type=\"hidden\" name=\"_wpcf7\" value=\"10564\" \/>\n<input type=\"hidden\" name=\"_wpcf7_version\" value=\"5.5.6\" \/>\n<input type=\"hidden\" name=\"_wpcf7_locale\" value=\"en_US\" \/>\n<input type=\"hidden\" name=\"_wpcf7_unit_tag\" value=\"wpcf7-f10564-o1\" \/>\n<input type=\"hidden\" name=\"_wpcf7_container_post\" value=\"0\" \/>\n<input type=\"hidden\" name=\"_wpcf7_posted_data_hash\" value=\"\" \/>\n<\/div>\n<div class=\"vamtam-rsvp-form\">\n<div class=\"row\">\n<div class=\"grid-1-3\">\n\t\t\t<span class=\"wpcf7-form-control-wrap yname\"><input type=\"text\" name=\"yname\" value=\"\" size=\"40\" class=\"wpcf7-form-control wpcf7-text wpcf7-validates-as-required\" id=\"name\" aria-required=\"true\" aria-invalid=\"false\" placeholder=\"Nombre\" \/><\/span>\n\t\t<\/div>\n<div class=\"grid-1-3\">\n\t\t\t<span class=\"wpcf7-form-control-wrap Phone\"><input type=\"text\" name=\"Phone\" value=\"\" size=\"40\" class=\"wpcf7-form-control wpcf7-text\" id=\"Phone\" aria-invalid=\"false\" placeholder=\"Tel\u00e9fono\" \/><\/span>\n\t\t<\/div>\n<div class=\"grid-1-3\">\n\t\t\t<span class=\"wpcf7-form-control-wrap email-534\"><input type=\"email\" name=\"email-534\" value=\"\" size=\"40\" class=\"wpcf7-form-control wpcf7-text wpcf7-email wpcf7-validates-as-required wpcf7-validates-as-email\" id=\"email\" aria-required=\"true\" aria-invalid=\"false\" placeholder=\"Correo electr\u00f3nico\" \/><\/span><\/p>\n<\/div>\n<div class=\"grid-1-1\">\n\t\t\t<span class=\"wpcf7-form-control-wrap our-message\"><textarea name=\"our-message\" cols=\"40\" rows=\"5\" class=\"wpcf7-form-control wpcf7-textarea wpcf7-validates-as-required\" id=\"message\" aria-required=\"true\" aria-invalid=\"false\" placeholder=\"Mensaje\"><\/textarea><\/span>\n\t\t<\/div>\n<\/div>\n<div style= \"text-align: center;\"><input type=\"submit\" value=\"Enviar solicitud \u2192\" class=\"wpcf7-form-control has-spinner wpcf7-submit\" \/><\/div>\n<\/div>\n<div class=\"wpcf7-response-output\" aria-hidden=\"true\"><\/div><\/form><\/div><\/div><\/div><\/div><\/div><\/p>","protected":false},"excerpt":{"rendered":"<p>CONTACTOS fr.corsini@studiogentiloni.com francescaromanacorsini@ordineavvocatiroma.org AREA DE COMPETENCIA Defensa en juicio \u2192 Asesoramiento \u2192 Internacionalidad \u2192 EDUCACI\u00d3N Y T\u00cdTULOS Licenciatura cum laude en Derecho \u2013 Universit\u00e0 degli Studi \u201cRoma Tre\u201d di Roma \u2013 2014 Inscripci\u00f3n al Colegio de Abogados de Roma &#8211; 2016 [\/column_1] EL ABOGADO Curs\u00f3 estudios cl\u00e1sicos y posteriormente se gradu\u00f3 en Derecho por la&#8230;<\/p>\n","protected":false},"author":7,"featured_media":0,"parent":7774,"menu_order":0,"comment_status":"closed","ping_status":"closed","template":"","meta":[],"_links":{"self":[{"href":"https:\/\/studiogentiloni.com\/esp\/wp-json\/wp\/v2\/pages\/10008"}],"collection":[{"href":"https:\/\/studiogentiloni.com\/esp\/wp-json\/wp\/v2\/pages"}],"about":[{"href":"https:\/\/studiogentiloni.com\/esp\/wp-json\/wp\/v2\/types\/page"}],"author":[{"embeddable":true,"href":"https:\/\/studiogentiloni.com\/esp\/wp-json\/wp\/v2\/users\/7"}],"replies":[{"embeddable":true,"href":"https:\/\/studiogentiloni.com\/esp\/wp-json\/wp\/v2\/comments?post=10008"}],"version-history":[{"count":4,"href":"https:\/\/studiogentiloni.com\/esp\/wp-json\/wp\/v2\/pages\/10008\/revisions"}],"predecessor-version":[{"id":10574,"href":"https:\/\/studiogentiloni.com\/esp\/wp-json\/wp\/v2\/pages\/10008\/revisions\/10574"}],"up":[{"embeddable":true,"href":"https:\/\/studiogentiloni.com\/esp\/wp-json\/wp\/v2\/pages\/7774"}],"wp:attachment":[{"href":"https:\/\/studiogentiloni.com\/esp\/wp-json\/wp\/v2\/media?parent=10008"}],"curies":[{"name":"wp","href":"https:\/\/api.w.org\/{rel}","templated":true}]}}