{"id":10149,"date":"2016-12-19T10:37:22","date_gmt":"2016-12-19T10:37:22","guid":{"rendered":"http:\/\/studiogentiloni.com\/esp\/?page_id=10149"},"modified":"2017-05-13T14:02:18","modified_gmt":"2017-05-13T14:02:18","slug":"avv-marta-lucisano","status":"publish","type":"page","link":"https:\/\/studiogentiloni.com\/esp\/professionisti\/avv-marta-lucisano\/","title":{"rendered":"Abg. Marta Lucisano"},"content":{"rendered":"<p><div class=\"row \"><div class=\"wpv-grid grid-1-1  wpv-first-level first unextended\" style=\"padding-top:0px;padding-bottom:0px\" id=\"wpv-column-fb6535927129451a2db67aa7ff561259\" ><\/div><\/div>\n<div class=\"row \"><div class=\"wpv-grid grid-1-1  wpv-first-level first unextended\" style=\"padding-top:0px;padding-bottom:0px\" id=\"wpv-column-04bdec27c6268940eb9e895f5770d332\" ><\/div><\/div>\n<div class=\"row \"><div class=\"wpv-grid grid-1-3  wpv-first-level first has-background unextended\" style=\"\n\t\t\t\tbackground: url( 'http:\/\/studiogentiloni.com\/bra\/wp-content\/uploads\/2017\/01\/Marta-Lucisano_t.jpg' ) no-repeat center top;\n\t\t\t\tbackground-size: auto;\n\t\t\tpadding-top:400px;padding-bottom:0px\" id=\"wpv-column-44a4f2ad038bcf165df2e03ed6874415\" ><\/div>\n<div class=\"wpv-grid grid-2-3 add-border wpv-first-level unextended\" style=\"padding-top:20px;padding-bottom:15px\" id=\"wpv-column-737acebf538a128bf65119d902e0550f\" ><div class=\"row \"><div class=\"wpv-grid grid-1-1  first unextended animation-fade-in animated-active\" style=\"padding-top:0px;padding-bottom:0px\" id=\"wpv-column-9319d6883c53efe47407cf5835607e5e\" ><h4 style=\"padding-left: 20px;\">CONTACTOS<\/h4>\n<p style=\"padding-left: 20px;\"><a id=\"\" class=\"\" title=\"\" href=\" background_repeat=\"><!--Tel: 800-700-6200--><br \/>\n<\/a><a href=\"mailto:m.lucisano@studiogentiloni.com\">m.lucisano@studiogentiloni.com<\/a><br \/>\n<a href=\"mailto:martalucisano@ordineavvocatiroma.org\">martalucisano@ordineavvocatiroma.org<\/a><\/p>\n<p style=\"padding-left: 20px;\"><div class=\"push\" style='height:10px'><\/div>\n<h4 style=\"padding-left: 20px;\">AREA DE COMPETENCIA<\/h4>\n<p style=\"padding-left: 20px;\"><a href=\"\/esp\/attivitapatrocinio-in-materia-penale\/\">Defensa en juicio \u2192<\/a><br \/>\n<a href=\"\/esp\/attivitaconsulenza-e-prevenzione-del-rischio-reato\/\">Asesoramiento \u2192<\/a><br \/>\n<a href=\"\/esp\/attivitaattivita-internazionale\/\">Internacionalidad \u2192<\/a><br \/>\n<div class=\"push\" style='height:10px'><\/div>\n<h4 style=\"padding-left: 20px;\">EDUCACI\u00d3N<\/h4>\n<ul>\n<li style=\"list-style-type: none;\">\n<ul>\n<li style=\"list-style-type: none;\">\n<ul>\n<li>Licenciatura en Derecho \u00a0\u2013 Universit\u00e0 degli Studi \u201cRoma Tre\u201d de Roma \u2013 2010<\/li>\n<li>Master en Relaciones Internacionales y protecci\u00f3n internacional de los Derechos Humanos \u2013 SIOI, Roma \u2013 2011<\/li>\n<li>Inscripci\u00f3n al Colegio de Abogados de Roma \u2013 2013<\/li>\n<\/ul>\n<\/li>\n<\/ul>\n<\/li>\n<\/ul><\/div><\/div><\/div><\/div>\n<div class=\"push\" style='height:50px'><\/div>\n<div class=\"row \"><div class=\"wpv-grid grid-1-1  wpv-first-level first unextended\" style=\"padding-top:0px;padding-bottom:0px\" id=\"wpv-column-14e60495be8634efac207cf38747bf93\" ><h3>EL ABOGADO<\/h3>\n<div class=\"row \">\n<div id=\"wpv-column-2d683c838b5ebbf00065efaee942c2621\" class=\"wpv-grid grid-1-2 wpv-first-level first unextended\" style=\"padding-top: 0px; padding-bottom: 0px;\">\n<div class=\"row \">\n<div id=\"wpv-column-3b2adab70b4a9bf546b86aa9455bd0e0\" class=\"wpv-grid grid-1-1 first unextended\" style=\"padding-top: 0px; padding-bottom: 0px;\">\n<p>Realiza experiencias de estudio al extranjero y obtiene la Licenciatura en Derecho por la Universidad \u201cRoma Tre\u201d de Roma.<br \/>\nComplementa los estudios con un master en Relaciones Internacionales y Derechos Humanos por la SIOI &#8211; Sociedad Italiana de Organizaci\u00f3n Internacional y, adem\u00e1s, colabora con la Camera de los Deputados italiana.<br \/>\nMantiene tambi\u00e9n colaboraci\u00f3n con la Universidad de la Tuscia como cultora de la materia, en Derecho internacional e, luego, en Derecho e proceso penal.<br \/>\nDesenrolla su actividad profesional sobretodo en el \u00e1mbito penal, participando tambi\u00e9n a procesos de inter\u00e9s nacional, ocup\u00e1ndose de cr\u00edmenes contra la administraci\u00f3n publica, la administraci\u00f3n de la justicia, el patrimonio, la persona e la incolumidad del individuo, la responsabilidad de los m\u00e9dicos, los cr\u00edmenes contra el medio ambiente e relativos a obras de construcci\u00f3n.<\/p>\n<p>Adem\u00e1s, trata de derecho penal de la econom\u00eda, envolviendo tambi\u00e9n a la responsabilidad penal de las personas jur\u00eddicas, en conformidad con el Decreto Legislativo 231\/2001.<br \/>\nAdquiere experiencia en procesos de extradici\u00f3n, aun internacionales, y, especialmente, participa al proceso relativo al \u201cPlan C\u00f3ndor\u201d, con la implicaci\u00f3n de los m\u00e1s altos funcionarios de los organismos de seguridad sudamericanos.<\/p>\n<\/div>\n<\/div>\n<\/div>\n<\/div>\n<div class=\"push\" style='height:20px'><\/div>\n<h3><\/h3>\n<div class=\"row \"><\/div><\/div><\/div>\n<div class=\"row \"><div class=\"wpv-grid grid-1-1  wpv-first-level first unextended animation-from-bottom animated-active\" style=\"padding-top:15px;padding-bottom:60px\" id=\"wpv-column-127edffd6545925b68f538902247c526\" >\t\t<div class=\"sep-text single centered\">\n\t\t\t\t\t\t\t<span class=\"sep-text-before\"><div class=\"sep-text-line\"><\/div><\/span>\n\t\t\t\t\t\t<div class=\"content\">\n\t\t\t\t<h2 class=\"text-divider-double\">Contacte al Abogado<\/h2>\t\t\t<\/div>\n\t\t\t<span class=\"sep-text-after\"><div class=\"sep-text-line\"><\/div><\/span>\n\t\t\t\t\t<\/div>\n\t<div class=\"push\" style='height:10px'><\/div>\n<div class=\"row \"><div class=\"wpv-grid grid-1-1  first unextended\" style=\"padding-top:0px;padding-bottom:0px\" id=\"wpv-column-1bf156c56f82cbad5fee5e0c87e744ad\" ><p><div role=\"form\" class=\"wpcf7\" id=\"wpcf7-f10561-o1\" lang=\"en-US\" dir=\"ltr\">\n<div class=\"screen-reader-response\"><p role=\"status\" aria-live=\"polite\" aria-atomic=\"true\"><\/p> <ul><\/ul><\/div>\n<form action=\"\/esp\/wp-json\/wp\/v2\/pages\/10149#wpcf7-f10561-o1\" method=\"post\" class=\"wpcf7-form init\" novalidate=\"novalidate\" data-status=\"init\">\n<div style=\"display: none;\">\n<input type=\"hidden\" name=\"_wpcf7\" value=\"10561\" \/>\n<input type=\"hidden\" name=\"_wpcf7_version\" value=\"5.5.6\" \/>\n<input type=\"hidden\" name=\"_wpcf7_locale\" value=\"en_US\" \/>\n<input type=\"hidden\" name=\"_wpcf7_unit_tag\" value=\"wpcf7-f10561-o1\" \/>\n<input type=\"hidden\" name=\"_wpcf7_container_post\" value=\"0\" \/>\n<input type=\"hidden\" name=\"_wpcf7_posted_data_hash\" value=\"\" \/>\n<\/div>\n<div class=\"vamtam-rsvp-form\">\n<div class=\"row\">\n<div class=\"grid-1-3\">\n\t\t\t<span class=\"wpcf7-form-control-wrap yname\"><input type=\"text\" name=\"yname\" value=\"\" size=\"40\" class=\"wpcf7-form-control wpcf7-text wpcf7-validates-as-required\" id=\"name\" aria-required=\"true\" aria-invalid=\"false\" placeholder=\"Nombre\" \/><\/span>\n\t\t<\/div>\n<div class=\"grid-1-3\">\n\t\t\t<span class=\"wpcf7-form-control-wrap Phone\"><input type=\"text\" name=\"Phone\" value=\"\" size=\"40\" class=\"wpcf7-form-control wpcf7-text\" id=\"Phone\" aria-invalid=\"false\" placeholder=\"Tel\u00e9fono\" \/><\/span>\n\t\t<\/div>\n<div class=\"grid-1-3\">\n\t\t\t<span class=\"wpcf7-form-control-wrap email-534\"><input type=\"email\" name=\"email-534\" value=\"\" size=\"40\" class=\"wpcf7-form-control wpcf7-text wpcf7-email wpcf7-validates-as-required wpcf7-validates-as-email\" id=\"email\" aria-required=\"true\" aria-invalid=\"false\" placeholder=\"Correo electr\u00f3nico\" \/><\/span><\/p>\n<\/div>\n<div class=\"grid-1-1\">\n\t\t\t<span class=\"wpcf7-form-control-wrap our-message\"><textarea name=\"our-message\" cols=\"40\" rows=\"5\" class=\"wpcf7-form-control wpcf7-textarea wpcf7-validates-as-required\" id=\"message\" aria-required=\"true\" aria-invalid=\"false\" placeholder=\"Mensaje\"><\/textarea><\/span>\n\t\t<\/div>\n<\/div>\n<div style= \"text-align: center;\"><input type=\"submit\" value=\"Enviar solicitud \u2192\" class=\"wpcf7-form-control has-spinner wpcf7-submit\" \/><\/div>\n<\/div>\n<div class=\"wpcf7-response-output\" aria-hidden=\"true\"><\/div><\/form><\/div><\/div><\/div><\/div><\/div>\n<div class=\"row \"><div class=\"wpv-grid grid-1-1  wpv-first-level first unextended\" style=\"padding-top:0px;padding-bottom:0px\" id=\"wpv-column-a2caa5371c0af36a38d3fda1dbab2efe\" ><\/div><\/div>\n<div class=\"row \"><div class=\"wpv-grid grid-1-1  wpv-first-level first unextended\" style=\"padding-top:0px;padding-bottom:0px\" id=\"wpv-column-79dd5444bfb38fe5d402f3f20634f4be\" ><\/div><\/div><\/p>","protected":false},"excerpt":{"rendered":"<p>CONTACTOS m.lucisano@studiogentiloni.com martalucisano@ordineavvocatiroma.org AREA DE COMPETENCIA Defensa en juicio \u2192 Asesoramiento \u2192 Internacionalidad \u2192 EDUCACI\u00d3N Licenciatura en Derecho \u00a0\u2013 Universit\u00e0 degli Studi \u201cRoma Tre\u201d de Roma \u2013 2010 Master en Relaciones Internacionales y protecci\u00f3n internacional de los Derechos Humanos \u2013 SIOI, Roma \u2013 2011 Inscripci\u00f3n al Colegio de Abogados de Roma \u2013 2013 [\/column_1] EL&#8230;<\/p>\n","protected":false},"author":7,"featured_media":0,"parent":7774,"menu_order":0,"comment_status":"closed","ping_status":"closed","template":"","meta":[],"_links":{"self":[{"href":"https:\/\/studiogentiloni.com\/esp\/wp-json\/wp\/v2\/pages\/10149"}],"collection":[{"href":"https:\/\/studiogentiloni.com\/esp\/wp-json\/wp\/v2\/pages"}],"about":[{"href":"https:\/\/studiogentiloni.com\/esp\/wp-json\/wp\/v2\/types\/page"}],"author":[{"embeddable":true,"href":"https:\/\/studiogentiloni.com\/esp\/wp-json\/wp\/v2\/users\/7"}],"replies":[{"embeddable":true,"href":"https:\/\/studiogentiloni.com\/esp\/wp-json\/wp\/v2\/comments?post=10149"}],"version-history":[{"count":8,"href":"https:\/\/studiogentiloni.com\/esp\/wp-json\/wp\/v2\/pages\/10149\/revisions"}],"predecessor-version":[{"id":10578,"href":"https:\/\/studiogentiloni.com\/esp\/wp-json\/wp\/v2\/pages\/10149\/revisions\/10578"}],"up":[{"embeddable":true,"href":"https:\/\/studiogentiloni.com\/esp\/wp-json\/wp\/v2\/pages\/7774"}],"wp:attachment":[{"href":"https:\/\/studiogentiloni.com\/esp\/wp-json\/wp\/v2\/media?parent=10149"}],"curies":[{"name":"wp","href":"https:\/\/api.w.org\/{rel}","templated":true}]}}