{"id":9473,"date":"2014-09-28T00:23:46","date_gmt":"2014-09-28T00:23:46","guid":{"rendered":"http:\/\/lawyers-attorneys.vamtam.com\/?page_id=9473"},"modified":"2017-05-04T16:45:12","modified_gmt":"2017-05-04T16:45:12","slug":"avv-michele-gentiloni-silveri","status":"publish","type":"page","link":"https:\/\/studiogentiloni.com\/esp\/professionisti\/avv-michele-gentiloni-silveri\/","title":{"rendered":"Abg. Michele Gentiloni Silveri"},"content":{"rendered":"<p><div class=\"row \"><div class=\"wpv-grid grid-1-3  wpv-first-level first has-background unextended\" style=\"\n\t\t\t\tbackground: url( 'http:\/\/studiogentiloni.com\/esp\/wp-content\/uploads\/2017\/01\/Michele-GS_t.jpg' ) no-repeat center top;\n\t\t\t\tbackground-size: auto;\n\t\t\tpadding-top:400px;padding-bottom:0px\" id=\"wpv-column-c9bdef2390f11d7afb4cb4a8c0a906f3\" ><\/div>\n<div class=\"wpv-grid grid-2-3 add-border wpv-first-level unextended\" style=\"padding-top:20px;padding-bottom:15px\" id=\"wpv-column-dc81be28c544a524d4d4d7adf79d1053\" ><div class=\"row \"><div class=\"wpv-grid grid-1-1  first unextended animation-fade-in animated-active\" style=\"padding-top:0px;padding-bottom:0px\" id=\"wpv-column-fd085640885f58abea378e7c08c98045\" ><h4 style=\"padding-left: 20px;\">CONTACTOS<\/h4>\n<p style=\"padding-left: 20px;\"><a id=\"\" class=\"\" title=\"\" href=\" background_repeat=\"><!--Tel: 800-700-6200--><br \/>\n<\/a><a href=\"mailto:m.gentiloni@studiogentiloni.com\">m.gentiloni@studiogentiloni.com<\/a><br \/>\n<a href=\"mailto:michelegentilonisilverj@ordinavvocatiroma.org\">michelegentilonisilverj@ordinavvocatiroma.org<\/a><\/p>\n<p style=\"padding-left: 20px;\"><div class=\"push\" style='height:10px'><\/div>\n<h4 style=\"padding-left: 20px;\">AREA DE COMPETENCIA<\/h4>\n<p style=\"padding-left: 20px;\"><a href=\"\/esp\/attivitapatrocinio-in-materia-penale\/\">Defensa en juicio \u2192<\/a><br \/>\n<a href=\"\/esp\/attivitaconsulenza-e-prevenzione-del-rischio-reato\/\">Asesoramiento \u2192<\/a><br \/>\n<a href=\"\/esp\/attivitaattivita-internazionale\/\">Internacionalidad \u2192<\/a><br \/>\n<div class=\"push\" style='height:10px'><\/div>\n<h4 style=\"padding-left: 20px;\">EDUCACI\u00d3N Y T\u00cdTULOS<\/h4>\n<ul>\n<li><em>Licenciatura <\/em>cum laude <em>em Derecho \u2013 Universidad \u201cLa Sapienza\u201d, Roma \u2013 1972<\/em><\/li>\n<\/ul>\n<ul>\n<li>Inscripci\u00f3n al Colegio de Abogados de Roma \u2013 1975<\/li>\n<\/ul>\n<ul>\n<li><em>Facultado para ejercer ante la Corte Suprema di Cassazione y <\/em><em>\u00f3rganos jurisdiccionales superiores<\/em> \u00a0\u2013 1989<\/li>\n<\/ul><\/div><\/div><\/div><\/div>\n<div class=\"push\" style='height:50px'><\/div>\n<div class=\"row \"><div class=\"wpv-grid grid-1-1  wpv-first-level first unextended\" style=\"padding-top:0px;padding-bottom:0px\" id=\"wpv-column-1c80341649a20aede289fcacc35bbddb\" ><h3>EL ABOGADO<\/h3><\/div><\/div>\n<div class=\"row \"><div class=\"wpv-grid grid-1-2  wpv-first-level first unextended\" style=\"padding-top:0px;padding-bottom:0px\" id=\"wpv-column-5319f2626e345880c555591f0cb63348\" ><p>Curs\u00f3 estudios cl\u00e1sicos y en 1972 se gradu\u00f3 con honores en Derecho por la Universidad \u201cLa Sapienza\u201d de Roma y, bajo la direcci\u00f3n del Prof. Giuliano Vassalli, colabor\u00f3 con los m\u00e1s prestigiosos bufetes de abogados penalistas de la capital italiana.<\/p>\n<p>Tras haber madurado una considerable experiencia en numerosos procesos penales, en 1981 fund\u00f3 el \u201cStudio Gentiloni Silveri \u2013 Diritto Penale\u201d donde, desde entonces, ejerce la abogac\u00eda exclusivamente en \u00e1mbito penalista en todo el pa\u00eds y en el extranjero. A lo largo de su carrera de abogado particip\u00f3 en m\u00e1s de 3.500 procesos penales en toda Italia; centenares de los mismos se celebraron en la Corte Suprema di Cassazione, donde se gan\u00f3 la reputaci\u00f3n de ser uno de los abogados penalistas italianos m\u00e1s respetados.<\/p>\n<p>Siempre ha estado muy cercano a la Iglesia Cat\u00f3lica, tanto por su antigua historia familiar como por la experiencia profesional. Brinda apoyo a algunas de las mayores organizaciones cat\u00f3licas en cuestiones de car\u00e1cter penal, y proporciona asesoramiento a algunos de sus representantes m\u00e1s eminentes.<\/p>\n<p>A lo largo de su carrera se ha interesado especialmente en el derecho penal internacional y en eventos criminales que implicaran a extranjeros en Italia y a italianos en el extranjero. En m\u00e1s de una ocasi\u00f3n le pidieron que defendiera a funcionarios y diplom\u00e1ticos extranjeros, embajadas extranjeras en Italia, embajadas italianas en el extranjero o Ministerios y empresas p\u00fablicas. Es uno de los abogados italianos m\u00e1s cualificados y expertos en materia de Extradici\u00f3n y Orden de Detenci\u00f3n Europea, al haber tratado un n\u00famero elevad\u00edsimo de procesos, defendiendo incluso a gobiernos de importantes pa\u00edses extranjeros que requer\u00edan la extradici\u00f3n.<\/div>\n<div class=\"wpv-grid grid-1-2  wpv-first-level unextended\" style=\"padding-top:0px;padding-bottom:0px\" id=\"wpv-column-467c3e1d8e713e8eaff87117ea9921b1\" ><p>Proporcion\u00f3 su defensa personalmente ante muchos Tribunales extranjeros y adquiri\u00f3 tambi\u00e9n una notable experiencia en procesos ante el Tribunal Europeo de Derechos Humanos de Estrasburgo, donde a menudo defiende y sigue defendiendo, y apoyando tanto a particulares como a empresas contra diversos pa\u00edses.<\/p>\n<p>Adem\u00e1s de la defensa en juicio, tambi\u00e9n ha adquirido una notable experiencia como asesor legal en materia de derecho penal, tanto para empresarios nacionales y extranjeros, como para empresas, bufetes de abogados y gobiernos extranjeros de importantes pa\u00edses. Por su actividad de asesor, a lo largo de los a\u00f1os se ha ganado el aprecio de varias empresas multinacionales de entre las m\u00e1s importantes del mundo en su sector de actividad.<\/p>\n<p>Es miembro del Colegio de Abogados de Roma desde 1975; est\u00e1 autorizado a la defensa ante la Corte Suprema di Cassazione, el grado de jurisdicci\u00f3n italiana m\u00e1s importante y ante \u00f3rganos jurisdiccionales superiores desde 1989.<\/div><\/div>\n<div class=\"row \"><div class=\"wpv-grid grid-1-1  wpv-first-level first unextended animation-from-bottom animated-active\" style=\"padding-top:15px;padding-bottom:60px\" id=\"wpv-column-c868f48073f0d6587ca22d96581a3006\" >\t\t<div class=\"sep-text single centered\">\n\t\t\t\t\t\t\t<span class=\"sep-text-before\"><div class=\"sep-text-line\"><\/div><\/span>\n\t\t\t\t\t\t<div class=\"content\">\n\t\t\t\t<h2 class=\"text-divider-double\">Contacte al Abogado<\/h2>\t\t\t<\/div>\n\t\t\t<span class=\"sep-text-after\"><div class=\"sep-text-line\"><\/div><\/span>\n\t\t\t\t\t<\/div>\n\t<div class=\"push\" style='height:10px'><\/div>\n<div class=\"row \"><div class=\"wpv-grid grid-1-1  first unextended\" style=\"padding-top:0px;padding-bottom:0px\" id=\"wpv-column-59009c43c31c938c44b41f4449963305\" ><p><div role=\"form\" class=\"wpcf7\" id=\"wpcf7-f10558-o1\" lang=\"en-US\" dir=\"ltr\">\n<div class=\"screen-reader-response\"><p role=\"status\" aria-live=\"polite\" aria-atomic=\"true\"><\/p> <ul><\/ul><\/div>\n<form action=\"\/esp\/wp-json\/wp\/v2\/pages\/9473#wpcf7-f10558-o1\" method=\"post\" class=\"wpcf7-form init\" novalidate=\"novalidate\" data-status=\"init\">\n<div style=\"display: none;\">\n<input type=\"hidden\" name=\"_wpcf7\" value=\"10558\" \/>\n<input type=\"hidden\" name=\"_wpcf7_version\" value=\"5.5.6\" \/>\n<input type=\"hidden\" name=\"_wpcf7_locale\" value=\"en_US\" \/>\n<input type=\"hidden\" name=\"_wpcf7_unit_tag\" value=\"wpcf7-f10558-o1\" \/>\n<input type=\"hidden\" name=\"_wpcf7_container_post\" value=\"0\" \/>\n<input type=\"hidden\" name=\"_wpcf7_posted_data_hash\" value=\"\" \/>\n<\/div>\n<div class=\"vamtam-rsvp-form\">\n<div class=\"row\">\n<div class=\"grid-1-3\">\n\t\t\t<span class=\"wpcf7-form-control-wrap yname\"><input type=\"text\" name=\"yname\" value=\"\" size=\"40\" class=\"wpcf7-form-control wpcf7-text wpcf7-validates-as-required\" id=\"name\" aria-required=\"true\" aria-invalid=\"false\" placeholder=\"Nombre\" \/><\/span>\n\t\t<\/div>\n<div class=\"grid-1-3\">\n\t\t\t<span class=\"wpcf7-form-control-wrap Phone\"><input type=\"text\" name=\"Phone\" value=\"\" size=\"40\" class=\"wpcf7-form-control wpcf7-text\" id=\"Phone\" aria-invalid=\"false\" placeholder=\"Tel\u00e9fono\" \/><\/span>\n\t\t<\/div>\n<div class=\"grid-1-3\">\n\t\t\t<span class=\"wpcf7-form-control-wrap email-534\"><input type=\"email\" name=\"email-534\" value=\"\" size=\"40\" class=\"wpcf7-form-control wpcf7-text wpcf7-email wpcf7-validates-as-required wpcf7-validates-as-email\" id=\"email\" aria-required=\"true\" aria-invalid=\"false\" placeholder=\"Correo electr\u00f3nico\" \/><\/span><\/p>\n<\/div>\n<div class=\"grid-1-1\">\n\t\t\t<span class=\"wpcf7-form-control-wrap our-message\"><textarea name=\"our-message\" cols=\"40\" rows=\"5\" class=\"wpcf7-form-control wpcf7-textarea wpcf7-validates-as-required\" id=\"message\" aria-required=\"true\" aria-invalid=\"false\" placeholder=\"Mensaje\"><\/textarea><\/span>\n\t\t<\/div>\n<\/div>\n<div style= \"text-align: center;\"><input type=\"submit\" value=\"Enviar solicitud \u2192\" class=\"wpcf7-form-control has-spinner wpcf7-submit\" \/><\/div>\n<\/div>\n<div class=\"wpcf7-response-output\" aria-hidden=\"true\"><\/div><\/form><\/div><\/div><\/div><\/div><\/div><\/p>","protected":false},"excerpt":{"rendered":"<p>CONTACTOS m.gentiloni@studiogentiloni.com michelegentilonisilverj@ordinavvocatiroma.org AREA DE COMPETENCIA Defensa en juicio \u2192 Asesoramiento \u2192 Internacionalidad \u2192 EDUCACI\u00d3N Y T\u00cdTULOS Licenciatura cum laude em Derecho \u2013 Universidad \u201cLa Sapienza\u201d, Roma \u2013 1972 Inscripci\u00f3n al Colegio de Abogados de Roma \u2013 1975 Facultado para ejercer ante la Corte Suprema di Cassazione y \u00f3rganos jurisdiccionales superiores \u00a0\u2013 1989 [\/column_1] EL&#8230;<\/p>\n","protected":false},"author":7,"featured_media":0,"parent":7774,"menu_order":0,"comment_status":"closed","ping_status":"closed","template":"","meta":[],"_links":{"self":[{"href":"https:\/\/studiogentiloni.com\/esp\/wp-json\/wp\/v2\/pages\/9473"}],"collection":[{"href":"https:\/\/studiogentiloni.com\/esp\/wp-json\/wp\/v2\/pages"}],"about":[{"href":"https:\/\/studiogentiloni.com\/esp\/wp-json\/wp\/v2\/types\/page"}],"author":[{"embeddable":true,"href":"https:\/\/studiogentiloni.com\/esp\/wp-json\/wp\/v2\/users\/7"}],"replies":[{"embeddable":true,"href":"https:\/\/studiogentiloni.com\/esp\/wp-json\/wp\/v2\/comments?post=9473"}],"version-history":[{"count":4,"href":"https:\/\/studiogentiloni.com\/esp\/wp-json\/wp\/v2\/pages\/9473\/revisions"}],"predecessor-version":[{"id":10570,"href":"https:\/\/studiogentiloni.com\/esp\/wp-json\/wp\/v2\/pages\/9473\/revisions\/10570"}],"up":[{"embeddable":true,"href":"https:\/\/studiogentiloni.com\/esp\/wp-json\/wp\/v2\/pages\/7774"}],"wp:attachment":[{"href":"https:\/\/studiogentiloni.com\/esp\/wp-json\/wp\/v2\/media?parent=9473"}],"curies":[{"name":"wp","href":"https:\/\/api.w.org\/{rel}","templated":true}]}}