{"id":9785,"date":"2016-10-27T14:01:06","date_gmt":"2016-10-27T14:01:06","guid":{"rendered":"http:\/\/studiogentiloni.com\/esp\/?page_id=9785"},"modified":"2017-03-16T17:09:20","modified_gmt":"2017-03-16T17:09:20","slug":"patrocinio-in-materia-penale","status":"publish","type":"page","link":"https:\/\/studiogentiloni.com\/esp\/attivita\/patrocinio-in-materia-penale\/","title":{"rendered":"Defensa en materia penal"},"content":{"rendered":"<p><div class=\"push\" style='height:80px'><\/div>\n<div class=\"row \"><div class=\"wpv-grid grid-1-1  wpv-first-level first unextended\" style=\"padding-top:0px;padding-bottom:0px\" id=\"wpv-column-7ca29ab7a4ed3aa3455fcc311f2fff9f\" ><div class=\"row \"><div class=\"wpv-grid grid-1-1  first unextended\" style=\"padding-top:0px;padding-bottom:0px\" id=\"wpv-column-2388b1ed5e0508af8ba803887bc7e47b\" ><blockquote><p>La actividad de defensa en juicio de las personas y entidades colectivas representa el sector tradicional de las actividades del estudio jur\u00eddico, cuyos profesionales han adquirido experiencias en miles de procesos penales, llevados a cabo tanto en los Tribunales de m\u00e9rito en todo el pa\u00eds, como en la Corte Suprema di Cassazione, el grado de jurisdicci\u00f3n italiana m\u00e1s elevado, involucrando a todo el panorama de la organizaci\u00f3n penal.<\/p><\/blockquote><\/div><\/div><\/div><\/div>\n<div class=\"sep\"><\/div>\n<div class=\"row \"><div class=\"wpv-grid grid-1-2  wpv-first-level first unextended\" style=\"padding-top:0px;padding-bottom:0px\" id=\"wpv-column-22e6d73202f1e7b17ef501b17b47cf96\" ><p>Hemos ofrecido nuestra defensa en numerosos juicios penales en materia de delitos contra las personas, contra el patrimonio, contra el Estado (participando en los mayores procesos de la \u00e9poca del terrorismo interno, representando tanto a las v\u00edctimas como a los oficiales de alt\u00edsimo rango de los servicios de informaci\u00f3n), contra la administraci\u00f3n de Justicia, contra el orden p\u00fablico (principalmente en relaci\u00f3n con el crimen organizado -, incluso de car\u00e1cter mafioso), de delitos cometidos en el contexto laboral y endo-familiar. Hemos ayudado a empresas e individuos en delitos de car\u00e1cter urban\u00edstico y de construcci\u00f3n, en el sector del derecho penal de la inform\u00e1tica y de las nuevas tecnolog\u00edas, as\u00ed como de la protecci\u00f3n de los derechos de autor. Defendemos de forma continuativa un n\u00famero significativo de casos de culpa profesional del m\u00e9dico y de otros profesionales del sector sanitario.<\/p>\n<p>Estamos particularmente especializados en el \u00e1mbito de los delitos contra la administraci\u00f3n p\u00fablica (desde el punto de vista de los delitos de funcionarios p\u00fablicos, as\u00ed como de particulares) ya que hemos ofrecido nuestra defensa en un considerable n\u00famero de procesos, tanto a funcionarios p\u00fablicos como a entes colectivos acusados, as\u00ed como a emprendedores y grupos corporativos que sufrieron da\u00f1os debido a la corrupci\u00f3n, principalmente en relaci\u00f3n con la adjudicaci\u00f3n de importantes licitaciones. <\/p>\n<p>Contamos con una experiencia altamente espec\u00edfica en cuestiones de derecho penal corporativo, fiscal y concursal, de derecho bancario y de empresas de intermediaci\u00f3n inmobiliaria, as\u00ed como en los aspectos de responsabilidad corporativa en la intermediaci\u00f3n financiera. Hemos gestionado el litigio penal de compa\u00f1\u00edas de seguros de primer nivel, proporcionando defensa en numerosos procedimientos penales en tema de seguridad laboral y en materia medioambiental, representando a importantes constructoras, incluso desde el punto de vista de la responsabilidad administrativa derivada de un delito, tal y como establece el Decreto Legislativo 231 de la Rep\u00fablica Italiana. Hemos desarrollado una experiencia de varias d\u00e9cadas y una habilidad espec\u00edfica en el campo de la lucha (en \u00e1mbito penal) contra la falsificaci\u00f3n, donde defendimos a algunas de las mayores multinacionales del sector a nivel global. Somos expertos en la defensa del periodista y del Director responsable en procesos por difamaci\u00f3n a trav\u00e9s de la prensa.<br \/><\/div>\n<div class=\"wpv-grid grid-1-2  wpv-first-level unextended\" style=\"padding-top:0px;padding-bottom:0px\" id=\"wpv-column-81ab86b311c5a35196391e9f2f5ea317\" ><\/div>\n<div class=\"wpv-grid grid-1-2  wpv-first-level unextended\" style=\"padding-top:0px;padding-bottom:0px\" id=\"wpv-column-f6b8d492efca3ed7831cd3da063241b5\" ><p>Ofrecemos nuestra defensa en procedimientos para que se apliquen las medidas de prevenci\u00f3n, personales y patrimoniales, tambi\u00e9n en relaci\u00f3n con los derechos de los terceros titulares de derechos sobre bienes confiscados.<\/p>\n<p>Seguimos procesos para la indemnizaci\u00f3n debida a una detenci\u00f3n injusta, as\u00ed como en virtud de la denominada ley &#8220;Pinto&#8221; en materia de indemnizaci\u00f3n por la duraci\u00f3n excesiva del proceso penal. Ejercemos la defensa en cuestiones disciplinarias ante los Consejos del Colegio de Abogados y el Consejo Nacional Forense, tanto en la fase de m\u00e9rito como de legitimidad.<\/p>\n<p>Contamos con una experiencia espec\u00edfica en la elaboraci\u00f3n y discusi\u00f3n de los recursos ante la Corte Suprema di Cassazione, el grado de jurisdicci\u00f3n italiana m\u00e1s elevado, incluso sin haber proporcionado defensa en las fases de m\u00e9rito anteriores.<\/p>\n<p>Para garantizar la elevada especializaci\u00f3n de la actividad, el Estudio jur\u00eddico cuenta con una red de l\u00edderes profesionales especializados en otras ramas del derecho y en disciplinas t\u00e9cnicas relacionadas, con los que formamos grupos de trabajo multidisciplinarios, donde los diversos tipos de profesionalidad se integran y coordinan, con el fin de mejorar la gesti\u00f3n de las cuestiones que en el marco del proceso legal implican sectores espec\u00edficos de la legislaci\u00f3n o temas t\u00e9cnicos.<\/p>\n<p>Adem\u00e1s, el litigio penal se gestiona, si es necesario, en constante coordinaci\u00f3n con otras figuras profesionales que se ocupan de asuntos civiles, administrativos o disciplinarios paralelos y afines, de forma transversal, con la finalidad de resolver el problema del asistido.<\/p>\n<p>Los colaboradores del Estudio jur\u00eddico y una amplia red de principales corresponsales locales garantizan asistencia inmediata en todo el territorio nacional italiano.<\/div><\/div>\n<div class=\"sep\"><\/div>\n<div class=\"row \"><div class=\"wpv-grid grid-1-1  wpv-first-level first has-background unextended\" style=\"background-color:#e5e1e1;padding-top:0px;padding-bottom:0px\" id=\"wpv-column-1aeb333dfdd00ea2ae4fc638bc1720cd\" ><style>#wpv-column-1aeb333dfdd00ea2ae4fc638bc1720cd p,#wpv-column-1aeb333dfdd00ea2ae4fc638bc1720cd em,#wpv-column-1aeb333dfdd00ea2ae4fc638bc1720cd .column-title,#wpv-column-1aeb333dfdd00ea2ae4fc638bc1720cd .sep-text h2.regular-title-wrapper,#wpv-column-1aeb333dfdd00ea2ae4fc638bc1720cd .text-divider-double,#wpv-column-1aeb333dfdd00ea2ae4fc638bc1720cd .sep-text .sep-text-line,#wpv-column-1aeb333dfdd00ea2ae4fc638bc1720cd .sep,#wpv-column-1aeb333dfdd00ea2ae4fc638bc1720cd .sep-2,#wpv-column-1aeb333dfdd00ea2ae4fc638bc1720cd .sep-3,#wpv-column-1aeb333dfdd00ea2ae4fc638bc1720cd td,#wpv-column-1aeb333dfdd00ea2ae4fc638bc1720cd th,#wpv-column-1aeb333dfdd00ea2ae4fc638bc1720cd caption{color:#6b5c5c;}#wpv-column-1aeb333dfdd00ea2ae4fc638bc1720cd:before{background-color:transparent;}<\/style><\/div><\/div>\n<div class=\"row \"><div class=\"wpv-grid grid-1-1  wpv-first-level first unextended\" style=\"padding-top:0px;padding-bottom:0px\" id=\"wpv-column-f2c8bbddaf190d9469ce8f3a853da182\" ><\/div><\/div>\n<div class=\"push\" style='height:80px'><\/div><\/p>","protected":false},"excerpt":{"rendered":"<p>La actividad de defensa en juicio de las personas y entidades colectivas representa el sector tradicional de las actividades del estudio jur\u00eddico, cuyos profesionales han adquirido experiencias en miles de procesos penales, llevados a cabo tanto en los Tribunales de m\u00e9rito en todo el pa\u00eds, como en la Corte Suprema di Cassazione, el grado de&#8230;<\/p>\n","protected":false},"author":7,"featured_media":0,"parent":7956,"menu_order":0,"comment_status":"closed","ping_status":"closed","template":"","meta":[],"_links":{"self":[{"href":"https:\/\/studiogentiloni.com\/esp\/wp-json\/wp\/v2\/pages\/9785"}],"collection":[{"href":"https:\/\/studiogentiloni.com\/esp\/wp-json\/wp\/v2\/pages"}],"about":[{"href":"https:\/\/studiogentiloni.com\/esp\/wp-json\/wp\/v2\/types\/page"}],"author":[{"embeddable":true,"href":"https:\/\/studiogentiloni.com\/esp\/wp-json\/wp\/v2\/users\/7"}],"replies":[{"embeddable":true,"href":"https:\/\/studiogentiloni.com\/esp\/wp-json\/wp\/v2\/comments?post=9785"}],"version-history":[{"count":9,"href":"https:\/\/studiogentiloni.com\/esp\/wp-json\/wp\/v2\/pages\/9785\/revisions"}],"predecessor-version":[{"id":10517,"href":"https:\/\/studiogentiloni.com\/esp\/wp-json\/wp\/v2\/pages\/9785\/revisions\/10517"}],"up":[{"embeddable":true,"href":"https:\/\/studiogentiloni.com\/esp\/wp-json\/wp\/v2\/pages\/7956"}],"wp:attachment":[{"href":"https:\/\/studiogentiloni.com\/esp\/wp-json\/wp\/v2\/media?parent=9785"}],"curies":[{"name":"wp","href":"https:\/\/api.w.org\/{rel}","templated":true}]}}