{"id":9845,"date":"2016-10-27T14:18:07","date_gmt":"2016-10-27T14:18:07","guid":{"rendered":"http:\/\/studiogentiloni.com\/esp\/?page_id=9845"},"modified":"2017-04-19T13:51:56","modified_gmt":"2017-04-19T13:51:56","slug":"consulenza-e-prevenzione-del-rischio-reato","status":"publish","type":"page","link":"https:\/\/studiogentiloni.com\/esp\/attivita\/consulenza-e-prevenzione-del-rischio-reato\/","title":{"rendered":"Asesoramiento y prevenci\u00f3n del riesgo-delito"},"content":{"rendered":"<p><div class=\"push\" style='height:20px'><\/div>\n<div class=\"row \"><div class=\"wpv-grid grid-1-1  wpv-first-level first unextended\" style=\"padding-top:0px;padding-bottom:0px\" id=\"wpv-column-4174cc99c421efeb87516a98b2c72d50\" ><p>Junto a la actividad de defensa en juicio, el Estudio jur\u00eddico est\u00e1 orientado a proporcionar asesoramiento legal a personas y Entes colectivos, principalmente en materia de Derecho penal corporativo. Trabajamos para la identificaci\u00f3n, prevenci\u00f3n y gesti\u00f3n del riesgo-delito, incluso en relaci\u00f3n con las normativas t\u00e9cnicas espec\u00edficas del sector, brindando consejos, ayudando a los Organismos del ente en el proceso de decision-making, elaborando procedimientos internos de verificaci\u00f3n y control especiales, organizando el sistema empresarial de la prevenci\u00f3n, comunicando con las Autoridades p\u00fablicas de control y con los organismos reguladores, y ofreciendo m\u00f3dulos de formaci\u00f3n para los empresarios y su personal.<\/div><\/div>\n<div class=\"row \"><div class=\"wpv-grid grid-1-1  wpv-first-level first unextended\" style=\"padding-top:0px;padding-bottom:0px\" id=\"wpv-column-a61973af809fe7415d2f7e26037b14eb\" ><p>Asimismo, brindamos asesoramiento continuo a personas f\u00edsicas, empresarios y a grandes Grupos corporativos, italianos y extranjeros, para cualquier aspecto relacionado con la normativa penal, en una perspectiva multidisciplinaria que tiene la finalidad de identificar, de forma transversal en las diversas ramas del Derecho, la mejor respuesta a las necesidades del asistido. Trabajamos en estrecho contacto con los departamentos jur\u00eddicos internos e integramos nuestra intervenci\u00f3n con el trabajo de otros asesores que cooperan con el Ente. Mantenemos correspondencia y redactamos con regularidad documentos legales en ingl\u00e9s, franc\u00e9s, espa\u00f1ol, portugu\u00e9s y alem\u00e1n.<\/p>\n<p>El Estudio jur\u00eddico cuenta entre sus asistidos, tanto italianos como extranjeros, a algunas de las Compa\u00f1\u00edas de seguros m\u00e1s prestigiosas, a Grupos corporativos, incluso multinacionales, y a Entes e Instituciones de car\u00e1cter p\u00fablico y privado.<br \/><\/div><\/div>\n<div class=\"row \"><div class=\"wpv-grid grid-1-1  wpv-first-level first has-background unextended\" style=\"background-color:#e5e1e1;padding-top:0px;padding-bottom:0px\" id=\"wpv-column-acf4c20b5d96aba2c550bde65204d7c4\" ><style>#wpv-column-acf4c20b5d96aba2c550bde65204d7c4 p,#wpv-column-acf4c20b5d96aba2c550bde65204d7c4 em,#wpv-column-acf4c20b5d96aba2c550bde65204d7c4 .column-title,#wpv-column-acf4c20b5d96aba2c550bde65204d7c4 .sep-text h2.regular-title-wrapper,#wpv-column-acf4c20b5d96aba2c550bde65204d7c4 .text-divider-double,#wpv-column-acf4c20b5d96aba2c550bde65204d7c4 .sep-text .sep-text-line,#wpv-column-acf4c20b5d96aba2c550bde65204d7c4 .sep,#wpv-column-acf4c20b5d96aba2c550bde65204d7c4 .sep-2,#wpv-column-acf4c20b5d96aba2c550bde65204d7c4 .sep-3,#wpv-column-acf4c20b5d96aba2c550bde65204d7c4 td,#wpv-column-acf4c20b5d96aba2c550bde65204d7c4 th,#wpv-column-acf4c20b5d96aba2c550bde65204d7c4 caption{color:#6b5c5c;}#wpv-column-acf4c20b5d96aba2c550bde65204d7c4:before{background-color:transparent;}<\/style><div class=\"row \"><div class=\"wpv-grid grid-1-1  first unextended\" style=\"padding-top:0px;padding-bottom:0px\" id=\"wpv-column-c6ee67267bdb10400ba5066ed54af710\" ><p><span style=\"font-size: large !important;\"> Tambi\u00e9n redactamos la actualizaci\u00f3n de los Modelos de Organizaci\u00f3n y Gesti\u00f3n previstos por el Decreto Legislativo 231\/2001.<\/span><\/div><\/div><\/div><\/div>\n\t\t<div class=\"sep-text single centered\">\n\t\t\t\t\t\t\t<span class=\"sep-text-before\"><div class=\"sep-text-line\"><\/div><\/span>\n\t\t\t\t\t\t<div class=\"content\">\n\t\t\t\t<h2 class=\"text-divider-double\">\n Descargue el folleto<br \/>\n<\/h2>\t\t\t<\/div>\n\t\t\t<span class=\"sep-text-after\"><div class=\"sep-text-line\"><\/div><\/span>\n\t\t\t\t\t<\/div>\n\t\n<div class=\"push\" style='margin-bottom:-10px'><\/div>\n<div class=\"row \"><div class=\"wpv-grid grid-1-1  wpv-first-level first unextended animation-fade-in animated-active\" style=\"padding-top:0px;padding-bottom:0px\" id=\"wpv-column-5b49f6ec2764ec1883ed38d3fbabc7f3\" ><p style=\"text-align: center;\"><div class=\"push\" style='height:10px'><\/div> <p class=\"textcenter\"><a href=\"\/en\/wp-content\/uploads\/2016\/12\/Brochure_231.pdf\" target=\"_blank\" style='font-size: 12px;' class=\"button vamtam-button accent1  button-border hover-accent1 \"><span class='icon shortcode theme  use-hover' style='font-size:20px !important;color:#7C7F82;'>&#57564;<\/span><span class=\"btext\">Descargar ahora<\/span><\/a><\/p><\/div><\/div>\n<div class=\"push\" style='height:80px'><\/div><\/p>","protected":false},"excerpt":{"rendered":"<p>Junto a la actividad de defensa en juicio, el Estudio jur\u00eddico est\u00e1 orientado a proporcionar asesoramiento legal a personas y Entes colectivos, principalmente en materia de Derecho penal corporativo. Trabajamos para la identificaci\u00f3n, prevenci\u00f3n y gesti\u00f3n del riesgo-delito, incluso en relaci\u00f3n con las normativas t\u00e9cnicas espec\u00edficas del sector, brindando consejos, ayudando a los Organismos del&#8230;<\/p>\n","protected":false},"author":7,"featured_media":0,"parent":7956,"menu_order":0,"comment_status":"closed","ping_status":"closed","template":"","meta":[],"_links":{"self":[{"href":"https:\/\/studiogentiloni.com\/esp\/wp-json\/wp\/v2\/pages\/9845"}],"collection":[{"href":"https:\/\/studiogentiloni.com\/esp\/wp-json\/wp\/v2\/pages"}],"about":[{"href":"https:\/\/studiogentiloni.com\/esp\/wp-json\/wp\/v2\/types\/page"}],"author":[{"embeddable":true,"href":"https:\/\/studiogentiloni.com\/esp\/wp-json\/wp\/v2\/users\/7"}],"replies":[{"embeddable":true,"href":"https:\/\/studiogentiloni.com\/esp\/wp-json\/wp\/v2\/comments?post=9845"}],"version-history":[{"count":7,"href":"https:\/\/studiogentiloni.com\/esp\/wp-json\/wp\/v2\/pages\/9845\/revisions"}],"predecessor-version":[{"id":10545,"href":"https:\/\/studiogentiloni.com\/esp\/wp-json\/wp\/v2\/pages\/9845\/revisions\/10545"}],"up":[{"embeddable":true,"href":"https:\/\/studiogentiloni.com\/esp\/wp-json\/wp\/v2\/pages\/7956"}],"wp:attachment":[{"href":"https:\/\/studiogentiloni.com\/esp\/wp-json\/wp\/v2\/media?parent=9845"}],"curies":[{"name":"wp","href":"https:\/\/api.w.org\/{rel}","templated":true}]}}