{"id":9847,"date":"2016-10-27T14:22:06","date_gmt":"2016-10-27T14:22:06","guid":{"rendered":"http:\/\/studiogentiloni.com\/esp\/?page_id=9847"},"modified":"2017-03-16T17:25:24","modified_gmt":"2017-03-16T17:25:24","slug":"attivita-internazionale","status":"publish","type":"page","link":"https:\/\/studiogentiloni.com\/esp\/attivita\/attivita-internazionale\/","title":{"rendered":"Actividades internacionales"},"content":{"rendered":"<p><div class=\"push\" style='height:80px'><\/div>\n<div class=\"row \"><div class=\"wpv-grid grid-1-1  first unextended\" style=\"padding-top:0px;padding-bottom:0px\" id=\"wpv-column-4cce8e7c756f85acac919c31a2297232\" ><p><span style=\"font-size: large !important;\"><\/p>\n<blockquote><p>\nAyudamos a las personas extranjeras involucradas en procesos penales en Italia, as\u00ed como a ciudadanos italianos en el extranjero, garantizando la coordinaci\u00f3n de las actividades de defensa en la integraci\u00f3n entre los profesionales locales y la red diplom\u00e1tico-consular italiana, as\u00ed como participando personalmente en las audiencias ante los Tribunales extranjeros.\n<\/p><\/blockquote>\n<p><\/span><\/div><\/div>\n<div class=\"row \"><div class=\"wpv-grid grid-1-2  wpv-first-level first unextended\" style=\"padding-top:0px;padding-bottom:0px\" id=\"wpv-column-9193be129235cf970165ca90d9c167a2\" ><p><span style=\"font-weight: 400;\">Desde su fundaci\u00f3n, el Estudio jur\u00eddico se ha ocupado de los perfiles internacionales del Derecho penal, llegando actualmente a representar un centro de excelencia en Italia en lo referente al Derecho penal Internacional y de Extradici\u00f3n. Brindamos apoyo constante en italiano, ingl\u00e9s, franc\u00e9s, alem\u00e1n, espa\u00f1ol y portugu\u00e9s, operando en el \u00e1mbito de la asistencia jur\u00eddica en materia penal en virtud de los Convenios europeos e internacionales vigentes.<\/span><\/p>\n<p><span style=\"font-weight: 400;\">En nuestros treinta y cinco a\u00f1os de actividad, hemos adquirido una amplia experiencia en innumerables casos de Extradici\u00f3n activa y pasiva, que han involucrado tanto a pa\u00edses de la Uni\u00f3n Europea como a pa\u00edses no comunitarios, as\u00ed como casos de \u00d3rdenes de Detenci\u00f3n Europea. Contamos con una preparaci\u00f3n altamente espec\u00edfica en la interpretaci\u00f3n y aplicaci\u00f3n del Convenio Europeo de Extradici\u00f3n y de los Convenios bilaterales que existen entre Italia y otros pa\u00edses. Gracias a la elevada especializaci\u00f3n en la materia,  nos hemos ganado la confianza de las Embajadas extranjeras en Italia y de las italianas en el extranjero, as\u00ed como de los gobiernos de importantes pa\u00edses extranjeros que nos confiaron la defensa de sus intereses ante las autoridades judiciales italianas, en procesos de extradici\u00f3n, carta rogatoria internacional, asistencia mutua en materia penal y traslado de personas condenadas.<\/span><\/div>\n<div class=\"wpv-grid grid-1-2  wpv-first-level unextended\" style=\"padding-top:0px;padding-bottom:0px\" id=\"wpv-column-59d6e3b6ef4fdc23d440783c8327d23d\" ><p><span style=\"font-weight: 400;\">El Estudio jur\u00eddico tambi\u00e9n ha madurado una habilidad especial en la preparaci\u00f3n y discusi\u00f3n de actos procesales ante el Tribunal Europeo de Derechos Humanos de Estrasburgo, tanto con respecto a la Rep\u00fablica Italiana como a otros pa\u00edses que adhieren al Convenio, en \u00e1mbitos como la excesiva duraci\u00f3n de los procesos penales, la injusticia de los mismos, las instituciones procesales italianas en contraste con el Convenio, la calidad de las condiciones de detenci\u00f3n, la legitimidad de las medidas de ablaci\u00f3n de car\u00e1cter patrimonial previstas por la legislaci\u00f3n com\u00fan y de antimafia, as\u00ed como en procedimientos urgentes que impliquen la prohibici\u00f3n del <\/span><em>refoulement.<\/em><span style=\"font-weight: 400;\">.<\/span><\/p>\n<p><span style=\"font-weight: 400;\">Ayudamos a las personas extranjeras involucradas en procesos penales en Italia, as\u00ed como a ciudadanos italianos en el extranjero, garantizando la coordinaci\u00f3n de las actividades de defensa en la integraci\u00f3n entre los profesionales locales y la red diplom\u00e1tico-consular italiana, as\u00ed como participando personalmente en las audiencias ante los Tribunales extranjeros. Gracias a la estructura del Estudio jur\u00eddico y a una red de bufetes de abogados extranjeros, altamente especializados en la materia, estamos en condiciones de brindar asistencia legal en todo el mundo a las personas en espera de extradici\u00f3n hacia Italia, o que han solicitado el traslado para cumplir su condena en Italia, o que est\u00e1n implicadas en procesos de cognici\u00f3n o sometidas a restricciones de libertad personal.<\/span><\/div><\/div>\n<div class=\"push\" style='height:80px'><\/div><\/p>","protected":false},"excerpt":{"rendered":"<p>Ayudamos a las personas extranjeras involucradas en procesos penales en Italia, as\u00ed como a ciudadanos italianos en el extranjero, garantizando la coordinaci\u00f3n de las actividades de defensa en la integraci\u00f3n entre los profesionales locales y la red diplom\u00e1tico-consular italiana, as\u00ed como participando personalmente en las audiencias ante los Tribunales extranjeros. [\/column_1] Desde su fundaci\u00f3n, el&#8230;<\/p>\n","protected":false},"author":7,"featured_media":0,"parent":7956,"menu_order":0,"comment_status":"closed","ping_status":"closed","template":"","meta":[],"_links":{"self":[{"href":"https:\/\/studiogentiloni.com\/esp\/wp-json\/wp\/v2\/pages\/9847"}],"collection":[{"href":"https:\/\/studiogentiloni.com\/esp\/wp-json\/wp\/v2\/pages"}],"about":[{"href":"https:\/\/studiogentiloni.com\/esp\/wp-json\/wp\/v2\/types\/page"}],"author":[{"embeddable":true,"href":"https:\/\/studiogentiloni.com\/esp\/wp-json\/wp\/v2\/users\/7"}],"replies":[{"embeddable":true,"href":"https:\/\/studiogentiloni.com\/esp\/wp-json\/wp\/v2\/comments?post=9847"}],"version-history":[{"count":6,"href":"https:\/\/studiogentiloni.com\/esp\/wp-json\/wp\/v2\/pages\/9847\/revisions"}],"predecessor-version":[{"id":10529,"href":"https:\/\/studiogentiloni.com\/esp\/wp-json\/wp\/v2\/pages\/9847\/revisions\/10529"}],"up":[{"embeddable":true,"href":"https:\/\/studiogentiloni.com\/esp\/wp-json\/wp\/v2\/pages\/7956"}],"wp:attachment":[{"href":"https:\/\/studiogentiloni.com\/esp\/wp-json\/wp\/v2\/media?parent=9847"}],"curies":[{"name":"wp","href":"https:\/\/api.w.org\/{rel}","templated":true}]}}