{"id":9983,"date":"2016-12-05T11:34:35","date_gmt":"2016-12-05T11:34:35","guid":{"rendered":"http:\/\/studiogentiloni.com\/esp\/?page_id=9983"},"modified":"2022-11-21T10:50:44","modified_gmt":"2022-11-21T10:50:44","slug":"avv-alessandro-gentiloni-silveri","status":"publish","type":"page","link":"https:\/\/studiogentiloni.com\/esp\/professionisti\/avv-alessandro-gentiloni-silveri\/","title":{"rendered":"Abg. Alessandro Gentiloni Silveri, Ph.D"},"content":{"rendered":"<p><div class=\"row \"><div class=\"wpv-grid grid-1-1  wpv-first-level first unextended\" style=\"padding-top:0px;padding-bottom:0px\" id=\"wpv-column-c0eacd4dcb12a684502c1ff20fee9a9b\" ><\/div><\/div>\n<div class=\"row \"><div class=\"wpv-grid grid-1-3  wpv-first-level first has-background unextended\" style=\"\n\t\t\t\tbackground: url( 'http:\/\/studiogentiloni.com\/esp\/wp-content\/uploads\/2017\/01\/Alessandro-GS_t.jpg' ) no-repeat center top;\n\t\t\t\tbackground-size: auto;\n\t\t\tpadding-top:400px;padding-bottom:0px\" id=\"wpv-column-1e8fd05924388c68ee5073dce6bcded9\" ><\/div>\n<div class=\"wpv-grid grid-2-3 add-border wpv-first-level unextended\" style=\"padding-top:20px;padding-bottom:15px\" id=\"wpv-column-bb1831cd69aa5a79d58a2d6a12c7c320\" ><div class=\"row \"><div class=\"wpv-grid grid-1-1  first unextended animation-fade-in animated-active\" style=\"padding-top:0px;padding-bottom:0px\" id=\"wpv-column-f6249eaf111e1f2e1e51df39ebd02dee\" ><h4 style=\"padding-left: 20px;\">CONTACTOS<\/h4>\n<p style=\"padding-left: 20px;\"><a id=\"\" class=\"\" title=\"\" href=\" background_repeat=\"><!--Tel: 800-700-6200--><br \/>\n<\/a><a href=\"mailto:m.gentiloni@studiogentiloni.com\">a.gentiloni@studiogentiloni.com<\/a><br \/>\n<a href=\"mailto:alessandrogentiloni@ordineavvocatiroma.org\">alessandrogentiloni@ordineavvocatiroma.org<\/a><\/p>\n<p style=\"padding-left: 20px;\"><div class=\"push\" style='height:10px'><\/div>\n<h4 style=\"padding-left: 20px;\">AREA DE COMPETENCIA<\/h4>\n<p style=\"padding-left: 20px;\"><a href=\"\/esp\/attivitapatrocinio-in-materia-penale\/\">Defensa en juicio \u2192<\/a><br \/>\n<a href=\"\/esp\/attivitaconsulenza-e-prevenzione-del-rischio-reato\/\">Asesoramiento \u2192<\/a><br \/>\n<a href=\"\/esp\/attivitaattivita-internazionale\/\">Internacionalidad \u2192<\/a><br \/>\n<div class=\"push\" style='height:10px'><\/div>\n<h4 style=\"padding-left: 20px;\">EDUCACI\u00d3N Y T\u00cdTULOS<\/h4>\n<ul>\n<li>Licenciatura <em>cum laude<\/em> em Derecho \u2013 Universidad \u201cRoma Tre\u201d, Roma \u2013 2006<\/li>\n<li>Doctorado en Derecho y Proceso Criminal &#8211; Ciclo XXVII &#8211; Universidad <em>\u201cLa Sapienza\u201d, <\/em>Roma &#8211; 2016<\/li>\n<li>Inscripci\u00f3n al Colegio de Abogados de Roma \u2013 2010<\/li>\n<li>Facultado para ejercer ante la Corte Suprema di Cassazione y \u00f3rganos jurisdiccionales superiores \u2013 2022<\/li>\n<\/ul><\/div><\/div><\/div><\/div>\n<div class=\"push\" style='height:50px'><\/div>\n<div class=\"row \"><div class=\"wpv-grid grid-1-1  wpv-first-level first unextended\" style=\"padding-top:0px;padding-bottom:0px\" id=\"wpv-column-d13b58cddc9586d03396e03d8632228e\" ><h3>EL ABOGADO<\/h3>\n<div class=\"row \">\n<div id=\"wpv-column-2d683c838b5ebbf00065efaee942c2621\" class=\"wpv-grid grid-1-2 wpv-first-level first unextended\" style=\"padding-top: 0px; padding-bottom: 0px;\">\n<div class=\"row \">\n<div id=\"wpv-column-3b2adab70b4a9bf546b86aa9455bd0e0\" class=\"wpv-grid grid-1-1 first unextended\" style=\"padding-top: 0px; padding-bottom: 0px;\">\n<p>Tras completar el bachillerato de letras cl\u00e1sicas con honores, en 2006 se gradu\u00f3 cum laude en Derecho por la Universidad \u201cRoma Tre\u201d de Roma. Despu\u00e9s de un periodo de trabajo en Londres, en el \u00e1mbito del Derecho penal internacional y de la Extradici\u00f3n, regres\u00f3 a Italia, donde trabaj\u00f3 en prestigiosos bufetes de Derecho penal, adquiriendo experiencia tanto en \u00e1mbito judicial como en el asesoramiento de individuos, empresas y organismos p\u00fablicos.<\/p>\n<p>A lo largo de su actividad profesional, se ha ocupado de un n\u00famero relevante de procesos penales, especializ\u00e1ndose en particular en el sector del Derecho penal de empresa. Brinda asesoramiento continuativo a empresas nacionales y extranjeras, tambi\u00e9n en relaci\u00f3n con la adopci\u00f3n y actualizaci\u00f3n de los Modelos de Organizaci\u00f3n y Gesti\u00f3n, previstos por el Decreto Legislativo 231\/2001.<\/p>\n<p>Tiene un Doctorado en Derecho y Procedimiento penal por la Universidad \u201cLa Sapienza\u201d de Roma, XXVII Ciclo. Durante el curso de doctorado y la fase final, analiz\u00f3 en especial el tema de la responsabilidad por delito de la entidad colectiva en virtud de las disposiciones del Decreto Legislativo 231\/2001.<\/p>\n<\/div>\n<\/div>\n<\/div>\n<div id=\"wpv-column-2fa98330df277d6d016d1927a1bffe5d1\" class=\"wpv-grid grid-1-2 wpv-first-level unextended\" style=\"padding-top: 0px; padding-bottom: 0px;\">\n<div class=\"row \">\n<div id=\"wpv-column-e0ffcb86f315b486c0ddcd2f678eca2d\" class=\"wpv-grid grid-1-1 first unextended\" style=\"padding-top: 0px; padding-bottom: 0px;\">\n<p>Sigue llevando a cabo actividades de docencia con contrato en Derecho penal, as\u00ed como asistencia a la misma C\u00e1tedra en la Universidad \u201cLa Sapienza\u201d de Roma. Asimismo, realiza actividades de docencia en M\u00e1steres universitarios de Segundo Nivel en la Universidad \u201cLUISS \u2013 Guido Carli\u201d de Roma.<\/p>\n<p>Ha sido ponente en numerosas conferencias de estudio, incluso de car\u00e1cter internacional. Es fundador y profesor de Derecho y Procedimiento penal del Curso de preparaci\u00f3n para el examen de abogado \u201cPraecepta\u201d. Ha dado clases en diversos cursos de formaci\u00f3n y estudio sobre las disposiciones del Decreto Legislativo 231\/2001.<\/p>\n<p>Es miembro del Colegio de Abogados de Roma desde 2010.<\/p>\n<\/div>\n<\/div>\n<\/div>\n<\/div>\n<div class=\"push\" style='height:20px'><\/div>\n<h3><\/h3>\n<div class=\"push\" style='height:20px'><\/div>\n<h3>PUBLICACIONES<\/h3>\n<p>Es autor de las siguientes <strong>publicaciones<\/strong> de car\u00e1cter cient\u00edfico:<\/p>\n<p>&#8211; \u00a0\u00a0\u00a0\u00a0\u00a0\u00a0\u00a0\u00a0 \u201c<em>L\u2019accesso abusivo a sistema informatico da parte di funzionari pubblici. Non c\u2019\u00e8 reato se i dati non sono riservati?<\/em>\u201d en Dir. Inf., 2008, III, p\u00e1gs. 367 y ss.;<\/p>\n<p>&#8211; \u00a0\u00a0\u00a0\u00a0\u00a0\u00a0\u00a0\u00a0 \u201c<em>Inapplicabilit\u00e0 dell\u2019aggravante della finalit\u00e0 di terrorismo nel caso di devastazione commessa da gruppi di tifosi<\/em>\u201d, en Cass. Pen, 2009, VI, p\u00e1gs. 2334 y ss.;<\/p>\n<p>&#8211; \u00a0\u00a0\u00a0\u00a0\u00a0\u00a0\u00a0\u00a0 (Coautor) \u201c<em>Ambush marketing: una ricerca interdisciplinare sulle tutele<\/em>\u201d, en Riv.<\/p>\n<p>Dir. Econom. Sport, 2009, II, p\u00e1gs. 13 y ss.;<\/p>\n<p>&#8211; \u00a0\u00a0\u00a0\u00a0\u00a0\u00a0\u00a0\u00a0 \u201c<em>Natura e requisiti di configurabilit\u00e0 del delitto di turbata libert\u00e0 dell\u2019industria o del commercio<\/em>\u201d en Cass. Pen., 2010, III, p\u00e1g. 982 y ss.<\/p>\n<p>&#8211; \u00a0\u00a0\u00a0\u00a0\u00a0\u00a0\u00a0\u00a0 \u201c<em>Il reato di corruzione internazionale: tra globalizzazione del diritto penale e (difficile) adattamento all\u2019ordinamento interno<\/em>\u201d, en Cass. Pen., 2010, VI, p\u00e1g. 2183 y ss.;<\/p>\n<p>&#8211; \u00a0\u00a0\u00a0\u00a0\u00a0\u00a0\u00a0\u00a0 \u201c<em>Brevi note sulla responsabilit\u00e0 penale dell\u2019arbitro per fatti di reato verificatisi durante la gara: esiste un obbligo giuridico di impedire l\u2019evento?<\/em>\u201d en Riv. Dir. Econom. Sport, 2010, II, p\u00e1gs. 175 y ss.;<\/p>\n<p>&#8211; \u00a0\u00a0\u00a0\u00a0\u00a0\u00a0\u00a0\u00a0 \u201c<em>L\u2019aggravante della finalit\u00e0 di terrorismo \u00e8 configurabile anche per azioni solo dimostrative<\/em>\u201d, en Cass. Pen., 2011, IV, p\u00e1g. 1381 y ss.<\/p>\n<p>&#8211; \u00a0\u00a0\u00a0\u00a0\u00a0\u00a0\u00a0\u00a0 (coautor) \u201c<em>L\u2019alienazione parentale: riflessioni psicologiche e giuridiche<\/em>\u201d, em Cagnazzo \u2013 Preite \u2013 Tagliaferri (a cura di), Trattato di diritto di famiglia, Giuffr\u00e8, 2015.<\/p>\n<p>&#8211;\u00a0\u00a0\u00a0\u00a0\u00a0\u00a0\u00a0\u00a0\u00a0 \u201c<em>La responsabilit\u00e0 penale ai tempi del World Wide Web: l\u2019incerto ruolo degli Internet Service Provider<\/em>\u201d, en fase de publicaci\u00f3n, 2017.<\/p>\n<p>&#8211;\u00a0\u00a0\u00a0\u00a0\u00a0\u00a0\u00a0\u00a0\u00a0 Notas editoriales en la Revista Casaci\u00f3n Penal en temas de derecho penal sustancial.<\/p>\n<p>&#8211;\u00a0\u00a0\u00a0\u00a0\u00a0\u00a0\u00a0\u00a0\u00a0 Traducci\u00f3n del italiano al ingl\u00e9s de varios cap\u00edtulos de los siguientes vol\u00famenes realizados en el marco del proyecto de investigaci\u00f3n \u00abCorporate criminal liability and compliance programs\u00bb, financiado por la Uni\u00f3n Europea y llevado a cabo bajo la supervisi\u00f3n cient\u00edfica del prof. Antonio Fiorella por las Universidades italianas \u201cLa Sapienza\u201d y \u201cRoma Tre\u201d, francesas \u201cParis 1 \u2013 Pantheon Sorbonne\u201d y espa\u00f1ola \u201cCastilla \u2013 La Mancha\u201d:<\/p>\n<ul>\n<li>FIORELLA (A CARGO DE), \u201c<em>Liability \u201cex crimine\u201d of legal entities in member States<\/em>\u201d, Jovene, 2012;<\/li>\n<li>FIORELLA (A CARGO DE), \u201c<em>Towards a common model in the European Union<\/em>\u201d, Jovene, 2012.<\/li>\n<\/ul>\n<div class=\"row \"><div class=\"wpv-grid grid-1-1  wpv-first-level first unextended animation-from-bottom animated-active\" style=\"padding-top:15px;padding-bottom:60px\" id=\"wpv-column-61ea9e975c6b05c21eb1cab89636e2a8\" >\t\t<div class=\"sep-text single centered\">\n\t\t\t\t\t\t\t<span class=\"sep-text-before\"><div class=\"sep-text-line\"><\/div><\/span>\n\t\t\t\t\t\t<div class=\"content\">\n\t\t\t\t<h2 class=\"text-divider-double\">Contacte al Abogado<\/h2>\t\t\t<\/div>\n\t\t\t<span class=\"sep-text-after\"><div class=\"sep-text-line\"><\/div><\/span>\n\t\t\t\t\t<\/div>\n\t<\/div><\/div>\n<div class=\"push\" style='height:10px'><\/div>\n<div class=\"row \"><div class=\"wpv-grid grid-1-1  first unextended\" style=\"padding-top:0px;padding-bottom:0px\" id=\"wpv-column-89cd2a582ab64056cafed8051fc04eda\" ><p><div role=\"form\" class=\"wpcf7\" id=\"wpcf7-f10559-o1\" lang=\"en-US\" dir=\"ltr\">\n<div class=\"screen-reader-response\"><p role=\"status\" aria-live=\"polite\" aria-atomic=\"true\"><\/p> <ul><\/ul><\/div>\n<form action=\"\/esp\/wp-json\/wp\/v2\/pages\/9983#wpcf7-f10559-o1\" method=\"post\" class=\"wpcf7-form init\" novalidate=\"novalidate\" data-status=\"init\">\n<div style=\"display: none;\">\n<input type=\"hidden\" name=\"_wpcf7\" value=\"10559\" \/>\n<input type=\"hidden\" name=\"_wpcf7_version\" value=\"5.5.6\" \/>\n<input type=\"hidden\" name=\"_wpcf7_locale\" value=\"en_US\" \/>\n<input type=\"hidden\" name=\"_wpcf7_unit_tag\" value=\"wpcf7-f10559-o1\" \/>\n<input type=\"hidden\" name=\"_wpcf7_container_post\" value=\"0\" \/>\n<input type=\"hidden\" name=\"_wpcf7_posted_data_hash\" value=\"\" \/>\n<\/div>\n<div class=\"vamtam-rsvp-form\">\n<div class=\"row\">\n<div class=\"grid-1-3\">\n\t\t\t<span class=\"wpcf7-form-control-wrap yname\"><input type=\"text\" name=\"yname\" value=\"\" size=\"40\" class=\"wpcf7-form-control wpcf7-text wpcf7-validates-as-required\" id=\"name\" aria-required=\"true\" aria-invalid=\"false\" placeholder=\"Nombre\" \/><\/span>\n\t\t<\/div>\n<div class=\"grid-1-3\">\n\t\t\t<span class=\"wpcf7-form-control-wrap Phone\"><input type=\"text\" name=\"Phone\" value=\"\" size=\"40\" class=\"wpcf7-form-control wpcf7-text\" id=\"Phone\" aria-invalid=\"false\" placeholder=\"Tel\u00e9fono\" \/><\/span>\n\t\t<\/div>\n<div class=\"grid-1-3\">\n\t\t\t<span class=\"wpcf7-form-control-wrap email-534\"><input type=\"email\" name=\"email-534\" value=\"\" size=\"40\" class=\"wpcf7-form-control wpcf7-text wpcf7-email wpcf7-validates-as-required wpcf7-validates-as-email\" id=\"email\" aria-required=\"true\" aria-invalid=\"false\" placeholder=\"Correo electr\u00f3nico\" \/><\/span><\/p>\n<\/div>\n<div class=\"grid-1-1\">\n\t\t\t<span class=\"wpcf7-form-control-wrap our-message\"><textarea name=\"our-message\" cols=\"40\" rows=\"5\" class=\"wpcf7-form-control wpcf7-textarea wpcf7-validates-as-required\" id=\"message\" aria-required=\"true\" aria-invalid=\"false\" placeholder=\"Mensaje\"><\/textarea><\/span>\n\t\t<\/div>\n<\/div>\n<div style= \"text-align: center;\"><input type=\"submit\" value=\"Enviar solicitud \u2192\" class=\"wpcf7-form-control has-spinner wpcf7-submit\" \/><\/div>\n<\/div>\n<div class=\"wpcf7-response-output\" aria-hidden=\"true\"><\/div><\/form><\/div><\/div><\/div><\/div><\/div>\n<div class=\"row \"><div class=\"wpv-grid grid-1-1  wpv-first-level first unextended\" style=\"padding-top:0px;padding-bottom:0px\" id=\"wpv-column-f0037e0694e9b4667c039656db82aca8\" ><\/div><\/div><\/p>","protected":false},"excerpt":{"rendered":"<p>CONTACTOS a.gentiloni@studiogentiloni.com alessandrogentiloni@ordineavvocatiroma.org AREA DE COMPETENCIA Defensa en juicio \u2192 Asesoramiento \u2192 Internacionalidad \u2192 EDUCACI\u00d3N Y T\u00cdTULOS Licenciatura cum laude em Derecho \u2013 Universidad \u201cRoma Tre\u201d, Roma \u2013 2006 Doctorado en Derecho y Proceso Criminal &#8211; Ciclo XXVII &#8211; Universidad \u201cLa Sapienza\u201d, Roma &#8211; 2016 Inscripci\u00f3n al Colegio de Abogados de Roma \u2013 2010 Facultado&#8230;<\/p>\n","protected":false},"author":7,"featured_media":0,"parent":7774,"menu_order":0,"comment_status":"closed","ping_status":"closed","template":"","meta":[],"_links":{"self":[{"href":"https:\/\/studiogentiloni.com\/esp\/wp-json\/wp\/v2\/pages\/9983"}],"collection":[{"href":"https:\/\/studiogentiloni.com\/esp\/wp-json\/wp\/v2\/pages"}],"about":[{"href":"https:\/\/studiogentiloni.com\/esp\/wp-json\/wp\/v2\/types\/page"}],"author":[{"embeddable":true,"href":"https:\/\/studiogentiloni.com\/esp\/wp-json\/wp\/v2\/users\/7"}],"replies":[{"embeddable":true,"href":"https:\/\/studiogentiloni.com\/esp\/wp-json\/wp\/v2\/comments?post=9983"}],"version-history":[{"count":8,"href":"https:\/\/studiogentiloni.com\/esp\/wp-json\/wp\/v2\/pages\/9983\/revisions"}],"predecessor-version":[{"id":10591,"href":"https:\/\/studiogentiloni.com\/esp\/wp-json\/wp\/v2\/pages\/9983\/revisions\/10591"}],"up":[{"embeddable":true,"href":"https:\/\/studiogentiloni.com\/esp\/wp-json\/wp\/v2\/pages\/7774"}],"wp:attachment":[{"href":"https:\/\/studiogentiloni.com\/esp\/wp-json\/wp\/v2\/media?parent=9983"}],"curies":[{"name":"wp","href":"https:\/\/api.w.org\/{rel}","templated":true}]}}