{"id":10003,"date":"2016-12-05T11:53:16","date_gmt":"2016-12-05T11:53:16","guid":{"rendered":"http:\/\/studiogentiloni.com\/fra\/?page_id=10003"},"modified":"2017-05-04T16:51:52","modified_gmt":"2017-05-04T16:51:52","slug":"avv-laura-bacchini","status":"publish","type":"page","link":"https:\/\/studiogentiloni.com\/fra\/professionisti\/avv-laura-bacchini\/","title":{"rendered":"Me Laura Bacchini"},"content":{"rendered":"<p><div class=\"row \"><div class=\"wpv-grid grid-1-3  wpv-first-level first has-background unextended\" style=\"\n\t\t\t\tbackground: url( 'http:\/\/studiogentiloni.com\/fra\/wp-content\/uploads\/2017\/01\/Laura-Bacchini_t.jpg' ) no-repeat center top;\n\t\t\t\tbackground-size: auto;\n\t\t\tpadding-top:400px;padding-bottom:0px\" id=\"wpv-column-7b6e8341672021c751662d3e57e003ae\" ><\/div>\n<div class=\"wpv-grid grid-2-3 add-border wpv-first-level unextended\" style=\"padding-top:20px;padding-bottom:15px\" id=\"wpv-column-965af1d7b1651503285abe3cde323967\" ><div class=\"row \"><div class=\"wpv-grid grid-1-1  first unextended animation-fade-in animated-active\" style=\"padding-top:0px;padding-bottom:0px\" id=\"wpv-column-c3ed9e0b8c0d19a9537fb3cb197c395b\" ><h4 style=\"padding-left: 20px;\">CONTACTS<\/h4>\n<p style=\"padding-left: 20px;\"><a id=\"\" class=\"\" title=\"\" href=\" background_repeat=\"><!--Tel: 800-700-6200--><br \/>\n<\/a><a href=\"mailto:m.gentiloni@studiogentiloni.com\">l.bacchini@studiogentiloni.com<\/a><br \/>\n<a href=\"laurabacchini@ordineavvocatiroma.org\">laurabacchini@ordineavvocatiroma.org<\/a><\/p>\n<p style=\"padding-left: 20px;\"><div class=\"push\" style='height:10px'><\/div>\n<h4 style=\"padding-left: 20px;\">DOMAINES DE COMPETENCE<\/h4>\n<p style=\"padding-left: 20px;\"><a href=\"\/fra\/attivita\/patrocinio-in-materia-penale\/\">D\u00e9fense p\u00e9nale \u2192<\/a><br \/>\n<a href=\"\/fra\/attivita\/consulenza-e-prevenzione-del-rischio-reato\/\">Conseil et pr\u00e9vention du risque p\u00e9nal \u2192<\/a><br \/>\n<a href=\"\/fra\/attivita\/international\/\">International \u2192<\/a><br \/>\n<div class=\"push\" style='height:10px'><\/div>\n<h4 style=\"padding-left: 20px;\">FORMATION<\/h4>\n<ul>\n<ul>\n<li style=\"font-weight: 400;\"><span style=\"font-weight: 400;\">Master 2 en Droit \u2013 Universit\u00e9 \u00ab Roma Tre \u00bb de Rome \u2013 2004<\/span><\/li>\n<li style=\"font-weight: 400;\"><span style=\"font-weight: 400;\">Dipl\u00f4me de Sp\u00e9cialisation \u2013 \u00c9cole des Avocats &#8211; Universit\u00e9 \u201cLa Sapienza\u201d de Rome \u2013 2007<\/span><\/li>\n<li style=\"font-weight: 400;\"><span style=\"font-weight: 400;\">Inscription au Barreau de Rome \u2013 2008<\/span><\/li>\n<\/ul>\n<\/ul><\/div><\/div><\/div><\/div>\n<div class=\"push\" style='height:50px'><\/div>\n<div class=\"row \"><div class=\"wpv-grid grid-1-1  wpv-first-level first unextended\" style=\"padding-top:0px;padding-bottom:0px\" id=\"wpv-column-c1488d7501467cd993a2c806bec7564b\" ><h3>AVOCAT<\/h3>\n<div class=\"row \">\n<div id=\"wpv-column-2d683c838b5ebbf00065efaee942c2621\" class=\"wpv-grid grid-1-2 wpv-first-level first unextended\" style=\"padding-top: 0px; padding-bottom: 0px;\">\n<div class=\"row \">\n<div id=\"wpv-column-3b2adab70b4a9bf546b86aa9455bd0e0\" class=\"wpv-grid grid-1-1 first unextended\" style=\"padding-top: 0px; padding-bottom: 0px;\">\n<p>Elle obtient le baccalaur\u00e9at litt\u00e9raire avec mention. Apr\u00e8s avoir \u00e9tudi\u00e9 aupr\u00e8s de l\u2019Universit\u00e9 Wilhelms \u00e0 M\u00fbnster en Allemagne au travers du programme Erasmus, elle obtient en 2004\u00a0 le master 2 en droit de l\u2019Universit\u00e9 \u201cRoma Tre\u201d de Rome en 2004 ; en 2005-2007 elle suit les cours de l\u2019Ecole de Sp\u00e9cialisation des Avocats de l\u2019Universit\u00e9 \u201cLa Sapienza\u201d de Rome.<\/p>\n<\/div>\n<\/div>\n<\/div>\n<div id=\"wpv-column-2fa98330df277d6d016d1927a1bffe5d1\" class=\"wpv-grid grid-1-2 wpv-first-level unextended\" style=\"padding-top: 0px; padding-bottom: 0px;\">\n<div class=\"row \">\n<div id=\"wpv-column-e0ffcb86f315b486c0ddcd2f678eca2d\" class=\"wpv-grid grid-1-1 first unextended\" style=\"padding-top: 0px; padding-bottom: 0px;\">\n<p>Elle a pratiqu\u00e9 et exerc\u00e9 la profession d\u2019avocat dans les cabinets de droit p\u00e9nal les plus prestigieux acqu\u00e9rant ainsi une exp\u00e9rience dans le secteur du droit p\u00e9nal des affaires et du conseil aux soci\u00e9t\u00e9s, en particulier dans le domaine des infractions en lien avec la responsabilit\u00e9 administrative.<\/p>\n<\/div>\n<\/div>\n<\/div>\n<\/div>\n<div class=\"push\" style='height:20px'><\/div>\n<h3><\/h3>\n<div class=\"row \">\n<div id=\"wpv-column-2d683c838b5ebbf00065efaee942c2621\" class=\"wpv-grid grid-1-2 wpv-first-level first unextended\" style=\"padding-top: 0px; padding-bottom: 0px;\">\n<div class=\"row \">\n<div id=\"wpv-column-3b2adab70b4a9bf546b86aa9455bd0e0\" class=\"wpv-grid grid-1-1 first unextended\" style=\"padding-top: 0px; padding-bottom: 0px;\">\n<p>Au cours de sa carri\u00e8re, elle a approfondi ses connaissances en Droit p\u00e9nal des proc\u00e9dures collectives et bancaire, diffamation par voie de presse et sur internet, elle a d\u00e9velopp\u00e9 une expertise particuli\u00e8re dans le domaine des infractions contre l\u2019administration publique, fiscal et environnemental, \u00e0 travers le conseil et la d\u00e9fense de banques, de collectivit\u00e9s territoriales, de fonctionnaires, d\u2019entreprises, notamment eu \u00e9gard aux Mod\u00e8les d\u2019Organisation et de Gestion pr\u00e9vus par le D\u00e9cret n. 231\/2001.<\/p>\n<p>Elle a suivi des cours de haut niveau en Droit P\u00e9nal Europ\u00e9en portant plus sp\u00e9cifiquement sur le syst\u00e8me judiciaire p\u00e9nal allemand et autrichien.<\/p>\n<\/div>\n<\/div>\n<\/div>\n<div id=\"wpv-column-2fa98330df277d6d016d1927a1bffe5d1\" class=\"wpv-grid grid-1-2 wpv-first-level unextended\" style=\"padding-top: 0px; padding-bottom: 0px;\">\n<div class=\"row \">\n<div id=\"wpv-column-e0ffcb86f315b486c0ddcd2f678eca2d\" class=\"wpv-grid grid-1-1 first unextended\" style=\"padding-top: 0px; padding-bottom: 0px;\">\n<p>Elle est inscrite au Barreau de Rome depuis 2008.<\/p>\n<\/div>\n<\/div>\n<\/div>\n<\/div>\n<div class=\"push\" style='height:20px'><\/div>\n<h3>PUBLICATIONS<\/h3>\n<div class=\"row \">\n<p>Elle est l\u2019auteur des <strong>publications <\/strong>\u00e0 caract\u00e8re scientifique suivantes :<\/p>\n<p>&#8211; <em>Ambiente e Sicurezza: Sistemi di Gestione e Modelli Organizzativi<\/em>, 2016, en cours de publication sur la revue Il lavoro nei trasporti, No-Stop;<\/p>\n<p>&#8211; <em>I lavoratori Anas e le nuove norme su omicidio e lesioni colpose stradali<\/em> \u2013 in RGL News, Notiziario della Rivista Giuridica del Lavoro e della Previdenza Sociale, 2016, n. 3;<\/p>\n<p>-Commentaire d\u2019arr\u00eat &#8211; Cass. pen. Sez. II \u2013 18 ao\u00fbt 2011, n. 32331 &#8211; \u201c<em>L\u2019irreperibilit\u00e0 di chi abbia indicato un\u2019utenza mobile: un ossimoro trascurato!<\/em>\u201d, publi\u00e9 en ligne sur \u201cIl diritto per i concorsi\u201d, F. Caringella;<\/p>\n<p>&#8211; Commentaire d\u2019arr\u00eat &#8211; Cass. pen. Sez. III \u2013 11 d\u00e9cembre 2008, n. 10535&#8243; -\u201c<em>Il sequestro di un forum on line: l\u2019applicazione della legge sulla stampa tutelerebbe la libert\u00e0 di manifestazione del pensiero in Internet<\/em>?\u201d publi\u00e9 sur la revue \u201cDiritto dell\u2019Informazione e dell\u2019informatica\u201d, n. 3, 2009;<\/p>\n<p>&#8211; Commentaire d\u2019arr\u00eat &#8211; Cass. pen. Sez. I \u2013 16 f\u00e9vrier 2007, n. 25755 &#8211; \u201c<em>Il sequestro probatorio nei confronti del giornalista non indagato: il problema del bilanciamento di interessi costituzionalmente garantiti ed il rischio di elusione delle tutele<\/em>\u201d, publi\u00e9 sur la revue \u201cDiritto dell\u2019Informazione e dell\u2019informatica\u201d, n. 6, 2008.<\/p>\n<p><strong>\u00a0<\/strong><\/p>\n<\/div><\/div><\/div>\n<div class=\"row \"><div class=\"wpv-grid grid-1-1  wpv-first-level first unextended animation-from-bottom animated-active\" style=\"padding-top:15px;padding-bottom:60px\" id=\"wpv-column-d4154de2779fe9afae03e8e6986d768c\" >\t\t<div class=\"sep-text single centered\">\n\t\t\t\t\t\t\t<span class=\"sep-text-before\"><div class=\"sep-text-line\"><\/div><\/span>\n\t\t\t\t\t\t<div class=\"content\">\n\t\t\t\t<h2 class=\"text-divider-double\">Contacter l\u2019avocat<\/h2>\t\t\t<\/div>\n\t\t\t<span class=\"sep-text-after\"><div class=\"sep-text-line\"><\/div><\/span>\n\t\t\t\t\t<\/div>\n\t<div class=\"push\" style='height:10px'><\/div>\n<div class=\"row \"><div class=\"wpv-grid grid-1-1  first unextended\" style=\"padding-top:0px;padding-bottom:0px\" id=\"wpv-column-b19085705dd0c8c3c4d09870100b25a0\" ><p><div role=\"form\" class=\"wpcf7\" id=\"wpcf7-f10567-o1\" lang=\"en-US\" dir=\"ltr\">\n<div class=\"screen-reader-response\"><p role=\"status\" aria-live=\"polite\" aria-atomic=\"true\"><\/p> <ul><\/ul><\/div>\n<form action=\"\/fra\/wp-json\/wp\/v2\/pages\/10003#wpcf7-f10567-o1\" method=\"post\" class=\"wpcf7-form init\" novalidate=\"novalidate\" data-status=\"init\">\n<div style=\"display: none;\">\n<input type=\"hidden\" name=\"_wpcf7\" value=\"10567\" \/>\n<input type=\"hidden\" name=\"_wpcf7_version\" value=\"5.5.6\" \/>\n<input type=\"hidden\" name=\"_wpcf7_locale\" value=\"en_US\" \/>\n<input type=\"hidden\" name=\"_wpcf7_unit_tag\" value=\"wpcf7-f10567-o1\" \/>\n<input type=\"hidden\" name=\"_wpcf7_container_post\" value=\"0\" \/>\n<input type=\"hidden\" name=\"_wpcf7_posted_data_hash\" value=\"\" \/>\n<\/div>\n<div class=\"vamtam-rsvp-form\">\n<div class=\"row\">\n<div class=\"grid-1-3\">\n\t\t\t<span class=\"wpcf7-form-control-wrap yname\"><input type=\"text\" name=\"yname\" value=\"\" size=\"40\" class=\"wpcf7-form-control wpcf7-text wpcf7-validates-as-required\" id=\"name\" aria-required=\"true\" aria-invalid=\"false\" placeholder=\"Nom\" \/><\/span>\n\t\t<\/div>\n<div class=\"grid-1-3\">\n\t\t\t<span class=\"wpcf7-form-control-wrap Phone\"><input type=\"text\" name=\"Phone\" value=\"\" size=\"40\" class=\"wpcf7-form-control wpcf7-text\" id=\"Phone\" aria-invalid=\"false\" placeholder=\"N\u00b0 de t\u00e9l\u00e9phone (optionnel)\" \/><\/span>\n\t\t<\/div>\n<div class=\"grid-1-3\">\n\t\t\t<span class=\"wpcf7-form-control-wrap email-534\"><input type=\"email\" name=\"email-534\" value=\"\" size=\"40\" class=\"wpcf7-form-control wpcf7-text wpcf7-email wpcf7-validates-as-required wpcf7-validates-as-email\" id=\"email\" aria-required=\"true\" aria-invalid=\"false\" placeholder=\"Email\" \/><\/span><\/p>\n<\/div>\n<div class=\"grid-1-1\">\n\t\t\t<span class=\"wpcf7-form-control-wrap our-message\"><textarea name=\"our-message\" cols=\"40\" rows=\"5\" class=\"wpcf7-form-control wpcf7-textarea wpcf7-validates-as-required\" id=\"message\" aria-required=\"true\" aria-invalid=\"false\" placeholder=\"Votre message\"><\/textarea><\/span>\n\t\t<\/div>\n<\/div>\n<div style= \"text-align: center;\"><input type=\"submit\" value=\"Envoyer une demande \u2192\" class=\"wpcf7-form-control has-spinner wpcf7-submit\" \/><\/div>\n<\/div>\n<div class=\"wpcf7-response-output\" aria-hidden=\"true\"><\/div><\/form><\/div><\/div><\/div><\/div><\/div><\/p>","protected":false},"excerpt":{"rendered":"<p>CONTACTS l.bacchini@studiogentiloni.com laurabacchini@ordineavvocatiroma.org DOMAINES DE COMPETENCE D\u00e9fense p\u00e9nale \u2192 Conseil et pr\u00e9vention du risque p\u00e9nal \u2192 International \u2192 FORMATION Master 2 en Droit \u2013 Universit\u00e9 \u00ab Roma Tre \u00bb de Rome \u2013 2004 Dipl\u00f4me de Sp\u00e9cialisation \u2013 \u00c9cole des Avocats &#8211; Universit\u00e9 \u201cLa Sapienza\u201d de Rome \u2013 2007 Inscription au Barreau de Rome \u2013 2008&#8230;<\/p>\n","protected":false},"author":7,"featured_media":0,"parent":7774,"menu_order":0,"comment_status":"closed","ping_status":"closed","template":"","meta":[],"_links":{"self":[{"href":"https:\/\/studiogentiloni.com\/fra\/wp-json\/wp\/v2\/pages\/10003"}],"collection":[{"href":"https:\/\/studiogentiloni.com\/fra\/wp-json\/wp\/v2\/pages"}],"about":[{"href":"https:\/\/studiogentiloni.com\/fra\/wp-json\/wp\/v2\/types\/page"}],"author":[{"embeddable":true,"href":"https:\/\/studiogentiloni.com\/fra\/wp-json\/wp\/v2\/users\/7"}],"replies":[{"embeddable":true,"href":"https:\/\/studiogentiloni.com\/fra\/wp-json\/wp\/v2\/comments?post=10003"}],"version-history":[{"count":4,"href":"https:\/\/studiogentiloni.com\/fra\/wp-json\/wp\/v2\/pages\/10003\/revisions"}],"predecessor-version":[{"id":10578,"href":"https:\/\/studiogentiloni.com\/fra\/wp-json\/wp\/v2\/pages\/10003\/revisions\/10578"}],"up":[{"embeddable":true,"href":"https:\/\/studiogentiloni.com\/fra\/wp-json\/wp\/v2\/pages\/7774"}],"wp:attachment":[{"href":"https:\/\/studiogentiloni.com\/fra\/wp-json\/wp\/v2\/media?parent=10003"}],"curies":[{"name":"wp","href":"https:\/\/api.w.org\/{rel}","templated":true}]}}