{"id":10006,"date":"2016-12-05T12:03:58","date_gmt":"2016-12-05T12:03:58","guid":{"rendered":"http:\/\/studiogentiloni.com\/fra\/?page_id=10006"},"modified":"2017-05-04T16:47:02","modified_gmt":"2017-05-04T16:47:02","slug":"avv-clotilde-dapei","status":"publish","type":"page","link":"https:\/\/studiogentiloni.com\/fra\/professionisti\/avv-clotilde-dapei\/","title":{"rendered":"Me Clotilde Dapei"},"content":{"rendered":"<p><div class=\"row \"><div class=\"wpv-grid grid-1-3  wpv-first-level first has-background unextended\" style=\"\n\t\t\t\tbackground: url( 'http:\/\/studiogentiloni.com\/fra\/wp-content\/uploads\/2017\/01\/Clotilde-Dapei_t.jpg' ) no-repeat center top;\n\t\t\t\tbackground-size: auto;\n\t\t\tpadding-top:400px;padding-bottom:0px\" id=\"wpv-column-68142ce111a8cacb7505ff60851337d5\" ><\/div>\n<div class=\"wpv-grid grid-2-3 add-border wpv-first-level unextended\" style=\"padding-top:20px;padding-bottom:15px\" id=\"wpv-column-625289e8a2606966ca0d108a6a636754\" ><div class=\"row \"><div class=\"wpv-grid grid-1-1  first unextended animation-fade-in animated-active\" style=\"padding-top:0px;padding-bottom:0px\" id=\"wpv-column-b90d5f55fdec03614323c75051234816\" ><h4 style=\"padding-left: 20px;\">CONTACTS <\/h4>\n<p style=\"padding-left: 20px;\"><a id=\"\" class=\"\" title=\"\" href=\" background_repeat=\"><!--Tel: 800-700-6200--><br \/>\n<\/a><a href=\"mailto:c.dapei@studiogentiloni.com\">c.dapei@studiogentiloni.com<\/a><br \/>\n<a href=\"mailto:clotildealicemariedapei@ordineavvocatiroma.org\">clotildealicemariedapei@ordineavvocatiroma.org<\/a><\/p>\n<p style=\"padding-left: 20px;\"><div class=\"push\" style='height:10px'><\/div>\n<h4 style=\"padding-left: 20px;\">DOMAINES DE COMPETENCE <\/h4>\n<p style=\"padding-left: 20px;\"><a href=\"\/fra\/attivita\/patrocinio-in-materia-penale\/\">D\u00e9fense p\u00e9nale \u2192<\/a><br \/>\n<a href=\"\/fra\/attivita\/consulenza-e-prevenzione-del-rischio-reato\/\">Conseil et pr\u00e9vention du risque p\u00e9nal  \u2192<\/a><br \/>\n<a href=\"\/fra\/attivita\/international\/\">International  \u2192<\/a><br \/>\n<div class=\"push\" style='height:10px'><\/div>\n<h4 style=\"padding-left: 20px;\">FORMATION <\/h4>\n<ul>\n<ul>\n<li style=\"font-weight: 400;\"><span style=\"font-weight: 400;\">Master 2 en Droit, mention tr\u00e8s bien \u2013 Universit\u00e9 Paris X Nanterre \u2013 2009<\/span><\/li>\n<li style=\"font-weight: 400;\"><span style=\"font-weight: 400;\">Inscription au Barreau de Rome \u2013 2016<\/span><\/li>\n<\/ul>\n<\/ul><\/div><\/div><\/div><\/div>\n<div class=\"push\" style='height:50px'><\/div>\n<div class=\"row \"><div class=\"wpv-grid grid-1-1  wpv-first-level first unextended\" style=\"padding-top:0px;padding-bottom:0px\" id=\"wpv-column-75b2fc347c567e94ca9371309d59795d\" ><h3>AVOCAT<\/h3>\n<div class=\"row \">\n<div id=\"wpv-column-2d683c838b5ebbf00065efaee942c2621\" class=\"wpv-grid grid-1-2 wpv-first-level first unextended\" style=\"padding-top: 0px; padding-bottom: 0px;\">\n<div class=\"row \">\n<div id=\"wpv-column-3b2adab70b4a9bf546b86aa9455bd0e0\" class=\"wpv-grid grid-1-1 first unextended\" style=\"padding-top: 0px; padding-bottom: 0px;\">\n<p>N\u00e9e \u00e0 Paris, elle a obtenu son baccalaur\u00e9at en sciences \u00e9conomiques et sociales; elle a \u00e9tudi\u00e9 le droit entre la France et l\u2019Italie et obtenu son master 2 en Droit aupr\u00e8s de l\u2019Universit\u00e9 \u201cParis X\u201d de Nanterre avec mention tr\u00e8s bien. Elle est \u00e9galement titulaire d\u2019un master en droit aupr\u00e8s de l\u2019Universit\u00e9 de Rome \u201cLa Sapienza\u201d.<\/p>\n<p>Elle a travaill\u00e9 dans des entreprise publiques fran\u00e7aises renomm\u00e9es pour lesquelles elle avait en charge les comptes-rendus du Conseil d\u2019Administration. Elle a d\u00e9but\u00e9 sa profession juridique dans des cabinets parisiens, puis \u00e0 Rome, au sein de cabinets internationaux renomm\u00e9s. Elle est sp\u00e9cialis\u00e9e en droit p\u00e9nal international et intervient tant en conseil qu\u2019en contentieux pour une client\u00e8le internationale.<\/p>\n<p>Elle est inscrite au Barreau de Rome depuis 2016.<\/p>\n<\/div>\n<\/div>\n<\/div>\n<\/div>\n<div class=\"push\" style='height:20px'><\/div>\n<h3><\/h3>\n<div class=\"row \"><\/div><\/div><\/div>\n<div class=\"row \"><div class=\"wpv-grid grid-1-1  wpv-first-level first unextended animation-from-bottom animated-active\" style=\"padding-top:15px;padding-bottom:60px\" id=\"wpv-column-71a067e2d915871ad375f589e3555cac\" >\t\t<div class=\"sep-text single centered\">\n\t\t\t\t\t\t\t<span class=\"sep-text-before\"><div class=\"sep-text-line\"><\/div><\/span>\n\t\t\t\t\t\t<div class=\"content\">\n\t\t\t\t<h2 class=\"text-divider-double\">Contacter l\u2019avocat<\/h2>\t\t\t<\/div>\n\t\t\t<span class=\"sep-text-after\"><div class=\"sep-text-line\"><\/div><\/span>\n\t\t\t\t\t<\/div>\n\t<div class=\"push\" style='height:10px'><\/div>\n<div class=\"row \"><div class=\"wpv-grid grid-1-1  first unextended\" style=\"padding-top:0px;padding-bottom:0px\" id=\"wpv-column-8c13cbf394b70694bd9153172cc7ecb5\" ><p><div role=\"form\" class=\"wpcf7\" id=\"wpcf7-f10570-o1\" lang=\"en-US\" dir=\"ltr\">\n<div class=\"screen-reader-response\"><p role=\"status\" aria-live=\"polite\" aria-atomic=\"true\"><\/p> <ul><\/ul><\/div>\n<form action=\"\/fra\/wp-json\/wp\/v2\/pages\/10006#wpcf7-f10570-o1\" method=\"post\" class=\"wpcf7-form init\" novalidate=\"novalidate\" data-status=\"init\">\n<div style=\"display: none;\">\n<input type=\"hidden\" name=\"_wpcf7\" value=\"10570\" \/>\n<input type=\"hidden\" name=\"_wpcf7_version\" value=\"5.5.6\" \/>\n<input type=\"hidden\" name=\"_wpcf7_locale\" value=\"en_US\" \/>\n<input type=\"hidden\" name=\"_wpcf7_unit_tag\" value=\"wpcf7-f10570-o1\" \/>\n<input type=\"hidden\" name=\"_wpcf7_container_post\" value=\"0\" \/>\n<input type=\"hidden\" name=\"_wpcf7_posted_data_hash\" value=\"\" \/>\n<\/div>\n<div class=\"vamtam-rsvp-form\">\n<div class=\"row\">\n<div class=\"grid-1-3\">\n\t\t\t<span class=\"wpcf7-form-control-wrap yname\"><input type=\"text\" name=\"yname\" value=\"\" size=\"40\" class=\"wpcf7-form-control wpcf7-text wpcf7-validates-as-required\" id=\"name\" aria-required=\"true\" aria-invalid=\"false\" placeholder=\"Nom\" \/><\/span>\n\t\t<\/div>\n<div class=\"grid-1-3\">\n\t\t\t<span class=\"wpcf7-form-control-wrap Phone\"><input type=\"text\" name=\"Phone\" value=\"\" size=\"40\" class=\"wpcf7-form-control wpcf7-text\" id=\"Phone\" aria-invalid=\"false\" placeholder=\"N\u00b0 de t\u00e9l\u00e9phone (optionnel)\" \/><\/span>\n\t\t<\/div>\n<div class=\"grid-1-3\">\n\t\t\t<span class=\"wpcf7-form-control-wrap email-534\"><input type=\"email\" name=\"email-534\" value=\"\" size=\"40\" class=\"wpcf7-form-control wpcf7-text wpcf7-email wpcf7-validates-as-required wpcf7-validates-as-email\" id=\"email\" aria-required=\"true\" aria-invalid=\"false\" placeholder=\"Email\" \/><\/span><\/p>\n<\/div>\n<div class=\"grid-1-1\">\n\t\t\t<span class=\"wpcf7-form-control-wrap our-message\"><textarea name=\"our-message\" cols=\"40\" rows=\"5\" class=\"wpcf7-form-control wpcf7-textarea wpcf7-validates-as-required\" id=\"message\" aria-required=\"true\" aria-invalid=\"false\" placeholder=\"Votre message\"><\/textarea><\/span>\n\t\t<\/div>\n<\/div>\n<div style= \"text-align: center;\"><input type=\"submit\" value=\"Envoyer une demande \u2192\" class=\"wpcf7-form-control has-spinner wpcf7-submit\" \/><\/div>\n<\/div>\n<div class=\"wpcf7-response-output\" aria-hidden=\"true\"><\/div><\/form><\/div><\/div><\/div><\/div><\/div><\/p>","protected":false},"excerpt":{"rendered":"<p>CONTACTS c.dapei@studiogentiloni.com clotildealicemariedapei@ordineavvocatiroma.org DOMAINES DE COMPETENCE D\u00e9fense p\u00e9nale \u2192 Conseil et pr\u00e9vention du risque p\u00e9nal \u2192 International \u2192 FORMATION Master 2 en Droit, mention tr\u00e8s bien \u2013 Universit\u00e9 Paris X Nanterre \u2013 2009 Inscription au Barreau de Rome \u2013 2016 [\/column_1] AVOCAT N\u00e9e \u00e0 Paris, elle a obtenu son baccalaur\u00e9at en sciences \u00e9conomiques et sociales;&#8230;<\/p>\n","protected":false},"author":7,"featured_media":0,"parent":7774,"menu_order":0,"comment_status":"closed","ping_status":"closed","template":"","meta":[],"_links":{"self":[{"href":"https:\/\/studiogentiloni.com\/fra\/wp-json\/wp\/v2\/pages\/10006"}],"collection":[{"href":"https:\/\/studiogentiloni.com\/fra\/wp-json\/wp\/v2\/pages"}],"about":[{"href":"https:\/\/studiogentiloni.com\/fra\/wp-json\/wp\/v2\/types\/page"}],"author":[{"embeddable":true,"href":"https:\/\/studiogentiloni.com\/fra\/wp-json\/wp\/v2\/users\/7"}],"replies":[{"embeddable":true,"href":"https:\/\/studiogentiloni.com\/fra\/wp-json\/wp\/v2\/comments?post=10006"}],"version-history":[{"count":3,"href":"https:\/\/studiogentiloni.com\/fra\/wp-json\/wp\/v2\/pages\/10006\/revisions"}],"predecessor-version":[{"id":10576,"href":"https:\/\/studiogentiloni.com\/fra\/wp-json\/wp\/v2\/pages\/10006\/revisions\/10576"}],"up":[{"embeddable":true,"href":"https:\/\/studiogentiloni.com\/fra\/wp-json\/wp\/v2\/pages\/7774"}],"wp:attachment":[{"href":"https:\/\/studiogentiloni.com\/fra\/wp-json\/wp\/v2\/media?parent=10006"}],"curies":[{"name":"wp","href":"https:\/\/api.w.org\/{rel}","templated":true}]}}