{"id":10149,"date":"2016-12-19T10:37:22","date_gmt":"2016-12-19T10:37:22","guid":{"rendered":"http:\/\/studiogentiloni.com\/fra\/?page_id=10149"},"modified":"2017-05-04T16:50:45","modified_gmt":"2017-05-04T16:50:45","slug":"avv-marta-lucisano","status":"publish","type":"page","link":"https:\/\/studiogentiloni.com\/fra\/professionisti\/avv-marta-lucisano\/","title":{"rendered":"Me Marta Lucisano"},"content":{"rendered":"<p><div class=\"row \"><div class=\"wpv-grid grid-1-1  wpv-first-level first unextended\" style=\"padding-top:0px;padding-bottom:0px\" id=\"wpv-column-7c7157f0543ed252391ef94fa8e5d422\" ><\/div><\/div>\n<div class=\"row \"><div class=\"wpv-grid grid-1-3  wpv-first-level first has-background unextended\" style=\"\n\t\t\t\tbackground: url( 'http:\/\/studiogentiloni.com\/fra\/wp-content\/uploads\/2017\/01\/Marta-Lucisano_t.jpg' ) no-repeat center top;\n\t\t\t\tbackground-size: auto;\n\t\t\tpadding-top:400px;padding-bottom:0px\" id=\"wpv-column-6ab0afbc15ee2ffd0c12e24d5df988f5\" ><\/div>\n<div class=\"wpv-grid grid-2-3 add-border wpv-first-level unextended\" style=\"padding-top:20px;padding-bottom:15px\" id=\"wpv-column-b64acbdc9997b0c47d31022a84fd6492\" ><div class=\"row \"><div class=\"wpv-grid grid-1-1  first unextended animation-fade-in animated-active\" style=\"padding-top:0px;padding-bottom:0px\" id=\"wpv-column-b0cebbfa1d4bacf3dd547de632022f76\" ><h4 style=\"padding-left: 20px;\">CONTACTS <\/h4>\n<p style=\"padding-left: 20px;\"><a id=\"\" class=\"\" title=\"\" href=\" background_repeat=\"><!--Tel: 800-700-6200--><br \/>\n<\/a><a href=\"mailto:m.lucisano@studiogentiloni.com\">m.lucisano@studiogentiloni.com<\/a><br \/>\n<a href=\"mailto:martalucisano@ordineavvocatiroma.org\">martalucisano@ordineavvocatiroma.org<\/a><\/p>\n<p style=\"padding-left: 20px;\"><div class=\"push\" style='height:10px'><\/div>\n<h4 style=\"padding-left: 20px;\">DOMAINES DE COMPETENCE <\/h4>\n<p style=\"padding-left: 20px;\"><a href=\"\/fra\/attivita\/patrocinio-in-materia-penale\/\">D\u00e9fense p\u00e9nale \u2192<\/a><br \/>\n<a href=\"\/fra\/attivita\/consulenza-e-prevenzione-del-rischio-reato\/\">Conseil et pr\u00e9vention du risque p\u00e9nal  \u2192<\/a><br \/>\n<a href=\"\/fra\/attivita\/international\/\">International  \u2192<\/a><br \/>\n<div class=\"push\" style='height:10px'><\/div>\n<h4 style=\"padding-left: 20px;\">EDUCAZIONE<\/h4>\n<ul>\n<ul>\n<li style=\"font-weight: 400;\"><span style=\"font-weight: 400;\">Master 2 en Droit \u2013 Universit\u00e9 \u00ab Roma Tre \u00bb de Rome \u2013 2010<\/span><\/li>\n<li style=\"font-weight: 400;\"><span style=\"font-weight: 400;\">Master en Relations internationales et sauvegarde des Droits de l\u2019Homme \u2013 SIOI, Rome \u2013 2011<\/span><\/li>\n<li style=\"font-weight: 400;\"><span style=\"font-weight: 400;\">Inscription au Barreau de Rome &#8211; 2013<\/span><\/li>\n<\/ul>\n<\/ul><\/div><\/div><\/div><\/div>\n<div class=\"push\" style='height:50px'><\/div>\n<div class=\"row \"><div class=\"wpv-grid grid-1-1  wpv-first-level first unextended\" style=\"padding-top:0px;padding-bottom:0px\" id=\"wpv-column-37f767d96f93c39a915157449305a98c\" ><h3>L&#8217;AVOCAT<\/h3>\n<div class=\"row \">\n<div id=\"wpv-column-2d683c838b5ebbf00065efaee942c2621\" class=\"wpv-grid grid-1-2 wpv-first-level first unextended\" style=\"padding-top: 0px; padding-bottom: 0px;\">\n<div class=\"row \">\n<div id=\"wpv-column-3b2adab70b4a9bf546b86aa9455bd0e0\" class=\"wpv-grid grid-1-1 first unextended\" style=\"padding-top: 0px; padding-bottom: 0px;\">\n<p>Elle perfectionne une partie de ses \u00e9tudes \u00e0 l\u2019\u00e9tranger et obtient son Master 2 aupr\u00e8s de l\u2019Universit\u00e9 \u201cRoma Tre\u201d de Rome.<br \/>\nElle poursuit son cursus en obtenant un master en Relations internationales et Droits de l\u2019Homme aupr\u00e8s de la SIOI et effectue un stage \u00e0  l\u2019Assembl\u00e9e nationale.<br \/>\nElle collabore avec l\u2019Universit\u00e9 de la Tuscia en tant que charg\u00e9 d\u2019enseignement en droit international, droit et proc\u00e9dure p\u00e9nale.<br \/>\nElle exerce le m\u00e9tier d\u2019avocat principalement dans le domaine du droit p\u00e9nal, en participant \u00e0 des proc\u00e8s d\u2019int\u00e9r\u00eat national, elle intervient en mati\u00e8re d\u2019infractions contre l\u2019administration publique, l\u2019administration de la Justice, le patrimoine, la personne, la responsabilit\u00e9 m\u00e9dicale, d\u2019environnement et d\u2019urbanisme.<br \/>\nElle intervient \u00e9galement en droit p\u00e9nal des affaires, notamment pour les infractions en lien avec la responsabilit\u00e9 p\u00e9nale des personnes morales conform\u00e9ment au D\u00e9cret n. 231\/2001.<\/p>\n<p>Elle a acquis une exp\u00e9rience particuli\u00e8re dans des proc\u00e9dures d\u2019extradition d\u2019envergure internationale, notamment en intervenant dans le proc\u00e8s relatif au \u201cPlan Condor\u201d o\u00f9 des dirigeants d\u2019organismes de s\u00e9curit\u00e9 sud-am\u00e9ricains \u00e9taient impliqu\u00e9s en tant que pr\u00e9venus. <\/p>\n<\/div>\n<\/div>\n<\/div>\n<\/div>\n<div class=\"push\" style='height:20px'><\/div>\n<h3><\/h3>\n<div class=\"row \"><\/div><\/div><\/div>\n<div class=\"row \"><div class=\"wpv-grid grid-1-1  wpv-first-level first unextended animation-from-bottom animated-active\" style=\"padding-top:15px;padding-bottom:60px\" id=\"wpv-column-c3843b9723712a7139f0decaeadd2290\" >\t\t<div class=\"sep-text single centered\">\n\t\t\t\t\t\t\t<span class=\"sep-text-before\"><div class=\"sep-text-line\"><\/div><\/span>\n\t\t\t\t\t\t<div class=\"content\">\n\t\t\t\t<h2 class=\"text-divider-double\">Contacter l\u2019avocat<\/h2>\t\t\t<\/div>\n\t\t\t<span class=\"sep-text-after\"><div class=\"sep-text-line\"><\/div><\/span>\n\t\t\t\t\t<\/div>\n\t<div class=\"push\" style='height:10px'><\/div>\n<div class=\"row \"><div class=\"wpv-grid grid-1-1  first unextended\" style=\"padding-top:0px;padding-bottom:0px\" id=\"wpv-column-e6ef1b12aee171f3f85de94fdc77ad9b\" ><p><div role=\"form\" class=\"wpcf7\" id=\"wpcf7-f10568-o1\" lang=\"en-US\" dir=\"ltr\">\n<div class=\"screen-reader-response\"><p role=\"status\" aria-live=\"polite\" aria-atomic=\"true\"><\/p> <ul><\/ul><\/div>\n<form action=\"\/fra\/wp-json\/wp\/v2\/pages\/10149#wpcf7-f10568-o1\" method=\"post\" class=\"wpcf7-form init\" novalidate=\"novalidate\" data-status=\"init\">\n<div style=\"display: none;\">\n<input type=\"hidden\" name=\"_wpcf7\" value=\"10568\" \/>\n<input type=\"hidden\" name=\"_wpcf7_version\" value=\"5.5.6\" \/>\n<input type=\"hidden\" name=\"_wpcf7_locale\" value=\"en_US\" \/>\n<input type=\"hidden\" name=\"_wpcf7_unit_tag\" value=\"wpcf7-f10568-o1\" \/>\n<input type=\"hidden\" name=\"_wpcf7_container_post\" value=\"0\" \/>\n<input type=\"hidden\" name=\"_wpcf7_posted_data_hash\" value=\"\" \/>\n<\/div>\n<div class=\"vamtam-rsvp-form\">\n<div class=\"row\">\n<div class=\"grid-1-3\">\n\t\t\t<span class=\"wpcf7-form-control-wrap yname\"><input type=\"text\" name=\"yname\" value=\"\" size=\"40\" class=\"wpcf7-form-control wpcf7-text wpcf7-validates-as-required\" id=\"name\" aria-required=\"true\" aria-invalid=\"false\" placeholder=\"Nom\" \/><\/span>\n\t\t<\/div>\n<div class=\"grid-1-3\">\n\t\t\t<span class=\"wpcf7-form-control-wrap Phone\"><input type=\"text\" name=\"Phone\" value=\"\" size=\"40\" class=\"wpcf7-form-control wpcf7-text\" id=\"Phone\" aria-invalid=\"false\" placeholder=\"N\u00b0 de t\u00e9l\u00e9phone (optionnel)\" \/><\/span>\n\t\t<\/div>\n<div class=\"grid-1-3\">\n\t\t\t<span class=\"wpcf7-form-control-wrap email-534\"><input type=\"email\" name=\"email-534\" value=\"\" size=\"40\" class=\"wpcf7-form-control wpcf7-text wpcf7-email wpcf7-validates-as-required wpcf7-validates-as-email\" id=\"email\" aria-required=\"true\" aria-invalid=\"false\" placeholder=\"Email\" \/><\/span><\/p>\n<\/div>\n<div class=\"grid-1-1\">\n\t\t\t<span class=\"wpcf7-form-control-wrap our-message\"><textarea name=\"our-message\" cols=\"40\" rows=\"5\" class=\"wpcf7-form-control wpcf7-textarea wpcf7-validates-as-required\" id=\"message\" aria-required=\"true\" aria-invalid=\"false\" placeholder=\"Votre message\"><\/textarea><\/span>\n\t\t<\/div>\n<\/div>\n<div style= \"text-align: center;\"><input type=\"submit\" value=\"Envoyer une demande \u2192\" class=\"wpcf7-form-control has-spinner wpcf7-submit\" \/><\/div>\n<\/div>\n<div class=\"wpcf7-response-output\" aria-hidden=\"true\"><\/div><\/form><\/div><\/div><\/div><\/div><\/div>\n<div class=\"row \"><div class=\"wpv-grid grid-1-1  wpv-first-level first unextended\" style=\"padding-top:0px;padding-bottom:0px\" id=\"wpv-column-e408b2bb22a0813256e32fef34c3f0f6\" ><\/div><\/div><\/p>","protected":false},"excerpt":{"rendered":"<p>CONTACTS m.lucisano@studiogentiloni.com martalucisano@ordineavvocatiroma.org DOMAINES DE COMPETENCE D\u00e9fense p\u00e9nale \u2192 Conseil et pr\u00e9vention du risque p\u00e9nal \u2192 International \u2192 EDUCAZIONE Master 2 en Droit \u2013 Universit\u00e9 \u00ab Roma Tre \u00bb de Rome \u2013 2010 Master en Relations internationales et sauvegarde des Droits de l\u2019Homme \u2013 SIOI, Rome \u2013 2011 Inscription au Barreau de Rome &#8211; 2013&#8230;<\/p>\n","protected":false},"author":7,"featured_media":0,"parent":7774,"menu_order":0,"comment_status":"closed","ping_status":"closed","template":"","meta":[],"_links":{"self":[{"href":"https:\/\/studiogentiloni.com\/fra\/wp-json\/wp\/v2\/pages\/10149"}],"collection":[{"href":"https:\/\/studiogentiloni.com\/fra\/wp-json\/wp\/v2\/pages"}],"about":[{"href":"https:\/\/studiogentiloni.com\/fra\/wp-json\/wp\/v2\/types\/page"}],"author":[{"embeddable":true,"href":"https:\/\/studiogentiloni.com\/fra\/wp-json\/wp\/v2\/users\/7"}],"replies":[{"embeddable":true,"href":"https:\/\/studiogentiloni.com\/fra\/wp-json\/wp\/v2\/comments?post=10149"}],"version-history":[{"count":3,"href":"https:\/\/studiogentiloni.com\/fra\/wp-json\/wp\/v2\/pages\/10149\/revisions"}],"predecessor-version":[{"id":10577,"href":"https:\/\/studiogentiloni.com\/fra\/wp-json\/wp\/v2\/pages\/10149\/revisions\/10577"}],"up":[{"embeddable":true,"href":"https:\/\/studiogentiloni.com\/fra\/wp-json\/wp\/v2\/pages\/7774"}],"wp:attachment":[{"href":"https:\/\/studiogentiloni.com\/fra\/wp-json\/wp\/v2\/media?parent=10149"}],"curies":[{"name":"wp","href":"https:\/\/api.w.org\/{rel}","templated":true}]}}