{"id":9473,"date":"2014-09-28T00:23:46","date_gmt":"2014-09-28T00:23:46","guid":{"rendered":"http:\/\/lawyers-attorneys.vamtam.com\/?page_id=9473"},"modified":"2017-05-04T16:56:45","modified_gmt":"2017-05-04T16:56:45","slug":"avv-michele-gentiloni-silveri","status":"publish","type":"page","link":"https:\/\/studiogentiloni.com\/fra\/professionisti\/avv-michele-gentiloni-silveri\/","title":{"rendered":"Me Michele Gentiloni Silveri"},"content":{"rendered":"<p><div class=\"row \"><div class=\"wpv-grid grid-1-3  wpv-first-level first has-background unextended\" style=\"\n\t\t\t\tbackground: url( 'http:\/\/studiogentiloni.com\/fra\/wp-content\/uploads\/2017\/01\/Michele-GS_t.jpg' ) no-repeat center top;\n\t\t\t\tbackground-size: auto;\n\t\t\tpadding-top:400px;padding-bottom:0px\" id=\"wpv-column-b3d000892aff7bf4ecb2f15b497a3be1\" ><\/div>\n<div class=\"wpv-grid grid-2-3 add-border wpv-first-level unextended\" style=\"padding-top:20px;padding-bottom:15px\" id=\"wpv-column-e3e5503338c8fd50e2dae98e0f15570f\" ><div class=\"row \"><div class=\"wpv-grid grid-1-1  first unextended animation-fade-in animated-active\" style=\"padding-top:0px;padding-bottom:0px\" id=\"wpv-column-565c76668ae033d0ce7dcad79a0ec494\" ><h4 style=\"padding-left: 20px;\">CONTACTS <\/h4>\n<p style=\"padding-left: 20px;\"><a id=\"\" class=\"\" title=\"\" href=\" background_repeat=\"><!--Tel: 800-700-6200--><br \/>\n<\/a><a href=\"mailto:m.gentiloni@studiogentiloni.com\">m.gentiloni@studiogentiloni.com<\/a><br \/>\n<a href=\"mailto:michelegentilonisilverj@ordinavvocatiroma.org\">michelegentilonisilverj@ordinavvocatiroma.org<\/a><\/p>\n<p style=\"padding-left: 20px;\"><div class=\"push\" style='height:10px'><\/div>\n<h4 style=\"padding-left: 20px;\">DOMAINES DE COMPETENCE <\/h4>\n<p style=\"padding-left: 20px;\"><a href=\"\/fra\/attivita\/patrocinio-in-materia-penale\/\">D\u00e9fense p\u00e9nale \u2192<\/a><br \/>\n<a href=\"\/fra\/attivita\/consulenza-e-prevenzione-del-rischio-reato\/\">Conseil et pr\u00e9vention du risque p\u00e9nal  \u2192<\/a><br \/>\n<a href=\"\/fra\/attivita\/international\/\">International  \u2192<\/a><br \/>\n<div class=\"push\" style='height:10px'><\/div>\n<h4 style=\"padding-left: 20px;\">FORMATION <\/h4>\n<ul>\n<li style=\"font-weight: 400;\"><i><span style=\"font-weight: 400;\">Master 2 en Droit, mention tr\u00e8s bien \u2013 Universit\u00e9 \u00ab La Sapienza \u00bb de Rome &#8211; 1972<\/span><\/i><\/li>\n<\/ul>\n<ul>\n<li style=\"font-weight: 400;\"><span style=\"font-weight: 400;\">Inscription au Barreau de Rome \u2013 1975<\/span><\/li>\n<\/ul>\n<ul>\n<li><span style=\"font-weight: 400;\">Habilit\u00e9 \u00e0 exercer devant la Cour de Cassation et les autres Juridictions sup\u00e9rieures \u2013 1989<\/span><\/li>\n<\/ul><\/div><\/div><\/div><\/div>\n<div class=\"push\" style='height:50px'><\/div>\n<div class=\"row \"><div class=\"wpv-grid grid-1-1  wpv-first-level first unextended\" style=\"padding-top:0px;padding-bottom:0px\" id=\"wpv-column-286fea95fb5e953468f48583322947ca\" ><h3>L&#8217;AVOCAT<\/h3><\/div><\/div>\n<div class=\"row \"><div class=\"wpv-grid grid-1-2  wpv-first-level first unextended\" style=\"padding-top:0px;padding-bottom:0px\" id=\"wpv-column-3d81e5f8b5a566f22e4defbcf46bf477\" ><p>Apr\u00e8s un baccalaur\u00e9at litt\u00e9raire, il obtient, avec mention tr\u00e8s bien, une ma\u00eetrise de droit aupr\u00e8s de \u201cLa Sapienza\u201d \u00e0 Rome et travaille, sous la responsabilit\u00e9 du Professeur Guiliano Vassalli, dans les cabinets de droit p\u00e9nal les plus prestigieux de la capitale italienne.<\/p>\n<p>Apr\u00e8s avoir exerc\u00e9 son activit\u00e9 dans de nombreux proc\u00e8s et ainsi d\u00e9velopp\u00e9\u00a0 une exp\u00e9rience et une notori\u00e9t\u00e9 consid\u00e9rable, il fonde en 1981 le Cabinet de droit p\u00e9nal <em>\u201cStudio Gentiloni Silveri-Diritto Penale\u201d<\/em> et \u00e0 partir de ce moment il exerce son activit\u00e9 exclusivement dans le domaine p\u00e9nal, en Italie et \u00e0 l\u2019\u00e9tranger. Tout au long de sa carri\u00e8re d\u2019avocat il a particip\u00e9 \u00e0 plus de 3500 proc\u00e8s p\u00e9naux dans toute l\u2019Italie ; nombreux d\u2019entre eux se sont tenu aupr\u00e8s de la Cour de Cassation ce qui lui a permis d\u2019avoir un renom consid\u00e9rable et de devenir un des avocats les plus respect\u00e9s d\u2019Italie.<\/p>\n<p>Il est depuis toujours proche de l\u2019Eglise Catholique, aussi bien par tradition familiale que par exp\u00e9rience professionnelle. Il apporte son aide aux organismes et institutions catholiques sur les questions \u00e0 caract\u00e8re p\u00e9nal et conseille ses repr\u00e9sentants les plus \u00e9minents.<\/p>\n<p>Au cours de sa carri\u00e8re il s\u2019est particuli\u00e8rement int\u00e9ress\u00e9 au droit p\u00e9nal international et aux infractions qui impliquaient des \u00e9trangers en Italie et des italiens \u00e0 l\u2019\u00e9tranger. En plusieurs occasions il a assist\u00e9 des fonctionnaires et des diplomates \u00e9trangers, des Ambassades \u00e9trang\u00e8res en Italie, des ambassades italiennes \u00e0 l\u2019\u00e9tranger, des Minist\u00e8res, des entreprises publiques. C\u2019est un des avocats italiens les plus qualifi\u00e9 dans le domaine de l\u2019Extradition et du Mandat d\u2019Arr\u00eat Europ\u00e9en, ayant g\u00e9r\u00e9 un nombre tr\u00e8s important de proc\u00e9dures en d\u00e9fendant les Etats de Pays \u00e9trangers prestigieux qui demandaient l\u2019Extradition.<\/div>\n<div class=\"wpv-grid grid-1-2  wpv-first-level unextended\" style=\"padding-top:0px;padding-bottom:0px\" id=\"wpv-column-647680680ffea5e83a8865fb4945354c\" ><p>Il a personnellement assur\u00e9 la d\u00e9fense p\u00e9nale devant de nombreux Tribunaux \u00e9trangers et en outre acquis une exp\u00e9rience notable dans les proc\u00e8s devant la Cour Europ\u00e9enne des Droits de l\u2019Homme de Strasbourg, devant laquelle il plaide et a fr\u00e9quemment plaid\u00e9, assistant ainsi les particuliers et les entreprises contre les Etats.<\/p>\n<p>En sus de la d\u00e9fense p\u00e9nale, il dispose d\u2019une exp\u00e9rience reconnue comme conseiller juridique en mati\u00e8re de droit p\u00e9nal pour les entrepreneurs nationaux et \u00e9trangers, pour les entreprises, les cabinets d\u2019avocats et les gouvernements \u00e9trangers d\u2019Etats prestigieux. Comme conseiller, au cours des ann\u00e9es il a \u00e9t\u00e9 reconnu par de nombreuses multinationales parmi les plus importantes du monde dans son domaine d\u2019activit\u00e9.<\/p>\n<p>Il est inscrit au Barreau de Rome depuis 1975 et est habilit\u00e9 \u00e0 exercer devant la Cour de Cassation et les autres Juridictions sup\u00e9rieures depuis 1989.<\/div><\/div>\n<div class=\"row \"><div class=\"wpv-grid grid-1-1  wpv-first-level first unextended animation-from-bottom animated-active\" style=\"padding-top:15px;padding-bottom:60px\" id=\"wpv-column-107b67190016e23d40a4e9fe669ae352\" >\t\t<div class=\"sep-text single centered\">\n\t\t\t\t\t\t\t<span class=\"sep-text-before\"><div class=\"sep-text-line\"><\/div><\/span>\n\t\t\t\t\t\t<div class=\"content\">\n\t\t\t\t<h2 class=\"text-divider-double\">Contacter l\u2019avocat<\/h2>\t\t\t<\/div>\n\t\t\t<span class=\"sep-text-after\"><div class=\"sep-text-line\"><\/div><\/span>\n\t\t\t\t\t<\/div>\n\t<div class=\"push\" style='height:10px'><\/div>\n<div class=\"row \"><div class=\"wpv-grid grid-1-1  first unextended\" style=\"padding-top:0px;padding-bottom:0px\" id=\"wpv-column-58afbfdb70bb1f32eb3e275d1c9296dd\" ><p><div role=\"form\" class=\"wpcf7\" id=\"wpcf7-f10564-o1\" lang=\"en-US\" dir=\"ltr\">\n<div class=\"screen-reader-response\"><p role=\"status\" aria-live=\"polite\" aria-atomic=\"true\"><\/p> <ul><\/ul><\/div>\n<form action=\"\/fra\/wp-json\/wp\/v2\/pages\/9473#wpcf7-f10564-o1\" method=\"post\" class=\"wpcf7-form init\" novalidate=\"novalidate\" data-status=\"init\">\n<div style=\"display: none;\">\n<input type=\"hidden\" name=\"_wpcf7\" value=\"10564\" \/>\n<input type=\"hidden\" name=\"_wpcf7_version\" value=\"5.5.6\" \/>\n<input type=\"hidden\" name=\"_wpcf7_locale\" value=\"en_US\" \/>\n<input type=\"hidden\" name=\"_wpcf7_unit_tag\" value=\"wpcf7-f10564-o1\" \/>\n<input type=\"hidden\" name=\"_wpcf7_container_post\" value=\"0\" \/>\n<input type=\"hidden\" name=\"_wpcf7_posted_data_hash\" value=\"\" \/>\n<\/div>\n<div class=\"vamtam-rsvp-form\">\n<div class=\"row\">\n<div class=\"grid-1-3\">\n\t\t\t<span class=\"wpcf7-form-control-wrap yname\"><input type=\"text\" name=\"yname\" value=\"\" size=\"40\" class=\"wpcf7-form-control wpcf7-text wpcf7-validates-as-required\" id=\"name\" aria-required=\"true\" aria-invalid=\"false\" placeholder=\"Nom\" \/><\/span>\n\t\t<\/div>\n<div class=\"grid-1-3\">\n\t\t\t<span class=\"wpcf7-form-control-wrap Phone\"><input type=\"text\" name=\"Phone\" value=\"\" size=\"40\" class=\"wpcf7-form-control wpcf7-text\" id=\"Phone\" aria-invalid=\"false\" placeholder=\"N\u00b0 de t\u00e9l\u00e9phone (optionnel)\" \/><\/span>\n\t\t<\/div>\n<div class=\"grid-1-3\">\n\t\t\t<span class=\"wpcf7-form-control-wrap email-534\"><input type=\"email\" name=\"email-534\" value=\"\" size=\"40\" class=\"wpcf7-form-control wpcf7-text wpcf7-email wpcf7-validates-as-required wpcf7-validates-as-email\" id=\"email\" aria-required=\"true\" aria-invalid=\"false\" placeholder=\"Email\" \/><\/span><\/p>\n<\/div>\n<div class=\"grid-1-1\">\n\t\t\t<span class=\"wpcf7-form-control-wrap our-message\"><textarea name=\"our-message\" cols=\"40\" rows=\"5\" class=\"wpcf7-form-control wpcf7-textarea wpcf7-validates-as-required\" id=\"message\" aria-required=\"true\" aria-invalid=\"false\" placeholder=\"Votre message\"><\/textarea><\/span>\n\t\t<\/div>\n<\/div>\n<div style= \"text-align: center;\"><input type=\"submit\" value=\"Envoyer une demande \u2192\" class=\"wpcf7-form-control has-spinner wpcf7-submit\" \/><\/div>\n<\/div>\n<div class=\"wpcf7-response-output\" aria-hidden=\"true\"><\/div><\/form><\/div><\/div><\/div><\/div><\/div><\/p>","protected":false},"excerpt":{"rendered":"<p>CONTACTS m.gentiloni@studiogentiloni.com michelegentilonisilverj@ordinavvocatiroma.org DOMAINES DE COMPETENCE D\u00e9fense p\u00e9nale \u2192 Conseil et pr\u00e9vention du risque p\u00e9nal \u2192 International \u2192 FORMATION Master 2 en Droit, mention tr\u00e8s bien \u2013 Universit\u00e9 \u00ab La Sapienza \u00bb de Rome &#8211; 1972 Inscription au Barreau de Rome \u2013 1975 Habilit\u00e9 \u00e0 exercer devant la Cour de Cassation et les autres Juridictions&#8230;<\/p>\n","protected":false},"author":7,"featured_media":0,"parent":7774,"menu_order":0,"comment_status":"closed","ping_status":"closed","template":"","meta":[],"_links":{"self":[{"href":"https:\/\/studiogentiloni.com\/fra\/wp-json\/wp\/v2\/pages\/9473"}],"collection":[{"href":"https:\/\/studiogentiloni.com\/fra\/wp-json\/wp\/v2\/pages"}],"about":[{"href":"https:\/\/studiogentiloni.com\/fra\/wp-json\/wp\/v2\/types\/page"}],"author":[{"embeddable":true,"href":"https:\/\/studiogentiloni.com\/fra\/wp-json\/wp\/v2\/users\/7"}],"replies":[{"embeddable":true,"href":"https:\/\/studiogentiloni.com\/fra\/wp-json\/wp\/v2\/comments?post=9473"}],"version-history":[{"count":5,"href":"https:\/\/studiogentiloni.com\/fra\/wp-json\/wp\/v2\/pages\/9473\/revisions"}],"predecessor-version":[{"id":10581,"href":"https:\/\/studiogentiloni.com\/fra\/wp-json\/wp\/v2\/pages\/9473\/revisions\/10581"}],"up":[{"embeddable":true,"href":"https:\/\/studiogentiloni.com\/fra\/wp-json\/wp\/v2\/pages\/7774"}],"wp:attachment":[{"href":"https:\/\/studiogentiloni.com\/fra\/wp-json\/wp\/v2\/media?parent=9473"}],"curies":[{"name":"wp","href":"https:\/\/api.w.org\/{rel}","templated":true}]}}