{"id":9785,"date":"2016-10-27T14:01:06","date_gmt":"2016-10-27T14:01:06","guid":{"rendered":"http:\/\/studiogentiloni.com\/fra\/?page_id=9785"},"modified":"2017-03-29T11:01:56","modified_gmt":"2017-03-29T11:01:56","slug":"patrocinio-in-materia-penale","status":"publish","type":"page","link":"https:\/\/studiogentiloni.com\/fra\/attivita\/patrocinio-in-materia-penale\/","title":{"rendered":"D\u00e9fense p\u00e9nale"},"content":{"rendered":"<p><div class=\"push\" style='height:80px'><\/div>\n<div class=\"row \"><div class=\"wpv-grid grid-1-1  wpv-first-level first unextended\" style=\"padding-top:0px;padding-bottom:0px\" id=\"wpv-column-57a193453dc2cba1156cfce60eee8f64\" ><div class=\"row \"><div class=\"wpv-grid grid-1-1  first unextended\" style=\"padding-top:0px;padding-bottom:0px\" id=\"wpv-column-3d2f578b836e50a715d91315e7c8111e\" ><blockquote><p>La d\u00e9fense des particuliers et des personnes morales est le domaine de pr\u00e9dilection du Cabinet, les avocats ont une exp\u00e9rience dans de <strong>nombreux proc\u00e8s p\u00e9naux<\/strong>, devant les juridictions r\u00e9pressives de l\u2019ensemble du territoire ainsi qu\u2019aupr\u00e8s de la Cour de Cassation; cette activit\u00e9 couvre la totalit\u00e9 du panorama judiciaire p\u00e9nal.<\/p><\/blockquote><\/div><\/div><\/div><\/div>\n<div class=\"sep\"><\/div>\n<div class=\"row \"><div class=\"wpv-grid grid-1-2  wpv-first-level first unextended\" style=\"padding-top:0px;padding-bottom:0px\" id=\"wpv-column-076745eb57d88df3b00b620f72356b4a\" ><p>Nous avons plaid\u00e9 dans de nombreux proc\u00e8s en mati\u00e8re d\u2019infractions contre les personnes, le patrimoine, la s\u00fbret\u00e9 de l\u2019Etat (gr\u00e2ce \u00e0 la participation aux proc\u00e8s majeurs contre le terrorisme \u00e0 travers la repr\u00e9sentation de victimes et des plus hautes instances des services de renseignements), contre l\u2019administration de la Justice, contre l\u2019ordre public (notamment eu \u00e9gard aux associations de malfaiteurs, y compris \u00e0 caract\u00e8re mafieux), ainsi qu\u2019en mati\u00e8re d\u2019infractions sociales ou commises dans le cadre familial. Nous avons assist\u00e9 aussi bien des entreprises que des particuliers pour des infractions dans le domaine de l\u2019informatique et des nouvelles technologies; nous avons fourni du conseil pour la d\u00e9fense des droits d\u2019auteur. Nous intervenons enfin en mati\u00e8re d\u2019infractions commises dans le cadre professionnel et d\u00e9fendons un nombre significatif de m\u00e9decins et d\u2019autres professionnels de la sant\u00e9 impliqu\u00e9s dans des cas de responsabilit\u00e9 m\u00e9dicale.<\/p>\n<p>Nous avons une expertise toute particuli\u00e8re en mati\u00e8re de d\u00e9lits contre l\u2019administration publique (aussi bien du point de vue des personnes exer\u00e7ant une fonction publique que des particuliers) et nous sommes intervenus dans un grand nombre de proc\u00e8s aussi bien pour d\u00e9fendre des fonctionnaires publics que des collectivit\u00e9s locales ou des entrepreneurs et des Groupes de soci\u00e9t\u00e9s ayant subi des dommages li\u00e9s \u00e0 la corruption, notamment lors de l\u2019attribution d\u2019appels d\u2019offres publics.<\/p>\n<p>internationale dudit secteur. Nous sommes experts en mati\u00e8re de d\u00e9fense des journalistes et des dirigeants accus\u00e9s de diffamation par voie de presse.<\/div>\n<div class=\"wpv-grid grid-1-2  wpv-first-level unextended\" style=\"padding-top:0px;padding-bottom:0px\" id=\"wpv-column-eec2607a3603624300e58c8c1ddb0960\" ><\/div>\n<div class=\"wpv-grid grid-1-2  wpv-first-level unextended\" style=\"padding-top:0px;padding-bottom:0px\" id=\"wpv-column-6b4150447e89309ab0ce64c9c9f14c9c\" ><p>Nous revendiquons une exp\u00e9rience tr\u00e8s pointue dans le domaine du droit p\u00e9nal des soci\u00e9t\u00e9s, fiscal, des entreprises en difficult\u00e9, bancaire et des soci\u00e9t\u00e9s d\u2019interm\u00e9diation immobili\u00e8res. Nous g\u00e9rons le contentieux p\u00e9nal de compagnies d\u2019assurance d\u2019envergure internationale et avons accompagn\u00e9 nos clients dans de nombreuses proc\u00e9dures p\u00e9nales en mati\u00e8re de s\u00fbret\u00e9 au travail et d\u2019environnement; nous avons repr\u00e9sent\u00e9 des entreprises de construction pour infractions en lien avec leur responsabilit\u00e9 administrative. Nous avons d\u00e9velopp\u00e9 depuis plusieurs dizaines d\u2019ann\u00e9es une comp\u00e9tence sp\u00e9cifique dans la lutte contre la contrefa\u00e7on; dans ce domaine nous avons assist\u00e9 les plus importantes multinationales d\u2019envergure internationale dudit secteur. Nous sommes experts en mati\u00e8re de d\u00e9fense des journalistes et des dirigeants accus\u00e9s de diffamation par voie de presse.<\/p>\n<p>Nous intervenons dans des proc\u00e9dures en cas d\u2019application de mesures de suret\u00e9 personnelle et r\u00e9elle, y compris lorsque les tiers revendiquent des droits sur les biens confisqu\u00e9s.<\/p>\n<p>Nous suivons les proc\u00e9dures d\u2019indemnisation pour d\u00e9tention provisoire injustifi\u00e9e, ainsi que celles pour dur\u00e9e excessive des proc\u00e9dures p\u00e9nales conform\u00e9ment \u00e0 la loi \u201cPinto\u201d. Nous plaidons en mati\u00e8re disciplinaire devant des instances ordinales et disciplinaires ainsi que devant le Conseil National des Barreaux.<\/div><\/div>\n<div class=\"sep\"><\/div>\n<div class=\"row \"><div class=\"wpv-grid grid-1-1  wpv-first-level first has-background unextended\" style=\"background-color:#e5e1e1;padding-top:0px;padding-bottom:0px\" id=\"wpv-column-fe5a9a1ee2cb6f58cc8998cd0501a260\" ><style>#wpv-column-fe5a9a1ee2cb6f58cc8998cd0501a260 p,#wpv-column-fe5a9a1ee2cb6f58cc8998cd0501a260 em,#wpv-column-fe5a9a1ee2cb6f58cc8998cd0501a260 .column-title,#wpv-column-fe5a9a1ee2cb6f58cc8998cd0501a260 .sep-text h2.regular-title-wrapper,#wpv-column-fe5a9a1ee2cb6f58cc8998cd0501a260 .text-divider-double,#wpv-column-fe5a9a1ee2cb6f58cc8998cd0501a260 .sep-text .sep-text-line,#wpv-column-fe5a9a1ee2cb6f58cc8998cd0501a260 .sep,#wpv-column-fe5a9a1ee2cb6f58cc8998cd0501a260 .sep-2,#wpv-column-fe5a9a1ee2cb6f58cc8998cd0501a260 .sep-3,#wpv-column-fe5a9a1ee2cb6f58cc8998cd0501a260 td,#wpv-column-fe5a9a1ee2cb6f58cc8998cd0501a260 th,#wpv-column-fe5a9a1ee2cb6f58cc8998cd0501a260 caption{color:#6b5c5c;}#wpv-column-fe5a9a1ee2cb6f58cc8998cd0501a260:before{background-color:transparent;}<\/style><div class=\"row \"><div class=\"wpv-grid grid-1-2  first unextended\" style=\"padding-top:0px;padding-bottom:0px\" id=\"wpv-column-4a1de168eacebf301def52ac9d45eeb2\" ><p>Nous revendiquons une exp\u00e9rience toute\u00a0 particuli\u00e8re dans la r\u00e9daction et la plaidoirie des recours devant la Cour de Cassation, m\u00eame sans avoir \u00e9t\u00e9 impliqu\u00e9 dans les phases pr\u00e9c\u00e9dentes du proc\u00e8s.<\/p>\n<p>&nbsp;<\/p>\n<p>Enfin, pour assurer ses clients du plus haut niveau d\u2019expertise, le Cabinet a d\u00e9velopp\u00e9 un r\u00e9seau d\u2019avocats sp\u00e9cialis\u00e9s dans les autres secteurs du droit et les sujets de nature technique; des groupes d\u2019experts pluridisciplinaires sont parfois constitu\u00e9s, ce qui permet une meilleure int\u00e9gration et coordination et gestion des proc\u00e8s p\u00e9naux qui n\u00e9cessitent la connaissance de domaines particuliers ou une expertise technique.<\/div>\n<div class=\"wpv-grid grid-1-2  unextended\" style=\"padding-top:0px;padding-bottom:0px\" id=\"wpv-column-db251ba2e6cd67a48cf83a4c6e1a2565\" ><p>En outre, le contentieux p\u00e9nal est g\u00e9r\u00e9, si cela est n\u00e9cessaire, de fa\u00e7on constante et coordonn\u00e9e avec d\u2019autres avocats qui traitent les affaires civiles, administratives ou disciplinaires connexes afin de trouver la solution optimale pour le client.<\/div><\/div><\/div><\/div>\n<div class=\"row \"><div class=\"wpv-grid grid-1-1  wpv-first-level first unextended\" style=\"padding-top:0px;padding-bottom:0px\" id=\"wpv-column-074f76a3091c6ad601b601c1da095ca2\" ><p>De m\u00eame, le Cabinet dispose d\u2019un r\u00e9seau de correspondants locaux qui permet de garantir une assistance imm\u00e9diate sur tout le territoire italien.<\/div><\/div>\n<div class=\"push\" style='height:80px'><\/div><\/p>","protected":false},"excerpt":{"rendered":"<p>La d\u00e9fense des particuliers et des personnes morales est le domaine de pr\u00e9dilection du Cabinet, les avocats ont une exp\u00e9rience dans de nombreux proc\u00e8s p\u00e9naux, devant les juridictions r\u00e9pressives de l\u2019ensemble du territoire ainsi qu\u2019aupr\u00e8s de la Cour de Cassation; cette activit\u00e9 couvre la totalit\u00e9 du panorama judiciaire p\u00e9nal. [\/column_1] Nous avons plaid\u00e9 dans de&#8230;<\/p>\n","protected":false},"author":7,"featured_media":0,"parent":7956,"menu_order":0,"comment_status":"closed","ping_status":"closed","template":"","meta":[],"_links":{"self":[{"href":"https:\/\/studiogentiloni.com\/fra\/wp-json\/wp\/v2\/pages\/9785"}],"collection":[{"href":"https:\/\/studiogentiloni.com\/fra\/wp-json\/wp\/v2\/pages"}],"about":[{"href":"https:\/\/studiogentiloni.com\/fra\/wp-json\/wp\/v2\/types\/page"}],"author":[{"embeddable":true,"href":"https:\/\/studiogentiloni.com\/fra\/wp-json\/wp\/v2\/users\/7"}],"replies":[{"embeddable":true,"href":"https:\/\/studiogentiloni.com\/fra\/wp-json\/wp\/v2\/comments?post=9785"}],"version-history":[{"count":4,"href":"https:\/\/studiogentiloni.com\/fra\/wp-json\/wp\/v2\/pages\/9785\/revisions"}],"predecessor-version":[{"id":10557,"href":"https:\/\/studiogentiloni.com\/fra\/wp-json\/wp\/v2\/pages\/9785\/revisions\/10557"}],"up":[{"embeddable":true,"href":"https:\/\/studiogentiloni.com\/fra\/wp-json\/wp\/v2\/pages\/7956"}],"wp:attachment":[{"href":"https:\/\/studiogentiloni.com\/fra\/wp-json\/wp\/v2\/media?parent=9785"}],"curies":[{"name":"wp","href":"https:\/\/api.w.org\/{rel}","templated":true}]}}