{"id":9847,"date":"2016-10-27T14:22:06","date_gmt":"2016-10-27T14:22:06","guid":{"rendered":"http:\/\/studiogentiloni.com\/fra\/?page_id=9847"},"modified":"2017-04-03T10:38:00","modified_gmt":"2017-04-03T10:38:00","slug":"international","status":"publish","type":"page","link":"https:\/\/studiogentiloni.com\/fra\/attivita\/international\/","title":{"rendered":"International"},"content":{"rendered":"<p><div class=\"push\" style='height:80px'><\/div>\n<div class=\"row \"><div class=\"wpv-grid grid-1-1  first unextended\" style=\"padding-top:0px;padding-bottom:0px\" id=\"wpv-column-471a9c121e6e8c6be19bb3223cec8643\" ><blockquote><p>Nous assistons les \u00e9trangers impliqu\u00e9s en Italie dans des proc\u00e8s p\u00e9naux et \u00e9galement des citoyens italiens \u00e0 l\u2019\u00e9tranger, en leur garantissant la coordination des activit\u00e9s de d\u00e9fense \u00e0 travers la collaboration avec des avocats locaux et le r\u00e9seau diplomatique et consulaire italien, ainsi qu\u2019en participant personnellement aux audiences par-devant les Juridictions \u00e9trang\u00e8res.<\/p><\/blockquote><\/div><\/div>\n<div class=\"row \"><div class=\"wpv-grid grid-1-2  wpv-first-level first unextended\" style=\"padding-top:0px;padding-bottom:0px\" id=\"wpv-column-accd9094f04f14545ec0d944c9c97fb4\" ><p>Depuis sa fondation, le Cabinet s\u2019est occup\u00e9 de dossiers internationaux, ce qui lui a permis d\u2019\u00eatre un centre d\u2019excellence en Italie pour le Droit p\u00e9nal International et celui de l\u2019Extradition. Nous assistons nos clients en italien, anglais, fran\u00e7ais, allemand, espagnol et portugais tout en offrant un accompagnement et une d\u00e9fense rigoureux conform\u00e9ment aux conventions europ\u00e9ennes et internationales.<br \/>\nDepuis plus de trente-cinq ann\u00e9es d\u2019activit\u00e9, nous avons acquis une vaste exp\u00e9rience dans un nombre \u00e9lev\u00e9 de proc\u00e9dures de Mandat d\u2019Arr\u00eat Europ\u00e9en et d\u2019Extradition, active et passive qui ont impliqu\u00e9 de nombreux pays de l\u2019Union Europ\u00e9enne et non-membre de l\u2019Union Europ\u00e9enne. Nous disposons de comp\u00e9tences tr\u00e8s sp\u00e9cifiques dans le domaine de l\u2019interpr\u00e9tation et de l\u2019application de la Convention Europ\u00e9enne d\u2019Extradition et des Conventions bilat\u00e9rales entre l\u2019Italie et les autres pays. Gr\u00e2ce \u00e0 notre niveau \u00e9lev\u00e9 de sp\u00e9cialisation dans ce domaine, nous avons gagn\u00e9 la confiance des ambassades \u00e9trang\u00e8res en Italie et Italiennes \u00e0 l\u2019\u00e9tranger ainsi que celle des gouvernements d\u2019importants pays \u00e9trangers qui nous ont confi\u00e9 la d\u00e9fense de leurs int\u00e9r\u00eats devant l\u2019Autorit\u00e9 Judiciaire italienne dans des proc\u00e8s d\u2019extradition, de rogatoires internationales, d\u2019assistance mutuelle en mati\u00e8re p\u00e9nale, de transfert de personnes condamn\u00e9es.<\/div>\n<div class=\"wpv-grid grid-1-2  wpv-first-level unextended\" style=\"padding-top:0px;padding-bottom:0px\" id=\"wpv-column-8ecb6d9b5ff900c4ea5dd4e6f86e0f93\" ><p> Le Cabinet a \u00e9galement acquis une comp\u00e9tence particuli\u00e8re dans la r\u00e9daction et la plaidoirie de recours devant la Cour Europ\u00e9enne des Droits de l\u2019Homme de Strasbourg, aussi bien pour l\u2019Etat Italien que pour les autres pays adh\u00e9rents \u00e0 la Convention, notamment en mati\u00e8re de dur\u00e9e excessive des proc\u00e9dures p\u00e9nales, leur caract\u00e8re non \u00e9quitable, de normes proc\u00e9durales italiennes qui violent la Convention, de qualit\u00e9 des conditions de d\u00e9tention, de bien-fond\u00e9 de mesure de s\u00fbret\u00e9 patrimoniale pr\u00e9vue par le droit commun et le code antimafia, ainsi qu\u2019en cas de proc\u00e9dures urgentes aff\u00e9rent au principe du non-refoulement. <\/p>\n<p> Nous assistons les \u00e9trangers impliqu\u00e9s en Italie dans des proc\u00e8s p\u00e9naux et \u00e9galement des citoyens italiens \u00e0 l\u2019\u00e9tranger, en leur garantissant la coordination des activit\u00e9s de d\u00e9fense \u00e0 travers la collaboration avec des avocats locaux et le r\u00e9seau diplomatique et consulaire italien, ainsi qu\u2019en participant personnellement aux audiences par-devant les Juridictions \u00e9trang\u00e8res. Gr\u00e2ce \u00e0 la structure du Cabinet et au r\u00e9seau de cabinets \u00e0 l\u2019\u00e9tranger, experts en la mati\u00e8re, nous sommes en mesure de fournir un accompagnement et une d\u00e9fense dans le monde entier aux personnes en attente d\u2019extradition vers l\u2019Italie, \u00e0 celles qui ont demand\u00e9 leur transfert pour purger leur peine en Italie, ou qui sont impliqu\u00e9es dans des contentieux ou soumis \u00e0 des mesures privatives de libert\u00e9.<\/div><\/div>\n<div class=\"push\" style='height:80px'><\/div><\/p>","protected":false},"excerpt":{"rendered":"<p>Nous assistons les \u00e9trangers impliqu\u00e9s en Italie dans des proc\u00e8s p\u00e9naux et \u00e9galement des citoyens italiens \u00e0 l\u2019\u00e9tranger, en leur garantissant la coordination des activit\u00e9s de d\u00e9fense \u00e0 travers la collaboration avec des avocats locaux et le r\u00e9seau diplomatique et consulaire italien, ainsi qu\u2019en participant personnellement aux audiences par-devant les Juridictions \u00e9trang\u00e8res. [\/column_1] Depuis sa&#8230;<\/p>\n","protected":false},"author":7,"featured_media":0,"parent":7956,"menu_order":0,"comment_status":"closed","ping_status":"closed","template":"","meta":[],"_links":{"self":[{"href":"https:\/\/studiogentiloni.com\/fra\/wp-json\/wp\/v2\/pages\/9847"}],"collection":[{"href":"https:\/\/studiogentiloni.com\/fra\/wp-json\/wp\/v2\/pages"}],"about":[{"href":"https:\/\/studiogentiloni.com\/fra\/wp-json\/wp\/v2\/types\/page"}],"author":[{"embeddable":true,"href":"https:\/\/studiogentiloni.com\/fra\/wp-json\/wp\/v2\/users\/7"}],"replies":[{"embeddable":true,"href":"https:\/\/studiogentiloni.com\/fra\/wp-json\/wp\/v2\/comments?post=9847"}],"version-history":[{"count":8,"href":"https:\/\/studiogentiloni.com\/fra\/wp-json\/wp\/v2\/pages\/9847\/revisions"}],"predecessor-version":[{"id":10560,"href":"https:\/\/studiogentiloni.com\/fra\/wp-json\/wp\/v2\/pages\/9847\/revisions\/10560"}],"up":[{"embeddable":true,"href":"https:\/\/studiogentiloni.com\/fra\/wp-json\/wp\/v2\/pages\/7956"}],"wp:attachment":[{"href":"https:\/\/studiogentiloni.com\/fra\/wp-json\/wp\/v2\/media?parent=9847"}],"curies":[{"name":"wp","href":"https:\/\/api.w.org\/{rel}","templated":true}]}}