{"id":9983,"date":"2016-12-05T11:34:35","date_gmt":"2016-12-05T11:34:35","guid":{"rendered":"http:\/\/studiogentiloni.com\/fra\/?page_id=9983"},"modified":"2022-11-21T10:46:29","modified_gmt":"2022-11-21T10:46:29","slug":"avv-alessandro-gentiloni-silveri","status":"publish","type":"page","link":"https:\/\/studiogentiloni.com\/fra\/professionisti\/avv-alessandro-gentiloni-silveri\/","title":{"rendered":"Me Alessandro Gentiloni Silveri, Ph.D"},"content":{"rendered":"<p><div class=\"row \"><div class=\"wpv-grid grid-1-1  wpv-first-level first unextended\" style=\"padding-top:0px;padding-bottom:0px\" id=\"wpv-column-2bc4ce2e844573e60913f90d232ca547\" ><\/div><\/div>\n<div class=\"row \"><div class=\"wpv-grid grid-1-3  wpv-first-level first has-background unextended\" style=\"\n\t\t\t\tbackground: url( 'http:\/\/studiogentiloni.com\/fra\/wp-content\/uploads\/2017\/01\/Alessandro-GS_t.jpg' ) no-repeat center top;\n\t\t\t\tbackground-size: auto;\n\t\t\tpadding-top:400px;padding-bottom:0px\" id=\"wpv-column-2313af88b93eb826258b6aafd5e96e03\" ><\/div>\n<div class=\"wpv-grid grid-2-3 add-border wpv-first-level unextended\" style=\"padding-top:20px;padding-bottom:15px\" id=\"wpv-column-b4182751ed66e14bbcae58a36dece077\" ><div class=\"row \"><div class=\"wpv-grid grid-1-1  first unextended animation-fade-in animated-active\" style=\"padding-top:0px;padding-bottom:0px\" id=\"wpv-column-66d74851048806e2ade0a72b143ced86\" ><h4 style=\"padding-left: 20px;\">CONTACTS<\/h4>\n<p style=\"padding-left: 20px;\"><a id=\"\" class=\"\" title=\"\" href=\" background_repeat=\"><!--Tel: 800-700-6200--><br \/>\n<\/a><a href=\"mailto:m.gentiloni@studiogentiloni.com\">a.gentiloni@studiogentiloni.com<\/a><br \/>\n<a href=\"mailto:alessandrogentiloni@ordineavvocatiroma.org\">alessandrogentiloni@ordineavvocatiroma.org<\/a><\/p>\n<p style=\"padding-left: 20px;\"><div class=\"push\" style='height:10px'><\/div>\n<h4 style=\"padding-left: 20px;\">DOMAINES DE COMPETENCE<\/h4>\n<p style=\"padding-left: 20px;\"><a href=\"\/fra\/attivita\/patrocinio-in-materia-penale\/\">D\u00e9fense p\u00e9nale \u2192<\/a><br \/>\n<a href=\"\/fra\/attivita\/consulenza-e-prevenzione-del-rischio-reato\/\">Conseil et pr\u00e9vention du risque p\u00e9nal \u2192<\/a><br \/>\n<a href=\"\/fra\/attivita\/international\/\">International \u2192<\/a><br \/>\n<div class=\"push\" style='height:10px'><\/div>\n<h4 style=\"padding-left: 20px;\">FORMATION<\/h4>\n<ul>\n<li style=\"list-style-type: none;\">\n<ul>\n<li style=\"list-style-type: none;\">\n<ul>\n<li style=\"font-weight: 400;\"><span style=\"font-weight: 400;\">Master 2 en Droit , mention tr\u00e8s bien \u2013 Universit\u00e9 \u00abRoma Tre\u00bb de Rome \u2013 2006<\/span><\/li>\n<li style=\"font-weight: 400;\"><span style=\"font-weight: 400;\">Doctorat de Recherche en Droit et Proc\u00e9dure p\u00e9nale aupr\u00e8s de l\u2019Universit\u00e9 \u201cLa Sapienza\u201d de Rome &#8211; XXVII\u00e8me Cycle &#8211; 2016<\/span><\/li>\n<li style=\"font-weight: 400;\"><span style=\"font-weight: 400;\">Inscription au Barreau de Rome \u2013 2010<\/span><\/li>\n<li>Habilit\u00e9 \u00e0 exercer devant la Cour de Cassation et les autres Juridictions sup\u00e9rieures \u2013 2022<\/li>\n<\/ul>\n<\/li>\n<\/ul>\n<\/li>\n<\/ul><\/div><\/div><\/div><\/div>\n<div class=\"push\" style='height:50px'><\/div>\n<div class=\"row \"><div class=\"wpv-grid grid-1-1  wpv-first-level first unextended\" style=\"padding-top:0px;padding-bottom:0px\" id=\"wpv-column-8c12d89eeb28c36cbedd7e15df12c319\" ><h3>AVOCAT<\/h3>\n<div class=\"row \">\n<div id=\"wpv-column-2d683c838b5ebbf00065efaee942c2621\" class=\"wpv-grid grid-1-2 wpv-first-level first unextended\" style=\"padding-top: 0px; padding-bottom: 0px;\">\n<div class=\"row \">\n<div id=\"wpv-column-3b2adab70b4a9bf546b86aa9455bd0e0\" class=\"wpv-grid grid-1-1 first unextended\" style=\"padding-top: 0px; padding-bottom: 0px;\">\n<p>Apr\u00e8s avoir pass\u00e9 un bac litt\u00e9raire avec mention, il obtient le Master 2 en Droit en 2006 avec mention tr\u00e8s honorable avec f\u00e9licitations du jury aupr\u00e8s de l\u2019Universit\u00e9 \u201cRoma Tre\u201d de Rome. Apr\u00e8s avoir travaill\u00e9 \u00e0 Londres dans le domaine du Droit p\u00e9nal international et de l\u2019Extradition, il rentre en Italie o\u00f9 il travaille dans les plus prestigieux cabinets de Droit p\u00e9nal international et de l\u2019Extradition il rentre ensuite en Italie o\u00f9 il travaille dans des Cabinets de Droit p\u00e9nal prestigieux et acquiert ainsi une exp\u00e9rience dans la d\u00e9fense p\u00e9nale et dans le conseil aux particuliers, entreprises et Organismes publics.<\/p>\n<p>Au cours de sa carri\u00e8re il a trait\u00e9 de nombreuses proc\u00e9dures p\u00e9nales, en se sp\u00e9cialisant en particulier dans le domaine du droit p\u00e9nal des affaires. Il conseille r\u00e9guli\u00e8rement des entreprises nationales et \u00e9trang\u00e8res, notamment eu \u00e9gard aux Mod\u00e8les d\u2019Organisation et de Gestion pr\u00e9vus par le D\u00e9cret n. 231\/2001.<\/p>\n<p>Il est Docteur de Recherche en Droit et Proc\u00e9dure p\u00e9nale aupr\u00e8s de l\u2019Universit\u00e9 \u201cLa Sapienza\u201d de Rome, XXVII<sup>\u00e8me<\/sup>\u00a0 Cycle. Pendant sa pr\u00e9paration au doctorat et pour sa th\u00e8se, il a \u00e9tudi\u00e9 tout particuli\u00e8rement la th\u00e9matique des infractions en lien avec la responsabilit\u00e9 des personnes morales conform\u00e9ment au D\u00e9cret n. 231\/2001.<\/p>\n<\/div>\n<\/div>\n<\/div>\n<div id=\"wpv-column-2fa98330df277d6d016d1927a1bffe5d1\" class=\"wpv-grid grid-1-2 wpv-first-level unextended\" style=\"padding-top: 0px; padding-bottom: 0px;\">\n<div class=\"row \">\n<div id=\"wpv-column-e0ffcb86f315b486c0ddcd2f678eca2d\" class=\"wpv-grid grid-1-1 first unextended\" style=\"padding-top: 0px; padding-bottom: 0px;\">\n<p>Il continue \u00e0 enseigner le droit p\u00e9nal et \u00eatre assistant \u00e0 la Chaire de l\u2019Universit\u00e9 de Rome\u00a0 \u201cLa Sapienza\u201d. Il enseigne \u00e9galement en Master 2 \u00e0 l\u2019Universit\u00e9\u00a0 \u201cLUISS- Guido Carli\u201d de Rome.<\/p>\n<p>Il est rapporteur dans de nombreux Congr\u00e8s italiens et internationaux. Il est Fondateur et Professeur en Droit et Proc\u00e9dure p\u00e9nale du cours de pr\u00e9paration au barreau <em>\u201cPraecepta<\/em>\u201d. Il donne des cours de formation et d\u2019approfondissement sur les normes du D\u00e9cret 231\/2001.<\/p>\n<p>Il est inscrit Barreau de Rome depuis 2010.<\/p>\n<\/div>\n<\/div>\n<\/div>\n<\/div>\n<div class=\"push\" style='height:20px'><\/div>\n<h3><\/h3>\n<div class=\"row \"><\/div>\n<div class=\"push\" style='height:20px'><\/div>\n<h3>PUBLICATIONS<\/h3>\n<div class=\"row \">\n<p>Il est l\u2019auteur des <strong>publications <\/strong>scientifiques suivantes :<\/p>\n<p>&#8211; \u00a0\u00a0\u00a0\u00a0\u00a0\u00a0\u00a0\u00a0 \u201c<em>L\u2019accesso abusivo a sistema informatico da parte di funzionari pubblici. Non c\u2019\u00e8 reato se i dati non sono riservati<\/em>?\u201d, Dir.Inf., 2008, III, pp. 367 e ss.;<\/p>\n<p>&#8211; \u00a0\u00a0\u00a0\u00a0\u00a0\u00a0\u00a0\u00a0 \u201c<em>Inapplicabilit\u00e0 dell\u2019aggravante della finalit\u00e0 di terrorismo nel caso di devastazione commessa da gruppi di tifosi<\/em>\u201d, Cass. Pen, 2009, VI, pp. 2334 e ss.;<\/p>\n<p>&#8211; \u00a0\u00a0\u00a0\u00a0\u00a0\u00a0\u00a0\u00a0 (Coauteur) \u201c<em>Ambush marketing: una ricerca interdisciplinare sulle tutele<\/em>\u201d, Riv. Dir. Econom. Sport, 2009, II, pp. 13 e ss.;<\/p>\n<p>&#8211; \u00a0\u00a0\u00a0\u00a0\u00a0\u00a0\u00a0\u00a0 \u201c<em>Natura e requisiti di configurabilit\u00e0 del delitto di turbata libert\u00e0 dell\u2019industria o del commercio<\/em>\u201d in Cass.Pen., 2010, III, p. 982 e ss.<\/p>\n<p>&#8211; \u00a0\u00a0\u00a0\u00a0\u00a0\u00a0\u00a0\u00a0 \u201c<em>Il reato di corruzione internazionale: tra globalizzazione del diritto penale e (difficile) adattamento all\u2019ordinamento interno<\/em>\u201d, Cass. Pen., 2010, VI, p. 2183 e ss.;<\/p>\n<p>&#8211; \u00a0\u00a0\u00a0\u00a0\u00a0\u00a0\u00a0\u00a0 \u201c<em>Brevi note sulla responsabilit\u00e0 penale dell\u2019arbitro per fatti di reato verificatisi durante la gara: esiste un obbligo giuridico di impedire l\u2019evento?<\/em>\u201d, Riv. Dir. Econom. Sport, 2010, II, pp. 175 e ss.;<\/p>\n<p>&#8211; \u00a0\u00a0\u00a0\u00a0\u00a0\u00a0\u00a0\u00a0 \u201c<em>L\u2019aggravante della finalit\u00e0 di terrorismo \u00e8 configurabile anche per azioni solo dimostrative<\/em>\u201d, Cass. Pen., 2011, IV, p. 1381 ss.<\/p>\n<p>&#8211; \u00a0\u00a0\u00a0\u00a0\u00a0\u00a0\u00a0\u00a0 (coauteur) \u201c<em>L\u2019alienazione parentale: riflessioni psicologiche e giuridiche<\/em>\u201d, Cagnazzo \u2013 Preite \u2013 Tagliaferri (a cura di), Trattato di diritto di famiglia, Giuffr\u00e8, 2015.<\/p>\n<p>&#8211;\u00a0\u00a0\u00a0\u00a0\u00a0\u00a0\u00a0\u00a0\u00a0 \u201c<em>La responsabilit\u00e0 penale ai tempi del World Wide Web: l\u2019incerto ruolo degli Internet Service Provider<\/em>\u201d, en cours de publication, 2017.<\/p>\n<p>&#8211;\u00a0\u00a0\u00a0\u00a0\u00a0\u00a0\u00a0\u00a0 R\u00e9daction de Notes en droit p\u00e9nal dans le Bulletin Cassazione Penale<\/p>\n<p>&#8211; Traduction de l\u2019italien \u00e0 l\u2019anglais des diff\u00e9rents chapitres des ouvrages r\u00e9alis\u00e9s dans le cadre du projet de recherche \u00ab<em>Corporate criminal liability and compliance programs<\/em>\u00bb, financ\u00e9 par l\u2019Union Europ\u00e9enne et sous la supervision scientifique du Professeur Antonio Fiorella pour le compte des Universit\u00e9s\u00a0 italiennes \u201cLa Sapienza\u201d et \u201cRoma 3\u201d, fran\u00e7aise\u00a0\u00a0\u00a0\u00a0\u00a0 \u201c Paris 1 \u2013 Panth\u00e9on-Sorbonne\u201d et espagnole \u201cCastilla-la Manche\u201d<\/p>\n<ul>\n<li>FIORELLA , \u201c<em>Liability \u201cex crimine\u201d of legal entities in member States<\/em>\u201d, Jovene, 2012;<\/li>\n<li>FIORELLA, \u201c<em>Towards a common model in the European Union<\/em>\u201d, Jovene, 2012.<\/li>\n<\/ul>\n<\/div><\/div><\/div>\n<div class=\"row \"><div class=\"wpv-grid grid-1-1  wpv-first-level first unextended animation-from-bottom animated-active\" style=\"padding-top:15px;padding-bottom:60px\" id=\"wpv-column-de0ec4d910f115514fb9917cd1e0df29\" >\t\t<div class=\"sep-text single centered\">\n\t\t\t\t\t\t\t<span class=\"sep-text-before\"><div class=\"sep-text-line\"><\/div><\/span>\n\t\t\t\t\t\t<div class=\"content\">\n\t\t\t\t<h2 class=\"text-divider-double\">Contacter l\u2019avocat<\/h2>\t\t\t<\/div>\n\t\t\t<span class=\"sep-text-after\"><div class=\"sep-text-line\"><\/div><\/span>\n\t\t\t\t\t<\/div>\n\t<div class=\"push\" style='height:10px'><\/div>\n<div class=\"row \"><div class=\"wpv-grid grid-1-1  first unextended\" style=\"padding-top:0px;padding-bottom:0px\" id=\"wpv-column-c9a1f5d31e894919e12bb9d7ebb9b425\" ><p><div role=\"form\" class=\"wpcf7\" id=\"wpcf7-f10565-o1\" lang=\"en-US\" dir=\"ltr\">\n<div class=\"screen-reader-response\"><p role=\"status\" aria-live=\"polite\" aria-atomic=\"true\"><\/p> <ul><\/ul><\/div>\n<form action=\"\/fra\/wp-json\/wp\/v2\/pages\/9983#wpcf7-f10565-o1\" method=\"post\" class=\"wpcf7-form init\" novalidate=\"novalidate\" data-status=\"init\">\n<div style=\"display: none;\">\n<input type=\"hidden\" name=\"_wpcf7\" value=\"10565\" \/>\n<input type=\"hidden\" name=\"_wpcf7_version\" value=\"5.5.6\" \/>\n<input type=\"hidden\" name=\"_wpcf7_locale\" value=\"en_US\" \/>\n<input type=\"hidden\" name=\"_wpcf7_unit_tag\" value=\"wpcf7-f10565-o1\" \/>\n<input type=\"hidden\" name=\"_wpcf7_container_post\" value=\"0\" \/>\n<input type=\"hidden\" name=\"_wpcf7_posted_data_hash\" value=\"\" \/>\n<\/div>\n<div class=\"vamtam-rsvp-form\">\n<div class=\"row\">\n<div class=\"grid-1-3\">\n\t\t\t<span class=\"wpcf7-form-control-wrap yname\"><input type=\"text\" name=\"yname\" value=\"\" size=\"40\" class=\"wpcf7-form-control wpcf7-text wpcf7-validates-as-required\" id=\"name\" aria-required=\"true\" aria-invalid=\"false\" placeholder=\"Nom\" \/><\/span>\n\t\t<\/div>\n<div class=\"grid-1-3\">\n\t\t\t<span class=\"wpcf7-form-control-wrap Phone\"><input type=\"text\" name=\"Phone\" value=\"\" size=\"40\" class=\"wpcf7-form-control wpcf7-text\" id=\"Phone\" aria-invalid=\"false\" placeholder=\"N\u00b0 de t\u00e9l\u00e9phone (optionnel)\" \/><\/span>\n\t\t<\/div>\n<div class=\"grid-1-3\">\n\t\t\t<span class=\"wpcf7-form-control-wrap email-534\"><input type=\"email\" name=\"email-534\" value=\"\" size=\"40\" class=\"wpcf7-form-control wpcf7-text wpcf7-email wpcf7-validates-as-required wpcf7-validates-as-email\" id=\"email\" aria-required=\"true\" aria-invalid=\"false\" placeholder=\"Email\" \/><\/span><\/p>\n<\/div>\n<div class=\"grid-1-1\">\n\t\t\t<span class=\"wpcf7-form-control-wrap our-message\"><textarea name=\"our-message\" cols=\"40\" rows=\"5\" class=\"wpcf7-form-control wpcf7-textarea wpcf7-validates-as-required\" id=\"message\" aria-required=\"true\" aria-invalid=\"false\" placeholder=\"Votre message\"><\/textarea><\/span>\n\t\t<\/div>\n<\/div>\n<div style= \"text-align: center;\"><input type=\"submit\" value=\"Envoyer une demande \u2192\" class=\"wpcf7-form-control has-spinner wpcf7-submit\" \/><\/div>\n<\/div>\n<div class=\"wpcf7-response-output\" aria-hidden=\"true\"><\/div><\/form><\/div><\/div><\/div><\/div><\/div>\n<div class=\"row \"><div class=\"wpv-grid grid-1-1  wpv-first-level first unextended\" style=\"padding-top:0px;padding-bottom:0px\" id=\"wpv-column-ec00090545477cc46fc72d2f0273275b\" ><\/div><\/div><\/p>","protected":false},"excerpt":{"rendered":"<p>CONTACTS a.gentiloni@studiogentiloni.com alessandrogentiloni@ordineavvocatiroma.org DOMAINES DE COMPETENCE D\u00e9fense p\u00e9nale \u2192 Conseil et pr\u00e9vention du risque p\u00e9nal \u2192 International \u2192 FORMATION Master 2 en Droit , mention tr\u00e8s bien \u2013 Universit\u00e9 \u00abRoma Tre\u00bb de Rome \u2013 2006 Doctorat de Recherche en Droit et Proc\u00e9dure p\u00e9nale aupr\u00e8s de l\u2019Universit\u00e9 \u201cLa Sapienza\u201d de Rome &#8211; XXVII\u00e8me Cycle &#8211; 2016&#8230;<\/p>\n","protected":false},"author":7,"featured_media":0,"parent":7774,"menu_order":0,"comment_status":"closed","ping_status":"closed","template":"","meta":[],"_links":{"self":[{"href":"https:\/\/studiogentiloni.com\/fra\/wp-json\/wp\/v2\/pages\/9983"}],"collection":[{"href":"https:\/\/studiogentiloni.com\/fra\/wp-json\/wp\/v2\/pages"}],"about":[{"href":"https:\/\/studiogentiloni.com\/fra\/wp-json\/wp\/v2\/types\/page"}],"author":[{"embeddable":true,"href":"https:\/\/studiogentiloni.com\/fra\/wp-json\/wp\/v2\/users\/7"}],"replies":[{"embeddable":true,"href":"https:\/\/studiogentiloni.com\/fra\/wp-json\/wp\/v2\/comments?post=9983"}],"version-history":[{"count":7,"href":"https:\/\/studiogentiloni.com\/fra\/wp-json\/wp\/v2\/pages\/9983\/revisions"}],"predecessor-version":[{"id":10594,"href":"https:\/\/studiogentiloni.com\/fra\/wp-json\/wp\/v2\/pages\/9983\/revisions\/10594"}],"up":[{"embeddable":true,"href":"https:\/\/studiogentiloni.com\/fra\/wp-json\/wp\/v2\/pages\/7774"}],"wp:attachment":[{"href":"https:\/\/studiogentiloni.com\/fra\/wp-json\/wp\/v2\/media?parent=9983"}],"curies":[{"name":"wp","href":"https:\/\/api.w.org\/{rel}","templated":true}]}}