{"id":10003,"date":"2016-12-05T11:53:16","date_gmt":"2016-12-05T11:53:16","guid":{"rendered":"http:\/\/studiogentiloni.com\/it\/?page_id=10003"},"modified":"2022-07-27T12:08:21","modified_gmt":"2022-07-27T12:08:21","slug":"avv-laura-bacchini","status":"publish","type":"page","link":"https:\/\/studiogentiloni.com\/it\/professionisti\/avv-laura-bacchini\/","title":{"rendered":"Avv. Laura Bacchini"},"content":{"rendered":"<p><div class=\"row \"><div class=\"wpv-grid grid-1-3  wpv-first-level first has-background unextended\" style=\"\n\t\t\t\tbackground: url( 'http:\/\/studiogentiloni.com\/it\/wp-content\/uploads\/2022\/07\/laura-bacchini_t.jpg' ) no-repeat center top;\n\t\t\t\tbackground-size: auto;\n\t\t\tpadding-top:400px;padding-bottom:0px\" id=\"wpv-column-c69ae1ff9c32886996fbdf31f04769b4\" ><\/div>\n<div class=\"wpv-grid grid-2-3 add-border wpv-first-level unextended\" style=\"padding-top:20px;padding-bottom:15px\" id=\"wpv-column-b2fc9e30698a13b5489c15be0f2d82ad\" ><div class=\"row \"><div class=\"wpv-grid grid-1-1  first unextended animation-fade-in animated-active\" style=\"padding-top:0px;padding-bottom:0px\" id=\"wpv-column-8ff030ebb0321b4f458318e601539103\" ><h4 style=\"padding-left: 20px;\">CONTATTI<\/h4>\n<p style=\"padding-left: 20px;\"><a id=\"\" class=\"\" title=\"\" href=\" background_repeat=\"><!--Tel: 800-700-6200--><br \/>\n<\/a><a href=\"mailto:m.gentiloni@studiogentiloni.com\">l.bacchini@studiogentiloni.com<\/a><br \/>\n<a href=\"laurabacchini@ordineavvocatiroma.org\">laurabacchini@ordineavvocatiroma.org<\/a><\/p>\n<p style=\"padding-left: 20px;\"><div class=\"push\" style='height:10px'><\/div>\n<h4 style=\"padding-left: 20px;\">AREA DI COMPETENZA<\/h4>\n<p style=\"padding-left: 20px;\"><a href=\"\/it\/attivita\/patrocinio-in-materia-penale\/\">Patrocinio in materia penale \u2192<\/a><br \/>\n<a href=\"\/it\/attivita\/consulenza-e-prevenzione-del-rischio-reato\/\">Consulenza e prevenzione del rischio-reato \u2192<\/a><br \/>\n<a href=\"\/it\/attivita\/attivita-internazionale\/\">Attivit\u00e0 internazionale \u2192<\/a><br \/>\n<div class=\"push\" style='height:10px'><\/div>\n<h4 style=\"padding-left: 20px;\">EDUCAZIONE E TITOLI<\/h4>\n<ul>\n<li style=\"list-style-type: none;\">\n<ul>\n<li style=\"font-weight: 400;\"><span style=\"font-weight: 400;\">Laurea in Giurisprudenza \u2013 Universit\u00e0 \u201cRoma Tre\u201d di Roma \u2013 2004<\/span><\/li>\n<li style=\"font-weight: 400;\"><span style=\"font-weight: 400;\">Diploma di Specializzazione \u2013 Scuola di Specializzazione per le Professioni Legali \u2013 Universit\u00e0 \u201cLa Sapienza\u201d di Roma \u2013 2007<\/span><\/li>\n<li style=\"font-weight: 400;\"><span style=\"font-weight: 400;\">Iscrizione all\u2019Albo degli Avvocati di Roma \u2013 2008<\/span><\/li>\n<li style=\"font-weight: 400;\"><span style=\"font-weight: 400;\">Abilitata al patrocinio innanzi la Corte Suprema di Cassazione e le altre Giurisdizioni Superiori \u2013 2022<\/span><\/li>\n<\/ul>\n<\/li>\n<\/ul><\/div><\/div><\/div><\/div>\n<div class=\"push\" style='height:50px'><\/div>\n<div class=\"row \"><div class=\"wpv-grid grid-1-1  wpv-first-level first unextended\" style=\"padding-top:0px;padding-bottom:0px\" id=\"wpv-column-1b5140449d4456795af29421fd61c896\" ><h3>L&#8217;AVVOCATO<\/h3>\n<div class=\"row \">\n<div id=\"wpv-column-2d683c838b5ebbf00065efaee942c2621\" class=\"wpv-grid grid-1-2 wpv-first-level first unextended\" style=\"padding-top: 0px; padding-bottom: 0px;\">\n<div class=\"row \">\n<div id=\"wpv-column-3b2adab70b4a9bf546b86aa9455bd0e0\" class=\"wpv-grid grid-1-1 first unextended\" style=\"padding-top: 0px; padding-bottom: 0px;\">\n<p>Consegue il Diploma di maturit\u00e0 classica con il massimo dei voti. Dopo aver partecipato al Progetto Erasmus presso la Wilhelms &#8211; Universit\u00e4t di M\u00fcnster (Germania), nel 2004 si laurea in Giurisprudenza presso l\u2019Universit\u00e0 degli Studi \u201cRoma Tre\u201d di Roma. Nel biennio 2005-2007 frequenta la Scuola di Specializzazione in Professioni Legali dell\u2019Universit\u00e0 \u201cLa Sapienza\u201d di Roma.<\/p>\n<\/div>\n<\/div>\n<\/div>\n<div id=\"wpv-column-2fa98330df277d6d016d1927a1bffe5d1\" class=\"wpv-grid grid-1-2 wpv-first-level unextended\" style=\"padding-top: 0px; padding-bottom: 0px;\">\n<div class=\"row \">\n<div id=\"wpv-column-e0ffcb86f315b486c0ddcd2f678eca2d\" class=\"wpv-grid grid-1-1 first unextended\" style=\"padding-top: 0px; padding-bottom: 0px;\">\n<p>Compie la pratica ed esercita la professione di avvocato in prestigiosi Studi legali di Diritto penale acquisendo esperienza nel settore del Diritto penale d\u2019impresa e della consulenza societaria, in particolare in materia di responsabilit\u00e0 amministrativa da reato.<\/p>\n<\/div>\n<\/div>\n<\/div>\n<\/div>\n<div class=\"push\" style='height:20px'><\/div>\n<h3>&nbsp;<\/h3>\n<div class=\"row \">\n<div id=\"wpv-column-2d683c838b5ebbf00065efaee942c2621\" class=\"wpv-grid grid-1-2 wpv-first-level first unextended\" style=\"padding-top: 0px; padding-bottom: 0px;\">\n<div class=\"row \">\n<div id=\"wpv-column-3b2adab70b4a9bf546b86aa9455bd0e0\" class=\"wpv-grid grid-1-1 first unextended\" style=\"padding-top: 0px; padding-bottom: 0px;\">\n<p>Nel corso dell\u2019attivit\u00e0 professionale, oltre ad un approfondimento del Diritto penale fallimentare e bancario, del delitto di diffamazione a mezzo stampa ed on line, ha maturato una particolare esperienza nel settore dei reati contro la pubblica amministrazione, in quello tributario ed ambientale.<\/p>\n<p>Ha partecipato a Corsi di Alta formazione in Diritto penale Europeo di approfondimento dei sistemi giudiziari penali tedesco e austriaco.<br \/>\n\u00c8 iscritta all\u2019Ordine degli Avvocati di Roma dal 2008.<\/p>\n<\/div>\n<\/div>\n<\/div>\n<div id=\"wpv-column-2fa98330df277d6d016d1927a1bffe5d1\" class=\"wpv-grid grid-1-2 wpv-first-level unextended\" style=\"padding-top: 0px; padding-bottom: 0px;\">\n<div class=\"row \">\n<div id=\"wpv-column-e0ffcb86f315b486c0ddcd2f678eca2d\" class=\"wpv-grid grid-1-1 first unextended\" style=\"padding-top: 0px; padding-bottom: 0px;\">\n<p>Ha Svolto attivit\u00e0 stragiudiziale e giudiziale attraverso l\u2019assistenza di banche, pubblici ufficiali, enti territoriali, nonch\u00e9 prestando consulenza ad imprese, anche in relazione all\u2019adozione ed aggiornamento dei Modelli di Organizzazione, Gestione e Controllo previsti dal D. Lgs. 231\/2001.<\/p>\n<\/div>\n<\/div>\n<\/div>\n<\/div>\n<div class=\"push\" style='height:20px'><\/div>\n<h3>PUBBLICAZIONI<\/h3>\n<div class=\"row \">\n<div id=\"wpv-column-2d683c838b5ebbf00065efaee942c2621\" class=\"wpv-grid grid-1-2 wpv-first-level first unextended\" style=\"padding-top: 0px; padding-bottom: 0px;\">\n<div class=\"row \">\n<div id=\"wpv-column-3b2adab70b4a9bf546b86aa9455bd0e0\" class=\"wpv-grid grid-1-1 first unextended\" style=\"padding-top: 0px; padding-bottom: 0px;\">\n<p>\u00c8 autrice delle seguenti pubblicazioni:<\/p>\n<p>&#8211; <em>Ambiente e Sicurezza: Sistemi di Gestione e Modelli Organizzativi<\/em>, pubblicato sul periodico &#8220;NO STOP&#8221;, n. 92 del 2016.<\/p>\n<p>&#8211; <em>I lavoratori Anas e le nuove norme su omicidio e lesioni colpose stradali<\/em> \u2013 \u2018Rivista Giuridica del Lavoro e della Previdenza Sociale\u2019 &#8211; Notiziario, 2016, n. 3;<\/p>\n<p>-Nota a sentenza &#8211; Cass. pen. Sez. III \u2013 11 dicembre 2008, n. 10535&#8243; -\u201c<em>Il sequestro di un forum on line: l\u2019applicazione della legge sulla stampa tutelerebbe la libert\u00e0 di manifestazione del pensiero in Internet<\/em>?\u201d &#8211; \u2018Diritto dell\u2019Informazione e dell\u2019informatica\u2019, n. 3 del 2009;<\/p>\n<p>-Nota a sentenza &#8211; Cass. pen. Sez. I \u2013 16 febbraio 2007, n. 25755 &#8211; \u201c<em>Il sequestro probatorio nei confronti del giornalista non indagato: il problema del bilanciamento di interessi costituzionalmente garantiti ed il rischio di elusione delle tutele<\/em>\u201d, \u2018Diritto dell\u2019Informazione e dell\u2019informatica\u2019, n. 6 del 2008;<\/p>\n<\/div>\n<\/div>\n<\/div>\n<div id=\"wpv-column-2fa98330df277d6d016d1927a1bffe5d1\" class=\"wpv-grid grid-1-2 wpv-first-level unextended\" style=\"padding-top: 0px; padding-bottom: 0px;\">\n<!---Nota a sentenza - Cass. pen. Sez. II \u2013 18 agosto 2011, n. 32331 - \u201c<em>L\u2019irreperibilit\u00e0 di chi abbia indicato un\u2019utenza mobile: un ossimoro trascurato!<\/em>\u201d, pubblicato on line su \u201cIl diritto per i concorsi\u201d, a cura di F. Caringella;\n\n-->&#8211; \u201c<em>La sicurezza dei lavoratori nel sistema delineato dal D.Lgs. 231\/2001<\/em>\u201d, periodico Filt-Cgil Nazionale \u2018No Stop\u2019, n.  94 del 2017;<\/p>\n<p>&#8211; \u201c<em>Il comportamento imprudente del lavoratore infortunato<\/em>\u201d, periodico Filt-Cgil Nazionale \u2018No Stop\u2019, n. 96\/2017;<\/p>\n<p>&#8211; \u201c<em>Giudizio abbreviato e integrazione probatoria: nuovi limiti alla fluidit\u00e0 dell\u2019imputazione<\/em>\u201d, in Penale Diritto e Procedura, Pacini Giuridica, n. 1\/20;<\/p>\n<p>&#8211; \u201c<em>Stampa e reclusione: quando il rischio di una riforma \u00e8 il tradimento degli obiettivi<\/em>\u201d, in Penale Diritto e Procedura, Pacini Giuridica, n. 3\/2020;<\/p>\n<\/div>\n<\/div><\/div><\/div>\n<div class=\"row \"><div class=\"wpv-grid grid-1-1  wpv-first-level first unextended animation-from-bottom animated-active\" style=\"padding-top:15px;padding-bottom:60px\" id=\"wpv-column-7c9077944da46c8133c1d1e429cd1d15\" >\t\t<div class=\"sep-text single centered\">\n\t\t\t\t\t\t\t<span class=\"sep-text-before\"><div class=\"sep-text-line\"><\/div><\/span>\n\t\t\t\t\t\t<div class=\"content\">\n\t\t\t\t<h2 class=\"text-divider-double\">CONTATTA L'AVVOCATO<\/h2>\t\t\t<\/div>\n\t\t\t<span class=\"sep-text-after\"><div class=\"sep-text-line\"><\/div><\/span>\n\t\t\t\t\t<\/div>\n\t<div class=\"push\" style='height:10px'><\/div>\n<div class=\"row \"><div class=\"wpv-grid grid-1-1  first unextended\" style=\"padding-top:0px;padding-bottom:0px\" id=\"wpv-column-1cb5a574b91b0054228879facc7b278a\" ><p><div role=\"form\" class=\"wpcf7\" id=\"wpcf7-f10459-o1\" lang=\"en-US\" dir=\"ltr\">\n<div class=\"screen-reader-response\"><p role=\"status\" aria-live=\"polite\" aria-atomic=\"true\"><\/p> <ul><\/ul><\/div>\n<form action=\"\/it\/wp-json\/wp\/v2\/pages\/10003#wpcf7-f10459-o1\" method=\"post\" class=\"wpcf7-form init\" novalidate=\"novalidate\" data-status=\"init\">\n<div style=\"display: none;\">\n<input type=\"hidden\" name=\"_wpcf7\" value=\"10459\" \/>\n<input type=\"hidden\" name=\"_wpcf7_version\" value=\"5.5.6\" \/>\n<input type=\"hidden\" name=\"_wpcf7_locale\" value=\"en_US\" \/>\n<input type=\"hidden\" name=\"_wpcf7_unit_tag\" value=\"wpcf7-f10459-o1\" \/>\n<input type=\"hidden\" name=\"_wpcf7_container_post\" value=\"0\" \/>\n<input type=\"hidden\" name=\"_wpcf7_posted_data_hash\" value=\"\" \/>\n<\/div>\n<div class=\"vamtam-rsvp-form\">\n<div class=\"row\">\n<div class=\"grid-1-3\">\n\t\t\t<span class=\"wpcf7-form-control-wrap yname\"><input type=\"text\" name=\"yname\" value=\"\" size=\"40\" class=\"wpcf7-form-control wpcf7-text wpcf7-validates-as-required\" id=\"name\" aria-required=\"true\" aria-invalid=\"false\" placeholder=\"Nome\" \/><\/span>\n\t\t<\/div>\n<div class=\"grid-1-3\">\n\t\t\t<span class=\"wpcf7-form-control-wrap Phone\"><input type=\"text\" name=\"Phone\" value=\"\" size=\"40\" class=\"wpcf7-form-control wpcf7-text\" id=\"Phone\" aria-invalid=\"false\" placeholder=\"Telefono (Opzionale)\" \/><\/span>\n\t\t<\/div>\n<div class=\"grid-1-3\">\n\t\t\t<span class=\"wpcf7-form-control-wrap email-534\"><input type=\"email\" name=\"email-534\" value=\"\" size=\"40\" class=\"wpcf7-form-control wpcf7-text wpcf7-email wpcf7-validates-as-required wpcf7-validates-as-email\" id=\"email\" aria-required=\"true\" aria-invalid=\"false\" placeholder=\"Email\" \/><\/span><\/p>\n<\/div>\n<div class=\"grid-1-1\">\n\t\t\t<span class=\"wpcf7-form-control-wrap our-message\"><textarea name=\"our-message\" cols=\"40\" rows=\"5\" class=\"wpcf7-form-control wpcf7-textarea wpcf7-validates-as-required\" id=\"message\" aria-required=\"true\" aria-invalid=\"false\" placeholder=\"Descrizione\"><\/textarea><\/span>\n\t\t<\/div>\n<\/div>\n<div style= \"text-align: center;\"><input type=\"submit\" value=\"INVIA RICHIESTA \u2192\" class=\"wpcf7-form-control has-spinner wpcf7-submit\" \/><\/div>\n<\/div>\n<div class=\"wpcf7-response-output\" aria-hidden=\"true\"><\/div><\/form><\/div><\/div><\/div><\/div><\/div><\/p>","protected":false},"excerpt":{"rendered":"<p>CONTATTI l.bacchini@studiogentiloni.com laurabacchini@ordineavvocatiroma.org AREA DI COMPETENZA Patrocinio in materia penale \u2192 Consulenza e prevenzione del rischio-reato \u2192 Attivit\u00e0 internazionale \u2192 EDUCAZIONE E TITOLI Laurea in Giurisprudenza \u2013 Universit\u00e0 \u201cRoma Tre\u201d di Roma \u2013 2004 Diploma di Specializzazione \u2013 Scuola di Specializzazione per le Professioni Legali \u2013 Universit\u00e0 \u201cLa Sapienza\u201d di Roma \u2013 2007 Iscrizione all\u2019Albo&#8230;<\/p>\n","protected":false},"author":1,"featured_media":0,"parent":7774,"menu_order":0,"comment_status":"closed","ping_status":"closed","template":"","meta":{"_mi_skip_tracking":false},"yoast_head":"<!-- This site is optimized with the Yoast SEO plugin v18.4.1 - https:\/\/yoast.com\/wordpress\/plugins\/seo\/ -->\n<title>Avv. Laura Bacchini &mdash; Studio Gentiloni Silveri<\/title>\n<meta name=\"robots\" content=\"index, follow, max-snippet:-1, max-image-preview:large, max-video-preview:-1\" \/>\n<link rel=\"canonical\" href=\"https:\/\/studiogentiloni.com\/it\/professionisti\/avv-laura-bacchini\/\" \/>\n<meta property=\"og:locale\" content=\"it_IT\" \/>\n<meta property=\"og:type\" content=\"article\" \/>\n<meta property=\"og:title\" content=\"Avv. Laura Bacchini &mdash; Studio Gentiloni Silveri\" \/>\n<meta property=\"og:description\" content=\"CONTATTI l.bacchini@studiogentiloni.com laurabacchini@ordineavvocatiroma.org AREA DI COMPETENZA Patrocinio in materia penale \u2192 Consulenza e prevenzione del rischio-reato \u2192 Attivit\u00e0 internazionale \u2192 EDUCAZIONE E TITOLI Laurea in Giurisprudenza \u2013 Universit\u00e0 \u201cRoma Tre\u201d di Roma \u2013 2004 Diploma di Specializzazione \u2013 Scuola di Specializzazione per le Professioni Legali \u2013 Universit\u00e0 \u201cLa Sapienza\u201d di Roma \u2013 2007 Iscrizione all\u2019Albo...\" \/>\n<meta property=\"og:url\" content=\"https:\/\/studiogentiloni.com\/it\/professionisti\/avv-laura-bacchini\/\" \/>\n<meta property=\"og:site_name\" content=\"Studio Gentiloni Silveri\" \/>\n<meta property=\"article:modified_time\" content=\"2022-07-27T12:08:21+00:00\" \/>\n<meta name=\"twitter:card\" content=\"summary\" \/>\n<meta name=\"twitter:label1\" content=\"Tempo di lettura stimato\" \/>\n\t<meta name=\"twitter:data1\" content=\"19 minuti\" \/>\n<script type=\"application\/ld+json\" class=\"yoast-schema-graph\">{\"@context\":\"https:\/\/schema.org\",\"@graph\":[{\"@type\":\"WebSite\",\"@id\":\"https:\/\/studiogentiloni.com\/it\/#website\",\"url\":\"https:\/\/studiogentiloni.com\/it\/\",\"name\":\"Studio Gentiloni Silveri\",\"description\":\"Diritto  Penale\",\"potentialAction\":[{\"@type\":\"SearchAction\",\"target\":{\"@type\":\"EntryPoint\",\"urlTemplate\":\"https:\/\/studiogentiloni.com\/it\/?s={search_term_string}\"},\"query-input\":\"required name=search_term_string\"}],\"inLanguage\":\"it-IT\"},{\"@type\":\"WebPage\",\"@id\":\"https:\/\/studiogentiloni.com\/it\/professionisti\/avv-laura-bacchini\/#webpage\",\"url\":\"https:\/\/studiogentiloni.com\/it\/professionisti\/avv-laura-bacchini\/\",\"name\":\"Avv. Laura Bacchini &mdash; Studio Gentiloni Silveri\",\"isPartOf\":{\"@id\":\"https:\/\/studiogentiloni.com\/it\/#website\"},\"datePublished\":\"2016-12-05T11:53:16+00:00\",\"dateModified\":\"2022-07-27T12:08:21+00:00\",\"breadcrumb\":{\"@id\":\"https:\/\/studiogentiloni.com\/it\/professionisti\/avv-laura-bacchini\/#breadcrumb\"},\"inLanguage\":\"it-IT\",\"potentialAction\":[{\"@type\":\"ReadAction\",\"target\":[\"https:\/\/studiogentiloni.com\/it\/professionisti\/avv-laura-bacchini\/\"]}]},{\"@type\":\"BreadcrumbList\",\"@id\":\"https:\/\/studiogentiloni.com\/it\/professionisti\/avv-laura-bacchini\/#breadcrumb\",\"itemListElement\":[{\"@type\":\"ListItem\",\"position\":1,\"name\":\"Home\",\"item\":\"https:\/\/studiogentiloni.com\/it\/\"},{\"@type\":\"ListItem\",\"position\":2,\"name\":\"I Professionisti\",\"item\":\"https:\/\/studiogentiloni.com\/it\/professionisti\/\"},{\"@type\":\"ListItem\",\"position\":3,\"name\":\"Avv. Laura Bacchini\"}]}]}<\/script>\n<!-- \/ Yoast SEO plugin. -->","yoast_head_json":{"title":"Avv. Laura Bacchini &mdash; Studio Gentiloni Silveri","robots":{"index":"index","follow":"follow","max-snippet":"max-snippet:-1","max-image-preview":"max-image-preview:large","max-video-preview":"max-video-preview:-1"},"canonical":"https:\/\/studiogentiloni.com\/it\/professionisti\/avv-laura-bacchini\/","og_locale":"it_IT","og_type":"article","og_title":"Avv. Laura Bacchini &mdash; Studio Gentiloni Silveri","og_description":"CONTATTI l.bacchini@studiogentiloni.com laurabacchini@ordineavvocatiroma.org AREA DI COMPETENZA Patrocinio in materia penale \u2192 Consulenza e prevenzione del rischio-reato \u2192 Attivit\u00e0 internazionale \u2192 EDUCAZIONE E TITOLI Laurea in Giurisprudenza \u2013 Universit\u00e0 \u201cRoma Tre\u201d di Roma \u2013 2004 Diploma di Specializzazione \u2013 Scuola di Specializzazione per le Professioni Legali \u2013 Universit\u00e0 \u201cLa Sapienza\u201d di Roma \u2013 2007 Iscrizione all\u2019Albo...","og_url":"https:\/\/studiogentiloni.com\/it\/professionisti\/avv-laura-bacchini\/","og_site_name":"Studio Gentiloni Silveri","article_modified_time":"2022-07-27T12:08:21+00:00","twitter_card":"summary","twitter_misc":{"Tempo di lettura stimato":"19 minuti"},"schema":{"@context":"https:\/\/schema.org","@graph":[{"@type":"WebSite","@id":"https:\/\/studiogentiloni.com\/it\/#website","url":"https:\/\/studiogentiloni.com\/it\/","name":"Studio Gentiloni Silveri","description":"Diritto  Penale","potentialAction":[{"@type":"SearchAction","target":{"@type":"EntryPoint","urlTemplate":"https:\/\/studiogentiloni.com\/it\/?s={search_term_string}"},"query-input":"required name=search_term_string"}],"inLanguage":"it-IT"},{"@type":"WebPage","@id":"https:\/\/studiogentiloni.com\/it\/professionisti\/avv-laura-bacchini\/#webpage","url":"https:\/\/studiogentiloni.com\/it\/professionisti\/avv-laura-bacchini\/","name":"Avv. Laura Bacchini &mdash; Studio Gentiloni Silveri","isPartOf":{"@id":"https:\/\/studiogentiloni.com\/it\/#website"},"datePublished":"2016-12-05T11:53:16+00:00","dateModified":"2022-07-27T12:08:21+00:00","breadcrumb":{"@id":"https:\/\/studiogentiloni.com\/it\/professionisti\/avv-laura-bacchini\/#breadcrumb"},"inLanguage":"it-IT","potentialAction":[{"@type":"ReadAction","target":["https:\/\/studiogentiloni.com\/it\/professionisti\/avv-laura-bacchini\/"]}]},{"@type":"BreadcrumbList","@id":"https:\/\/studiogentiloni.com\/it\/professionisti\/avv-laura-bacchini\/#breadcrumb","itemListElement":[{"@type":"ListItem","position":1,"name":"Home","item":"https:\/\/studiogentiloni.com\/it\/"},{"@type":"ListItem","position":2,"name":"I Professionisti","item":"https:\/\/studiogentiloni.com\/it\/professionisti\/"},{"@type":"ListItem","position":3,"name":"Avv. Laura Bacchini"}]}]}},"_links":{"self":[{"href":"https:\/\/studiogentiloni.com\/it\/wp-json\/wp\/v2\/pages\/10003"}],"collection":[{"href":"https:\/\/studiogentiloni.com\/it\/wp-json\/wp\/v2\/pages"}],"about":[{"href":"https:\/\/studiogentiloni.com\/it\/wp-json\/wp\/v2\/types\/page"}],"author":[{"embeddable":true,"href":"https:\/\/studiogentiloni.com\/it\/wp-json\/wp\/v2\/users\/1"}],"replies":[{"embeddable":true,"href":"https:\/\/studiogentiloni.com\/it\/wp-json\/wp\/v2\/comments?post=10003"}],"version-history":[{"count":18,"href":"https:\/\/studiogentiloni.com\/it\/wp-json\/wp\/v2\/pages\/10003\/revisions"}],"predecessor-version":[{"id":10931,"href":"https:\/\/studiogentiloni.com\/it\/wp-json\/wp\/v2\/pages\/10003\/revisions\/10931"}],"up":[{"embeddable":true,"href":"https:\/\/studiogentiloni.com\/it\/wp-json\/wp\/v2\/pages\/7774"}],"wp:attachment":[{"href":"https:\/\/studiogentiloni.com\/it\/wp-json\/wp\/v2\/media?parent=10003"}],"curies":[{"name":"wp","href":"https:\/\/api.w.org\/{rel}","templated":true}]}}