{"id":10672,"date":"2022-07-26T14:40:44","date_gmt":"2022-07-26T14:40:44","guid":{"rendered":"https:\/\/studiogentiloni.com\/it\/?page_id=10672"},"modified":"2022-07-27T10:49:49","modified_gmt":"2022-07-27T10:49:49","slug":"avv-giovanni-capozio-phd","status":"publish","type":"page","link":"https:\/\/studiogentiloni.com\/it\/professionisti\/avv-giovanni-capozio-phd\/","title":{"rendered":"Avv. Giovanni Capozio, Ph.D."},"content":{"rendered":"<p><div class=\"row \"><div class=\"wpv-grid grid-1-1  wpv-first-level first unextended\" style=\"padding-top:0px;padding-bottom:0px\" id=\"wpv-column-e4241915c4de9deb114e24eb7a114f2c\" ><\/div><\/div>\n<div class=\"row \"><div class=\"wpv-grid grid-1-3  wpv-first-level first has-background unextended\" style=\"\n\t\t\t\tbackground: url( 'http:\/\/studiogentiloni.com\/it\/wp-content\/\/uploads\/2022\/07\/giovanni-capozio_t.jpg' ) no-repeat center top;\n\t\t\t\tbackground-size: auto;\n\t\t\tpadding-top:400px;padding-bottom:0px\" id=\"wpv-column-4c5da1ad856973af2a029f0b79820419\" ><\/div>\n<div class=\"wpv-grid grid-2-3 add-border wpv-first-level unextended\" style=\"padding-top:20px;padding-bottom:15px\" id=\"wpv-column-9d2b9e5bee76c4762a8569e57fbac2ce\" ><div class=\"row \"><div class=\"wpv-grid grid-1-1  first unextended animation-fade-in animated-active\" style=\"padding-top:0px;padding-bottom:0px\" id=\"wpv-column-157ad935a355c20e5823c5bf5ee9738c\" ><h4 style=\"padding-left: 20px;\">CONTATTI<\/h4>\n<p style=\"padding-left: 20px;\"><a id=\"\" class=\"\" title=\"\" href=\" background_repeat=\"><!--Tel: 800-700-6200--><br \/>\n<\/a><a href=\"mailto:g.capozio@studiogentiloni.com\">g.capozio@studiogentiloni.com<\/a><br \/>\n<a href=\"mailto:giovannicapozio@ordineavvocatiroma.org\">giovannicapozio@ordineavvocatiroma.org<\/a><\/p>\n<p style=\"padding-left: 20px;\"><div class=\"push\" style='height:10px'><\/div>\n<h4 style=\"padding-left: 20px;\">AREA DI COMPETENZA<\/h4>\n<p style=\"padding-left: 20px;\"><a href=\"\/it\/attivita\/patrocinio-in-materia-penale\/\">Patrocinio in materia penale \u2192<\/a><br \/>\n<a href=\"\/it\/attivita\/consulenza-e-prevenzione-del-rischio-reato\/\">Consulenza e prevenzione del rischio-reato \u2192<\/a><br \/>\n<a href=\"\/it\/attivita\/attivita-internazionale\/\">Attivit\u00e0 internazionale \u2192<\/a><br \/>\n<div class=\"push\" style='height:10px'><\/div>\n<h4 style=\"padding-left: 20px;\">EDUCAZIONE E TITOLI<\/h4>\n<ul>\n<li style=\"list-style-type: none;\">\n<ul>\n<li style=\"list-style-type: none;\">\n<ul>\n<li style=\"font-weight: 400;\"><span style=\"font-weight: 400;\">Laurea con lode in Giurisprudenza \u2013 Universit\u00e0 \u2018La Sapienza\u2019 di Roma \u2013 2012<\/span><\/li>\n<li style=\"font-weight: 400;\"><span style=\"font-weight: 400;\">Diploma \u2013 Scuola di Specializzazione per le Professioni \u2013&nbsp;<\/span>Universit\u00e0 \u201cLa Sapienza\u201d di Roma \u2013 2014<\/li>\n<li style=\"font-weight: 400;\"><span style=\"font-weight: 400;\">Dottorato di Ricerca in Diritto e Procedura Penale \u2013 XXIX Ciclo \u2013 <\/span>Universit\u00e0 \u201cLa Sapienza\u201d di Roma \u2013 2018<\/li>\n<li style=\"font-weight: 400;\"><span style=\"font-weight: 400;\">Iscrizione all\u2019Albo degli Avvocati di Roma \u2013 2017<\/span><\/li>\n<\/ul>\n<\/li>\n<\/ul>\n<\/li>\n<\/ul><\/div><\/div><\/div><\/div>\n<div class=\"push\" style='height:50px'><\/div>\n<div class=\"row \"><div class=\"wpv-grid grid-1-1  wpv-first-level first unextended\" style=\"padding-top:0px;padding-bottom:0px\" id=\"wpv-column-689253290510bbd233cb26b42080188d\" ><h3>L&#8217;AVVOCATO<\/h3>\n<div class=\"row \">\n<div id=\"wpv-column-2d683c838b5ebbf00065efaee942c2621\" class=\"wpv-grid grid-1-2 wpv-first-level first unextended\" style=\"padding-top: 0px; padding-bottom: 0px;\">\n<div class=\"row \">\n<div id=\"wpv-column-3b2adab70b4a9bf546b86aa9455bd0e0\" class=\"wpv-grid grid-1-1 first unextended\" style=\"padding-top: 0px; padding-bottom: 0px;\">\n<p>Consegue la maturit\u00e0 classica col massimo dei voti e si laurea cum laude in Giurisprudenza presso l\u2019Universit\u00e0 di Roma \u2018La Sapienza\u2019, dove, nel 2014, ottiene il diploma presso la Scuola di Specializzazione per le Professioni Legali.<\/p>\n<p>Nel febbraio 2018 consegue, col giudizio di ottimo con lode, il titolo di Dottore di ricerca in diritto e procedura penale presso l\u2019Universit\u00e0 \u2018Sapienza\u2019.<\/p>\n<p>\u00c8 cultore della materia in Diritto penale presso le Universit\u00e0 \u2018Sapienza\u2019 ed \u2018Unitelma Sapienza\u2019. A decorrere dall\u2019anno accademico 2013-14 svolge, regolarmente, attivit\u00e0 di ricerca scientifica e di assistenza alle cattedre afferenti agli insegnamenti di area penalistica.<\/p>\n<p>Approfondisce, sia negli studi dottorali che nell\u2019attivit\u00e0 accademica, la tematica della responsabilit\u00e0 da reato degli enti collettivi.<\/p>\n<p>Dal 2016 svolge, inoltre, attivit\u00e0 di docenza in Diritto e procedura penale nell\u2019ambito del Corso di preparazione all\u2019esame per l\u2019abilitazione all\u2019esercizio della professione forense \u2018Praecepta\u2019.<\/p>\n<\/div>\n<\/div>\n<\/div>\n<div id=\"wpv-column-2fa98330df277d6d016d1927a1bffe5d1\" class=\"wpv-grid grid-1-2 wpv-first-level unextended\" style=\"padding-top: 0px; padding-bottom: 0px;\">\n<div class=\"row \">\n<div id=\"wpv-column-e0ffcb86f315b486c0ddcd2f678eca2d\" class=\"wpv-grid grid-1-1 first unextended\" style=\"padding-top: 0px; padding-bottom: 0px;\">\n<p>\u00c9 altres\u00ec docente presso la Scuola Superiore della Polizia di Stato di Roma, nell\u2019ambito del Corso per Vice-allievi Ispettori presso l\u2019Istituto di formazione della Polizia di Stato di Nettuno. \u00c8 inoltre docente nell\u2019ambito di Master universitari di II livello.<\/p>\n<p>\u00c9 Ricercatore junior presso l\u2019Istituto di Studi Penalistici \u2018Alimena\u2019 dell\u2019Universit\u00e0 della Calabria e componente della Redazione della Rivista scientifica DPEI \u2013 Diritto penale economia e impresa.<\/p>\n<p>Nel settembre 2015 consegue l\u2019abilitazione all\u2019esercizio della professione forense innanzi alla Corte d\u2019Appello di Roma e, dal novembre 2017, \u00e8 iscritto presso l\u2019Albo degli Avvocati del Foro di Roma, ove, a seguito di un biennio trascorso presso un prestigioso Studio legale, svolge la propria attivit\u00e0 professionale, sia in ambito giudiziale che stragiudiziale.<\/p>\n<\/div>\n<\/div>\n<\/div>\n<\/div>\n<div class=\"push\" style='height:20px'><\/div>\n<h3><\/h3>\n<div class=\"row \"><\/div>\n<div class=\"push\" style='height:20px'><\/div>\n<h3>PUBBLICAZIONI<\/h3>\n<div class=\"row \">\n<div id=\"wpv-column-2d683c838b5ebbf00065efaee942c2621\" class=\"wpv-grid grid-1-2 wpv-first-level first unextended\" style=\"padding-top: 0px; padding-bottom: 0px;\">\n<div class=\"row \">\n<div id=\"wpv-column-3b2adab70b4a9bf546b86aa9455bd0e0\" class=\"wpv-grid grid-1-1 first unextended\" style=\"padding-top: 0px; padding-bottom: 0px;\">\n<p>\u00c8 autore delle seguenti pubblicazioni:<\/p>\n<p><span style=\"font-weight: 400;\">&#8211; <\/span> <span style=\"font-weight: 400;\">\u201c<\/span><i><span style=\"font-weight: 400;\">La fattispecie del reato doloso d\u2019azione, in Manuale di diritto penale. Parte generale e speciale. Editio minor<\/span><\/i><span style=\"font-weight: 400;\">\u201d,a cura di A. Gamberini \u2013 N. Madia \u2013 L. Della Ragione, Milano, Giuffr\u00e8 Francis Lefebvre, in corso di pubblicazione; <\/span><\/p>\n<p><span style=\"font-weight: 400;\">&#8211; <\/span> <span style=\"font-weight: 400;\">\u201c<\/span><i><span style=\"font-weight: 400;\">\u2018Pena\u2019. Immutabilit\u00e0 del genere della pena e tutela del canone del favor rei, in Argomenti di diritto penale giurisprudenziale<\/span><\/i><span style=\"font-weight: 400;\">\u201d, a cura di T.E. Epidendio \u2013 E.Rosi, Milano, Giuffr\u00e8 Francis Lefebvre, 2022, pp. 478-525;<\/span><\/p>\n<p><span style=\"font-weight: 400;\">&#8211; <\/span> <span style=\"font-weight: 400;\">\u201c<\/span><i><span style=\"font-weight: 400;\">Commento agli articoli 1, 2, 3 e 4 del Protocollo n. 4 alla Convenzione per la salvaguardia dei Diritti dell\u2019Uomo e delle Libert\u00e0 fondamentali, che riconosce alcuni diritti e libert\u00e0 oltre quelli che gi\u00e0 figurano nella Convenzione e nel Protocollo addizionale alla Convenzione<\/span><\/i><span style=\"font-weight: 400;\">\u201d, in Aa. Vv., &#8220;La Convenzione europea dei diritti dell\u2019uomo. I diritti \u2013 &#8220;La procedura&#8221;, Commentario diretto da S. Beltrani, Bologna, Zanichelli, 2022, pp. 1579-1645;;<\/span><\/p>\n<p><span style=\"font-weight: 400;\">&#8211; <\/span> <span style=\"font-weight: 400;\">\u201c<\/span><i><span style=\"font-weight: 400;\">Commento agli artt. 31-32, d.lgs. 8 giugno 2001, n. 231<\/span><\/i><span style=\"font-weight: 400;\">\u201d in D. Castronuovo \u2013 G. De Simone \u2013 E. Ginevra \u2013 A. Lionzo \u2013 D. Negri \u2013 G. Varraso (a cura di), &#8220;Compliance \u2013 Responsabilit\u00e0 da reato degli enti collettivi&#8221;, I ed., Wolters Kluwer, Milano, 2019, pp. 802-815;<\/span><\/p>\n<p><span style=\"font-weight: 400;\">&#8211; <\/span> <span style=\"font-weight: 400;\">\u201c<\/span><i><span style=\"font-weight: 400;\">Commento agli artt. 28 &#8211; 29 &#8211; 30 &#8211; 33, d.lgs. n. 231\/2001 \u2013 Profili penalistici <\/span><\/i><span style=\"font-weight: 400;\">\u201d, (co-autore D. Vozza), in D. Castronuovo \u2013 G. De Simone \u2013 E. Ginevra \u2013 A. Lionzo \u2013 D. Negri \u2013 G. Varraso (a cura di), &#8220;Compliance \u2013 Responsabilit\u00e0 da reato degli enti collettivi&#8221;, I ed., Wolters Kluwer, Milano, 2019, pp. 837-847; 850-853.<\/span><\/p>\n<p><span style=\"font-weight: 400;\">&#8211; <\/span> <span style=\"font-weight: 400;\">\u201c<\/span><i><span style=\"font-weight: 400;\">Mancata esecuzione di un provvedimento del giudice: unicit\u00e0 del procedimento giurisdizionale, pluralit\u00e0 di provvedimenti e divieto di bis in idem<\/span><\/i><span style=\"font-weight: 400;\">\u201d , in ilPenalista.it, 4 settembre 2019;<\/span><\/p>\n<\/div>\n<\/div>\n<\/div>\n<div id=\"wpv-column-2fa98330df277d6d016d1927a1bffe5d1\" class=\"wpv-grid grid-1-2 wpv-first-level unextended\" style=\"padding-top: 0px; padding-bottom: 0px;\">\n<div class=\"row \">\n<div id=\"wpv-column-e0ffcb86f315b486c0ddcd2f678eca2d\" class=\"wpv-grid grid-1-1 first unextended\" style=\"padding-top: 0px; padding-bottom: 0px;\">\n<p><span style=\"font-weight: 400;\">&#8211; <\/span> <span style=\"font-weight: 400;\">\u201c<\/span><i><span style=\"font-weight: 400;\">Presupposti e limiti della configurabilit\u00e0 del tentativo di induzione indebita e rapporti con fattispecie criminose limitrofe: l\u2019incerto confine tra la figura del privato \u00abautore del reato\u00bb ovvero \u00abpersona offesa\u00bb dal medesimo<\/span><\/i><span style=\"font-weight: 400;\">\u201d, in R. Garofoli, Focus magistratura, n. 3\/3, maggio 2019, pp. 59-74;<\/span><\/p>\n<p><span style=\"font-weight: 400;\">&#8211; <\/span> <span style=\"font-weight: 400;\">(coautore) \u201c<\/span><i><span style=\"font-weight: 400;\">Particolare tenuit\u00e0 del fatto. La non irrisoriet\u00e0 del danno non ostacola l\u2019applicazione della causa di non punibilit\u00e0, in ilPenalista.it<\/span><span style=\"font-weight: 400;\">), , 6 marzo 2019;<\/span><\/i><\/p>\n<p><span style=\"font-weight: 400;\">&#8211;<\/span> <span style=\"font-weight: 400;\">\u201cV<\/span><i><span style=\"font-weight: 400;\">oce Autoriciclaggio<\/span><\/i><span style=\"font-weight: 400;\">\u201d,in ilPenalista.it, 12 febbraio 2019;<\/span><\/p>\n<p><span style=\"font-weight: 400;\">&#8211; &#8220;<\/span><i><span style=\"font-weight: 400;\">Il concorso nelle associazioni con finalit\u00e0 di terrorismo<\/span><\/i><i><i><span style=\"font-weight: 400;\">\u201d, in R. Garofoli, &#8220;Focus magistratura&#8221;, n. 2\/3, febbraio 2019, pp. 54-60;<\/span><\/i><\/i><\/p>\n<p><span style=\"font-weight: 400;\">&#8211; &#8220;<\/span><i><span style=\"font-weight: 400;\">Il delitto di autoriciclaggio. Contrasti giurisprudenziali<\/span><\/i><i><i><span style=\"font-weight: 400;\">\u201d, in ilPenalista.it, 21 dicembre 2018;<\/span><\/i><\/i><\/p>\n<p><span style=\"font-weight: 400;\">&#8211; &#8220;<\/span><i><span style=\"font-weight: 400;\">Artt. 131-bis \u2013 219, in A. A. Salemme, Codice penale annotato con le massime integrali delle SS.UU. e della giurisprudenza pi\u00f9 significativa, I ed.<\/span><\/i><i><i><span style=\"font-weight: 400;\">\u201d, Neldiritto, Molfetta, 2018;<\/span><\/i><\/i><\/p>\n<p><span style=\"font-weight: 400;\">&#8211; &#8220;<\/span><i><span style=\"font-weight: 400;\">Deturpamento e imbrattamento di cose altrui. Un caso di abbandono, lungo la pubblica via, di rifiuti estratti da un cassonetto<\/span><\/i><i><i><span style=\"font-weight: 400;\">\u201d, in ilPenalista.it, 27 luglio 2018;<\/span><\/i><\/i><\/p>\n<p><span style=\"font-weight: 400;\">&#8211;<\/span><i><span style=\"font-weight: 400;\">(curatela) &#8220;Voci Economia \u2013 Lavoro; Pedopornografia \u2013 Sanit\u00e0, in R. Garofoli, Codice delle leggi penali speciali \u2013 Annotato con la giurisprudenza, V ed.<\/span><\/i><i><i><span style=\"font-weight: 400;\">\u201d, Neldiritto, Molfetta, 2017;<\/span><\/i><\/i><\/p>\n<p><span style=\"font-weight: 400;\">&#8211; &#8220;<\/span><i><span style=\"font-weight: 400;\">Capitoli in tema di Delitti contro la Pubblica amministrazione e Delitti contro l\u2019ordine pubblico, in R. Garofoli, Manuale di diritto penale. Parte speciale, tomo 1, IV ed.<\/span><\/i><i><i><span style=\"font-weight: 400;\">\u201d, Neldiritto, Roma, 2017;<\/span><\/i><\/i><\/p>\n<p><span style=\"font-weight: 400;\">&#8211; <\/span><i><span style=\"font-weight: 400;\">(curatela) &#8220;Voci Pedopornografia \u2013 Sanit\u00e0, in R. Garofoli, Codice delle leggi penali speciali \u2013 Annotato con la giurisprudenza, IV ed.<\/span><\/i><i><i><span style=\"font-weight: 400;\">\u201d, Nel Diritto, Roma, 2016;<\/span><\/i><\/i><\/p>\n<\/div>\n<\/div>\n<\/div>\n<\/div><\/div><\/div>\n<div class=\"row \"><div class=\"wpv-grid grid-1-1  wpv-first-level first unextended animation-from-bottom animated-active\" style=\"padding-top:15px;padding-bottom:60px\" id=\"wpv-column-472bd6ad83122b77357debda8a250bed\" >\t\t<div class=\"sep-text single centered\">\n\t\t\t\t\t\t\t<span class=\"sep-text-before\"><div class=\"sep-text-line\"><\/div><\/span>\n\t\t\t\t\t\t<div class=\"content\">\n\t\t\t\t<h2 class=\"text-divider-double\">CONTATTA L'AVVOCATO<\/h2>\t\t\t<\/div>\n\t\t\t<span class=\"sep-text-after\"><div class=\"sep-text-line\"><\/div><\/span>\n\t\t\t\t\t<\/div>\n\t<div class=\"push\" style='height:10px'><\/div>\n<div class=\"row \"><div class=\"wpv-grid grid-1-1  first unextended\" style=\"padding-top:0px;padding-bottom:0px\" id=\"wpv-column-2fe4e13f1814ba58ff603a0251c6db47\" ><p><div role=\"form\" class=\"wpcf7\" id=\"wpcf7-f10725-o1\" lang=\"en-US\" dir=\"ltr\">\n<div class=\"screen-reader-response\"><p role=\"status\" aria-live=\"polite\" aria-atomic=\"true\"><\/p> <ul><\/ul><\/div>\n<form action=\"\/it\/wp-json\/wp\/v2\/pages\/10672#wpcf7-f10725-o1\" method=\"post\" class=\"wpcf7-form init\" novalidate=\"novalidate\" data-status=\"init\">\n<div style=\"display: none;\">\n<input type=\"hidden\" name=\"_wpcf7\" value=\"10725\" \/>\n<input type=\"hidden\" name=\"_wpcf7_version\" value=\"5.5.6\" \/>\n<input type=\"hidden\" name=\"_wpcf7_locale\" value=\"en_US\" \/>\n<input type=\"hidden\" name=\"_wpcf7_unit_tag\" value=\"wpcf7-f10725-o1\" \/>\n<input type=\"hidden\" name=\"_wpcf7_container_post\" value=\"0\" \/>\n<input type=\"hidden\" name=\"_wpcf7_posted_data_hash\" value=\"\" \/>\n<\/div>\n<div class=\"vamtam-rsvp-form\">\n<div class=\"row\">\n<div class=\"grid-1-3\">\n\t\t\t<span class=\"wpcf7-form-control-wrap yname\"><input type=\"text\" name=\"yname\" value=\"\" size=\"40\" class=\"wpcf7-form-control wpcf7-text wpcf7-validates-as-required\" id=\"name\" aria-required=\"true\" aria-invalid=\"false\" placeholder=\"Nome\" \/><\/span>\n\t\t<\/div>\n<div class=\"grid-1-3\">\n\t\t\t<span class=\"wpcf7-form-control-wrap Phone\"><input type=\"text\" name=\"Phone\" value=\"\" size=\"40\" class=\"wpcf7-form-control wpcf7-text\" id=\"Phone\" aria-invalid=\"false\" placeholder=\"Telefono (Opzionale)\" \/><\/span>\n\t\t<\/div>\n<div class=\"grid-1-3\">\n\t\t\t<span class=\"wpcf7-form-control-wrap email-534\"><input type=\"email\" name=\"email-534\" value=\"\" size=\"40\" class=\"wpcf7-form-control wpcf7-text wpcf7-email wpcf7-validates-as-required wpcf7-validates-as-email\" id=\"email\" aria-required=\"true\" aria-invalid=\"false\" placeholder=\"Email\" \/><\/span><\/p>\n<\/div>\n<div class=\"grid-1-1\">\n\t\t\t<span class=\"wpcf7-form-control-wrap our-message\"><textarea name=\"our-message\" cols=\"40\" rows=\"5\" class=\"wpcf7-form-control wpcf7-textarea wpcf7-validates-as-required\" id=\"message\" aria-required=\"true\" aria-invalid=\"false\" placeholder=\"Descrizione\"><\/textarea><\/span>\n\t\t<\/div>\n<\/div>\n<div style= \"text-align: center;\"><input type=\"submit\" value=\"INVIA RICHIESTA \u2192\" class=\"wpcf7-form-control has-spinner wpcf7-submit\" \/><\/div>\n<\/div>\n<div class=\"wpcf7-response-output\" aria-hidden=\"true\"><\/div><\/form><\/div><\/div><\/div><\/div><\/div>\n<div class=\"row \"><div class=\"wpv-grid grid-1-1  wpv-first-level first unextended\" style=\"padding-top:0px;padding-bottom:0px\" id=\"wpv-column-7b90b123707f960d2505cc15bd14d893\" ><\/div><\/div><\/p>","protected":false},"excerpt":{"rendered":"<p>CONTATTI g.capozio@studiogentiloni.com giovannicapozio@ordineavvocatiroma.org AREA DI COMPETENZA Patrocinio in materia penale \u2192 Consulenza e prevenzione del rischio-reato \u2192 Attivit\u00e0 internazionale \u2192 EDUCAZIONE E TITOLI Laurea con lode in Giurisprudenza \u2013 Universit\u00e0 \u2018La Sapienza\u2019 di Roma \u2013 2012 Diploma \u2013 Scuola di Specializzazione per le Professioni \u2013&nbsp;Universit\u00e0 \u201cLa Sapienza\u201d di Roma \u2013 2014 Dottorato di Ricerca in&#8230;<\/p>\n","protected":false},"author":1,"featured_media":0,"parent":7774,"menu_order":0,"comment_status":"closed","ping_status":"closed","template":"","meta":{"_mi_skip_tracking":false},"yoast_head":"<!-- This site is optimized with the Yoast SEO plugin v18.4.1 - https:\/\/yoast.com\/wordpress\/plugins\/seo\/ -->\n<title>Avv. Giovanni Capozio, Ph.D. &mdash; Studio Gentiloni Silveri<\/title>\n<meta name=\"robots\" content=\"index, follow, max-snippet:-1, max-image-preview:large, max-video-preview:-1\" \/>\n<link rel=\"canonical\" href=\"https:\/\/studiogentiloni.com\/it\/professionisti\/avv-giovanni-capozio-phd\/\" \/>\n<meta property=\"og:locale\" content=\"it_IT\" \/>\n<meta property=\"og:type\" content=\"article\" \/>\n<meta property=\"og:title\" content=\"Avv. Giovanni Capozio, Ph.D. &mdash; Studio Gentiloni Silveri\" \/>\n<meta property=\"og:description\" content=\"CONTATTI g.capozio@studiogentiloni.com giovannicapozio@ordineavvocatiroma.org AREA DI COMPETENZA Patrocinio in materia penale \u2192 Consulenza e prevenzione del rischio-reato \u2192 Attivit\u00e0 internazionale \u2192 EDUCAZIONE E TITOLI Laurea con lode in Giurisprudenza \u2013 Universit\u00e0 \u2018La Sapienza\u2019 di Roma \u2013 2012 Diploma \u2013 Scuola di Specializzazione per le Professioni \u2013&nbsp;Universit\u00e0 \u201cLa Sapienza\u201d di Roma \u2013 2014 Dottorato di Ricerca in...\" \/>\n<meta property=\"og:url\" content=\"https:\/\/studiogentiloni.com\/it\/professionisti\/avv-giovanni-capozio-phd\/\" \/>\n<meta property=\"og:site_name\" content=\"Studio Gentiloni Silveri\" \/>\n<meta property=\"article:modified_time\" content=\"2022-07-27T10:49:49+00:00\" \/>\n<meta name=\"twitter:card\" content=\"summary\" \/>\n<meta name=\"twitter:label1\" content=\"Tempo di lettura stimato\" \/>\n\t<meta name=\"twitter:data1\" content=\"42 minuti\" \/>\n<script type=\"application\/ld+json\" class=\"yoast-schema-graph\">{\"@context\":\"https:\/\/schema.org\",\"@graph\":[{\"@type\":\"WebSite\",\"@id\":\"https:\/\/studiogentiloni.com\/it\/#website\",\"url\":\"https:\/\/studiogentiloni.com\/it\/\",\"name\":\"Studio Gentiloni Silveri\",\"description\":\"Diritto  Penale\",\"potentialAction\":[{\"@type\":\"SearchAction\",\"target\":{\"@type\":\"EntryPoint\",\"urlTemplate\":\"https:\/\/studiogentiloni.com\/it\/?s={search_term_string}\"},\"query-input\":\"required name=search_term_string\"}],\"inLanguage\":\"it-IT\"},{\"@type\":\"WebPage\",\"@id\":\"https:\/\/studiogentiloni.com\/it\/professionisti\/avv-giovanni-capozio-phd\/#webpage\",\"url\":\"https:\/\/studiogentiloni.com\/it\/professionisti\/avv-giovanni-capozio-phd\/\",\"name\":\"Avv. Giovanni Capozio, Ph.D. &mdash; Studio Gentiloni Silveri\",\"isPartOf\":{\"@id\":\"https:\/\/studiogentiloni.com\/it\/#website\"},\"datePublished\":\"2022-07-26T14:40:44+00:00\",\"dateModified\":\"2022-07-27T10:49:49+00:00\",\"breadcrumb\":{\"@id\":\"https:\/\/studiogentiloni.com\/it\/professionisti\/avv-giovanni-capozio-phd\/#breadcrumb\"},\"inLanguage\":\"it-IT\",\"potentialAction\":[{\"@type\":\"ReadAction\",\"target\":[\"https:\/\/studiogentiloni.com\/it\/professionisti\/avv-giovanni-capozio-phd\/\"]}]},{\"@type\":\"BreadcrumbList\",\"@id\":\"https:\/\/studiogentiloni.com\/it\/professionisti\/avv-giovanni-capozio-phd\/#breadcrumb\",\"itemListElement\":[{\"@type\":\"ListItem\",\"position\":1,\"name\":\"Home\",\"item\":\"https:\/\/studiogentiloni.com\/it\/\"},{\"@type\":\"ListItem\",\"position\":2,\"name\":\"I Professionisti\",\"item\":\"https:\/\/studiogentiloni.com\/it\/professionisti\/\"},{\"@type\":\"ListItem\",\"position\":3,\"name\":\"Avv. Giovanni Capozio, Ph.D.\"}]}]}<\/script>\n<!-- \/ Yoast SEO plugin. -->","yoast_head_json":{"title":"Avv. Giovanni Capozio, Ph.D. &mdash; Studio Gentiloni Silveri","robots":{"index":"index","follow":"follow","max-snippet":"max-snippet:-1","max-image-preview":"max-image-preview:large","max-video-preview":"max-video-preview:-1"},"canonical":"https:\/\/studiogentiloni.com\/it\/professionisti\/avv-giovanni-capozio-phd\/","og_locale":"it_IT","og_type":"article","og_title":"Avv. Giovanni Capozio, Ph.D. &mdash; Studio Gentiloni Silveri","og_description":"CONTATTI g.capozio@studiogentiloni.com giovannicapozio@ordineavvocatiroma.org AREA DI COMPETENZA Patrocinio in materia penale \u2192 Consulenza e prevenzione del rischio-reato \u2192 Attivit\u00e0 internazionale \u2192 EDUCAZIONE E TITOLI Laurea con lode in Giurisprudenza \u2013 Universit\u00e0 \u2018La Sapienza\u2019 di Roma \u2013 2012 Diploma \u2013 Scuola di Specializzazione per le Professioni \u2013&nbsp;Universit\u00e0 \u201cLa Sapienza\u201d di Roma \u2013 2014 Dottorato di Ricerca in...","og_url":"https:\/\/studiogentiloni.com\/it\/professionisti\/avv-giovanni-capozio-phd\/","og_site_name":"Studio Gentiloni Silveri","article_modified_time":"2022-07-27T10:49:49+00:00","twitter_card":"summary","twitter_misc":{"Tempo di lettura stimato":"42 minuti"},"schema":{"@context":"https:\/\/schema.org","@graph":[{"@type":"WebSite","@id":"https:\/\/studiogentiloni.com\/it\/#website","url":"https:\/\/studiogentiloni.com\/it\/","name":"Studio Gentiloni Silveri","description":"Diritto  Penale","potentialAction":[{"@type":"SearchAction","target":{"@type":"EntryPoint","urlTemplate":"https:\/\/studiogentiloni.com\/it\/?s={search_term_string}"},"query-input":"required name=search_term_string"}],"inLanguage":"it-IT"},{"@type":"WebPage","@id":"https:\/\/studiogentiloni.com\/it\/professionisti\/avv-giovanni-capozio-phd\/#webpage","url":"https:\/\/studiogentiloni.com\/it\/professionisti\/avv-giovanni-capozio-phd\/","name":"Avv. Giovanni Capozio, Ph.D. &mdash; Studio Gentiloni Silveri","isPartOf":{"@id":"https:\/\/studiogentiloni.com\/it\/#website"},"datePublished":"2022-07-26T14:40:44+00:00","dateModified":"2022-07-27T10:49:49+00:00","breadcrumb":{"@id":"https:\/\/studiogentiloni.com\/it\/professionisti\/avv-giovanni-capozio-phd\/#breadcrumb"},"inLanguage":"it-IT","potentialAction":[{"@type":"ReadAction","target":["https:\/\/studiogentiloni.com\/it\/professionisti\/avv-giovanni-capozio-phd\/"]}]},{"@type":"BreadcrumbList","@id":"https:\/\/studiogentiloni.com\/it\/professionisti\/avv-giovanni-capozio-phd\/#breadcrumb","itemListElement":[{"@type":"ListItem","position":1,"name":"Home","item":"https:\/\/studiogentiloni.com\/it\/"},{"@type":"ListItem","position":2,"name":"I Professionisti","item":"https:\/\/studiogentiloni.com\/it\/professionisti\/"},{"@type":"ListItem","position":3,"name":"Avv. Giovanni Capozio, Ph.D."}]}]}},"_links":{"self":[{"href":"https:\/\/studiogentiloni.com\/it\/wp-json\/wp\/v2\/pages\/10672"}],"collection":[{"href":"https:\/\/studiogentiloni.com\/it\/wp-json\/wp\/v2\/pages"}],"about":[{"href":"https:\/\/studiogentiloni.com\/it\/wp-json\/wp\/v2\/types\/page"}],"author":[{"embeddable":true,"href":"https:\/\/studiogentiloni.com\/it\/wp-json\/wp\/v2\/users\/1"}],"replies":[{"embeddable":true,"href":"https:\/\/studiogentiloni.com\/it\/wp-json\/wp\/v2\/comments?post=10672"}],"version-history":[{"count":30,"href":"https:\/\/studiogentiloni.com\/it\/wp-json\/wp\/v2\/pages\/10672\/revisions"}],"predecessor-version":[{"id":10960,"href":"https:\/\/studiogentiloni.com\/it\/wp-json\/wp\/v2\/pages\/10672\/revisions\/10960"}],"up":[{"embeddable":true,"href":"https:\/\/studiogentiloni.com\/it\/wp-json\/wp\/v2\/pages\/7774"}],"wp:attachment":[{"href":"https:\/\/studiogentiloni.com\/it\/wp-json\/wp\/v2\/media?parent=10672"}],"curies":[{"name":"wp","href":"https:\/\/api.w.org\/{rel}","templated":true}]}}