{"id":9847,"date":"2016-10-27T14:22:06","date_gmt":"2016-10-27T14:22:06","guid":{"rendered":"http:\/\/studiogentiloni.com\/it\/?page_id=9847"},"modified":"2017-01-14T17:00:38","modified_gmt":"2017-01-14T17:00:38","slug":"attivita-internazionale","status":"publish","type":"page","link":"https:\/\/studiogentiloni.com\/it\/attivita\/attivita-internazionale\/","title":{"rendered":"Attivit\u00e0 internazionale"},"content":{"rendered":"<p><div class=\"push\" style='height:80px'><\/div>\n<div class=\"row \"><div class=\"wpv-grid grid-1-1  first unextended\" style=\"padding-top:0px;padding-bottom:0px\" id=\"wpv-column-8db097192306f5d7397c5b9db26d2d08\" ><p><span style=\"font-size: large !important;\">Assistiamo persone straniere coinvolte in Italia in procedimenti penali, cos\u00ec come cittadini italiani all\u2019estero, garantendo il coordinamento delle attivit\u00e0 difensive nell\u2019integrazione tra professionisti locali e rete diplomatico-consolare italiana, nonch\u00e9 partecipando personalmente alle udienze innanzi le Corti straniere.<\/span><\/div><\/div>\n<div class=\"row \"><div class=\"wpv-grid grid-1-2  wpv-first-level first unextended\" style=\"padding-top:0px;padding-bottom:0px\" id=\"wpv-column-2d8243de990a944219507cdcd3026a3a\" ><p><span style=\"font-weight: 400;\">Sin dalla sua fondazione, lo Studio si \u00e8 occupato dei profili internazionali del Diritto penale, arrivando oggi a rappresentare un centro di eccellenza in Italia per quanto al <\/span><b>Diritto penale Internazionale<\/b><span style=\"font-weight: 400;\"> e dell\u2019<\/span><b>Estradizione<\/b><span style=\"font-weight: 400;\">. Prestiamo costantemente assistenza in lingua italiana, inglese, francese, tedesca, spagnola e portoghese, operando nel settore dell&#8217;assistenza giudiziaria in materia penale ai sensi delle vigenti Convenzioni europee ed internazionali.<\/span><\/p>\n<p><span style=\"font-weight: 400;\">Nel corso di oltre trentacinque anni di attivit\u00e0, abbiamo maturato una vastissima esperienza in innumerevoli procedimenti di <\/span><b>Estradizione<\/b><span style=\"font-weight: 400;\"> attiva e passiva, che hanno coinvolto tanto Paesi dell&#8217;Unione Europea che extracomunitari, nonch\u00e9 di <\/span><b>Mandato di Arresto Europeo<\/b><span style=\"font-weight: 400;\">. Vantiamo competenza altamente specifica nell&#8217;interpretazione ed applicazione della Convenzione Europea di Estradizione e delle Convenzioni bilaterali esistenti tra l&#8217;Italia ed altri Paesi. Grazie all\u2019altissima specializzazione nella materia, abbiamo guadagnato la fiducia di Ambasciate straniere in Italia ed italiane all\u2019estero, nonch\u00e9 di Governi di importanti Paesi stranieri che ci hanno affidato la difesa dei loro interessi innanzi l\u2019Autorit\u00e0 Giudiziaria italiana in processi di estradizione, rogatoria internazionale, mutua assistenza in materia penale, trasferimento di persone condannate.<\/span><\/div>\n<div class=\"wpv-grid grid-1-2  wpv-first-level unextended\" style=\"padding-top:0px;padding-bottom:0px\" id=\"wpv-column-9761a814ce86951b48c1695d6f91ff1f\" ><p><span style=\"font-weight: 400;\">Lo Studio ha altres\u00ec maturato una speciale competenza nella predisposizione e discussione di ricorsi innanzi la <\/span><b>Corte Europea dei Diritti dell&#8217;Uomo di Strasburgo<\/b><span style=\"font-weight: 400;\">, sia nei confronti della Repubblica Italiana che di altri Paesi aderenti alla Convezione, in materie quali l&#8217;irragionevole durata dei procedimenti penali, la non equit\u00e0 degli stessi, gli istituti processuali italiani in contrasto con la Convenzione, la qualit\u00e0 delle condizioni di detenzione, la legittimit\u00e0 delle misure ablative di carattere patrimoniale previste dalla normativa comune ed antimafia, inoltre in procedure urgenti aventi ad oggetti il divieto di <\/span><em>refoulement<\/em><span style=\"font-weight: 400;\">.<\/span><\/p>\n<p><span style=\"font-weight: 400;\">Assistiamo <\/span><b>persone straniere coinvolte in Italia in procedimenti penali, cos\u00ec come cittadini italiani all\u2019estero<\/b><span style=\"font-weight: 400;\">, garantendo il coordinamento delle attivit\u00e0 difensive nell\u2019integrazione tra professionisti locali e rete diplomatico-consolare italiana, nonch\u00e9 partecipando personalmente alle udienze innanzi le Corti straniere. Grazie alla struttura dello Studio e ad una rete di Studi legali esteri, altamente specializzati nella materia, siamo in grado di fornire assistenza legale in tutto il mondo a persone in attesa di estradizione verso l&#8217;Italia, o che hanno richiesto il trasferimento per scontare la pena in Italia, o che sono coinvolte in procedimenti di cognizione o comunque sottoposte a limitazioni della libert\u00e0 personale. <\/span><\/div><\/div>\n<div class=\"push\" style='height:80px'><\/div><\/p>","protected":false},"excerpt":{"rendered":"<p>Assistiamo persone straniere coinvolte in Italia in procedimenti penali, cos\u00ec come cittadini italiani all\u2019estero, garantendo il coordinamento delle attivit\u00e0 difensive nell\u2019integrazione tra professionisti locali e rete diplomatico-consolare italiana, nonch\u00e9 partecipando personalmente alle udienze innanzi le Corti straniere.[\/column_1] Sin dalla sua fondazione, lo Studio si \u00e8 occupato dei profili internazionali del Diritto penale, arrivando oggi a&#8230;<\/p>\n","protected":false},"author":1,"featured_media":0,"parent":7956,"menu_order":0,"comment_status":"closed","ping_status":"closed","template":"","meta":{"_mi_skip_tracking":false},"yoast_head":"<!-- This site is optimized with the Yoast SEO plugin v18.4.1 - https:\/\/yoast.com\/wordpress\/plugins\/seo\/ -->\n<title>Attivit\u00e0 internazionale &mdash; Studio Gentiloni Silveri<\/title>\n<meta name=\"robots\" content=\"index, follow, max-snippet:-1, max-image-preview:large, max-video-preview:-1\" \/>\n<link rel=\"canonical\" href=\"https:\/\/studiogentiloni.com\/it\/attivita\/attivita-internazionale\/\" \/>\n<meta property=\"og:locale\" content=\"it_IT\" \/>\n<meta property=\"og:type\" content=\"article\" \/>\n<meta property=\"og:title\" content=\"Attivit\u00e0 internazionale &mdash; Studio Gentiloni Silveri\" \/>\n<meta property=\"og:description\" content=\"Assistiamo persone straniere coinvolte in Italia in procedimenti penali, cos\u00ec come cittadini italiani all\u2019estero, garantendo il coordinamento delle attivit\u00e0 difensive nell\u2019integrazione tra professionisti locali e rete diplomatico-consolare italiana, nonch\u00e9 partecipando personalmente alle udienze innanzi le Corti straniere.[\/column_1] Sin dalla sua fondazione, lo Studio si \u00e8 occupato dei profili internazionali del Diritto penale, arrivando oggi a...\" \/>\n<meta property=\"og:url\" content=\"https:\/\/studiogentiloni.com\/it\/attivita\/attivita-internazionale\/\" \/>\n<meta property=\"og:site_name\" content=\"Studio Gentiloni Silveri\" \/>\n<meta property=\"article:modified_time\" content=\"2017-01-14T17:00:38+00:00\" \/>\n<meta name=\"twitter:card\" content=\"summary\" \/>\n<meta name=\"twitter:label1\" content=\"Tempo di lettura stimato\" \/>\n\t<meta name=\"twitter:data1\" content=\"16 minuti\" \/>\n<script type=\"application\/ld+json\" class=\"yoast-schema-graph\">{\"@context\":\"https:\/\/schema.org\",\"@graph\":[{\"@type\":\"WebSite\",\"@id\":\"https:\/\/studiogentiloni.com\/it\/#website\",\"url\":\"https:\/\/studiogentiloni.com\/it\/\",\"name\":\"Studio Gentiloni Silveri\",\"description\":\"Diritto  Penale\",\"potentialAction\":[{\"@type\":\"SearchAction\",\"target\":{\"@type\":\"EntryPoint\",\"urlTemplate\":\"https:\/\/studiogentiloni.com\/it\/?s={search_term_string}\"},\"query-input\":\"required name=search_term_string\"}],\"inLanguage\":\"it-IT\"},{\"@type\":\"WebPage\",\"@id\":\"https:\/\/studiogentiloni.com\/it\/attivita\/attivita-internazionale\/#webpage\",\"url\":\"https:\/\/studiogentiloni.com\/it\/attivita\/attivita-internazionale\/\",\"name\":\"Attivit\u00e0 internazionale &mdash; Studio Gentiloni Silveri\",\"isPartOf\":{\"@id\":\"https:\/\/studiogentiloni.com\/it\/#website\"},\"datePublished\":\"2016-10-27T14:22:06+00:00\",\"dateModified\":\"2017-01-14T17:00:38+00:00\",\"breadcrumb\":{\"@id\":\"https:\/\/studiogentiloni.com\/it\/attivita\/attivita-internazionale\/#breadcrumb\"},\"inLanguage\":\"it-IT\",\"potentialAction\":[{\"@type\":\"ReadAction\",\"target\":[\"https:\/\/studiogentiloni.com\/it\/attivita\/attivita-internazionale\/\"]}]},{\"@type\":\"BreadcrumbList\",\"@id\":\"https:\/\/studiogentiloni.com\/it\/attivita\/attivita-internazionale\/#breadcrumb\",\"itemListElement\":[{\"@type\":\"ListItem\",\"position\":1,\"name\":\"Home\",\"item\":\"https:\/\/studiogentiloni.com\/it\/\"},{\"@type\":\"ListItem\",\"position\":2,\"name\":\"Le Attivit\u00e0\",\"item\":\"https:\/\/studiogentiloni.com\/it\/attivita\/\"},{\"@type\":\"ListItem\",\"position\":3,\"name\":\"Attivit\u00e0 internazionale\"}]}]}<\/script>\n<!-- \/ Yoast SEO plugin. -->","yoast_head_json":{"title":"Attivit\u00e0 internazionale &mdash; Studio Gentiloni Silveri","robots":{"index":"index","follow":"follow","max-snippet":"max-snippet:-1","max-image-preview":"max-image-preview:large","max-video-preview":"max-video-preview:-1"},"canonical":"https:\/\/studiogentiloni.com\/it\/attivita\/attivita-internazionale\/","og_locale":"it_IT","og_type":"article","og_title":"Attivit\u00e0 internazionale &mdash; Studio Gentiloni Silveri","og_description":"Assistiamo persone straniere coinvolte in Italia in procedimenti penali, cos\u00ec come cittadini italiani all\u2019estero, garantendo il coordinamento delle attivit\u00e0 difensive nell\u2019integrazione tra professionisti locali e rete diplomatico-consolare italiana, nonch\u00e9 partecipando personalmente alle udienze innanzi le Corti straniere.[\/column_1] Sin dalla sua fondazione, lo Studio si \u00e8 occupato dei profili internazionali del Diritto penale, arrivando oggi a...","og_url":"https:\/\/studiogentiloni.com\/it\/attivita\/attivita-internazionale\/","og_site_name":"Studio Gentiloni Silveri","article_modified_time":"2017-01-14T17:00:38+00:00","twitter_card":"summary","twitter_misc":{"Tempo di lettura stimato":"16 minuti"},"schema":{"@context":"https:\/\/schema.org","@graph":[{"@type":"WebSite","@id":"https:\/\/studiogentiloni.com\/it\/#website","url":"https:\/\/studiogentiloni.com\/it\/","name":"Studio Gentiloni Silveri","description":"Diritto  Penale","potentialAction":[{"@type":"SearchAction","target":{"@type":"EntryPoint","urlTemplate":"https:\/\/studiogentiloni.com\/it\/?s={search_term_string}"},"query-input":"required name=search_term_string"}],"inLanguage":"it-IT"},{"@type":"WebPage","@id":"https:\/\/studiogentiloni.com\/it\/attivita\/attivita-internazionale\/#webpage","url":"https:\/\/studiogentiloni.com\/it\/attivita\/attivita-internazionale\/","name":"Attivit\u00e0 internazionale &mdash; Studio Gentiloni Silveri","isPartOf":{"@id":"https:\/\/studiogentiloni.com\/it\/#website"},"datePublished":"2016-10-27T14:22:06+00:00","dateModified":"2017-01-14T17:00:38+00:00","breadcrumb":{"@id":"https:\/\/studiogentiloni.com\/it\/attivita\/attivita-internazionale\/#breadcrumb"},"inLanguage":"it-IT","potentialAction":[{"@type":"ReadAction","target":["https:\/\/studiogentiloni.com\/it\/attivita\/attivita-internazionale\/"]}]},{"@type":"BreadcrumbList","@id":"https:\/\/studiogentiloni.com\/it\/attivita\/attivita-internazionale\/#breadcrumb","itemListElement":[{"@type":"ListItem","position":1,"name":"Home","item":"https:\/\/studiogentiloni.com\/it\/"},{"@type":"ListItem","position":2,"name":"Le Attivit\u00e0","item":"https:\/\/studiogentiloni.com\/it\/attivita\/"},{"@type":"ListItem","position":3,"name":"Attivit\u00e0 internazionale"}]}]}},"_links":{"self":[{"href":"https:\/\/studiogentiloni.com\/it\/wp-json\/wp\/v2\/pages\/9847"}],"collection":[{"href":"https:\/\/studiogentiloni.com\/it\/wp-json\/wp\/v2\/pages"}],"about":[{"href":"https:\/\/studiogentiloni.com\/it\/wp-json\/wp\/v2\/types\/page"}],"author":[{"embeddable":true,"href":"https:\/\/studiogentiloni.com\/it\/wp-json\/wp\/v2\/users\/1"}],"replies":[{"embeddable":true,"href":"https:\/\/studiogentiloni.com\/it\/wp-json\/wp\/v2\/comments?post=9847"}],"version-history":[{"count":21,"href":"https:\/\/studiogentiloni.com\/it\/wp-json\/wp\/v2\/pages\/9847\/revisions"}],"predecessor-version":[{"id":10402,"href":"https:\/\/studiogentiloni.com\/it\/wp-json\/wp\/v2\/pages\/9847\/revisions\/10402"}],"up":[{"embeddable":true,"href":"https:\/\/studiogentiloni.com\/it\/wp-json\/wp\/v2\/pages\/7956"}],"wp:attachment":[{"href":"https:\/\/studiogentiloni.com\/it\/wp-json\/wp\/v2\/media?parent=9847"}],"curies":[{"name":"wp","href":"https:\/\/api.w.org\/{rel}","templated":true}]}}