{"id":10005,"date":"2016-12-05T11:56:13","date_gmt":"2016-12-05T11:56:13","guid":{"rendered":"http:\/\/studiogentiloni.com\/por\/?page_id=10005"},"modified":"2017-05-04T17:55:30","modified_gmt":"2017-05-04T17:55:30","slug":"avv-fabiana-massaro","status":"publish","type":"page","link":"https:\/\/studiogentiloni.com\/por\/professionisti\/avv-fabiana-massaro\/","title":{"rendered":"Adv. Fabiana Massaro"},"content":{"rendered":"<p><div class=\"row \"><div class=\"wpv-grid grid-1-3  wpv-first-level first unextended\" style=\"padding-top:400px;padding-bottom:0px\" id=\"wpv-column-9cea8be3add40c397582b18b4763ca3d\" ><\/div>\n<div class=\"wpv-grid grid-2-3 add-border wpv-first-level unextended\" style=\"padding-top:20px;padding-bottom:15px\" id=\"wpv-column-efee310b6fcacd39f325015aa00275f2\" ><div class=\"row \"><div class=\"wpv-grid grid-1-1  first unextended animation-fade-in animated-active\" style=\"padding-top:0px;padding-bottom:0px\" id=\"wpv-column-76d8ce749cc416b9c90456c3c9875355\" ><h4 style=\"padding-left: 20px;\">CONTACTOS<\/h4>\n<p style=\"padding-left: 20px;\"><a id=\"\" class=\"\" title=\"\" href=\" background_repeat=\"><!--Tel: 800-700-6200--><br \/>\n<\/a><a href=\"mailto:f.massaro@studiogentiloni.com@studiogentiloni.com\">f.massaro@studiogentiloni.com<\/a><br \/>\n<a href=\"mailto:fabianamassaro@ordineavvocatiroma.org\">fabianamassaro@ordineavvocatiroma.org<\/a><\/p>\n<p style=\"padding-left: 20px;\"><div class=\"push\" style='height:10px'><\/div>\n<h4 style=\"padding-left: 20px;\">\u00c1REA DE COMPET\u00caNCIA<\/h4>\n<p style=\"padding-left: 20px;\"><a href=\"\/por\/attivita\/patrocinio-in-materia-penale\/\">Defesa em ju\u00edzo \u2192<\/a><br \/>\n<a href=\"\/por\/attivita\/consulenza-e-prevenzione-del-rischio-reato\/\">Consultadoria e preven\u00e7\u00e3o do risco de atos criminosos \u2192<\/a><br \/>\n<a href=\"\/por\/attivita\/attivita-internazionale\/\">Atividade internacional \u2192<\/a><br \/>\n<div class=\"push\" style='height:10px'><\/div>\n<h4 style=\"padding-left: 20px;\">FORMA\u00c7\u00c3O E TITULA\u00c7\u00c3O<\/h4>\n<ul>\n<li style=\"list-style-type: none;\">\n<ul>\n<li>Licenciatura <em>cum laude <\/em>em Direito \u2013 <em>Universit\u00e0 degli Studi di Firenze<\/em> \u2013 2011<\/li>\n<li><em>Maitrise en Droit<\/em> \u2013 Universit\u00e9 Paris 1 \u201cPanth\u00e9on Sorbonne\u201d, Paris, Fran\u00e7a \u00a0\u2013 2011<\/li>\n<li>Mestrado profissional em <em>Droit Compar\u00e9 franco-italien et relations internationales \u2013 <\/em>Universit\u00e9 Paris 1 \u201cPanth\u00e9on Sorbonne\u201d, Paris, Fran\u00e7a &#8211; 2011<\/li>\n<li>Inscri\u00e7\u00e3o \u00e0 Ordem dos Advogados de \u00a0Roma \u2013 2015<\/li>\n<\/ul>\n<\/li>\n<\/ul><\/div><\/div><\/div><\/div>\n<div class=\"push\" style='height:50px'><\/div>\n<div class=\"row \"><div class=\"wpv-grid grid-1-1  wpv-first-level first unextended\" style=\"padding-top:0px;padding-bottom:0px\" id=\"wpv-column-217dcb19b02ca1f60e4d93892bd11bf3\" ><h3>ADVOGADA<\/h3>\n<div class=\"row \">\n<div id=\"wpv-column-2d683c838b5ebbf00065efaee942c2621\" class=\"wpv-grid grid-1-2 wpv-first-level first unextended\" style=\"padding-top: 0px; padding-bottom: 0px;\">\n<div class=\"row \">\n<div id=\"wpv-column-3b2adab70b4a9bf546b86aa9455bd0e0\" class=\"wpv-grid grid-1-1 first unextended\" style=\"padding-top: 0px; padding-bottom: 0px;\">\n<p>Ap\u00f3s o percurso em estudos cl\u00e1ssicos de n\u00edvel secund\u00e1rio, consegue dupla licenciatura em Direito, na It\u00e1lia, junto \u00e0 Universidade de Floren\u00e7a, e na Fran\u00e7a, na Universidade Paris 1 \u201cPanth\u00e9on-Sorbonne\u201d. Prossegue, de seguida, com o mestrado em \u201cRela\u00e7\u00f5es franco-italianas\u201d da Universidade de Paris 1 \u201cPanth\u00e9on-Sorbonne\u201d.<\/p>\n<p>Uma vez conclu\u00eddos os estudos, presta a sua obra profissional \u00e0 rede diplom\u00e1tica italiana no exterior e \u00e9 selecionada para um posto no Departamento de Protocolo e Rela\u00e7\u00f5es Externa da Organiza\u00e7\u00e3o Internacional, sob a \u00e9gide O.N.U., I.A.C.A. \u2013 Academia Internacional Anticorrup\u00e7\u00e3o de Viena, onde pode aprimorar os conhecimentos quanto aos delitos de corrup\u00e7\u00e3o na cena global, e interage com estudiosos, Magistrados e diplomatas em termos de estrat\u00e9gias de preven\u00e7\u00e3o e san\u00e7\u00e3o do fen\u00f3meno corruptivo.<\/p>\n<\/div>\n<\/div>\n<\/div>\n<div id=\"wpv-column-2fa98330df277d6d016d1927a1bffe5d1\" class=\"wpv-grid grid-1-2 wpv-first-level unextended\" style=\"padding-top: 0px; padding-bottom: 0px;\">\n<div class=\"row \">\n<div id=\"wpv-column-e0ffcb86f315b486c0ddcd2f678eca2d\" class=\"wpv-grid grid-1-1 first unextended\" style=\"padding-top: 0px; padding-bottom: 0px;\">\n<p>Ao retornar a Roma, come\u00e7a a atuar como advogada exclusivamente no sector do Direito penal, e adquire experi\u00eancia espec\u00edfica em processos ligados a crimes contra a administra\u00e7\u00e3o p\u00fablica.<\/p>\n<p>Desde 2015 est\u00e1 inscrita na Ordem dos Advogados de Roma.<\/p>\n<\/div>\n<\/div>\n<\/div>\n<\/div>\n<div class=\"push\" style='height:20px'><\/div>\n<h3><\/h3>\n<div class=\"row \"><\/div><\/div><\/div>\n<div class=\"row \"><div class=\"wpv-grid grid-1-1  wpv-first-level first unextended animation-from-bottom animated-active\" style=\"padding-top:15px;padding-bottom:60px\" id=\"wpv-column-4e8b847a167bec7d4f54667bdcb473d6\" >\t\t<div class=\"sep-text single centered\">\n\t\t\t\t\t\t\t<span class=\"sep-text-before\"><div class=\"sep-text-line\"><\/div><\/span>\n\t\t\t\t\t\t<div class=\"content\">\n\t\t\t\t<h2 class=\"text-divider-double\">ENTRE EM CONTACTO COM A ADVOGADA<\/h2>\t\t\t<\/div>\n\t\t\t<span class=\"sep-text-after\"><div class=\"sep-text-line\"><\/div><\/span>\n\t\t\t\t\t<\/div>\n\t<div class=\"push\" style='height:10px'><\/div>\n<div class=\"row \"><div class=\"wpv-grid grid-1-1  first unextended\" style=\"padding-top:0px;padding-bottom:0px\" id=\"wpv-column-dda54e75fdfa16c58fff699efde86a3c\" ><p><div role=\"form\" class=\"wpcf7\" id=\"wpcf7-f10559-o1\" lang=\"en-US\" dir=\"ltr\">\n<div class=\"screen-reader-response\"><p role=\"status\" aria-live=\"polite\" aria-atomic=\"true\"><\/p> <ul><\/ul><\/div>\n<form action=\"\/por\/wp-json\/wp\/v2\/pages\/10005#wpcf7-f10559-o1\" method=\"post\" class=\"wpcf7-form init\" novalidate=\"novalidate\" data-status=\"init\">\n<div style=\"display: none;\">\n<input type=\"hidden\" name=\"_wpcf7\" value=\"10559\" \/>\n<input type=\"hidden\" name=\"_wpcf7_version\" value=\"5.5.6\" \/>\n<input type=\"hidden\" name=\"_wpcf7_locale\" value=\"en_US\" \/>\n<input type=\"hidden\" name=\"_wpcf7_unit_tag\" value=\"wpcf7-f10559-o1\" \/>\n<input type=\"hidden\" name=\"_wpcf7_container_post\" value=\"0\" \/>\n<input type=\"hidden\" name=\"_wpcf7_posted_data_hash\" value=\"\" \/>\n<\/div>\n<div class=\"vamtam-rsvp-form\">\n<div class=\"row\">\n<div class=\"grid-1-3\">\n\t\t\t<span class=\"wpcf7-form-control-wrap yname\"><input type=\"text\" name=\"yname\" value=\"\" size=\"40\" class=\"wpcf7-form-control wpcf7-text wpcf7-validates-as-required\" id=\"name\" aria-required=\"true\" aria-invalid=\"false\" placeholder=\"Nome\" \/><\/span>\n\t\t<\/div>\n<div class=\"grid-1-3\">\n\t\t\t<span class=\"wpcf7-form-control-wrap Phone\"><input type=\"text\" name=\"Phone\" value=\"\" size=\"40\" class=\"wpcf7-form-control wpcf7-text\" id=\"Phone\" aria-invalid=\"false\" placeholder=\"Telefone\" \/><\/span>\n\t\t<\/div>\n<div class=\"grid-1-3\">\n\t\t\t<span class=\"wpcf7-form-control-wrap email-534\"><input type=\"email\" name=\"email-534\" value=\"\" size=\"40\" class=\"wpcf7-form-control wpcf7-text wpcf7-email wpcf7-validates-as-required wpcf7-validates-as-email\" id=\"email\" aria-required=\"true\" aria-invalid=\"false\" placeholder=\"Endere\u00e7o eletr\u00f3nico\" \/><\/span><\/p>\n<\/div>\n<div class=\"grid-1-1\">\n\t\t\t<span class=\"wpcf7-form-control-wrap our-message\"><textarea name=\"our-message\" cols=\"40\" rows=\"5\" class=\"wpcf7-form-control wpcf7-textarea wpcf7-validates-as-required\" id=\"message\" aria-required=\"true\" aria-invalid=\"false\" placeholder=\"Mensagem\"><\/textarea><\/span>\n\t\t<\/div>\n<\/div>\n<div style= \"text-align: center;\"><input type=\"submit\" value=\"Enviar a solicita\u00e7\u00e3o \u2192\" class=\"wpcf7-form-control has-spinner wpcf7-submit\" \/><\/div>\n<\/div>\n<div class=\"wpcf7-response-output\" aria-hidden=\"true\"><\/div><\/form><\/div><\/div><\/div><\/div><\/div><\/p>","protected":false},"excerpt":{"rendered":"<p>CONTACTOS f.massaro@studiogentiloni.com fabianamassaro@ordineavvocatiroma.org \u00c1REA DE COMPET\u00caNCIA Defesa em ju\u00edzo \u2192 Consultadoria e preven\u00e7\u00e3o do risco de atos criminosos \u2192 Atividade internacional \u2192 FORMA\u00c7\u00c3O E TITULA\u00c7\u00c3O Licenciatura cum laude em Direito \u2013 Universit\u00e0 degli Studi di Firenze \u2013 2011 Maitrise en Droit \u2013 Universit\u00e9 Paris 1 \u201cPanth\u00e9on Sorbonne\u201d, Paris, Fran\u00e7a \u00a0\u2013 2011 Mestrado profissional em Droit&#8230;<\/p>\n","protected":false},"author":7,"featured_media":0,"parent":7774,"menu_order":0,"comment_status":"closed","ping_status":"closed","template":"","meta":[],"_links":{"self":[{"href":"https:\/\/studiogentiloni.com\/por\/wp-json\/wp\/v2\/pages\/10005"}],"collection":[{"href":"https:\/\/studiogentiloni.com\/por\/wp-json\/wp\/v2\/pages"}],"about":[{"href":"https:\/\/studiogentiloni.com\/por\/wp-json\/wp\/v2\/types\/page"}],"author":[{"embeddable":true,"href":"https:\/\/studiogentiloni.com\/por\/wp-json\/wp\/v2\/users\/7"}],"replies":[{"embeddable":true,"href":"https:\/\/studiogentiloni.com\/por\/wp-json\/wp\/v2\/comments?post=10005"}],"version-history":[{"count":7,"href":"https:\/\/studiogentiloni.com\/por\/wp-json\/wp\/v2\/pages\/10005\/revisions"}],"predecessor-version":[{"id":10587,"href":"https:\/\/studiogentiloni.com\/por\/wp-json\/wp\/v2\/pages\/10005\/revisions\/10587"}],"up":[{"embeddable":true,"href":"https:\/\/studiogentiloni.com\/por\/wp-json\/wp\/v2\/pages\/7774"}],"wp:attachment":[{"href":"https:\/\/studiogentiloni.com\/por\/wp-json\/wp\/v2\/media?parent=10005"}],"curies":[{"name":"wp","href":"https:\/\/api.w.org\/{rel}","templated":true}]}}