{"id":10006,"date":"2016-12-05T12:03:58","date_gmt":"2016-12-05T12:03:58","guid":{"rendered":"http:\/\/studiogentiloni.com\/por\/?page_id=10006"},"modified":"2017-05-13T12:02:43","modified_gmt":"2017-05-13T12:02:43","slug":"avv-clotilde-dapei","status":"publish","type":"page","link":"https:\/\/studiogentiloni.com\/por\/professionisti\/avv-clotilde-dapei\/","title":{"rendered":"Adv. Clotilde Dapei"},"content":{"rendered":"<p><div class=\"row \"><div class=\"wpv-grid grid-1-3  wpv-first-level first has-background unextended\" style=\"\n\t\t\t\tbackground: url( 'http:\/\/studiogentiloni.com\/por\/wp-content\/uploads\/2017\/01\/Clotilde-Dapei_t.jpg' ) no-repeat center top;\n\t\t\t\tbackground-size: auto;\n\t\t\tpadding-top:400px;padding-bottom:0px\" id=\"wpv-column-0a17783aecb7eaa83c05433f9e3ca598\" ><\/div>\n<div class=\"wpv-grid grid-2-3 add-border wpv-first-level unextended\" style=\"padding-top:20px;padding-bottom:15px\" id=\"wpv-column-2b269e3438973cd4ae93ce252bad07f3\" ><div class=\"row \"><div class=\"wpv-grid grid-1-1  first unextended animation-fade-in animated-active\" style=\"padding-top:0px;padding-bottom:0px\" id=\"wpv-column-f84561c40ea47407c089e19832467b2d\" ><h4 style=\"padding-left: 20px;\">CONTACTOS<\/h4>\n<p style=\"padding-left: 20px;\"><a id=\"\" class=\"\" title=\"\" href=\" background_repeat=\"><!--Tel: 800-700-6200--><br \/>\n<\/a><a href=\"mailto:c.dapei@studiogentiloni.com\">c.dapei@studiogentiloni.com<\/a><br \/>\n<a href=\"mailto:clotildealicemariedapei@ordineavvocatiroma.org\">clotildealicemariedapei@ordineavvocatiroma.org<\/a><\/p>\n<p style=\"padding-left: 20px;\"><div class=\"push\" style='height:10px'><\/div>\n<h4 style=\"padding-left: 20px;\">\u00c1REA DE COMPET\u00caNCIA<\/h4>\n<p style=\"padding-left: 20px;\"><a href=\"\/por\/attivita\/patrocinio-in-materia-penale\/\">Defesa em ju\u00edzo \u2192<\/a><br \/>\n<a href=\"\/por\/attivita\/consulenza-e-prevenzione-del-rischio-reato\/\">Consultadoria e preven\u00e7\u00e3o do risco de atos criminosos \u2192<\/a><br \/>\n<a href=\"\/por\/attivita\/attivita-internazionale\/\">Atividade internacional \u2192<\/a><br \/>\n<div class=\"push\" style='height:10px'><\/div>\n<h4 style=\"padding-left: 20px;\">FORMA\u00c7\u00c3O E TITULA\u00c7\u00c3O<\/h4>\n<ul>\n<li style=\"list-style-type: none;\">\n<ul>\n<li style=\"font-weight: 400;\"><span style=\"font-weight: 400;\">Licenciatura em Direito cum laude \u2013 Universit\u00e9 Paris X Nanterre \u2013 2009<\/span><\/li>\n<li style=\"font-weight: 400;\"><span style=\"font-weight: 400;\">Inscri\u00e7\u00e3o \u00e0 Ordem dos Advogados de Roma \u2013 2016<\/span><\/li>\n<\/ul>\n<\/li>\n<\/ul><\/div><\/div><\/div><\/div>\n<div class=\"push\" style='height:50px'><\/div>\n<div class=\"row \"><div class=\"wpv-grid grid-1-1  wpv-first-level first unextended\" style=\"padding-top:0px;padding-bottom:0px\" id=\"wpv-column-dc944806b618b56a65bacc8d72a157f3\" ><h3>ADVOGADA<\/h3>\n<div class=\"row \">\n<div id=\"wpv-column-2d683c838b5ebbf00065efaee942c2621\" class=\"wpv-grid grid-1-2 wpv-first-level first unextended\" style=\"padding-top: 0px; padding-bottom: 0px;\">\n<div class=\"row \">\n<div id=\"wpv-column-3b2adab70b4a9bf546b86aa9455bd0e0\" class=\"wpv-grid grid-1-1 first unextended\" style=\"padding-top: 0px; padding-bottom: 0px;\">\n<p>Nasce em Paris, onde frequenta os estudos cl\u00e1ssicos de n\u00edvel secund\u00e1rio. O percurso universit\u00e1rio em Direito \u00e9 desenvolvido entre It\u00e1lia e Fran\u00e7a, e termina, com reconhecimento m\u00e1ximo, na Universidade \u201cParis X\u201d de Nanterre.<\/p>\n<p>Ap\u00f3s ter conclu\u00eddo os estudos, colabora com algumas entre as principais entidades p\u00fablicas francesas, onde se ocupa das rela\u00e7\u00f5es de Secretaria com o Conselho de Administra\u00e7\u00e3o. Come\u00e7a, ent\u00e3o, a praticar a profiss\u00e3o forense voltada \u00e0s rela\u00e7\u00f5es internacionais, num primeiro momento em conhecidos Escrit\u00f3rios de advocacia de Paris e, em seguida, na sede de Roma de importantes Escrit\u00f3rios internacionais. Especializa-se preponderantemente na assist\u00eancia em direito penal internacional, adquirindo experi\u00eancia tanto em campo judici\u00e1rio quanto extrajudici\u00e1rio, a favor de Clientes internacionais.<\/p>\n<p>Est\u00e1 inscrita na Ordem dos Advogados de Roma desde 2016.<\/p>\n<\/div>\n<\/div>\n<\/div>\n<\/div>\n<div class=\"push\" style='height:20px'><\/div>\n<h3><\/h3>\n<div class=\"row \"><\/div><\/div><\/div>\n<div class=\"row \"><div class=\"wpv-grid grid-1-1  wpv-first-level first unextended animation-from-bottom animated-active\" style=\"padding-top:15px;padding-bottom:60px\" id=\"wpv-column-2b025df128f72db2500f136573c6ee39\" >\t\t<div class=\"sep-text single centered\">\n\t\t\t\t\t\t\t<span class=\"sep-text-before\"><div class=\"sep-text-line\"><\/div><\/span>\n\t\t\t\t\t\t<div class=\"content\">\n\t\t\t\t<h2 class=\"text-divider-double\">ENTRE EM CONTACTO COM A ADVOGADA<\/h2>\t\t\t<\/div>\n\t\t\t<span class=\"sep-text-after\"><div class=\"sep-text-line\"><\/div><\/span>\n\t\t\t\t\t<\/div>\n\t<div class=\"push\" style='height:10px'><\/div>\n<div class=\"row \"><div class=\"wpv-grid grid-1-1  first unextended\" style=\"padding-top:0px;padding-bottom:0px\" id=\"wpv-column-e822040959207b57b87e634ebd854747\" ><p><div role=\"form\" class=\"wpcf7\" id=\"wpcf7-f10563-o1\" lang=\"en-US\" dir=\"ltr\">\n<div class=\"screen-reader-response\"><p role=\"status\" aria-live=\"polite\" aria-atomic=\"true\"><\/p> <ul><\/ul><\/div>\n<form action=\"\/por\/wp-json\/wp\/v2\/pages\/10006#wpcf7-f10563-o1\" method=\"post\" class=\"wpcf7-form init\" novalidate=\"novalidate\" data-status=\"init\">\n<div style=\"display: none;\">\n<input type=\"hidden\" name=\"_wpcf7\" value=\"10563\" \/>\n<input type=\"hidden\" name=\"_wpcf7_version\" value=\"5.5.6\" \/>\n<input type=\"hidden\" name=\"_wpcf7_locale\" value=\"en_US\" \/>\n<input type=\"hidden\" name=\"_wpcf7_unit_tag\" value=\"wpcf7-f10563-o1\" \/>\n<input type=\"hidden\" name=\"_wpcf7_container_post\" value=\"0\" \/>\n<input type=\"hidden\" name=\"_wpcf7_posted_data_hash\" value=\"\" \/>\n<\/div>\n<div class=\"vamtam-rsvp-form\">\n<div class=\"row\">\n<div class=\"grid-1-3\">\n\t\t\t<span class=\"wpcf7-form-control-wrap yname\"><input type=\"text\" name=\"yname\" value=\"\" size=\"40\" class=\"wpcf7-form-control wpcf7-text wpcf7-validates-as-required\" id=\"name\" aria-required=\"true\" aria-invalid=\"false\" placeholder=\"Nome\" \/><\/span>\n\t\t<\/div>\n<div class=\"grid-1-3\">\n\t\t\t<span class=\"wpcf7-form-control-wrap Phone\"><input type=\"text\" name=\"Phone\" value=\"\" size=\"40\" class=\"wpcf7-form-control wpcf7-text\" id=\"Phone\" aria-invalid=\"false\" placeholder=\"Telefone\" \/><\/span>\n\t\t<\/div>\n<div class=\"grid-1-3\">\n\t\t\t<span class=\"wpcf7-form-control-wrap email-534\"><input type=\"email\" name=\"email-534\" value=\"\" size=\"40\" class=\"wpcf7-form-control wpcf7-text wpcf7-email wpcf7-validates-as-required wpcf7-validates-as-email\" id=\"email\" aria-required=\"true\" aria-invalid=\"false\" placeholder=\"Endere\u00e7o eletr\u00f3nico\" \/><\/span><\/p>\n<\/div>\n<div class=\"grid-1-1\">\n\t\t\t<span class=\"wpcf7-form-control-wrap our-message\"><textarea name=\"our-message\" cols=\"40\" rows=\"5\" class=\"wpcf7-form-control wpcf7-textarea wpcf7-validates-as-required\" id=\"message\" aria-required=\"true\" aria-invalid=\"false\" placeholder=\"Mensagem\"><\/textarea><\/span>\n\t\t<\/div>\n<\/div>\n<div style= \"text-align: center;\"><input type=\"submit\" value=\"Enviar a solicita\u00e7\u00e3o \u2192\" class=\"wpcf7-form-control has-spinner wpcf7-submit\" \/><\/div>\n<\/div>\n<div class=\"wpcf7-response-output\" aria-hidden=\"true\"><\/div><\/form><\/div><\/div><\/div><\/div><\/div><\/p>","protected":false},"excerpt":{"rendered":"<p>CONTACTOS c.dapei@studiogentiloni.com clotildealicemariedapei@ordineavvocatiroma.org \u00c1REA DE COMPET\u00caNCIA Defesa em ju\u00edzo \u2192 Consultadoria e preven\u00e7\u00e3o do risco de atos criminosos \u2192 Atividade internacional \u2192 FORMA\u00c7\u00c3O E TITULA\u00c7\u00c3O Licenciatura em Direito cum laude \u2013 Universit\u00e9 Paris X Nanterre \u2013 2009 Inscri\u00e7\u00e3o \u00e0 Ordem dos Advogados de Roma \u2013 2016 [\/column_1] ADVOGADA Nasce em Paris, onde frequenta os estudos&#8230;<\/p>\n","protected":false},"author":7,"featured_media":0,"parent":7774,"menu_order":0,"comment_status":"closed","ping_status":"closed","template":"","meta":[],"_links":{"self":[{"href":"https:\/\/studiogentiloni.com\/por\/wp-json\/wp\/v2\/pages\/10006"}],"collection":[{"href":"https:\/\/studiogentiloni.com\/por\/wp-json\/wp\/v2\/pages"}],"about":[{"href":"https:\/\/studiogentiloni.com\/por\/wp-json\/wp\/v2\/types\/page"}],"author":[{"embeddable":true,"href":"https:\/\/studiogentiloni.com\/por\/wp-json\/wp\/v2\/users\/7"}],"replies":[{"embeddable":true,"href":"https:\/\/studiogentiloni.com\/por\/wp-json\/wp\/v2\/comments?post=10006"}],"version-history":[{"count":6,"href":"https:\/\/studiogentiloni.com\/por\/wp-json\/wp\/v2\/pages\/10006\/revisions"}],"predecessor-version":[{"id":10594,"href":"https:\/\/studiogentiloni.com\/por\/wp-json\/wp\/v2\/pages\/10006\/revisions\/10594"}],"up":[{"embeddable":true,"href":"https:\/\/studiogentiloni.com\/por\/wp-json\/wp\/v2\/pages\/7774"}],"wp:attachment":[{"href":"https:\/\/studiogentiloni.com\/por\/wp-json\/wp\/v2\/media?parent=10006"}],"curies":[{"name":"wp","href":"https:\/\/api.w.org\/{rel}","templated":true}]}}