{"id":10008,"date":"2016-12-05T12:02:12","date_gmt":"2016-12-05T12:02:12","guid":{"rendered":"http:\/\/studiogentiloni.com\/por\/?page_id=10008"},"modified":"2017-05-04T18:04:13","modified_gmt":"2017-05-04T18:04:13","slug":"avv-francesca-romana-corsini","status":"publish","type":"page","link":"https:\/\/studiogentiloni.com\/por\/professionisti\/avv-francesca-romana-corsini\/","title":{"rendered":"Adv. Francesca Romana Corsini"},"content":{"rendered":"<p><div class=\"row \"><div class=\"wpv-grid grid-1-3  wpv-first-level first has-background unextended\" style=\"\n\t\t\t\tbackground: url( 'http:\/\/studiogentiloni.com\/por\/wp-content\/uploads\/2017\/01\/Francesca-Romana-Corsini_t.jpg' ) no-repeat center top;\n\t\t\t\tbackground-size: auto;\n\t\t\tpadding-top:400px;padding-bottom:0px\" id=\"wpv-column-4a47fc359c0b6fd47efb3b8fcab8ccd4\" ><\/div>\n<div class=\"wpv-grid grid-2-3 add-border wpv-first-level unextended\" style=\"padding-top:20px;padding-bottom:15px\" id=\"wpv-column-64838be1a6f79605a596cb3eb953ef6a\" ><div class=\"row \"><div class=\"wpv-grid grid-1-1  first unextended animation-fade-in animated-active\" style=\"padding-top:0px;padding-bottom:0px\" id=\"wpv-column-c3e73f90a66ef199b80d1352eb85fae2\" ><h4 style=\"padding-left: 20px;\">CONTACTOS<\/h4>\n<p style=\"padding-left: 20px;\"><a id=\"\" class=\"\" title=\"\" href=\" background_repeat=\"><!--Tel: 800-700-6200--><br \/>\n<\/a><a href=\"mailto:fr.corsini@studiogentiloni.com\">fr.corsini@studiogentiloni.com<\/a><br \/>\n<a href=\"mailto:francescaromanacorsini@ordineavvocatiroma.org\">francescaromanacorsini@ordineavvocatiroma.org<\/a><\/p>\n<p style=\"padding-left: 20px;\"><div class=\"push\" style='height:10px'><\/div>\n<h4 style=\"padding-left: 20px;\">\u00c1REA DE COMPET\u00caNCIA<\/h4>\n<p style=\"padding-left: 20px;\"><a href=\"\/por\/attivita\/patrocinio-in-materia-penale\/\">Defesa em ju\u00edzo \u2192<\/a><br \/>\n<a href=\"\/por\/attivita\/consulenza-e-prevenzione-del-rischio-reato\/\">Consultadoria e preven\u00e7\u00e3o do risco de atos criminosos \u2192<\/a><br \/>\n<a href=\"\/por\/attivita\/attivita-internazionale\/\">Atividade internacional \u2192<\/a><br \/>\n<div class=\"push\" style='height:10px'><\/div>\n<h4 style=\"padding-left: 20px;\">FORMA\u00c7\u00c3O E TITULA\u00c7\u00c3O<\/h4>\n<ul>\n<li style=\"list-style-type: none;\">\n<ul>\n<li style=\"list-style-type: none;\">\n<ul>\n<li>Licenciatura <em>cum laude <\/em>em Direito -Universit\u00e0 degli Studi \u201cRoma Tre\u201d, Roma \u2013 2014<\/li>\n<li>Inscri\u00e7\u00e3o \u00e0 Ordem dos Advogados de Roma \u2013 2016<\/li>\n<\/ul>\n<\/li>\n<\/ul>\n<\/li>\n<\/ul><\/div><\/div><\/div><\/div>\n<div class=\"push\" style='height:50px'><\/div>\n<div class=\"row \"><div class=\"wpv-grid grid-1-1  wpv-first-level first unextended\" style=\"padding-top:0px;padding-bottom:0px\" id=\"wpv-column-5987537db6f99ad0b2d532b3bb8e975e\" ><h3>ADVOGADA<\/h3>\n<div class=\"row \">\n<div id=\"wpv-column-2d683c838b5ebbf00065efaee942c2621\" class=\"wpv-grid grid-1-2 wpv-first-level first unextended\" style=\"padding-top: 0px; padding-bottom: 0px;\">\n<div class=\"row \">\n<div id=\"wpv-column-3b2adab70b4a9bf546b86aa9455bd0e0\" class=\"wpv-grid grid-1-1 first unextended\" style=\"padding-top: 0px; padding-bottom: 0px;\">\n<p>Os estudos cl\u00e1ssicos de n\u00edvel secund\u00e1rio s\u00e3o a base para a licenciatura em Direito na Universidade \u201cRoma Tre\u201d de Roma.<\/p>\n<p>Ap\u00f3s uma experi\u00eancia de colabora\u00e7\u00e3o com Banca d\u2019Italia e de tiroc\u00ednio junto \u00e0 Corte d\u2019Appello de Roma, come\u00e7a a colaborar com prestigiosos escrit\u00f3rios de advogados de Roma, especializando-se desde logo no Direito penal da empresa e participando de importantes projetos de consultadoria para empresas nacionais e estrangeiras.<\/p>\n<p>De 2016 a sua inscri\u00e7\u00e3o na Ordem dos Advogados de Roma.<\/p>\n<\/div>\n<\/div>\n<\/div>\n<\/div>\n<div class=\"push\" style='height:20px'><\/div>\n<h3><\/h3>\n<div class=\"row \"><\/div><\/div><\/div>\n<div class=\"row \"><div class=\"wpv-grid grid-1-1  wpv-first-level first unextended animation-from-bottom animated-active\" style=\"padding-top:15px;padding-bottom:60px\" id=\"wpv-column-c554d2f1181fefa1ab945bd582a1a40d\" >\t\t<div class=\"sep-text single centered\">\n\t\t\t\t\t\t\t<span class=\"sep-text-before\"><div class=\"sep-text-line\"><\/div><\/span>\n\t\t\t\t\t\t<div class=\"content\">\n\t\t\t\t<h2 class=\"text-divider-double\">ENTRE EM CONTACTO COM A ADVOGADA<\/h2>\t\t\t<\/div>\n\t\t\t<span class=\"sep-text-after\"><div class=\"sep-text-line\"><\/div><\/span>\n\t\t\t\t\t<\/div>\n\t<div class=\"push\" style='height:10px'><\/div>\n<div class=\"row \"><div class=\"wpv-grid grid-1-1  first unextended\" style=\"padding-top:0px;padding-bottom:0px\" id=\"wpv-column-3a82433e981254dcb50d5c71378cc098\" ><p><div role=\"form\" class=\"wpcf7\" id=\"wpcf7-f10564-o1\" lang=\"en-US\" dir=\"ltr\">\n<div class=\"screen-reader-response\"><p role=\"status\" aria-live=\"polite\" aria-atomic=\"true\"><\/p> <ul><\/ul><\/div>\n<form action=\"\/por\/wp-json\/wp\/v2\/pages\/10008#wpcf7-f10564-o1\" method=\"post\" class=\"wpcf7-form init\" novalidate=\"novalidate\" data-status=\"init\">\n<div style=\"display: none;\">\n<input type=\"hidden\" name=\"_wpcf7\" value=\"10564\" \/>\n<input type=\"hidden\" name=\"_wpcf7_version\" value=\"5.5.6\" \/>\n<input type=\"hidden\" name=\"_wpcf7_locale\" value=\"en_US\" \/>\n<input type=\"hidden\" name=\"_wpcf7_unit_tag\" value=\"wpcf7-f10564-o1\" \/>\n<input type=\"hidden\" name=\"_wpcf7_container_post\" value=\"0\" \/>\n<input type=\"hidden\" name=\"_wpcf7_posted_data_hash\" value=\"\" \/>\n<\/div>\n<div class=\"vamtam-rsvp-form\">\n<div class=\"row\">\n<div class=\"grid-1-3\">\n\t\t\t<span class=\"wpcf7-form-control-wrap yname\"><input type=\"text\" name=\"yname\" value=\"\" size=\"40\" class=\"wpcf7-form-control wpcf7-text wpcf7-validates-as-required\" id=\"name\" aria-required=\"true\" aria-invalid=\"false\" placeholder=\"Nome\" \/><\/span>\n\t\t<\/div>\n<div class=\"grid-1-3\">\n\t\t\t<span class=\"wpcf7-form-control-wrap Phone\"><input type=\"text\" name=\"Phone\" value=\"\" size=\"40\" class=\"wpcf7-form-control wpcf7-text\" id=\"Phone\" aria-invalid=\"false\" placeholder=\"Telefone\" \/><\/span>\n\t\t<\/div>\n<div class=\"grid-1-3\">\n\t\t\t<span class=\"wpcf7-form-control-wrap email-534\"><input type=\"email\" name=\"email-534\" value=\"\" size=\"40\" class=\"wpcf7-form-control wpcf7-text wpcf7-email wpcf7-validates-as-required wpcf7-validates-as-email\" id=\"email\" aria-required=\"true\" aria-invalid=\"false\" placeholder=\"Endere\u00e7o eletr\u00f3nico\" \/><\/span><\/p>\n<\/div>\n<div class=\"grid-1-1\">\n\t\t\t<span class=\"wpcf7-form-control-wrap our-message\"><textarea name=\"our-message\" cols=\"40\" rows=\"5\" class=\"wpcf7-form-control wpcf7-textarea wpcf7-validates-as-required\" id=\"message\" aria-required=\"true\" aria-invalid=\"false\" placeholder=\"Mensagem\"><\/textarea><\/span>\n\t\t<\/div>\n<\/div>\n<div style= \"text-align: center;\"><input type=\"submit\" value=\"Enviar a solicita\u00e7\u00e3o \u2192\" class=\"wpcf7-form-control has-spinner wpcf7-submit\" \/><\/div>\n<\/div>\n<div class=\"wpcf7-response-output\" aria-hidden=\"true\"><\/div><\/form><\/div><\/div><\/div><\/div><\/div><\/p>","protected":false},"excerpt":{"rendered":"<p>CONTACTOS fr.corsini@studiogentiloni.com francescaromanacorsini@ordineavvocatiroma.org \u00c1REA DE COMPET\u00caNCIA Defesa em ju\u00edzo \u2192 Consultadoria e preven\u00e7\u00e3o do risco de atos criminosos \u2192 Atividade internacional \u2192 FORMA\u00c7\u00c3O E TITULA\u00c7\u00c3O Licenciatura cum laude em Direito -Universit\u00e0 degli Studi \u201cRoma Tre\u201d, Roma \u2013 2014 Inscri\u00e7\u00e3o \u00e0 Ordem dos Advogados de Roma \u2013 2016 [\/column_1] ADVOGADA Os estudos cl\u00e1ssicos de n\u00edvel secund\u00e1rio&#8230;<\/p>\n","protected":false},"author":7,"featured_media":0,"parent":7774,"menu_order":0,"comment_status":"closed","ping_status":"closed","template":"","meta":[],"_links":{"self":[{"href":"https:\/\/studiogentiloni.com\/por\/wp-json\/wp\/v2\/pages\/10008"}],"collection":[{"href":"https:\/\/studiogentiloni.com\/por\/wp-json\/wp\/v2\/pages"}],"about":[{"href":"https:\/\/studiogentiloni.com\/por\/wp-json\/wp\/v2\/types\/page"}],"author":[{"embeddable":true,"href":"https:\/\/studiogentiloni.com\/por\/wp-json\/wp\/v2\/users\/7"}],"replies":[{"embeddable":true,"href":"https:\/\/studiogentiloni.com\/por\/wp-json\/wp\/v2\/comments?post=10008"}],"version-history":[{"count":6,"href":"https:\/\/studiogentiloni.com\/por\/wp-json\/wp\/v2\/pages\/10008\/revisions"}],"predecessor-version":[{"id":10591,"href":"https:\/\/studiogentiloni.com\/por\/wp-json\/wp\/v2\/pages\/10008\/revisions\/10591"}],"up":[{"embeddable":true,"href":"https:\/\/studiogentiloni.com\/por\/wp-json\/wp\/v2\/pages\/7774"}],"wp:attachment":[{"href":"https:\/\/studiogentiloni.com\/por\/wp-json\/wp\/v2\/media?parent=10008"}],"curies":[{"name":"wp","href":"https:\/\/api.w.org\/{rel}","templated":true}]}}