{"id":8024,"date":"2014-07-04T23:25:06","date_gmt":"2014-07-04T23:25:06","guid":{"rendered":"http:\/\/lawyers-attorneys.vamtam.com\/?page_id=8024"},"modified":"2017-05-04T10:57:19","modified_gmt":"2017-05-04T10:57:19","slug":"link","status":"publish","type":"page","link":"https:\/\/studiogentiloni.com\/por\/link\/","title":{"rendered":"LINKS \u00daTEIS"},"content":{"rendered":"\t\t<h2 class=\"text-divider-double\">\t\t\t\nPara o conhecimento correto do Direito.\t\t<\/h2>\t\t<div class=\"sep\"><\/div>\t\n<div class=\"push\" style='height:10px'><\/div>\n<div class=\"row \"><div class=\"wpv-grid grid-5-6  wpv-first-level first unextended\" style=\"padding-top:0px;padding-bottom:0px\" id=\"wpv-column-ae5bba8e713b396d82e485925fdef642\" ><h3>Site do Conselho Nacional Forense da It\u00e1lia<\/h3>\n<div class=\"push\" style='height:20px'><\/div>\n<p><a href=\"http:\/\/www.consiglionazionaleforense.it\" target=\"_blank\">http:\/\/www.consiglionazionaleforense.it<\/a><\/div><\/div>\n<div class=\"sep-3\"><\/div>\n<div class=\"row \"><div class=\"wpv-grid grid-5-6  wpv-first-level first unextended\" style=\"padding-top:0px;padding-bottom:0px\" id=\"wpv-column-5eb63e7bd795bf0e3da7ff8d052e2b2e\" ><h3>Ordem dos Advogados de Roma<\/h3>\n<div class=\"push\" style='height:20px'><\/div>\n<h3><\/h3>\n<p><a href=\"http:\/\/www.ordineavvocati.roma.it\/\" target=\"_blank\">http:\/\/www.ordineavvocati.roma.it\/<\/a><\/div><\/div>\n<div class=\"sep-3\"><\/div>\n<div class=\"row \"><div class=\"wpv-grid grid-5-6  wpv-first-level first unextended\" style=\"padding-top:0px;padding-bottom:0px\" id=\"wpv-column-02e9a707e89a0ac38eb16d5e83579f4a\" ><h3>Site da Uni\u00e3o das C\u00e2maras Penais italianas<\/h3>\n<div class=\"push\" style='height:20px'><\/div>\n<h3><\/h3>\n<p>The website can be reached at the address\u00a0<a href=\"http:\/\/www.camerepenali.it\/\" target=\"_blank\">http:\/\/www.camerepenali.it\/<\/a><\/div><\/div>\n<div class=\"sep-3\"><\/div>\n<div class=\"row \"><div class=\"wpv-grid grid-5-6  wpv-first-level first unextended\" style=\"padding-top:0px;padding-bottom:0px\" id=\"wpv-column-54c3daa1f66d8d026f634f303808dfe9\" ><h3>P\u00e1gina principal da Caixa Nacional Forense &#8211; It\u00e1lia<\/h3>\n<div class=\"push\" style='height:20px'><\/div>\n<h3><\/h3>\n<p><a href=\"http:\/\/www.cassaforense.it\/\" target=\"_blank\">http:\/\/www.cassaforense.it<\/a><\/div><\/div>\n<div class=\"sep-3\"><\/div>\n<div class=\"row \"><div class=\"wpv-grid grid-5-6  wpv-first-level first unextended\" style=\"padding-top:0px;padding-bottom:0px\" id=\"wpv-column-740df36f24b2e936f942e9252cc92ed3\" ><h3>Praecepta \u2013 Curso para a prepara\u00e7\u00e3o ao exame da Ordem dos advogados<\/h3>\n<div class=\"push\" style='height:20px'><\/div>\n<h3><\/h3>\n<p>The website can be reached at the address\u00a0<a href=\"http:\/\/www.praecepta.it\" target=\"_blank\">http:\/\/www.praecepta.it<\/a><\/div><\/div>\n<div class=\"sep-3\"><\/div>\n<div class=\"row \"><div class=\"wpv-grid grid-5-6  wpv-first-level first unextended\" style=\"padding-top:0px;padding-bottom:0px\" id=\"wpv-column-937f8aad804d5b9e22b8c7ddf709e682\" ><h3>Site oficial do Minist\u00e9rio da Justi\u00e7a &#8211; It\u00e1lia<\/h3>\n<div class=\"push\" style='height:20px'><\/div>\n<h3><\/h3>\n<p><a href=\"http:\/\/www.giustizia.it\/\" target=\"_blank\">http:\/\/www.giustizia.it\/<\/a><\/div><\/div>\n<div class=\"sep-3\"><\/div>\n<div class=\"row \"><div class=\"wpv-grid grid-5-6  wpv-first-level first unextended\" style=\"padding-top:0px;padding-bottom:0px\" id=\"wpv-column-8339ee8a0b5959bc949d969df8133afe\" ><h3>Giustizia Map: busca dos Departamentos Judici\u00e1rios competentes, em rela\u00e7\u00e3o ao Munic\u00edpio de pertin\u00eancia &#8211; It\u00e1lia<\/h3>\n<div class=\"push\" style='height:20px'><\/div>\n<h3><\/h3>\n<p><a href=\"http:\/\/www.giustizia.it\/giustizia\/it\/mg_4.wp\" target=\"_blank\">http:\/\/www.giustizia.it\/giustizia\/it\/mg_4.wp<\/a><\/div><\/div>\n<div class=\"sep-3\"><\/div>\n<div class=\"row \"><div class=\"wpv-grid grid-1-1  wpv-first-level first unextended\" style=\"padding-top:0px;padding-bottom:0px\" id=\"wpv-column-b961397856de937d664376445fcec6ac\" ><p>&nbsp;<\/div><\/div>\n<div class=\"row \"><div class=\"wpv-grid grid-5-6  wpv-first-level first unextended\" style=\"padding-top:0px;padding-bottom:0px\" id=\"wpv-column-82a293dbc7df1cfcb3b94c899e881ddb\" ><h3>Sito Giustizia Map\u00a0per ricercare degli Uffici Giudiziari competenti in relazione al Comune<\/h3>\n<div class=\"push\" style='height:20px'><\/div>\n<h3><\/h3>\n<p>The website can be reached at the address <a href=\"https:\/\/www.giustizia.it\/giustizia\/en\/mg_4.wp\" target=\"_blank\">www.giustizia.it\/giustizia\/en\/mg_4.wp<\/a><\/div><\/div>\n<div class=\"sep-3\"><\/div>\n<div class=\"row \"><div class=\"wpv-grid grid-5-6  wpv-first-level first unextended\" style=\"padding-top:0px;padding-bottom:0px\" id=\"wpv-column-395990c5579de590ed4f9b6f9e1ba6f7\" ><h3>Revista de Direito de Doutrina Penal<\/h3>\n<div class=\"push\" style='height:20px'><\/div>\n<h3><\/h3>\n<p><a href=\"http:\/\/www.penalecontemporaneo.it\" target=\"_blank\">http:\/\/www.penalecontemporaneo.it<\/a><\/div><\/div>\n<div class=\"sep-3\"><\/div>\n<div class=\"row \"><div class=\"wpv-grid grid-5-6  wpv-first-level first unextended\" style=\"padding-top:0px;padding-bottom:0px\" id=\"wpv-column-84923202fd3406f0abe3b5510616dd42\" ><h3>Site oficial do Tribunal Europeu dos Direitos do Homem<\/h3>\n<div class=\"push\" style='height:20px'><\/div>\n<h3><\/h3>\n<p>T<a href=\"http:\/\/www.echr.coe.int\/\" target=\"_blank\">http:\/\/www.echr.coe.int\/<\/a><\/div><\/div>\n<div class=\"sep-3\"><\/div>\n<div class=\"row \"><div class=\"wpv-grid grid-5-6  wpv-first-level first unextended\" style=\"padding-top:0px;padding-bottom:0px\" id=\"wpv-column-8af2c45face5cb23e16ba4184aa7f02b\" ><h3>Banco de dados oficial das senten\u00e7as do Tribunal Europeu dos Direitos do Homem<\/h3>\n<div class=\"push\" style='height:20px'><\/div>\n<h3><\/h3>\n<p><a href=\"http:\/\/hudoc.echr.coe.int\/eng\" target=\"_blank\">http:\/\/hudoc.echr.coe.int\/eng<\/a><\/div><\/div>\n<div class=\"sep-3\"><\/div>\n<div class=\"row \"><div class=\"wpv-grid grid-5-6  wpv-first-level first unextended\" style=\"padding-top:0px;padding-bottom:0px\" id=\"wpv-column-50fe77a1b39036093be38e2dab96b871\" ><h3>Site oficial da Uni\u00e3o Europeia<\/h3>\n<div class=\"push\" style='height:20px'><\/div>\n<h3><\/h3>\n<p><a href=\"http:\/\/www.europa.eu\/\" target=\"_blank\">http:\/\/www.europa.eu\/<\/a><\/div><\/div>\n<div class=\"sep-3\"><\/div>\n<div class=\"row \"><div class=\"wpv-grid grid-5-6  wpv-first-level first unextended\" style=\"padding-top:0px;padding-bottom:0px\" id=\"wpv-column-dcef64b64fc41a668fdd04603c7f1c81\" ><h3>Site oficial do Tribunal Constitucional &#8211; It\u00e1lia<\/h3>\n<div class=\"push\" style='height:20px'><\/div>\n<h3><\/h3>\n<p><a href=\"http:\/\/www.cortecostituzionale.it\/\" target=\"_blank\">http:\/\/www.cortecostituzionale.it\/<\/a><\/div><\/div>\n<div class=\"sep-3\"><\/div>\n<div class=\"row \"><div class=\"wpv-grid grid-5-6  wpv-first-level first unextended\" style=\"padding-top:0px;padding-bottom:0px\" id=\"wpv-column-807bc98a776728d13593ae1cb13770db\" ><h3>Site oficial da Corte Suprema di Cassazione &#8211; Supremo Tribunal italiano<\/h3>\n<div class=\"push\" style='height:20px'><\/div>\n<h3><\/h3>\n<p><a href=\"http:\/\/www.cassazione.it\/\" target=\"_blank\">http:\/\/www.cassazione.it\/<\/a><\/div><\/div>\n<div class=\"sep-3\"><\/div>\n<div class=\"row \"><div class=\"wpv-grid grid-5-6  wpv-first-level first unextended\" style=\"padding-top:0px;padding-bottom:0px\" id=\"wpv-column-9e27fe5aee1e84984b81dbdfafa729fe\" ><h3>Site oficial do Tribunal de Justi\u00e7a das Comunidades Europeias<\/h3>\n<div class=\"push\" style='height:20px'><\/div>\n<h3><\/h3>\n<p><a href=\"http:\/\/www.curia.eu\/\" target=\"_blank\">http:\/\/www.curia.eu\/\/<\/a><\/div><\/div>\n<div class=\"sep-3\"><\/div>\n<div class=\"row \"><div class=\"wpv-grid grid-5-6  wpv-first-level first unextended\" style=\"padding-top:0px;padding-bottom:0px\" id=\"wpv-column-889361aa5edd6ba3e2f55e8cb2b99601\" ><h3>Site oficial do Minist\u00e9rio dos Assuntos Exteriores da It\u00e1lia<\/h3>\n<div class=\"push\" style='height:20px'><\/div>\n<h3><\/h3>\n<p><a href=\"http:\/\/www.esteri.it\/mae\/it\/\" target=\"_blank\">http:\/\/www.esteri.it\/mae\/it\/<\/a><\/div><\/div>\n<div class=\"sep-3\"><\/div>\n<div class=\"row \"><div class=\"wpv-grid grid-5-6  wpv-first-level first unextended\" style=\"padding-top:0px;padding-bottom:0px\" id=\"wpv-column-9b310d3a7fb678bd33d831caed3ff107\" ><h3>Banco de dados dos tratados internacionais em vigor para a It\u00e1lia<\/h3>\n<div class=\"push\" style='height:20px'><\/div>\n<h3><\/h3>\n<p><a href=\"http:\/\/itra.esteri.it\" target=\"_blank\">http:\/\/itra.esteri.it<\/a><\/div><\/div>\n<div class=\"row \"><div class=\"wpv-grid grid-1-1  wpv-first-level first unextended\" style=\"padding-top:0px;padding-bottom:0px\" id=\"wpv-column-4627801ca143e8392c8e7d570a4b02f6\" ><p>&nbsp;<\/div><\/div>\n<div class=\"push\" style='height:120px'><\/div>\n","protected":false},"excerpt":{"rendered":"<p>Site do Conselho Nacional Forense da It\u00e1lia http:\/\/www.consiglionazionaleforense.it Ordem dos Advogados de Roma http:\/\/www.ordineavvocati.roma.it\/ Site da Uni\u00e3o das C\u00e2maras Penais italianas The website can be reached at the address\u00a0http:\/\/www.camerepenali.it\/ P\u00e1gina principal da Caixa Nacional Forense &#8211; It\u00e1lia http:\/\/www.cassaforense.it Praecepta \u2013 Curso para a prepara\u00e7\u00e3o ao exame da Ordem dos advogados The website can be reached&#8230;<\/p>\n","protected":false},"author":7,"featured_media":0,"parent":0,"menu_order":0,"comment_status":"closed","ping_status":"closed","template":"","meta":[],"_links":{"self":[{"href":"https:\/\/studiogentiloni.com\/por\/wp-json\/wp\/v2\/pages\/8024"}],"collection":[{"href":"https:\/\/studiogentiloni.com\/por\/wp-json\/wp\/v2\/pages"}],"about":[{"href":"https:\/\/studiogentiloni.com\/por\/wp-json\/wp\/v2\/types\/page"}],"author":[{"embeddable":true,"href":"https:\/\/studiogentiloni.com\/por\/wp-json\/wp\/v2\/users\/7"}],"replies":[{"embeddable":true,"href":"https:\/\/studiogentiloni.com\/por\/wp-json\/wp\/v2\/comments?post=8024"}],"version-history":[{"count":5,"href":"https:\/\/studiogentiloni.com\/por\/wp-json\/wp\/v2\/pages\/8024\/revisions"}],"predecessor-version":[{"id":10576,"href":"https:\/\/studiogentiloni.com\/por\/wp-json\/wp\/v2\/pages\/8024\/revisions\/10576"}],"wp:attachment":[{"href":"https:\/\/studiogentiloni.com\/por\/wp-json\/wp\/v2\/media?parent=8024"}],"curies":[{"name":"wp","href":"https:\/\/api.w.org\/{rel}","templated":true}]}}