{"id":9473,"date":"2014-09-28T00:23:46","date_gmt":"2014-09-28T00:23:46","guid":{"rendered":"http:\/\/lawyers-attorneys.vamtam.com\/?page_id=9473"},"modified":"2017-05-04T17:49:16","modified_gmt":"2017-05-04T17:49:16","slug":"avv-michele-gentiloni-silveri","status":"publish","type":"page","link":"https:\/\/studiogentiloni.com\/por\/professionisti\/avv-michele-gentiloni-silveri\/","title":{"rendered":"Adv. Michele Gentiloni Silveri"},"content":{"rendered":"<p><div class=\"row \"><div class=\"wpv-grid grid-1-1  wpv-first-level first unextended\" style=\"padding-top:0px;padding-bottom:0px\" id=\"wpv-column-f30222e1bdfb84a507b497b50011f322\" ><\/div><\/div>\n<div class=\"row \"><div class=\"wpv-grid grid-1-3  wpv-first-level first has-background unextended\" style=\"\n\t\t\t\tbackground: url( 'http:\/\/studiogentiloni.com\/por\/wp-content\/uploads\/2017\/01\/Michele-GS_t.jpg' ) no-repeat center top;\n\t\t\t\tbackground-size: auto;\n\t\t\tpadding-top:400px;padding-bottom:0px\" id=\"wpv-column-c048daccd6bb01464d46e2e9e7003dd6\" ><\/div>\n<div class=\"wpv-grid grid-2-3 add-border wpv-first-level unextended\" style=\"padding-top:20px;padding-bottom:15px\" id=\"wpv-column-868cd9665a93f4283a8b6760fecf2468\" ><div class=\"row \"><div class=\"wpv-grid grid-1-1  first unextended animation-fade-in animated-active\" style=\"padding-top:0px;padding-bottom:0px\" id=\"wpv-column-2d2be3affe918d0e89f1d6322b919437\" ><h4 style=\"padding-left: 20px;\">CONTACTOS<\/h4>\n<p style=\"padding-left: 20px;\"><a id=\"\" class=\"\" title=\"\" href=\" background_repeat=\"><!--Tel: 800-700-6200--><br \/>\n<\/a><a href=\"mailto:m.gentiloni@studiogentiloni.com\">m.gentiloni@studiogentiloni.com<\/a><br \/>\n<a href=\"mailto:michelegentilonisilverj@ordinavvocatiroma.org\">michelegentilonisilverj@ordinavvocatiroma.org<\/a><\/p>\n<p style=\"padding-left: 20px;\"><div class=\"push\" style='height:10px'><\/div>\n<h4 style=\"padding-left: 20px;\">\u00c1REA DE COMPET\u00caNCIA<\/h4>\n<p style=\"padding-left: 20px;\"><a href=\"\/por\/attivita\/patrocinio-in-materia-penale\/\">Defesa em ju\u00edzo \u2192<\/a><br \/>\n<a href=\"\/por\/attivita\/consulenza-e-prevenzione-del-rischio-reato\/\">Consultadoria e preven\u00e7\u00e3o do risco de atos criminosos \u2192<\/a><br \/>\n<a href=\"\/por\/attivita\/attivita-internazionale\/\">Atividade internacional \u2192<\/a><br \/>\n<div class=\"push\" style='height:10px'><\/div>\n<h4 style=\"padding-left: 20px;\">FORMA\u00c7\u00c3O E TITULA\u00c7\u00c3O<\/h4>\n<ul>\n<li><em>Licenciado <\/em>cum laude <em>em Direito \u2013 Universidade \u201cLa Sapienza\u201d, Roma \u2013 1972<\/em><\/li>\n<\/ul>\n<ul>\n<li>Inscri\u00e7\u00e3o \u00e0 Ordem dos Advogados de Roma \u2013 1975<\/li>\n<\/ul>\n<ul>\n<li>Habilitado ao patroc\u00ednio perante o Supremo Tribunal Italiano, <em>Corte Suprema di Cassazione, <\/em>e as demais inst\u00e2ncias superiores \u2013 1989<\/li>\n<\/ul><\/div><\/div><\/div><\/div>\n<div class=\"push\" style='height:50px'><\/div>\n<div class=\"row \"><div class=\"wpv-grid grid-1-1  wpv-first-level first unextended\" style=\"padding-top:0px;padding-bottom:0px\" id=\"wpv-column-fd95ddb86d3c43458f876cdc5fdec132\" ><h3>ADVOGADO<\/h3><\/div><\/div>\n<div class=\"row \"><div class=\"wpv-grid grid-1-2  wpv-first-level first unextended\" style=\"padding-top:0px;padding-bottom:0px\" id=\"wpv-column-68eeaa45df68feba3d84de0c5febd7f5\" ><p>Ap\u00f3s os estudos cl\u00e1ssicos no ensino secund\u00e1rio, em 1972 licencia-se em Direito, com louvor, pela Universidade \u201cLa Sapienza\u201d de Roma e, com a orienta\u00e7\u00e3o do Prof. Giuliano Vassalli, frequenta os mais prestigiosos Escrit\u00f3rios de advogados criminalistas da Capital italiana.<\/p>\n<p>Amparado pela consider\u00e1vel experi\u00eancia adquirida em numerosos processos penais, em 1981 funda o \u201cStudio Gentiloni Silveri \u2013 Diritto Penale\u201d onde, desde ent\u00e3o, exerce a profiss\u00e3o forense exclusivamente em \u00e2mbito penal, no inteiro territ\u00f3rio italiano e no exterior. Ao longo da sua carreira de advogado, participou de mais de 3.500 a\u00e7\u00f5es penais na It\u00e1lia; centenas destas a\u00e7\u00f5es correram perante a Corte Suprema di Cassazione onde se destacou a ponto de ser considerado, hoje, um dos mais respeitados advogados criminalistas italianos.<\/p>\n<p>Tradicionalmente pr\u00f3ximo \u00e0 Igreja Cat\u00f3lica, quer por antiga hist\u00f3ria familiar, quer por experi\u00eancia profissional, assiste algumas das mais importantes organiza\u00e7\u00f5es cat\u00f3licas em quest\u00f5es de car\u00e1ter penal, e d\u00e1 consultadoria a alguns dos seus mais eminentes representantes.<\/p>\n<p>No decorrer da sua carreira, interessou-se peculiarmente ao direito penal internacional e a factos delituosos que envolvessem cidad\u00e3os estrangeiros na It\u00e1lia e italianos no exterior. Em v\u00e1rias ocasi\u00f5es foi solicitada a sua assist\u00eancia a favor de funcion\u00e1rios e diplomatas estrangeiros, Embaixadas estrangeiras na It\u00e1lia, Embaixadas italianas no exterior, Minist\u00e9rios, empresas p\u00fablicas. O Adv. Michele Gentiloni Silveri \u00e9 um dos mais conceituados especialistas italianos em termos de Extradi\u00e7\u00e3o e Mandado de Deten\u00e7\u00e3o Europeu, por ter acompanhado um n\u00famero elevad\u00edssimo de procedimentos, inclusive na representa\u00e7\u00e3o e defesa do Governo de importantes Pa\u00edses estrangeiros que solicitavam a Extradi\u00e7\u00e3o.<\/div>\n<div class=\"wpv-grid grid-1-2  wpv-first-level unextended\" style=\"padding-top:0px;padding-bottom:0px\" id=\"wpv-column-1e472bdbc47ba3c7bae0b69a7551525d\" ><p>Atuou em primeira pessoa perante muitos Tribunais estrangeiros e, ainda, adquiriu s\u00f3lida experi\u00eancia em procedimentos perante o Tribunal Europeu dos Direitos do Homem em Estrasburgo, onde frequentemente advogou e continua a advogar e a prestar a sua assist\u00eancia a pessoas f\u00edsicas e coletivas contra v\u00e1rios Pa\u00edses.<\/p>\n<p>Al\u00e9m da atua\u00e7\u00e3o em \u00e2mbito judici\u00e1rio, adquiriu significativa experi\u00eancia como consultor jur\u00eddico em mat\u00e9ria de direito penal, tanto para empres\u00e1rios nacionais e estrangeiros, como para Empresas, Escrit\u00f3rios de Advocacia e Governos estrangeiros de importantes Pa\u00edses. Em virtude da sua atividade de consultadoria, no decorrer dos anos foi-lhe reconhecida a aprecia\u00e7\u00e3o de v\u00e1rias multinacionais entre as mais importantes ao mundo, nos respetivos sectores de atua\u00e7\u00e3o.<\/p>\n<p>As well as practising in court, he has acquired significant experience as a legal advisor in criminal law matters for national and foreign entrepreneurs and also for foreign companies, law firms and governments of important countries.<\/p>\n<p>Desde 1975 est\u00e1 inscrito na Ordem dos Advogados de Roma e tem habilita\u00e7\u00e3o para advogar perante a Corte Suprema di Cassazione e demais Inst\u00e2ncias superiores desde 1989.<\/div><\/div>\n<div class=\"row \"><div class=\"wpv-grid grid-1-1  wpv-first-level first unextended animation-from-bottom animated-active\" style=\"padding-top:15px;padding-bottom:60px\" id=\"wpv-column-62694a5ee78dc8d320f3dc7be36456aa\" >\t\t<div class=\"sep-text single centered\">\n\t\t\t\t\t\t\t<span class=\"sep-text-before\"><div class=\"sep-text-line\"><\/div><\/span>\n\t\t\t\t\t\t<div class=\"content\">\n\t\t\t\t<h2 class=\"text-divider-double\">ENTRE EM CONTACTO COM O ADVOGADO<\/h2>\t\t\t<\/div>\n\t\t\t<span class=\"sep-text-after\"><div class=\"sep-text-line\"><\/div><\/span>\n\t\t\t\t\t<\/div>\n\t<div class=\"push\" style='height:10px'><\/div>\n<div class=\"row \"><div class=\"wpv-grid grid-1-1  first unextended\" style=\"padding-top:0px;padding-bottom:0px\" id=\"wpv-column-35106c69f031efa03d18a53c3122748b\" ><p><div role=\"form\" class=\"wpcf7\" id=\"wpcf7-f10557-o1\" lang=\"en-US\" dir=\"ltr\">\n<div class=\"screen-reader-response\"><p role=\"status\" aria-live=\"polite\" aria-atomic=\"true\"><\/p> <ul><\/ul><\/div>\n<form action=\"\/por\/wp-json\/wp\/v2\/pages\/9473#wpcf7-f10557-o1\" method=\"post\" class=\"wpcf7-form init\" novalidate=\"novalidate\" data-status=\"init\">\n<div style=\"display: none;\">\n<input type=\"hidden\" name=\"_wpcf7\" value=\"10557\" \/>\n<input type=\"hidden\" name=\"_wpcf7_version\" value=\"5.5.6\" \/>\n<input type=\"hidden\" name=\"_wpcf7_locale\" value=\"en_US\" \/>\n<input type=\"hidden\" name=\"_wpcf7_unit_tag\" value=\"wpcf7-f10557-o1\" \/>\n<input type=\"hidden\" name=\"_wpcf7_container_post\" value=\"0\" \/>\n<input type=\"hidden\" name=\"_wpcf7_posted_data_hash\" value=\"\" \/>\n<\/div>\n<div class=\"vamtam-rsvp-form\">\n<div class=\"row\">\n<div class=\"grid-1-3\">\n\t\t\t<span class=\"wpcf7-form-control-wrap yname\"><input type=\"text\" name=\"yname\" value=\"\" size=\"40\" class=\"wpcf7-form-control wpcf7-text wpcf7-validates-as-required\" id=\"name\" aria-required=\"true\" aria-invalid=\"false\" placeholder=\"Nome\" \/><\/span>\n\t\t<\/div>\n<div class=\"grid-1-3\">\n\t\t\t<span class=\"wpcf7-form-control-wrap Phone\"><input type=\"text\" name=\"Phone\" value=\"\" size=\"40\" class=\"wpcf7-form-control wpcf7-text\" id=\"Phone\" aria-invalid=\"false\" placeholder=\"Telefone\" \/><\/span>\n\t\t<\/div>\n<div class=\"grid-1-3\">\n\t\t\t<span class=\"wpcf7-form-control-wrap email-534\"><input type=\"email\" name=\"email-534\" value=\"\" size=\"40\" class=\"wpcf7-form-control wpcf7-text wpcf7-email wpcf7-validates-as-required wpcf7-validates-as-email\" id=\"email\" aria-required=\"true\" aria-invalid=\"false\" placeholder=\"Endere\u00e7o eletr\u00f3nico\" \/><\/span><\/p>\n<\/div>\n<div class=\"grid-1-1\">\n\t\t\t<span class=\"wpcf7-form-control-wrap our-message\"><textarea name=\"our-message\" cols=\"40\" rows=\"5\" class=\"wpcf7-form-control wpcf7-textarea wpcf7-validates-as-required\" id=\"message\" aria-required=\"true\" aria-invalid=\"false\" placeholder=\"Mensagem\"><\/textarea><\/span>\n\t\t<\/div>\n<\/div>\n<div style= \"text-align: center;\"><input type=\"submit\" value=\"Enviar a solicita\u00e7\u00e3o \u2192\" class=\"wpcf7-form-control has-spinner wpcf7-submit\" \/><\/div>\n<\/div>\n<div class=\"wpcf7-response-output\" aria-hidden=\"true\"><\/div><\/form><\/div><\/div><\/div><\/div><\/div>\n<div class=\"row \"><div class=\"wpv-grid grid-1-1  wpv-first-level first unextended\" style=\"padding-top:0px;padding-bottom:0px\" id=\"wpv-column-dca1e0c403d3e76f64ac7692113628cf\" ><p><!--more--><\/div><\/div><\/p>","protected":false},"excerpt":{"rendered":"<p>CONTACTOS m.gentiloni@studiogentiloni.com michelegentilonisilverj@ordinavvocatiroma.org \u00c1REA DE COMPET\u00caNCIA Defesa em ju\u00edzo \u2192 Consultadoria e preven\u00e7\u00e3o do risco de atos criminosos \u2192 Atividade internacional \u2192 FORMA\u00c7\u00c3O E TITULA\u00c7\u00c3O Licenciado cum laude em Direito \u2013 Universidade \u201cLa Sapienza\u201d, Roma \u2013 1972 Inscri\u00e7\u00e3o \u00e0 Ordem dos Advogados de Roma \u2013 1975 Habilitado ao patroc\u00ednio perante o Supremo Tribunal Italiano, Corte&#8230;<\/p>\n","protected":false},"author":7,"featured_media":0,"parent":7774,"menu_order":0,"comment_status":"closed","ping_status":"closed","template":"","meta":[],"_links":{"self":[{"href":"https:\/\/studiogentiloni.com\/por\/wp-json\/wp\/v2\/pages\/9473"}],"collection":[{"href":"https:\/\/studiogentiloni.com\/por\/wp-json\/wp\/v2\/pages"}],"about":[{"href":"https:\/\/studiogentiloni.com\/por\/wp-json\/wp\/v2\/types\/page"}],"author":[{"embeddable":true,"href":"https:\/\/studiogentiloni.com\/por\/wp-json\/wp\/v2\/users\/7"}],"replies":[{"embeddable":true,"href":"https:\/\/studiogentiloni.com\/por\/wp-json\/wp\/v2\/comments?post=9473"}],"version-history":[{"count":6,"href":"https:\/\/studiogentiloni.com\/por\/wp-json\/wp\/v2\/pages\/9473\/revisions"}],"predecessor-version":[{"id":10577,"href":"https:\/\/studiogentiloni.com\/por\/wp-json\/wp\/v2\/pages\/9473\/revisions\/10577"}],"up":[{"embeddable":true,"href":"https:\/\/studiogentiloni.com\/por\/wp-json\/wp\/v2\/pages\/7774"}],"wp:attachment":[{"href":"https:\/\/studiogentiloni.com\/por\/wp-json\/wp\/v2\/media?parent=9473"}],"curies":[{"name":"wp","href":"https:\/\/api.w.org\/{rel}","templated":true}]}}