{"id":9845,"date":"2016-10-27T14:18:07","date_gmt":"2016-10-27T14:18:07","guid":{"rendered":"http:\/\/studiogentiloni.com\/por\/?page_id=9845"},"modified":"2017-03-16T17:33:17","modified_gmt":"2017-03-16T17:33:17","slug":"consulenza-e-prevenzione-del-rischio-reato","status":"publish","type":"page","link":"https:\/\/studiogentiloni.com\/por\/attivita\/consulenza-e-prevenzione-del-rischio-reato\/","title":{"rendered":"Consultadoria e preven\u00e7\u00e3o do risco de atos criminosos"},"content":{"rendered":"<p><div class=\"push\" style='height:20px'><\/div>\n<div class=\"row \"><div class=\"wpv-grid grid-1-1  wpv-first-level first unextended\" style=\"padding-top:0px;padding-bottom:0px\" id=\"wpv-column-fcf752f0bf1b7c46373f60f63d116dcd\" ><p>A atividade de defesa em ju\u00edzo \u00e9 acompanhada pela atua\u00e7\u00e3o no \u00e2mbito da consultadoria jur\u00eddica a pessoas e entidades coletivas, sobretudo em mat\u00e9ria de Direito Penal da Empresa. Trabalhamos com o fito de identificar, prevenir e gerir as situa\u00e7\u00f5es pass\u00edveis de apresentar risco de atos criminosos, inclusive em rela\u00e7\u00e3o a espec\u00edficas normas t\u00e9cnicas de sector: formulamos pareceres, colaboramos com os organismos internos da entidade no processo de tomada de decis\u00e3o, elaboramos procedimentos internos espec\u00edficos voltados \u00e0 verifica\u00e7\u00e3o e ao controlo, organizamos o sistema empresarial da preven\u00e7\u00e3o, a comunica\u00e7\u00e3o com as Autoridades p\u00fablicas de controlo e as entidades reguladoras, oferecemos cursos espec\u00edficos de forma\u00e7\u00e3o e capacita\u00e7\u00e3o para diretoria e funcion\u00e1rios.<\/p>\n<p>Trabalhamos com consultadoria, tamb\u00e9m em forma continuada, para pessoas f\u00edsicas, empres\u00e1rios e grandes Grupos societ\u00e1rios, italianos e estrangeiros, para todos os aspetos relativos \u00e0s normas penais, numa perspectiva multidisciplinar cujo escopo \u00e9 identificar, de maneira transversal \u00e0s v\u00e1rias \u00e1reas do Direito, a melhor resposta \u00e0s exig\u00eancias do assistido. Trabalhamos em contacto cont\u00ednuo com os respetivos servi\u00e7os jur\u00eddicos internos e integramos a nossa atua\u00e7\u00e3o com o trabalho dos demais consultores que cooperam com a entidade assistida. <\/p>\n<p>Entre os nossos assistidos, italianos e estrangeiros, existem algumas das mais prestigiosas Companhias de seguro, Grupos societ\u00e1rios &#8211; inclusive multinacionais, Entidades e Institui\u00e7\u00f5es p\u00fablicas e privadas.<\/div><\/div>\n<div class=\"row \"><div class=\"wpv-grid grid-1-1  wpv-first-level first has-background unextended\" style=\"background-color:#e5e1e1;padding-top:0px;padding-bottom:0px\" id=\"wpv-column-7f15e99ef89cd2f0b9aa077134e09acc\" ><style>#wpv-column-7f15e99ef89cd2f0b9aa077134e09acc p,#wpv-column-7f15e99ef89cd2f0b9aa077134e09acc em,#wpv-column-7f15e99ef89cd2f0b9aa077134e09acc .column-title,#wpv-column-7f15e99ef89cd2f0b9aa077134e09acc .sep-text h2.regular-title-wrapper,#wpv-column-7f15e99ef89cd2f0b9aa077134e09acc .text-divider-double,#wpv-column-7f15e99ef89cd2f0b9aa077134e09acc .sep-text .sep-text-line,#wpv-column-7f15e99ef89cd2f0b9aa077134e09acc .sep,#wpv-column-7f15e99ef89cd2f0b9aa077134e09acc .sep-2,#wpv-column-7f15e99ef89cd2f0b9aa077134e09acc .sep-3,#wpv-column-7f15e99ef89cd2f0b9aa077134e09acc td,#wpv-column-7f15e99ef89cd2f0b9aa077134e09acc th,#wpv-column-7f15e99ef89cd2f0b9aa077134e09acc caption{color:#6b5c5c;}#wpv-column-7f15e99ef89cd2f0b9aa077134e09acc:before{background-color:transparent;}<\/style><div class=\"row \"><div class=\"wpv-grid grid-1-1  first unextended\" style=\"padding-top:0px;padding-bottom:0px\" id=\"wpv-column-e9c7b9a71ca2169e023a8f07fb222cf1\" ><p><span style=\"font-size: large !important;\">Operamos no campo da reda\u00e7\u00e3o e da atualiza\u00e7\u00e3o dos Modelos Organizacionais e de Gest\u00e3o previstos pelo Decreto-Lei italiano n. 231\/2001. <\/span><\/div><\/div><\/div><\/div>\n\t\t<div class=\"sep-text single centered\">\n\t\t\t\t\t\t\t<span class=\"sep-text-before\"><div class=\"sep-text-line\"><\/div><\/span>\n\t\t\t\t\t\t<div class=\"content\">\n\t\t\t\t<h2 class=\"text-divider-double\">\nDescarregar o Folheto \u201cConsultadoria 231\u201d<\/h2>\t\t\t<\/div>\n\t\t\t<span class=\"sep-text-after\"><div class=\"sep-text-line\"><\/div><\/span>\n\t\t\t\t\t<\/div>\n\t\n<div class=\"push\" style='margin-bottom:-10px'><\/div>\n<div class=\"row \"><div class=\"wpv-grid grid-1-1  wpv-first-level first unextended animation-fade-in animated-active\" style=\"padding-top:0px;padding-bottom:0px\" id=\"wpv-column-8b6ff0b73f38dcd767f40021d17be02f\" ><p style=\"text-align: center;\"><div class=\"push\" style='height:10px'><\/div> <p class=\"textcenter\"><a href=\"\/en\/wp-content\/uploads\/2016\/12\/Brochure_231.pdf\" target=\"_blank\" style='font-size: 12px;' class=\"button vamtam-button accent1  button-border hover-accent1 \"><span class='icon shortcode theme  use-hover' style='font-size:20px !important;color:#7C7F82;'>&#57564;<\/span><span class=\"btext\">Descarregar agora<\/span><\/a><\/p><\/div><\/div>\n<div class=\"push\" style='height:80px'><\/div><\/p>","protected":false},"excerpt":{"rendered":"<p>A atividade de defesa em ju\u00edzo \u00e9 acompanhada pela atua\u00e7\u00e3o no \u00e2mbito da consultadoria jur\u00eddica a pessoas e entidades coletivas, sobretudo em mat\u00e9ria de Direito Penal da Empresa. Trabalhamos com o fito de identificar, prevenir e gerir as situa\u00e7\u00f5es pass\u00edveis de apresentar risco de atos criminosos, inclusive em rela\u00e7\u00e3o a espec\u00edficas normas t\u00e9cnicas de sector:&#8230;<\/p>\n","protected":false},"author":7,"featured_media":0,"parent":7956,"menu_order":0,"comment_status":"closed","ping_status":"closed","template":"","meta":[],"_links":{"self":[{"href":"https:\/\/studiogentiloni.com\/por\/wp-json\/wp\/v2\/pages\/9845"}],"collection":[{"href":"https:\/\/studiogentiloni.com\/por\/wp-json\/wp\/v2\/pages"}],"about":[{"href":"https:\/\/studiogentiloni.com\/por\/wp-json\/wp\/v2\/types\/page"}],"author":[{"embeddable":true,"href":"https:\/\/studiogentiloni.com\/por\/wp-json\/wp\/v2\/users\/7"}],"replies":[{"embeddable":true,"href":"https:\/\/studiogentiloni.com\/por\/wp-json\/wp\/v2\/comments?post=9845"}],"version-history":[{"count":4,"href":"https:\/\/studiogentiloni.com\/por\/wp-json\/wp\/v2\/pages\/9845\/revisions"}],"predecessor-version":[{"id":10536,"href":"https:\/\/studiogentiloni.com\/por\/wp-json\/wp\/v2\/pages\/9845\/revisions\/10536"}],"up":[{"embeddable":true,"href":"https:\/\/studiogentiloni.com\/por\/wp-json\/wp\/v2\/pages\/7956"}],"wp:attachment":[{"href":"https:\/\/studiogentiloni.com\/por\/wp-json\/wp\/v2\/media?parent=9845"}],"curies":[{"name":"wp","href":"https:\/\/api.w.org\/{rel}","templated":true}]}}