{"id":9847,"date":"2016-10-27T14:22:06","date_gmt":"2016-10-27T14:22:06","guid":{"rendered":"http:\/\/studiogentiloni.com\/por\/?page_id=9847"},"modified":"2017-02-22T17:55:10","modified_gmt":"2017-02-22T17:55:10","slug":"attivita-internazionale","status":"publish","type":"page","link":"https:\/\/studiogentiloni.com\/por\/attivita\/attivita-internazionale\/","title":{"rendered":"Atividade internacional"},"content":{"rendered":"<p><div class=\"push\" style='height:80px'><\/div>\n<div class=\"row \"><div class=\"wpv-grid grid-1-1  first unextended\" style=\"padding-top:0px;padding-bottom:0px\" id=\"wpv-column-348ad13b99674f779f702c6f0a796881\" ><p><span style=\"font-size: large !important;\">Ajudamos pessoas estrangeiras envolvidas no processo penal em It\u00e1lia, bem como os cidad\u00e3os italianos no exterior, assegurando a coordena\u00e7\u00e3o das actividades de defesa na integra\u00e7\u00e3o entre profissionais locais e de rede diplom\u00e1tica-consular italiana, e, pessoalmente, participar de audi\u00eancias perante tribunais estrangeiros.<\/span><\/div><\/div>\n<div class=\"row \"><div class=\"wpv-grid grid-1-2  wpv-first-level first unextended\" style=\"padding-top:0px;padding-bottom:0px\" id=\"wpv-column-8a7a9e3445faa53d3e399f729faaf133\" ><p><span style=\"font-weight: 400;\">Desde a sua funda\u00e7\u00e3o, o Studio Gentiloni ocupou-se das facetas internacionais do Direito penal, e, hoje, representa um centro de excel\u00eancia, em It\u00e1lia, quanto ao Direito penal Internacional e \u00e0 Extradi\u00e7\u00e3o. Damos constantemente assist\u00eancia em l\u00edngua italiana, inglesa, francesa, alem\u00e3, espanhola e portuguesa, ao trabalharmos no sector da assist\u00eancia judici\u00e1ria em mat\u00e9ria penal, nos termos das Conven\u00e7\u00f5es europeias e internacionais atualmente vigentes.<\/span><\/p>\n<p><span style=\"font-weight: 400;\">Passados mais de trinta e cinco anos de atividade, acumulamos enorme experi\u00eancia em in\u00fameros processos de Extradi\u00e7\u00e3o ativa e passiva que envolveram Pa\u00edses internos e externos \u00e0 Uni\u00e3o Europeia, bem como em processos de Mandado de Deten\u00e7\u00e3o Europeu. Temos compet\u00eancia altamente espec\u00edfica na interpreta\u00e7\u00e3o e aplica\u00e7\u00e3o da Conven\u00e7\u00e3o Europeia de Extradi\u00e7\u00e3o e das Conven\u00e7\u00f5es bilaterais existentes entre It\u00e1lia e outros Pa\u00edses. Gra\u00e7as \u00e0 elevad\u00edssima especializa\u00e7\u00e3o na mat\u00e9ria, obtivemos a confian\u00e7a de Embaixadas estrangeiras na It\u00e1lia e italianas no exterior, bem como de Governos de importantes Pa\u00edses estrangeiros, que nos remeteram a defesa dos seus interesses perante o Poder Judici\u00e1rio italiano em processos de extradi\u00e7\u00e3o, cartas rogat\u00f3rias internacionais, assist\u00eancia m\u00fatua em mat\u00e9ria penal, transfer\u00eancia de r\u00e9us condenados.<\/p>\n<p>Passados mais de trinta e cinco anos de atividade, acumulamos enorme experi\u00eancia em in\u00fameros processos de Extradi\u00e7\u00e3o ativa e passiva que envolveram Pa\u00edses internos e externos \u00e0 Uni\u00e3o Europeia, bem como em processos de Mandado de Deten\u00e7\u00e3o Europeu. Temos compet\u00eancia altamente espec\u00edfica na interpreta\u00e7\u00e3o e aplica\u00e7\u00e3o da Conven\u00e7\u00e3o Europeia de Extradi\u00e7\u00e3o e das Conven\u00e7\u00f5es bilaterais existentes entre It\u00e1lia e outros Pa\u00edses. Gra\u00e7as \u00e0 elevad\u00edssima especializa\u00e7\u00e3o na mat\u00e9ria, obtivemos a confian\u00e7a de Embaixadas estrangeiras na It\u00e1lia e italianas no exterior, bem como de Governos de importantes Pa\u00edses estrangeiros, que nos remeteram a defesa dos seus interesses perante o Poder Judici\u00e1rio italiano em processos de extradi\u00e7\u00e3o, cartas rogat\u00f3rias internacionais, assist\u00eancia m\u00fatua em mat\u00e9ria penal, transfer\u00eancia de r\u00e9us condenados.<\/p>\n<p><\/span><\/div>\n<div class=\"wpv-grid grid-1-2  wpv-first-level unextended\" style=\"padding-top:0px;padding-bottom:0px\" id=\"wpv-column-1c0b7f8a2e9d531b0d0efa2b6ecb1285\" ><p><span style=\"font-weight: 400;\"><\/p>\n<p>Al\u00e9m disso, o Escrit\u00f3rio desenvolveu compet\u00eancia especial na reda\u00e7\u00e3o e discuss\u00e3o de peti\u00e7\u00f5es perante o Tribunal Europeu dos Direitos do Homem de Estrasburgo, bem como perante a Rep\u00fablica Italiana ou de outros Pa\u00edses que assinam a Conven\u00e7\u00e3o, em mat\u00e9rias como a dura\u00e7\u00e3o injustificada dos processos penais, a n\u00e3o-equidade dos mesmos, as praxes processuais italianas que contrastam a Conven\u00e7\u00e3o, a qualidade das condi\u00e7\u00f5es de deten\u00e7\u00e3o, a legitimidade das medidas ablativas de tipo patrimonial previstas pelas normas comuns e pela legisla\u00e7\u00e3o espec\u00edfica para o combate e preven\u00e7\u00e3o do crime organizado (antimafia), e ainda em procedimentos em car\u00e1ter de urg\u00eancia cujo objeto seja a proibi\u00e7\u00e3o de repuls\u00e3o (refoulement).<\/p>\n<p>Prestamos assist\u00eancia a pessoas f\u00edsicas estrangeiras envolvidas em It\u00e1lia em procedimentos penais, bem como a cidad\u00e3os italianos no exterior, e garantimos a coordena\u00e7\u00e3o das atividades de defesa na integra\u00e7\u00e3o entre profissionais locais e rede diplom\u00e1tica-consular italiana; ainda, participamos pessoalmente das audi\u00eancias perante os tribunais estrangeiros. Gra\u00e7as \u00e0 estrutura do Escrit\u00f3rio e a uma rede de escrit\u00f3rios de advogados no exterior, altamente especializados no assunto, podemos fornecer assist\u00eancia jur\u00eddica no mundo inteiro a pessoas que estejam \u00e0 espera da extradi\u00e7\u00e3o para a It\u00e1lia, ou que tenham solicitado a transfer\u00eancia para cumprir a pena na It\u00e1lia ou, ainda, que estejam envolvidas em a\u00e7\u00f5es de conhecimento ou, em todo o caso, submetidas a limita\u00e7\u00e3o da liberdade pessoal.<br \/>\n<\/span><\/div><\/div>\n<div class=\"push\" style='height:80px'><\/div><\/p>","protected":false},"excerpt":{"rendered":"<p>Ajudamos pessoas estrangeiras envolvidas no processo penal em It\u00e1lia, bem como os cidad\u00e3os italianos no exterior, assegurando a coordena\u00e7\u00e3o das actividades de defesa na integra\u00e7\u00e3o entre profissionais locais e de rede diplom\u00e1tica-consular italiana, e, pessoalmente, participar de audi\u00eancias perante tribunais estrangeiros.[\/column_1] Desde a sua funda\u00e7\u00e3o, o Studio Gentiloni ocupou-se das facetas internacionais do Direito penal,&#8230;<\/p>\n","protected":false},"author":7,"featured_media":0,"parent":7956,"menu_order":0,"comment_status":"closed","ping_status":"closed","template":"","meta":[],"_links":{"self":[{"href":"https:\/\/studiogentiloni.com\/por\/wp-json\/wp\/v2\/pages\/9847"}],"collection":[{"href":"https:\/\/studiogentiloni.com\/por\/wp-json\/wp\/v2\/pages"}],"about":[{"href":"https:\/\/studiogentiloni.com\/por\/wp-json\/wp\/v2\/types\/page"}],"author":[{"embeddable":true,"href":"https:\/\/studiogentiloni.com\/por\/wp-json\/wp\/v2\/users\/7"}],"replies":[{"embeddable":true,"href":"https:\/\/studiogentiloni.com\/por\/wp-json\/wp\/v2\/comments?post=9847"}],"version-history":[{"count":5,"href":"https:\/\/studiogentiloni.com\/por\/wp-json\/wp\/v2\/pages\/9847\/revisions"}],"predecessor-version":[{"id":10517,"href":"https:\/\/studiogentiloni.com\/por\/wp-json\/wp\/v2\/pages\/9847\/revisions\/10517"}],"up":[{"embeddable":true,"href":"https:\/\/studiogentiloni.com\/por\/wp-json\/wp\/v2\/pages\/7956"}],"wp:attachment":[{"href":"https:\/\/studiogentiloni.com\/por\/wp-json\/wp\/v2\/media?parent=9847"}],"curies":[{"name":"wp","href":"https:\/\/api.w.org\/{rel}","templated":true}]}}